{"id":5030,"date":"2023-04-15T17:13:37","date_gmt":"2023-04-15T17:13:37","guid":{"rendered":"https:\/\/5etattoostuff.com\/?post_type=product&#038;p=5030"},"modified":"2025-01-09T21:26:31","modified_gmt":"2025-01-09T20:26:31","slug":"tattoo-needle-round-magnum-0-35mm","status":"publish","type":"product","link":"https:\/\/5etattoostuff.com\/de\/producto\/tattoo-nadel-rund-magnum-0-35mm\/","title":{"rendered":"Tattoo Nadel Round Magnum 0.35mm"},"content":{"rendered":"<div class=\"flex flex-grow flex-col max-w-full\">\n<div class=\"min-h-[20px] text-message flex flex-col items-start gap-3 whitespace-pre-wrap break-words [.text-message+&amp;]:mt-5 overflow-x-auto\" data-message-author-role=\"assistant\" data-message-id=\"50a632f4-8567-4002-b5f9-c215acb02a8f\">\n<div class=\"markdown prose w-full break-words dark:prose-invert light\">\n<p>Wir stellen unsere Tattoonadel Round Magnum 0,35 mm vor, das ultimative Werkzeug f\u00fcr pr\u00e4zises und mutiges T\u00e4towieren. Vier Modelle stehen zur Auswahl: 1209RM1, 1215RM1, 1221RM1 und 1225RM1, die alle auf die unterschiedlichen Bed\u00fcrfnisse von T\u00e4towierern weltweit abgestimmt sind.<\/p>\n<p><a href=\"https:\/\/5etattoostuff.com\/de\/uber-uns\/\">Crafted<\/a> Mit einem Durchmesser von 0,35 mm bieten diese Tattoonadeln optimale Kontrolle und Genauigkeit und sorgen f\u00fcr gestochen scharfe Linien und lebendige Farben bei jedem Strich. Egal ob du schattierst, f\u00e4rbst oder konturierst, unsere Round Magnum Nadeln liefern gleichbleibende Ergebnisse, die deine Erwartungen \u00fcbertreffen.<\/p>\n<p>Hergestellt aus hochwertigem rostfreiem Stahl. Unsere Nadeln sind auf Langlebigkeit und Zuverl\u00e4ssigkeit ausgelegt, damit sie den Anforderungen des t\u00e4glichen T\u00e4towierens standhalten. Ihre Sch\u00e4rfe garantiert ein sanftes Einstechen, damit deine Kunden sich nicht unwohl f\u00fchlen und du effizient arbeiten kannst.<\/p>\n<p>Die runde Magnum-Konfiguration eignet sich perfekt f\u00fcr sanfte Farbverl\u00e4ufe und pr\u00e4zise Schattierungen und ist damit ideal f\u00fcr eine Vielzahl von Tattoostilen. Egal, ob du an Portr\u00e4ts, realistischen oder illustrativen Designs arbeitest, diese Nadeln bieten die Flexibilit\u00e4t und Pr\u00e4zision, die du brauchst, um deine Vision zum Leben zu erwecken.<\/p>\n<p>Jedes Modell - 1209RM1, 1215RM1, 1221RM1 und 1225RM1 - wurde sorgf\u00e4ltig gefertigt, um bestimmte k\u00fcnstlerische Anforderungen zu erf\u00fcllen. Ob du eine engere Gruppierung f\u00fcr feine Details oder eine breitere Spreizung f\u00fcr nahtlose Schattierungs\u00fcberg\u00e4nge bevorzugst, wir haben die perfekte Round Magnum Nadel f\u00fcr dich.<\/p>\n<p>Unsere Tattoonadel Round Magnum 0,35 mm ist mit allen g\u00e4ngigen Tattoomaschinen kompatibel und l\u00e4sst sich nahtlos in deinen Arbeitsablauf integrieren. Und dank der sterilisierten Verpackung kannst du darauf vertrauen, dass jede Nadel den h\u00f6chsten Sicherheits- und Hygienestandards entspricht.<\/p>\n<p>Verbessere dein T\u00e4towier-Erlebnis mit unserer Tattoo-Nadel Round Magnum 0,35 mm. Egal ob du ein erfahrener Profi oder ein angehender K\u00fcnstler bist, diese Nadeln werden dein Handwerk verbessern. Sie helfen dir dabei, atemberaubende Tattoos zu stechen, die den Test der Zeit \u00fcberstehen. W\u00e4hle Qualit\u00e4t, w\u00e4hle Pr\u00e4zision. W\u00e4hle unsere <a href=\"https:\/\/5etattoostuff.com\/de\/\">5E<\/a> Runde Magnum-Nadeln f\u00fcr dein n\u00e4chstes Meisterwerk.<\/p>\n<\/div>\n<\/div>\n<\/div>","protected":false},"excerpt":{"rendered":"<p>Unsere runde Tattoonadel Magnum 0,35 mm - Pr\u00e4zision trifft Vielseitigkeit. W\u00e4hle aus drei Modellen: 1209RM1, 1215RM1, 1221RM1 und 1225RM1. Jedes Modell wurde entwickelt, um dein Tattoo-Spiel zu verbessern.<\/p>","protected":false},"featured_media":6112,"template":"","meta":[],"product_brand":[],"product_cat":[135,25],"product_tag":[],"class_list":{"0":"post-5030","1":"product","2":"type-product","3":"status-publish","4":"has-post-thumbnail","6":"product_cat-needles","7":"product_cat-round-magnum","9":"first","10":"instock","11":"shipping-taxable","12":"purchasable","13":"product-type-variable","14":"has-default-attributes"},"yoast_head":"<!-- This site is optimized with the Yoast SEO Premium plugin v23.6 (Yoast SEO v27.5) - https:\/\/yoast.com\/product\/yoast-seo-premium-wordpress\/ -->\n<title>Tattoo Needle Round Magnum 0.35mm - 5 Elements Tattoo Stuff<\/title>\n<meta name=\"description\" content=\"Each box contains 20 meticulously crafted, disposable, and sterilized Round Magnum needle modules with a long taper for impeccable results every time.\" \/>\n<meta name=\"robots\" content=\"index, follow, max-snippet:-1, max-image-preview:large, max-video-preview:-1\" \/>\n<link rel=\"canonical\" href=\"https:\/\/5etattoostuff.com\/de\/producto\/tattoo-nadel-rund-magnum-0-35mm\/\" \/>\n<meta property=\"og:locale\" content=\"de_DE\" \/>\n<meta property=\"og:type\" content=\"article\" \/>\n<meta property=\"og:title\" content=\"Tattoo Needle Round Magnum 0.35mm\" \/>\n<meta property=\"og:description\" content=\"Each box contains 20 meticulously crafted, disposable, and sterilized Round Magnum needle modules with a long taper for impeccable results every time.\" \/>\n<meta property=\"og:url\" content=\"https:\/\/5etattoostuff.com\/de\/producto\/tattoo-nadel-rund-magnum-0-35mm\/\" \/>\n<meta property=\"og:site_name\" content=\"5 Elements Tattoo Stuff\" \/>\n<meta property=\"article:modified_time\" content=\"2025-01-09T20:26:31+00:00\" \/>\n<meta property=\"og:image\" content=\"https:\/\/5etattoostuff.com\/wp-content\/uploads\/2024\/03\/Agujas-para-tatuar-RM-2-c-1.png\" \/>\n\t<meta property=\"og:image:width\" content=\"843\" \/>\n\t<meta property=\"og:image:height\" content=\"843\" \/>\n\t<meta property=\"og:image:type\" content=\"image\/png\" \/>\n<meta name=\"twitter:card\" content=\"summary_large_image\" \/>\n<meta name=\"twitter:label1\" content=\"Gesch\u00e4tzte Lesezeit\" \/>\n\t<meta name=\"twitter:data1\" content=\"2\u00a0Minuten\" \/>\n<script type=\"application\/ld+json\" class=\"yoast-schema-graph\">{\"@context\":\"https:\\\/\\\/schema.org\",\"@graph\":[{\"@type\":\"WebPage\",\"@id\":\"https:\\\/\\\/5etattoostuff.com\\\/producto\\\/tattoo-needle-round-magnum-0-35mm\\\/\",\"url\":\"https:\\\/\\\/5etattoostuff.com\\\/producto\\\/tattoo-needle-round-magnum-0-35mm\\\/\",\"name\":\"Tattoo Needle Round Magnum 0.35mm - 5 Elements Tattoo Stuff\",\"isPartOf\":{\"@id\":\"https:\\\/\\\/5etattoostuff.com\\\/#website\"},\"primaryImageOfPage\":{\"@id\":\"https:\\\/\\\/5etattoostuff.com\\\/producto\\\/tattoo-needle-round-magnum-0-35mm\\\/#primaryimage\"},\"image\":{\"@id\":\"https:\\\/\\\/5etattoostuff.com\\\/producto\\\/tattoo-needle-round-magnum-0-35mm\\\/#primaryimage\"},\"thumbnailUrl\":\"https:\\\/\\\/5etattoostuff.com\\\/wp-content\\\/uploads\\\/2024\\\/03\\\/Agujas-para-tatuar-RM-2-c-1.png\",\"datePublished\":\"2023-04-15T17:13:37+00:00\",\"dateModified\":\"2025-01-09T20:26:31+00:00\",\"description\":\"Each box contains 20 meticulously crafted, disposable, and sterilized Round Magnum needle modules with a long taper for impeccable results every time.\",\"breadcrumb\":{\"@id\":\"https:\\\/\\\/5etattoostuff.com\\\/producto\\\/tattoo-needle-round-magnum-0-35mm\\\/#breadcrumb\"},\"inLanguage\":\"de\",\"potentialAction\":[{\"@type\":\"ReadAction\",\"target\":[\"https:\\\/\\\/5etattoostuff.com\\\/producto\\\/tattoo-needle-round-magnum-0-35mm\\\/\"]}]},{\"@type\":\"ImageObject\",\"inLanguage\":\"de\",\"@id\":\"https:\\\/\\\/5etattoostuff.com\\\/producto\\\/tattoo-needle-round-magnum-0-35mm\\\/#primaryimage\",\"url\":\"https:\\\/\\\/5etattoostuff.com\\\/wp-content\\\/uploads\\\/2024\\\/03\\\/Agujas-para-tatuar-RM-2-c-1.png\",\"contentUrl\":\"https:\\\/\\\/5etattoostuff.com\\\/wp-content\\\/uploads\\\/2024\\\/03\\\/Agujas-para-tatuar-RM-2-c-1.png\",\"width\":843,\"height\":843,\"caption\":\"5 Elements Premium Round Magnum Tattoo Needlev\"},{\"@type\":\"BreadcrumbList\",\"@id\":\"https:\\\/\\\/5etattoostuff.com\\\/producto\\\/tattoo-needle-round-magnum-0-35mm\\\/#breadcrumb\",\"itemListElement\":[{\"@type\":\"ListItem\",\"position\":1,\"name\":\"Portada\",\"item\":\"https:\\\/\\\/5etattoostuff.com\\\/\"},{\"@type\":\"ListItem\",\"position\":2,\"name\":\"Shop\",\"item\":\"https:\\\/\\\/5etattoostuff.com\\\/\"},{\"@type\":\"ListItem\",\"position\":3,\"name\":\"Tattoo Needle Round Magnum 0.35mm\"}]},{\"@type\":\"WebSite\",\"@id\":\"https:\\\/\\\/5etattoostuff.com\\\/#website\",\"url\":\"https:\\\/\\\/5etattoostuff.com\\\/\",\"name\":\"5 Elements Tattoo Stuff\",\"description\":\"Premium tattoo needles\",\"publisher\":{\"@id\":\"https:\\\/\\\/5etattoostuff.com\\\/#organization\"},\"alternateName\":\"5E\",\"potentialAction\":[{\"@type\":\"SearchAction\",\"target\":{\"@type\":\"EntryPoint\",\"urlTemplate\":\"https:\\\/\\\/5etattoostuff.com\\\/?s={search_term_string}\"},\"query-input\":{\"@type\":\"PropertyValueSpecification\",\"valueRequired\":true,\"valueName\":\"search_term_string\"}}],\"inLanguage\":\"de\"},{\"@type\":\"Organization\",\"@id\":\"https:\\\/\\\/5etattoostuff.com\\\/#organization\",\"name\":\"5 Elements Tattoo Stuff\",\"url\":\"https:\\\/\\\/5etattoostuff.com\\\/\",\"logo\":{\"@type\":\"ImageObject\",\"inLanguage\":\"de\",\"@id\":\"https:\\\/\\\/5etattoostuff.com\\\/#\\\/schema\\\/logo\\\/image\\\/\",\"url\":\"https:\\\/\\\/5etattoostuff.com\\\/wp-content\\\/uploads\\\/2023\\\/03\\\/Logo-5e.png\",\"contentUrl\":\"https:\\\/\\\/5etattoostuff.com\\\/wp-content\\\/uploads\\\/2023\\\/03\\\/Logo-5e.png\",\"width\":661,\"height\":378,\"caption\":\"5 Elements Tattoo Stuff\"},\"image\":{\"@id\":\"https:\\\/\\\/5etattoostuff.com\\\/#\\\/schema\\\/logo\\\/image\\\/\"},\"sameAs\":[\"https:\\\/\\\/www.instagram.com\\\/5e.tattoostuff\\\/\"],\"email\":\"contact@5etattoostuff.com\",\"telephone\":\"+41 (0)76 681 06 68\"}]}<\/script>\n<!-- \/ Yoast SEO Premium plugin. -->","yoast_head_json":{"title":"Tattoo Needle Round Magnum 0.35mm - 5 Elements Tattoo Stuff","description":"Each box contains 20 meticulously crafted, disposable, and sterilized Round Magnum needle modules with a long taper for impeccable results every time.","robots":{"index":"index","follow":"follow","max-snippet":"max-snippet:-1","max-image-preview":"max-image-preview:large","max-video-preview":"max-video-preview:-1"},"canonical":"https:\/\/5etattoostuff.com\/de\/producto\/tattoo-nadel-rund-magnum-0-35mm\/","og_locale":"de_DE","og_type":"article","og_title":"Tattoo Needle Round Magnum 0.35mm","og_description":"Each box contains 20 meticulously crafted, disposable, and sterilized Round Magnum needle modules with a long taper for impeccable results every time.","og_url":"https:\/\/5etattoostuff.com\/de\/producto\/tattoo-nadel-rund-magnum-0-35mm\/","og_site_name":"5 Elements Tattoo Stuff","article_modified_time":"2025-01-09T20:26:31+00:00","og_image":[{"width":843,"height":843,"url":"https:\/\/5etattoostuff.com\/wp-content\/uploads\/2024\/03\/Agujas-para-tatuar-RM-2-c-1.png","type":"image\/png"}],"twitter_card":"summary_large_image","twitter_misc":{"Gesch\u00e4tzte Lesezeit":"2\u00a0Minuten"},"schema":{"@context":"https:\/\/schema.org","@graph":[{"@type":"WebPage","@id":"https:\/\/5etattoostuff.com\/producto\/tattoo-needle-round-magnum-0-35mm\/","url":"https:\/\/5etattoostuff.com\/producto\/tattoo-needle-round-magnum-0-35mm\/","name":"Tattoo Needle Round Magnum 0.35mm - 5 Elements Tattoo Stuff","isPartOf":{"@id":"https:\/\/5etattoostuff.com\/#website"},"primaryImageOfPage":{"@id":"https:\/\/5etattoostuff.com\/producto\/tattoo-needle-round-magnum-0-35mm\/#primaryimage"},"image":{"@id":"https:\/\/5etattoostuff.com\/producto\/tattoo-needle-round-magnum-0-35mm\/#primaryimage"},"thumbnailUrl":"https:\/\/5etattoostuff.com\/wp-content\/uploads\/2024\/03\/Agujas-para-tatuar-RM-2-c-1.png","datePublished":"2023-04-15T17:13:37+00:00","dateModified":"2025-01-09T20:26:31+00:00","description":"Each box contains 20 meticulously crafted, disposable, and sterilized Round Magnum needle modules with a long taper for impeccable results every time.","breadcrumb":{"@id":"https:\/\/5etattoostuff.com\/producto\/tattoo-needle-round-magnum-0-35mm\/#breadcrumb"},"inLanguage":"de","potentialAction":[{"@type":"ReadAction","target":["https:\/\/5etattoostuff.com\/producto\/tattoo-needle-round-magnum-0-35mm\/"]}]},{"@type":"ImageObject","inLanguage":"de","@id":"https:\/\/5etattoostuff.com\/producto\/tattoo-needle-round-magnum-0-35mm\/#primaryimage","url":"https:\/\/5etattoostuff.com\/wp-content\/uploads\/2024\/03\/Agujas-para-tatuar-RM-2-c-1.png","contentUrl":"https:\/\/5etattoostuff.com\/wp-content\/uploads\/2024\/03\/Agujas-para-tatuar-RM-2-c-1.png","width":843,"height":843,"caption":"5 Elements Premium Round Magnum Tattoo Needlev"},{"@type":"BreadcrumbList","@id":"https:\/\/5etattoostuff.com\/producto\/tattoo-needle-round-magnum-0-35mm\/#breadcrumb","itemListElement":[{"@type":"ListItem","position":1,"name":"Portada","item":"https:\/\/5etattoostuff.com\/"},{"@type":"ListItem","position":2,"name":"Shop","item":"https:\/\/5etattoostuff.com\/"},{"@type":"ListItem","position":3,"name":"Tattoo Needle Round Magnum 0.35mm"}]},{"@type":"WebSite","@id":"https:\/\/5etattoostuff.com\/#website","url":"https:\/\/5etattoostuff.com\/","name":"5 Elements Tattoo Stuff","description":"Premium tattoo needles","publisher":{"@id":"https:\/\/5etattoostuff.com\/#organization"},"alternateName":"5E","potentialAction":[{"@type":"SearchAction","target":{"@type":"EntryPoint","urlTemplate":"https:\/\/5etattoostuff.com\/?s={search_term_string}"},"query-input":{"@type":"PropertyValueSpecification","valueRequired":true,"valueName":"search_term_string"}}],"inLanguage":"de"},{"@type":"Organization","@id":"https:\/\/5etattoostuff.com\/#organization","name":"5 Elements Tattoo Stuff","url":"https:\/\/5etattoostuff.com\/","logo":{"@type":"ImageObject","inLanguage":"de","@id":"https:\/\/5etattoostuff.com\/#\/schema\/logo\/image\/","url":"https:\/\/5etattoostuff.com\/wp-content\/uploads\/2023\/03\/Logo-5e.png","contentUrl":"https:\/\/5etattoostuff.com\/wp-content\/uploads\/2023\/03\/Logo-5e.png","width":661,"height":378,"caption":"5 Elements Tattoo Stuff"},"image":{"@id":"https:\/\/5etattoostuff.com\/#\/schema\/logo\/image\/"},"sameAs":["https:\/\/www.instagram.com\/5e.tattoostuff\/"],"email":"contact@5etattoostuff.com","telephone":"+41 (0)76 681 06 68"}]}},"jetpack_sharing_enabled":true,"_links":{"self":[{"href":"https:\/\/5etattoostuff.com\/de\/wp-json\/wp\/v2\/product\/5030","targetHints":{"allow":["GET"]}}],"collection":[{"href":"https:\/\/5etattoostuff.com\/de\/wp-json\/wp\/v2\/product"}],"about":[{"href":"https:\/\/5etattoostuff.com\/de\/wp-json\/wp\/v2\/types\/product"}],"wp:featuredmedia":[{"embeddable":true,"href":"https:\/\/5etattoostuff.com\/de\/wp-json\/wp\/v2\/media\/6112"}],"wp:attachment":[{"href":"https:\/\/5etattoostuff.com\/de\/wp-json\/wp\/v2\/media?parent=5030"}],"wp:term":[{"taxonomy":"product_brand","embeddable":true,"href":"https:\/\/5etattoostuff.com\/de\/wp-json\/wp\/v2\/product_brand?post=5030"},{"taxonomy":"product_cat","embeddable":true,"href":"https:\/\/5etattoostuff.com\/de\/wp-json\/wp\/v2\/product_cat?post=5030"},{"taxonomy":"product_tag","embeddable":true,"href":"https:\/\/5etattoostuff.com\/de\/wp-json\/wp\/v2\/product_tag?post=5030"}],"curies":[{"name":"wp","href":"https:\/\/api.w.org\/{rel}","templated":true}]}}