{"id":6591,"date":"2024-09-12T13:11:44","date_gmt":"2024-09-12T11:11:44","guid":{"rendered":"https:\/\/5etattoostuff.com\/?post_type=product&#038;p=6591"},"modified":"2025-03-20T12:05:28","modified_gmt":"2025-03-20T11:05:28","slug":"5e-thermal-papier-100-stk","status":"publish","type":"product","link":"https:\/\/5etattoostuff.com\/de\/producto\/5e-thermopapier-100-stk\/","title":{"rendered":"Thermopapier"},"content":{"rendered":"<p>Das Original 5E Carbon Thermopapier wurde speziell f\u00fcr die Erstellung pr\u00e4ziser Schablonen mit Thermodruckern wie dem Brother Pocketjet entwickelt. Jedes Blatt ist dreilagig und garantiert klare und scharfe Schablonen\u00fcbertragungen f\u00fcr T\u00e4towierer. Dieses hochwertige Kohlepapier erm\u00f6glicht eine einfache und effiziente Schablonenerstellung und ist damit ein Muss f\u00fcr jedes professionelle Tattoo-Studio.<\/p>\n<p><strong>Hauptmerkmale:<\/strong><\/p>\n<ul>\n<li>Dreilagiges Kohlepapier<\/li>\n<li>Druckfarbe: Violett<\/li>\n<li>Kompatibel mit Thermodruckern<\/li>\n<li>Ideal f\u00fcr die Erstellung detaillierter Schablonen<\/li>\n<\/ul>","protected":false},"excerpt":{"rendered":"<div class=\"flex mb-12 last:mb-0\">Original 5E dreilagiges Kohlepapier f\u00fcr Thermodrucker, perfekt f\u00fcr die Erstellung detaillierter Schablonen (violett) mit Maschinen wie dem Brother Pocketjet.<\/div>","protected":false},"featured_media":6608,"template":"","meta":[],"product_brand":[],"product_cat":[157],"product_tag":[],"class_list":{"0":"post-6591","1":"product","2":"type-product","3":"status-publish","4":"has-post-thumbnail","6":"product_cat-tattoo-equipment","8":"first","9":"instock","10":"shipping-taxable","11":"purchasable","12":"product-type-simple"},"yoast_head":"<!-- This site is optimized with the Yoast SEO Premium plugin v23.6 (Yoast SEO v27.5) - https:\/\/yoast.com\/product\/yoast-seo-premium-wordpress\/ -->\n<title>Thermal Paper - 5 Elements Tattoo Stuff<\/title>\n<meta name=\"robots\" content=\"index, follow, max-snippet:-1, max-image-preview:large, max-video-preview:-1\" \/>\n<link rel=\"canonical\" href=\"https:\/\/5etattoostuff.com\/de\/producto\/5e-thermopapier-100-stk\/\" \/>\n<meta property=\"og:locale\" content=\"de_DE\" \/>\n<meta property=\"og:type\" content=\"article\" \/>\n<meta property=\"og:title\" content=\"Thermal Paper\" \/>\n<meta property=\"og:description\" content=\"Original 5E three-layered carbon paper for thermal printers, perfect for creating detailed stencils (violet) using machines like the Brother Pocketjet.\" \/>\n<meta property=\"og:url\" content=\"https:\/\/5etattoostuff.com\/de\/producto\/5e-thermopapier-100-stk\/\" \/>\n<meta property=\"og:site_name\" content=\"5 Elements Tattoo Stuff\" \/>\n<meta property=\"article:modified_time\" content=\"2025-03-20T11:05:28+00:00\" \/>\n<meta property=\"og:image\" content=\"https:\/\/5etattoostuff.com\/wp-content\/uploads\/2024\/09\/5E_Thermal_Paper.png\" \/>\n\t<meta property=\"og:image:width\" content=\"500\" \/>\n\t<meta property=\"og:image:height\" content=\"500\" \/>\n\t<meta property=\"og:image:type\" content=\"image\/png\" \/>\n<meta name=\"twitter:card\" content=\"summary_large_image\" \/>\n<meta name=\"twitter:label1\" content=\"Gesch\u00e4tzte Lesezeit\" \/>\n\t<meta name=\"twitter:data1\" content=\"1\u00a0Minute\" \/>\n<script type=\"application\/ld+json\" class=\"yoast-schema-graph\">{\"@context\":\"https:\\\/\\\/schema.org\",\"@graph\":[{\"@type\":\"WebPage\",\"@id\":\"https:\\\/\\\/5etattoostuff.com\\\/producto\\\/5e-thermal-papier-100-stk\\\/\",\"url\":\"https:\\\/\\\/5etattoostuff.com\\\/producto\\\/5e-thermal-papier-100-stk\\\/\",\"name\":\"Thermal Paper - 5 Elements Tattoo Stuff\",\"isPartOf\":{\"@id\":\"https:\\\/\\\/5etattoostuff.com\\\/#website\"},\"primaryImageOfPage\":{\"@id\":\"https:\\\/\\\/5etattoostuff.com\\\/producto\\\/5e-thermal-papier-100-stk\\\/#primaryimage\"},\"image\":{\"@id\":\"https:\\\/\\\/5etattoostuff.com\\\/producto\\\/5e-thermal-papier-100-stk\\\/#primaryimage\"},\"thumbnailUrl\":\"https:\\\/\\\/5etattoostuff.com\\\/wp-content\\\/uploads\\\/2024\\\/09\\\/5E_Thermal_Paper.png\",\"datePublished\":\"2024-09-12T11:11:44+00:00\",\"dateModified\":\"2025-03-20T11:05:28+00:00\",\"breadcrumb\":{\"@id\":\"https:\\\/\\\/5etattoostuff.com\\\/producto\\\/5e-thermal-papier-100-stk\\\/#breadcrumb\"},\"inLanguage\":\"de\",\"potentialAction\":[{\"@type\":\"ReadAction\",\"target\":[\"https:\\\/\\\/5etattoostuff.com\\\/producto\\\/5e-thermal-papier-100-stk\\\/\"]}]},{\"@type\":\"ImageObject\",\"inLanguage\":\"de\",\"@id\":\"https:\\\/\\\/5etattoostuff.com\\\/producto\\\/5e-thermal-papier-100-stk\\\/#primaryimage\",\"url\":\"https:\\\/\\\/5etattoostuff.com\\\/wp-content\\\/uploads\\\/2024\\\/09\\\/5E_Thermal_Paper.png\",\"contentUrl\":\"https:\\\/\\\/5etattoostuff.com\\\/wp-content\\\/uploads\\\/2024\\\/09\\\/5E_Thermal_Paper.png\",\"width\":500,\"height\":500},{\"@type\":\"BreadcrumbList\",\"@id\":\"https:\\\/\\\/5etattoostuff.com\\\/producto\\\/5e-thermal-papier-100-stk\\\/#breadcrumb\",\"itemListElement\":[{\"@type\":\"ListItem\",\"position\":1,\"name\":\"Portada\",\"item\":\"https:\\\/\\\/5etattoostuff.com\\\/\"},{\"@type\":\"ListItem\",\"position\":2,\"name\":\"Shop\",\"item\":\"https:\\\/\\\/5etattoostuff.com\\\/\"},{\"@type\":\"ListItem\",\"position\":3,\"name\":\"Thermal Paper\"}]},{\"@type\":\"WebSite\",\"@id\":\"https:\\\/\\\/5etattoostuff.com\\\/#website\",\"url\":\"https:\\\/\\\/5etattoostuff.com\\\/\",\"name\":\"5 Elements Tattoo Stuff\",\"description\":\"Premium tattoo needles\",\"publisher\":{\"@id\":\"https:\\\/\\\/5etattoostuff.com\\\/#organization\"},\"alternateName\":\"5E\",\"potentialAction\":[{\"@type\":\"SearchAction\",\"target\":{\"@type\":\"EntryPoint\",\"urlTemplate\":\"https:\\\/\\\/5etattoostuff.com\\\/?s={search_term_string}\"},\"query-input\":{\"@type\":\"PropertyValueSpecification\",\"valueRequired\":true,\"valueName\":\"search_term_string\"}}],\"inLanguage\":\"de\"},{\"@type\":\"Organization\",\"@id\":\"https:\\\/\\\/5etattoostuff.com\\\/#organization\",\"name\":\"5 Elements Tattoo Stuff\",\"url\":\"https:\\\/\\\/5etattoostuff.com\\\/\",\"logo\":{\"@type\":\"ImageObject\",\"inLanguage\":\"de\",\"@id\":\"https:\\\/\\\/5etattoostuff.com\\\/#\\\/schema\\\/logo\\\/image\\\/\",\"url\":\"https:\\\/\\\/5etattoostuff.com\\\/wp-content\\\/uploads\\\/2023\\\/03\\\/Logo-5e.png\",\"contentUrl\":\"https:\\\/\\\/5etattoostuff.com\\\/wp-content\\\/uploads\\\/2023\\\/03\\\/Logo-5e.png\",\"width\":661,\"height\":378,\"caption\":\"5 Elements Tattoo Stuff\"},\"image\":{\"@id\":\"https:\\\/\\\/5etattoostuff.com\\\/#\\\/schema\\\/logo\\\/image\\\/\"},\"sameAs\":[\"https:\\\/\\\/www.instagram.com\\\/5e.tattoostuff\\\/\"],\"email\":\"contact@5etattoostuff.com\",\"telephone\":\"+41 (0)76 681 06 68\"}]}<\/script>\n<!-- \/ Yoast SEO Premium plugin. -->","yoast_head_json":{"title":"Thermal Paper - 5 Elements Tattoo Stuff","robots":{"index":"index","follow":"follow","max-snippet":"max-snippet:-1","max-image-preview":"max-image-preview:large","max-video-preview":"max-video-preview:-1"},"canonical":"https:\/\/5etattoostuff.com\/de\/producto\/5e-thermopapier-100-stk\/","og_locale":"de_DE","og_type":"article","og_title":"Thermal Paper","og_description":"Original 5E three-layered carbon paper for thermal printers, perfect for creating detailed stencils (violet) using machines like the Brother Pocketjet.","og_url":"https:\/\/5etattoostuff.com\/de\/producto\/5e-thermopapier-100-stk\/","og_site_name":"5 Elements Tattoo Stuff","article_modified_time":"2025-03-20T11:05:28+00:00","og_image":[{"width":500,"height":500,"url":"https:\/\/5etattoostuff.com\/wp-content\/uploads\/2024\/09\/5E_Thermal_Paper.png","type":"image\/png"}],"twitter_card":"summary_large_image","twitter_misc":{"Gesch\u00e4tzte Lesezeit":"1\u00a0Minute"},"schema":{"@context":"https:\/\/schema.org","@graph":[{"@type":"WebPage","@id":"https:\/\/5etattoostuff.com\/producto\/5e-thermal-papier-100-stk\/","url":"https:\/\/5etattoostuff.com\/producto\/5e-thermal-papier-100-stk\/","name":"Thermal Paper - 5 Elements Tattoo Stuff","isPartOf":{"@id":"https:\/\/5etattoostuff.com\/#website"},"primaryImageOfPage":{"@id":"https:\/\/5etattoostuff.com\/producto\/5e-thermal-papier-100-stk\/#primaryimage"},"image":{"@id":"https:\/\/5etattoostuff.com\/producto\/5e-thermal-papier-100-stk\/#primaryimage"},"thumbnailUrl":"https:\/\/5etattoostuff.com\/wp-content\/uploads\/2024\/09\/5E_Thermal_Paper.png","datePublished":"2024-09-12T11:11:44+00:00","dateModified":"2025-03-20T11:05:28+00:00","breadcrumb":{"@id":"https:\/\/5etattoostuff.com\/producto\/5e-thermal-papier-100-stk\/#breadcrumb"},"inLanguage":"de","potentialAction":[{"@type":"ReadAction","target":["https:\/\/5etattoostuff.com\/producto\/5e-thermal-papier-100-stk\/"]}]},{"@type":"ImageObject","inLanguage":"de","@id":"https:\/\/5etattoostuff.com\/producto\/5e-thermal-papier-100-stk\/#primaryimage","url":"https:\/\/5etattoostuff.com\/wp-content\/uploads\/2024\/09\/5E_Thermal_Paper.png","contentUrl":"https:\/\/5etattoostuff.com\/wp-content\/uploads\/2024\/09\/5E_Thermal_Paper.png","width":500,"height":500},{"@type":"BreadcrumbList","@id":"https:\/\/5etattoostuff.com\/producto\/5e-thermal-papier-100-stk\/#breadcrumb","itemListElement":[{"@type":"ListItem","position":1,"name":"Portada","item":"https:\/\/5etattoostuff.com\/"},{"@type":"ListItem","position":2,"name":"Shop","item":"https:\/\/5etattoostuff.com\/"},{"@type":"ListItem","position":3,"name":"Thermal Paper"}]},{"@type":"WebSite","@id":"https:\/\/5etattoostuff.com\/#website","url":"https:\/\/5etattoostuff.com\/","name":"5 Elements Tattoo Stuff","description":"Premium tattoo needles","publisher":{"@id":"https:\/\/5etattoostuff.com\/#organization"},"alternateName":"5E","potentialAction":[{"@type":"SearchAction","target":{"@type":"EntryPoint","urlTemplate":"https:\/\/5etattoostuff.com\/?s={search_term_string}"},"query-input":{"@type":"PropertyValueSpecification","valueRequired":true,"valueName":"search_term_string"}}],"inLanguage":"de"},{"@type":"Organization","@id":"https:\/\/5etattoostuff.com\/#organization","name":"5 Elements Tattoo Stuff","url":"https:\/\/5etattoostuff.com\/","logo":{"@type":"ImageObject","inLanguage":"de","@id":"https:\/\/5etattoostuff.com\/#\/schema\/logo\/image\/","url":"https:\/\/5etattoostuff.com\/wp-content\/uploads\/2023\/03\/Logo-5e.png","contentUrl":"https:\/\/5etattoostuff.com\/wp-content\/uploads\/2023\/03\/Logo-5e.png","width":661,"height":378,"caption":"5 Elements Tattoo Stuff"},"image":{"@id":"https:\/\/5etattoostuff.com\/#\/schema\/logo\/image\/"},"sameAs":["https:\/\/www.instagram.com\/5e.tattoostuff\/"],"email":"contact@5etattoostuff.com","telephone":"+41 (0)76 681 06 68"}]}},"jetpack_sharing_enabled":true,"_links":{"self":[{"href":"https:\/\/5etattoostuff.com\/de\/wp-json\/wp\/v2\/product\/6591","targetHints":{"allow":["GET"]}}],"collection":[{"href":"https:\/\/5etattoostuff.com\/de\/wp-json\/wp\/v2\/product"}],"about":[{"href":"https:\/\/5etattoostuff.com\/de\/wp-json\/wp\/v2\/types\/product"}],"wp:featuredmedia":[{"embeddable":true,"href":"https:\/\/5etattoostuff.com\/de\/wp-json\/wp\/v2\/media\/6608"}],"wp:attachment":[{"href":"https:\/\/5etattoostuff.com\/de\/wp-json\/wp\/v2\/media?parent=6591"}],"wp:term":[{"taxonomy":"product_brand","embeddable":true,"href":"https:\/\/5etattoostuff.com\/de\/wp-json\/wp\/v2\/product_brand?post=6591"},{"taxonomy":"product_cat","embeddable":true,"href":"https:\/\/5etattoostuff.com\/de\/wp-json\/wp\/v2\/product_cat?post=6591"},{"taxonomy":"product_tag","embeddable":true,"href":"https:\/\/5etattoostuff.com\/de\/wp-json\/wp\/v2\/product_tag?post=6591"}],"curies":[{"name":"wp","href":"https:\/\/api.w.org\/{rel}","templated":true}]}}