{"id":7109,"date":"2024-10-05T20:54:04","date_gmt":"2024-10-05T18:54:04","guid":{"rendered":"https:\/\/5etattoostuff.com\/?post_type=product&#038;p=7109"},"modified":"2025-03-20T12:18:43","modified_gmt":"2025-03-20T11:18:43","slug":"sterile-depressor","status":"publish","type":"product","link":"https:\/\/5etattoostuff.com\/de\/producto\/steriler-depressor\/","title":{"rendered":"Steriler Depressor"},"content":{"rendered":"<p><strong>Steriler Depressor zum Auftragen von Vaseline - 1 Packung mit 100 St\u00fccken<\/strong><\/p>\n<p>Verbessere die Hygiene und Effizienz w\u00e4hrend der Tattoo-Sitzungen mit <strong>Sterile Depressoren<\/strong> f\u00fcr sicheres und einfaches Auftragen von Vaseline. Diese sterilen Depressoren sorgen f\u00fcr einen sauberen und pr\u00e4zisen Auftrag der Vaseline und minimieren das Risiko einer Kontamination. Jede Packung enth\u00e4lt 100 einzeln verpackte Depressoren und ist somit ideal f\u00fcr den einmaligen Gebrauch, was dazu beitr\u00e4gt, eine sterile Umgebung f\u00fcr den K\u00fcnstler und den Kunden zu erhalten.<\/p>\n<p>Diese sterilen Depressoren sind langlebig und dennoch leicht und erm\u00f6glichen ein sanftes und gleichm\u00e4\u00dfiges Auftragen von Vaseline, ohne die Haut des Kunden zu reizen. Die sterile Verpackung sorgt daf\u00fcr, dass der Depressor frei von Verunreinigungen bleibt, bis er gebraucht wird. So wird das Infektionsrisiko reduziert und die Sicherheit bei jeder Behandlung gew\u00e4hrleistet.<\/p>\n<p>T\u00e4towierer verlassen sich auf Vaseline, um die Haut w\u00e4hrend des T\u00e4towierens zu sch\u00fctzen und mit Feuchtigkeit zu versorgen, und diese sterilen Depressoren machen den Auftragsprozess hygienischer und effizienter. Diese sterilen Depressoren sind f\u00fcr den einmaligen Gebrauch bestimmt und helfen dabei, die Verbreitung von Bakterien zu reduzieren und sicherzustellen, dass der Vorgang f\u00fcr jeden Kunden so sauber und angenehm wie m\u00f6glich ist. Die Packung mit 100 St\u00fcck bietet einen ausreichenden Vorrat, damit dein Studio \u00fcber mehrere Sitzungen hinweg reibungslos funktioniert.<\/p>\n<p>Diese sterilen Depressoren sind ein unverzichtbares Werkzeug, um Sauberkeit und Professionalit\u00e4t in deinem Tattoo-Studio aufrechtzuerhalten. Sie sind perfekt f\u00fcr jeden K\u00fcnstler, der Wert auf Sicherheit und Hygiene legt.<\/p>\n<p><strong>Hauptmerkmale:<\/strong><\/p>\n<ul>\n<li>1 Packung mit 100 sterilen Depressoren<\/li>\n<li>Ideal zum hygienischen Auftragen von Vaseline<\/li>\n<li>Einweg zur Vermeidung von Kontamination<\/li>\n<li>Einzeln verpackt f\u00fcr Sterilit\u00e4t<\/li>\n<\/ul>","protected":false},"excerpt":{"rendered":"<p>Sorge mit unseren sterilen Depressoren f\u00fcr ein hygienisches Auftragen von Vaseline. Diese 100-teilige Packung bietet saubere Einwegwerkzeuge f\u00fcr T\u00e4towierer, um einen sterilen Arbeitsbereich zu gew\u00e4hrleisten.<\/p>","protected":false},"featured_media":7700,"template":"","meta":[],"product_brand":[],"product_cat":[157],"product_tag":[],"class_list":{"0":"post-7109","1":"product","2":"type-product","3":"status-publish","4":"has-post-thumbnail","6":"product_cat-tattoo-equipment","8":"first","9":"instock","10":"taxable","11":"shipping-taxable","12":"purchasable","13":"product-type-simple"},"yoast_head":"<!-- This site is optimized with the Yoast SEO Premium plugin v23.6 (Yoast SEO v27.5) - https:\/\/yoast.com\/product\/yoast-seo-premium-wordpress\/ -->\n<title>Sterile depressor - 5 Elements Tattoo Stuff<\/title>\n<meta name=\"description\" content=\"Keep Vaseline application hygienic with Sterile Depressors. Pack of 100, individually wrapped for single-use, ideal for professional tattoo artists.\" \/>\n<meta name=\"robots\" content=\"index, follow, max-snippet:-1, max-image-preview:large, max-video-preview:-1\" \/>\n<link rel=\"canonical\" href=\"https:\/\/5etattoostuff.com\/de\/producto\/steriler-depressor\/\" \/>\n<meta property=\"og:locale\" content=\"de_DE\" \/>\n<meta property=\"og:type\" content=\"article\" \/>\n<meta property=\"og:title\" content=\"Sterile depressor\" \/>\n<meta property=\"og:description\" content=\"Keep Vaseline application hygienic with Sterile Depressors. Pack of 100, individually wrapped for single-use, ideal for professional tattoo artists.\" \/>\n<meta property=\"og:url\" content=\"https:\/\/5etattoostuff.com\/de\/producto\/steriler-depressor\/\" \/>\n<meta property=\"og:site_name\" content=\"5 Elements Tattoo Stuff\" \/>\n<meta property=\"article:modified_time\" content=\"2025-03-20T11:18:43+00:00\" \/>\n<meta property=\"og:image\" content=\"https:\/\/5etattoostuff.com\/wp-content\/uploads\/2024\/10\/depressors.jpeg\" \/>\n\t<meta property=\"og:image:width\" content=\"600\" \/>\n\t<meta property=\"og:image:height\" content=\"600\" \/>\n\t<meta property=\"og:image:type\" content=\"image\/jpeg\" \/>\n<meta name=\"twitter:card\" content=\"summary_large_image\" \/>\n<meta name=\"twitter:label1\" content=\"Gesch\u00e4tzte Lesezeit\" \/>\n\t<meta name=\"twitter:data1\" content=\"2\u00a0Minuten\" \/>\n<script type=\"application\/ld+json\" class=\"yoast-schema-graph\">{\"@context\":\"https:\\\/\\\/schema.org\",\"@graph\":[{\"@type\":\"WebPage\",\"@id\":\"https:\\\/\\\/5etattoostuff.com\\\/producto\\\/sterile-depressor\\\/\",\"url\":\"https:\\\/\\\/5etattoostuff.com\\\/producto\\\/sterile-depressor\\\/\",\"name\":\"Sterile depressor - 5 Elements Tattoo Stuff\",\"isPartOf\":{\"@id\":\"https:\\\/\\\/5etattoostuff.com\\\/#website\"},\"primaryImageOfPage\":{\"@id\":\"https:\\\/\\\/5etattoostuff.com\\\/producto\\\/sterile-depressor\\\/#primaryimage\"},\"image\":{\"@id\":\"https:\\\/\\\/5etattoostuff.com\\\/producto\\\/sterile-depressor\\\/#primaryimage\"},\"thumbnailUrl\":\"https:\\\/\\\/5etattoostuff.com\\\/wp-content\\\/uploads\\\/2024\\\/10\\\/depressors.jpeg\",\"datePublished\":\"2024-10-05T18:54:04+00:00\",\"dateModified\":\"2025-03-20T11:18:43+00:00\",\"description\":\"Keep Vaseline application hygienic with Sterile Depressors. Pack of 100, individually wrapped for single-use, ideal for professional tattoo artists.\",\"breadcrumb\":{\"@id\":\"https:\\\/\\\/5etattoostuff.com\\\/producto\\\/sterile-depressor\\\/#breadcrumb\"},\"inLanguage\":\"de\",\"potentialAction\":[{\"@type\":\"ReadAction\",\"target\":[\"https:\\\/\\\/5etattoostuff.com\\\/producto\\\/sterile-depressor\\\/\"]}]},{\"@type\":\"ImageObject\",\"inLanguage\":\"de\",\"@id\":\"https:\\\/\\\/5etattoostuff.com\\\/producto\\\/sterile-depressor\\\/#primaryimage\",\"url\":\"https:\\\/\\\/5etattoostuff.com\\\/wp-content\\\/uploads\\\/2024\\\/10\\\/depressors.jpeg\",\"contentUrl\":\"https:\\\/\\\/5etattoostuff.com\\\/wp-content\\\/uploads\\\/2024\\\/10\\\/depressors.jpeg\",\"width\":600,\"height\":600},{\"@type\":\"BreadcrumbList\",\"@id\":\"https:\\\/\\\/5etattoostuff.com\\\/producto\\\/sterile-depressor\\\/#breadcrumb\",\"itemListElement\":[{\"@type\":\"ListItem\",\"position\":1,\"name\":\"Portada\",\"item\":\"https:\\\/\\\/5etattoostuff.com\\\/\"},{\"@type\":\"ListItem\",\"position\":2,\"name\":\"Shop\",\"item\":\"https:\\\/\\\/5etattoostuff.com\\\/\"},{\"@type\":\"ListItem\",\"position\":3,\"name\":\"Sterile depressor\"}]},{\"@type\":\"WebSite\",\"@id\":\"https:\\\/\\\/5etattoostuff.com\\\/#website\",\"url\":\"https:\\\/\\\/5etattoostuff.com\\\/\",\"name\":\"5 Elements Tattoo Stuff\",\"description\":\"Premium tattoo needles\",\"publisher\":{\"@id\":\"https:\\\/\\\/5etattoostuff.com\\\/#organization\"},\"alternateName\":\"5E\",\"potentialAction\":[{\"@type\":\"SearchAction\",\"target\":{\"@type\":\"EntryPoint\",\"urlTemplate\":\"https:\\\/\\\/5etattoostuff.com\\\/?s={search_term_string}\"},\"query-input\":{\"@type\":\"PropertyValueSpecification\",\"valueRequired\":true,\"valueName\":\"search_term_string\"}}],\"inLanguage\":\"de\"},{\"@type\":\"Organization\",\"@id\":\"https:\\\/\\\/5etattoostuff.com\\\/#organization\",\"name\":\"5 Elements Tattoo Stuff\",\"url\":\"https:\\\/\\\/5etattoostuff.com\\\/\",\"logo\":{\"@type\":\"ImageObject\",\"inLanguage\":\"de\",\"@id\":\"https:\\\/\\\/5etattoostuff.com\\\/#\\\/schema\\\/logo\\\/image\\\/\",\"url\":\"https:\\\/\\\/5etattoostuff.com\\\/wp-content\\\/uploads\\\/2023\\\/03\\\/Logo-5e.png\",\"contentUrl\":\"https:\\\/\\\/5etattoostuff.com\\\/wp-content\\\/uploads\\\/2023\\\/03\\\/Logo-5e.png\",\"width\":661,\"height\":378,\"caption\":\"5 Elements Tattoo Stuff\"},\"image\":{\"@id\":\"https:\\\/\\\/5etattoostuff.com\\\/#\\\/schema\\\/logo\\\/image\\\/\"},\"sameAs\":[\"https:\\\/\\\/www.instagram.com\\\/5e.tattoostuff\\\/\"],\"email\":\"contact@5etattoostuff.com\",\"telephone\":\"+41 (0)76 681 06 68\"}]}<\/script>\n<!-- \/ Yoast SEO Premium plugin. -->","yoast_head_json":{"title":"Sterile depressor - 5 Elements Tattoo Stuff","description":"Keep Vaseline application hygienic with Sterile Depressors. Pack of 100, individually wrapped for single-use, ideal for professional tattoo artists.","robots":{"index":"index","follow":"follow","max-snippet":"max-snippet:-1","max-image-preview":"max-image-preview:large","max-video-preview":"max-video-preview:-1"},"canonical":"https:\/\/5etattoostuff.com\/de\/producto\/steriler-depressor\/","og_locale":"de_DE","og_type":"article","og_title":"Sterile depressor","og_description":"Keep Vaseline application hygienic with Sterile Depressors. Pack of 100, individually wrapped for single-use, ideal for professional tattoo artists.","og_url":"https:\/\/5etattoostuff.com\/de\/producto\/steriler-depressor\/","og_site_name":"5 Elements Tattoo Stuff","article_modified_time":"2025-03-20T11:18:43+00:00","og_image":[{"width":600,"height":600,"url":"https:\/\/5etattoostuff.com\/wp-content\/uploads\/2024\/10\/depressors.jpeg","type":"image\/jpeg"}],"twitter_card":"summary_large_image","twitter_misc":{"Gesch\u00e4tzte Lesezeit":"2\u00a0Minuten"},"schema":{"@context":"https:\/\/schema.org","@graph":[{"@type":"WebPage","@id":"https:\/\/5etattoostuff.com\/producto\/sterile-depressor\/","url":"https:\/\/5etattoostuff.com\/producto\/sterile-depressor\/","name":"Sterile depressor - 5 Elements Tattoo Stuff","isPartOf":{"@id":"https:\/\/5etattoostuff.com\/#website"},"primaryImageOfPage":{"@id":"https:\/\/5etattoostuff.com\/producto\/sterile-depressor\/#primaryimage"},"image":{"@id":"https:\/\/5etattoostuff.com\/producto\/sterile-depressor\/#primaryimage"},"thumbnailUrl":"https:\/\/5etattoostuff.com\/wp-content\/uploads\/2024\/10\/depressors.jpeg","datePublished":"2024-10-05T18:54:04+00:00","dateModified":"2025-03-20T11:18:43+00:00","description":"Keep Vaseline application hygienic with Sterile Depressors. Pack of 100, individually wrapped for single-use, ideal for professional tattoo artists.","breadcrumb":{"@id":"https:\/\/5etattoostuff.com\/producto\/sterile-depressor\/#breadcrumb"},"inLanguage":"de","potentialAction":[{"@type":"ReadAction","target":["https:\/\/5etattoostuff.com\/producto\/sterile-depressor\/"]}]},{"@type":"ImageObject","inLanguage":"de","@id":"https:\/\/5etattoostuff.com\/producto\/sterile-depressor\/#primaryimage","url":"https:\/\/5etattoostuff.com\/wp-content\/uploads\/2024\/10\/depressors.jpeg","contentUrl":"https:\/\/5etattoostuff.com\/wp-content\/uploads\/2024\/10\/depressors.jpeg","width":600,"height":600},{"@type":"BreadcrumbList","@id":"https:\/\/5etattoostuff.com\/producto\/sterile-depressor\/#breadcrumb","itemListElement":[{"@type":"ListItem","position":1,"name":"Portada","item":"https:\/\/5etattoostuff.com\/"},{"@type":"ListItem","position":2,"name":"Shop","item":"https:\/\/5etattoostuff.com\/"},{"@type":"ListItem","position":3,"name":"Sterile depressor"}]},{"@type":"WebSite","@id":"https:\/\/5etattoostuff.com\/#website","url":"https:\/\/5etattoostuff.com\/","name":"5 Elements Tattoo Stuff","description":"Premium tattoo needles","publisher":{"@id":"https:\/\/5etattoostuff.com\/#organization"},"alternateName":"5E","potentialAction":[{"@type":"SearchAction","target":{"@type":"EntryPoint","urlTemplate":"https:\/\/5etattoostuff.com\/?s={search_term_string}"},"query-input":{"@type":"PropertyValueSpecification","valueRequired":true,"valueName":"search_term_string"}}],"inLanguage":"de"},{"@type":"Organization","@id":"https:\/\/5etattoostuff.com\/#organization","name":"5 Elements Tattoo Stuff","url":"https:\/\/5etattoostuff.com\/","logo":{"@type":"ImageObject","inLanguage":"de","@id":"https:\/\/5etattoostuff.com\/#\/schema\/logo\/image\/","url":"https:\/\/5etattoostuff.com\/wp-content\/uploads\/2023\/03\/Logo-5e.png","contentUrl":"https:\/\/5etattoostuff.com\/wp-content\/uploads\/2023\/03\/Logo-5e.png","width":661,"height":378,"caption":"5 Elements Tattoo Stuff"},"image":{"@id":"https:\/\/5etattoostuff.com\/#\/schema\/logo\/image\/"},"sameAs":["https:\/\/www.instagram.com\/5e.tattoostuff\/"],"email":"contact@5etattoostuff.com","telephone":"+41 (0)76 681 06 68"}]}},"jetpack_sharing_enabled":true,"_links":{"self":[{"href":"https:\/\/5etattoostuff.com\/de\/wp-json\/wp\/v2\/product\/7109","targetHints":{"allow":["GET"]}}],"collection":[{"href":"https:\/\/5etattoostuff.com\/de\/wp-json\/wp\/v2\/product"}],"about":[{"href":"https:\/\/5etattoostuff.com\/de\/wp-json\/wp\/v2\/types\/product"}],"wp:featuredmedia":[{"embeddable":true,"href":"https:\/\/5etattoostuff.com\/de\/wp-json\/wp\/v2\/media\/7700"}],"wp:attachment":[{"href":"https:\/\/5etattoostuff.com\/de\/wp-json\/wp\/v2\/media?parent=7109"}],"wp:term":[{"taxonomy":"product_brand","embeddable":true,"href":"https:\/\/5etattoostuff.com\/de\/wp-json\/wp\/v2\/product_brand?post=7109"},{"taxonomy":"product_cat","embeddable":true,"href":"https:\/\/5etattoostuff.com\/de\/wp-json\/wp\/v2\/product_cat?post=7109"},{"taxonomy":"product_tag","embeddable":true,"href":"https:\/\/5etattoostuff.com\/de\/wp-json\/wp\/v2\/product_tag?post=7109"}],"curies":[{"name":"wp","href":"https:\/\/api.w.org\/{rel}","templated":true}]}}