{"id":7690,"date":"2025-03-18T17:23:16","date_gmt":"2025-03-18T16:23:16","guid":{"rendered":"https:\/\/5etattoostuff.com\/?post_type=product&#038;p=7690"},"modified":"2026-04-02T11:46:08","modified_gmt":"2026-04-02T09:46:08","slug":"red-out-bioactive-calming-foam-220ml","status":"publish","type":"product","link":"https:\/\/5etattoostuff.com\/de\/producto\/red-out-bioactive-calming-foam-220ml\/","title":{"rendered":"RED OUT BIOACTIVE CALMING FOAM 220mL"},"content":{"rendered":"<p>Jabonosa-L\u00f6sung (PEG-frei, sulfat- und konservierungsmittelfrei) bestehend aus spannungsaktiven Wirkstoffen nat\u00fcrlichen Ursprungs und bioaktiven Wirkstoffen aus der Bl\u00fcte der Camomila (\u00f6kologischer Anbau), die dem Schaum eine bemerkenswerte beruhigende und hygienisierende Wirkung auf gereizte Haut w\u00e4hrend und am Ende des T\u00e4towiervorgangs verleihen.<\/p>\n<p>** Ideal f\u00fcr das perfekte Tattoo-Finish vor der Fotografie. **<\/p>\n<p>GEBRAUCHSANWEISUNG:<\/p>\n<p>- Trage den durch 1-2 Pulsationen erzeugten Schaum auf die zuvor angefeuchtete Haut auf, und zwar w\u00e4hrend der \"Pausen\" im Tattoo und am Ende des Tattoos.<br \/>\n- Massiere sie sanft mit den Fingerspitzen.<br \/>\n- Lass das Produkt mindestens 2 Minuten einwirken.<br \/>\n- Mit Wasser kl\u00e4ren und mit Papiert\u00fcchern abtrocknen, ohne die Haut zu reiben.<\/p>\n<p>220ml Flasche. Mit Schaumdosierung.<\/p>","protected":false},"excerpt":{"rendered":"<p>Jabonosa solution (PEG-free, sulfates and preservatives) composed of tense-active agents of natural origin and bio-active agents from the flower of the Camomila (ecological culture), which give the foam a remarkable soothing and hygienizing effect on irritated skin during and at the end of the tattoo process. ** Ideal for the perfect tattoo finish before photography. [&hellip;]<\/p>","protected":false},"featured_media":7691,"template":"","meta":[],"product_brand":[],"product_cat":[141,151],"product_tag":[],"class_list":{"0":"post-7690","1":"product","2":"type-product","3":"status-publish","4":"has-post-thumbnail","6":"product_cat-skin-care","7":"product_cat-hygiene","9":"first","10":"instock","11":"taxable","12":"shipping-taxable","13":"purchasable","14":"product-type-simple"},"yoast_head":"<!-- This site is optimized with the Yoast SEO Premium plugin v23.6 (Yoast SEO v27.5) - https:\/\/yoast.com\/product\/yoast-seo-premium-wordpress\/ -->\n<title>RED OUT BIOACTIVE CALMING FOAM 220mL - 5 Elements Tattoo Stuff<\/title>\n<meta name=\"robots\" content=\"index, follow, max-snippet:-1, max-image-preview:large, max-video-preview:-1\" \/>\n<link rel=\"canonical\" href=\"https:\/\/5etattoostuff.com\/de\/producto\/red-out-bioactive-calming-foam-220ml\/\" \/>\n<meta property=\"og:locale\" content=\"de_DE\" \/>\n<meta property=\"og:type\" content=\"article\" \/>\n<meta property=\"og:title\" content=\"RED OUT BIOACTIVE CALMING FOAM 220mL\" \/>\n<meta property=\"og:description\" content=\"Jabonosa solution (PEG-free, sulfates and preservatives) composed of tense-active agents of natural origin and bio-active agents from the flower of the Camomila (ecological culture), which give the foam a remarkable soothing and hygienizing effect on irritated skin during and at the end of the tattoo process. ** Ideal for the perfect tattoo finish before photography. [&hellip;]\" \/>\n<meta property=\"og:url\" content=\"https:\/\/5etattoostuff.com\/de\/producto\/red-out-bioactive-calming-foam-220ml\/\" \/>\n<meta property=\"og:site_name\" content=\"5 Elements Tattoo Stuff\" \/>\n<meta property=\"article:modified_time\" content=\"2026-04-02T09:46:08+00:00\" \/>\n<meta property=\"og:image\" content=\"https:\/\/5etattoostuff.com\/wp-content\/uploads\/2025\/03\/FOAM.jpeg\" \/>\n\t<meta property=\"og:image:width\" content=\"780\" \/>\n\t<meta property=\"og:image:height\" content=\"780\" \/>\n\t<meta property=\"og:image:type\" content=\"image\/jpeg\" \/>\n<meta name=\"twitter:card\" content=\"summary_large_image\" \/>\n<meta name=\"twitter:label1\" content=\"Gesch\u00e4tzte Lesezeit\" \/>\n\t<meta name=\"twitter:data1\" content=\"1\u00a0Minute\" \/>\n<script type=\"application\/ld+json\" class=\"yoast-schema-graph\">{\"@context\":\"https:\\\/\\\/schema.org\",\"@graph\":[{\"@type\":\"WebPage\",\"@id\":\"https:\\\/\\\/5etattoostuff.com\\\/producto\\\/red-out-bioactive-calming-foam-220ml\\\/\",\"url\":\"https:\\\/\\\/5etattoostuff.com\\\/producto\\\/red-out-bioactive-calming-foam-220ml\\\/\",\"name\":\"RED OUT BIOACTIVE CALMING FOAM 220mL - 5 Elements Tattoo Stuff\",\"isPartOf\":{\"@id\":\"https:\\\/\\\/5etattoostuff.com\\\/#website\"},\"primaryImageOfPage\":{\"@id\":\"https:\\\/\\\/5etattoostuff.com\\\/producto\\\/red-out-bioactive-calming-foam-220ml\\\/#primaryimage\"},\"image\":{\"@id\":\"https:\\\/\\\/5etattoostuff.com\\\/producto\\\/red-out-bioactive-calming-foam-220ml\\\/#primaryimage\"},\"thumbnailUrl\":\"https:\\\/\\\/5etattoostuff.com\\\/wp-content\\\/uploads\\\/2025\\\/03\\\/FOAM.jpeg\",\"datePublished\":\"2025-03-18T16:23:16+00:00\",\"dateModified\":\"2026-04-02T09:46:08+00:00\",\"breadcrumb\":{\"@id\":\"https:\\\/\\\/5etattoostuff.com\\\/producto\\\/red-out-bioactive-calming-foam-220ml\\\/#breadcrumb\"},\"inLanguage\":\"de\",\"potentialAction\":[{\"@type\":\"ReadAction\",\"target\":[\"https:\\\/\\\/5etattoostuff.com\\\/producto\\\/red-out-bioactive-calming-foam-220ml\\\/\"]}]},{\"@type\":\"ImageObject\",\"inLanguage\":\"de\",\"@id\":\"https:\\\/\\\/5etattoostuff.com\\\/producto\\\/red-out-bioactive-calming-foam-220ml\\\/#primaryimage\",\"url\":\"https:\\\/\\\/5etattoostuff.com\\\/wp-content\\\/uploads\\\/2025\\\/03\\\/FOAM.jpeg\",\"contentUrl\":\"https:\\\/\\\/5etattoostuff.com\\\/wp-content\\\/uploads\\\/2025\\\/03\\\/FOAM.jpeg\",\"width\":780,\"height\":780},{\"@type\":\"BreadcrumbList\",\"@id\":\"https:\\\/\\\/5etattoostuff.com\\\/producto\\\/red-out-bioactive-calming-foam-220ml\\\/#breadcrumb\",\"itemListElement\":[{\"@type\":\"ListItem\",\"position\":1,\"name\":\"Portada\",\"item\":\"https:\\\/\\\/5etattoostuff.com\\\/\"},{\"@type\":\"ListItem\",\"position\":2,\"name\":\"Shop\",\"item\":\"https:\\\/\\\/5etattoostuff.com\\\/\"},{\"@type\":\"ListItem\",\"position\":3,\"name\":\"RED OUT BIOACTIVE CALMING FOAM 220mL\"}]},{\"@type\":\"WebSite\",\"@id\":\"https:\\\/\\\/5etattoostuff.com\\\/#website\",\"url\":\"https:\\\/\\\/5etattoostuff.com\\\/\",\"name\":\"5 Elements Tattoo Stuff\",\"description\":\"Premium tattoo needles\",\"publisher\":{\"@id\":\"https:\\\/\\\/5etattoostuff.com\\\/#organization\"},\"alternateName\":\"5E\",\"potentialAction\":[{\"@type\":\"SearchAction\",\"target\":{\"@type\":\"EntryPoint\",\"urlTemplate\":\"https:\\\/\\\/5etattoostuff.com\\\/?s={search_term_string}\"},\"query-input\":{\"@type\":\"PropertyValueSpecification\",\"valueRequired\":true,\"valueName\":\"search_term_string\"}}],\"inLanguage\":\"de\"},{\"@type\":\"Organization\",\"@id\":\"https:\\\/\\\/5etattoostuff.com\\\/#organization\",\"name\":\"5 Elements Tattoo Stuff\",\"url\":\"https:\\\/\\\/5etattoostuff.com\\\/\",\"logo\":{\"@type\":\"ImageObject\",\"inLanguage\":\"de\",\"@id\":\"https:\\\/\\\/5etattoostuff.com\\\/#\\\/schema\\\/logo\\\/image\\\/\",\"url\":\"https:\\\/\\\/5etattoostuff.com\\\/wp-content\\\/uploads\\\/2023\\\/03\\\/Logo-5e.png\",\"contentUrl\":\"https:\\\/\\\/5etattoostuff.com\\\/wp-content\\\/uploads\\\/2023\\\/03\\\/Logo-5e.png\",\"width\":661,\"height\":378,\"caption\":\"5 Elements Tattoo Stuff\"},\"image\":{\"@id\":\"https:\\\/\\\/5etattoostuff.com\\\/#\\\/schema\\\/logo\\\/image\\\/\"},\"sameAs\":[\"https:\\\/\\\/www.instagram.com\\\/5e.tattoostuff\\\/\"],\"email\":\"contact@5etattoostuff.com\",\"telephone\":\"+41 (0)76 681 06 68\"}]}<\/script>\n<!-- \/ Yoast SEO Premium plugin. -->","yoast_head_json":{"title":"RED OUT BIOACTIVE CALMING FOAM 220mL - 5 Elements Tattoo Stuff","robots":{"index":"index","follow":"follow","max-snippet":"max-snippet:-1","max-image-preview":"max-image-preview:large","max-video-preview":"max-video-preview:-1"},"canonical":"https:\/\/5etattoostuff.com\/de\/producto\/red-out-bioactive-calming-foam-220ml\/","og_locale":"de_DE","og_type":"article","og_title":"RED OUT BIOACTIVE CALMING FOAM 220mL","og_description":"Jabonosa solution (PEG-free, sulfates and preservatives) composed of tense-active agents of natural origin and bio-active agents from the flower of the Camomila (ecological culture), which give the foam a remarkable soothing and hygienizing effect on irritated skin during and at the end of the tattoo process. ** Ideal for the perfect tattoo finish before photography. [&hellip;]","og_url":"https:\/\/5etattoostuff.com\/de\/producto\/red-out-bioactive-calming-foam-220ml\/","og_site_name":"5 Elements Tattoo Stuff","article_modified_time":"2026-04-02T09:46:08+00:00","og_image":[{"width":780,"height":780,"url":"https:\/\/5etattoostuff.com\/wp-content\/uploads\/2025\/03\/FOAM.jpeg","type":"image\/jpeg"}],"twitter_card":"summary_large_image","twitter_misc":{"Gesch\u00e4tzte Lesezeit":"1\u00a0Minute"},"schema":{"@context":"https:\/\/schema.org","@graph":[{"@type":"WebPage","@id":"https:\/\/5etattoostuff.com\/producto\/red-out-bioactive-calming-foam-220ml\/","url":"https:\/\/5etattoostuff.com\/producto\/red-out-bioactive-calming-foam-220ml\/","name":"RED OUT BIOACTIVE CALMING FOAM 220mL - 5 Elements Tattoo Stuff","isPartOf":{"@id":"https:\/\/5etattoostuff.com\/#website"},"primaryImageOfPage":{"@id":"https:\/\/5etattoostuff.com\/producto\/red-out-bioactive-calming-foam-220ml\/#primaryimage"},"image":{"@id":"https:\/\/5etattoostuff.com\/producto\/red-out-bioactive-calming-foam-220ml\/#primaryimage"},"thumbnailUrl":"https:\/\/5etattoostuff.com\/wp-content\/uploads\/2025\/03\/FOAM.jpeg","datePublished":"2025-03-18T16:23:16+00:00","dateModified":"2026-04-02T09:46:08+00:00","breadcrumb":{"@id":"https:\/\/5etattoostuff.com\/producto\/red-out-bioactive-calming-foam-220ml\/#breadcrumb"},"inLanguage":"de","potentialAction":[{"@type":"ReadAction","target":["https:\/\/5etattoostuff.com\/producto\/red-out-bioactive-calming-foam-220ml\/"]}]},{"@type":"ImageObject","inLanguage":"de","@id":"https:\/\/5etattoostuff.com\/producto\/red-out-bioactive-calming-foam-220ml\/#primaryimage","url":"https:\/\/5etattoostuff.com\/wp-content\/uploads\/2025\/03\/FOAM.jpeg","contentUrl":"https:\/\/5etattoostuff.com\/wp-content\/uploads\/2025\/03\/FOAM.jpeg","width":780,"height":780},{"@type":"BreadcrumbList","@id":"https:\/\/5etattoostuff.com\/producto\/red-out-bioactive-calming-foam-220ml\/#breadcrumb","itemListElement":[{"@type":"ListItem","position":1,"name":"Portada","item":"https:\/\/5etattoostuff.com\/"},{"@type":"ListItem","position":2,"name":"Shop","item":"https:\/\/5etattoostuff.com\/"},{"@type":"ListItem","position":3,"name":"RED OUT BIOACTIVE CALMING FOAM 220mL"}]},{"@type":"WebSite","@id":"https:\/\/5etattoostuff.com\/#website","url":"https:\/\/5etattoostuff.com\/","name":"5 Elements Tattoo Stuff","description":"Premium tattoo needles","publisher":{"@id":"https:\/\/5etattoostuff.com\/#organization"},"alternateName":"5E","potentialAction":[{"@type":"SearchAction","target":{"@type":"EntryPoint","urlTemplate":"https:\/\/5etattoostuff.com\/?s={search_term_string}"},"query-input":{"@type":"PropertyValueSpecification","valueRequired":true,"valueName":"search_term_string"}}],"inLanguage":"de"},{"@type":"Organization","@id":"https:\/\/5etattoostuff.com\/#organization","name":"5 Elements Tattoo Stuff","url":"https:\/\/5etattoostuff.com\/","logo":{"@type":"ImageObject","inLanguage":"de","@id":"https:\/\/5etattoostuff.com\/#\/schema\/logo\/image\/","url":"https:\/\/5etattoostuff.com\/wp-content\/uploads\/2023\/03\/Logo-5e.png","contentUrl":"https:\/\/5etattoostuff.com\/wp-content\/uploads\/2023\/03\/Logo-5e.png","width":661,"height":378,"caption":"5 Elements Tattoo Stuff"},"image":{"@id":"https:\/\/5etattoostuff.com\/#\/schema\/logo\/image\/"},"sameAs":["https:\/\/www.instagram.com\/5e.tattoostuff\/"],"email":"contact@5etattoostuff.com","telephone":"+41 (0)76 681 06 68"}]}},"jetpack_sharing_enabled":true,"_links":{"self":[{"href":"https:\/\/5etattoostuff.com\/de\/wp-json\/wp\/v2\/product\/7690","targetHints":{"allow":["GET"]}}],"collection":[{"href":"https:\/\/5etattoostuff.com\/de\/wp-json\/wp\/v2\/product"}],"about":[{"href":"https:\/\/5etattoostuff.com\/de\/wp-json\/wp\/v2\/types\/product"}],"wp:featuredmedia":[{"embeddable":true,"href":"https:\/\/5etattoostuff.com\/de\/wp-json\/wp\/v2\/media\/7691"}],"wp:attachment":[{"href":"https:\/\/5etattoostuff.com\/de\/wp-json\/wp\/v2\/media?parent=7690"}],"wp:term":[{"taxonomy":"product_brand","embeddable":true,"href":"https:\/\/5etattoostuff.com\/de\/wp-json\/wp\/v2\/product_brand?post=7690"},{"taxonomy":"product_cat","embeddable":true,"href":"https:\/\/5etattoostuff.com\/de\/wp-json\/wp\/v2\/product_cat?post=7690"},{"taxonomy":"product_tag","embeddable":true,"href":"https:\/\/5etattoostuff.com\/de\/wp-json\/wp\/v2\/product_tag?post=7690"}],"curies":[{"name":"wp","href":"https:\/\/api.w.org\/{rel}","templated":true}]}}