{"id":7697,"date":"2025-03-20T09:11:00","date_gmt":"2025-03-20T08:11:00","guid":{"rendered":"https:\/\/5etattoostuff.com\/?post_type=product&#038;p=7697"},"modified":"2025-03-20T11:44:06","modified_gmt":"2025-03-20T10:44:06","slug":"piercing-spray","status":"publish","type":"product","link":"https:\/\/5etattoostuff.com\/de\/producto\/piercing-spray\/","title":{"rendered":"Piercing Spray"},"content":{"rendered":"<ul>\n<li>frei von Konservierungsstoffen<\/li>\n<li>ultra-hygienisch &amp; steril dank innovativem Spendersystem<\/li>\n<li>exakte Anwendung aus allen Blickwinkeln<\/li>\n<li>genaue Dosierung m\u00f6glich<\/li>\n<li>geeignet f\u00fcr alle K\u00f6rperbereiche, einschlie\u00dflich Mund und Genitalien<\/li>\n<li>mit Dexpanthenol (B5) und hochreiner steriler Kochsalzl\u00f6sung in pharmazeutischer Qualit\u00e4t<\/li>\n<li>maximale Hygiene und Vertr\u00e4glichkeit - minimale Inhaltsstoffe<\/li>\n<li>dermatologisch getestet - Made in Germany<\/li>\n<\/ul>","protected":false},"excerpt":{"rendered":"<p>free from preservatives ultra-hygienical &amp; sterile thanks to innovative dispenser system exact application from all angles precise dosage possible suitable for all body areas, including oral and genital with dexpanthenol (B5) and highly pure sterile saline solution in pharmaceutical quality maximal hygiene and tolerance &#8211; minimal ingredients dermatologically tested &#8211; Made in Germany<\/p>","protected":false},"featured_media":7699,"template":"","meta":[],"product_brand":[],"product_cat":[141,155],"product_tag":[],"class_list":{"0":"post-7697","1":"product","2":"type-product","3":"status-publish","4":"has-post-thumbnail","6":"product_cat-skin-care","7":"product_cat-piercing","9":"first","10":"instock","11":"taxable","12":"shipping-taxable","13":"purchasable","14":"product-type-simple"},"yoast_head":"<!-- This site is optimized with the Yoast SEO Premium plugin v23.6 (Yoast SEO v27.5) - https:\/\/yoast.com\/product\/yoast-seo-premium-wordpress\/ -->\n<title>Piercing Spray - 5 Elements Tattoo Stuff<\/title>\n<meta name=\"robots\" content=\"index, follow, max-snippet:-1, max-image-preview:large, max-video-preview:-1\" \/>\n<link rel=\"canonical\" href=\"https:\/\/5etattoostuff.com\/de\/producto\/piercing-spray\/\" \/>\n<meta property=\"og:locale\" content=\"de_DE\" \/>\n<meta property=\"og:type\" content=\"article\" \/>\n<meta property=\"og:title\" content=\"Piercing Spray\" \/>\n<meta property=\"og:description\" content=\"free from preservatives ultra-hygienical &amp; sterile thanks to innovative dispenser system exact application from all angles precise dosage possible suitable for all body areas, including oral and genital with dexpanthenol (B5) and highly pure sterile saline solution in pharmaceutical quality maximal hygiene and tolerance &#8211; minimal ingredients dermatologically tested &#8211; Made in Germany\" \/>\n<meta property=\"og:url\" content=\"https:\/\/5etattoostuff.com\/de\/producto\/piercing-spray\/\" \/>\n<meta property=\"og:site_name\" content=\"5 Elements Tattoo Stuff\" \/>\n<meta property=\"article:modified_time\" content=\"2025-03-20T10:44:06+00:00\" \/>\n<meta property=\"og:image\" content=\"https:\/\/5etattoostuff.com\/wp-content\/uploads\/2025\/03\/cleany-skin.webp\" \/>\n\t<meta property=\"og:image:width\" content=\"900\" \/>\n\t<meta property=\"og:image:height\" content=\"900\" \/>\n\t<meta property=\"og:image:type\" content=\"image\/webp\" \/>\n<meta name=\"twitter:card\" content=\"summary_large_image\" \/>\n<meta name=\"twitter:label1\" content=\"Gesch\u00e4tzte Lesezeit\" \/>\n\t<meta name=\"twitter:data1\" content=\"1\u00a0Minute\" \/>\n<script type=\"application\/ld+json\" class=\"yoast-schema-graph\">{\"@context\":\"https:\\\/\\\/schema.org\",\"@graph\":[{\"@type\":\"WebPage\",\"@id\":\"https:\\\/\\\/5etattoostuff.com\\\/producto\\\/piercing-spray\\\/\",\"url\":\"https:\\\/\\\/5etattoostuff.com\\\/producto\\\/piercing-spray\\\/\",\"name\":\"Piercing Spray - 5 Elements Tattoo Stuff\",\"isPartOf\":{\"@id\":\"https:\\\/\\\/5etattoostuff.com\\\/#website\"},\"primaryImageOfPage\":{\"@id\":\"https:\\\/\\\/5etattoostuff.com\\\/producto\\\/piercing-spray\\\/#primaryimage\"},\"image\":{\"@id\":\"https:\\\/\\\/5etattoostuff.com\\\/producto\\\/piercing-spray\\\/#primaryimage\"},\"thumbnailUrl\":\"https:\\\/\\\/5etattoostuff.com\\\/wp-content\\\/uploads\\\/2025\\\/03\\\/cleany-skin.webp\",\"datePublished\":\"2025-03-20T08:11:00+00:00\",\"dateModified\":\"2025-03-20T10:44:06+00:00\",\"breadcrumb\":{\"@id\":\"https:\\\/\\\/5etattoostuff.com\\\/producto\\\/piercing-spray\\\/#breadcrumb\"},\"inLanguage\":\"de\",\"potentialAction\":[{\"@type\":\"ReadAction\",\"target\":[\"https:\\\/\\\/5etattoostuff.com\\\/producto\\\/piercing-spray\\\/\"]}]},{\"@type\":\"ImageObject\",\"inLanguage\":\"de\",\"@id\":\"https:\\\/\\\/5etattoostuff.com\\\/producto\\\/piercing-spray\\\/#primaryimage\",\"url\":\"https:\\\/\\\/5etattoostuff.com\\\/wp-content\\\/uploads\\\/2025\\\/03\\\/cleany-skin.webp\",\"contentUrl\":\"https:\\\/\\\/5etattoostuff.com\\\/wp-content\\\/uploads\\\/2025\\\/03\\\/cleany-skin.webp\",\"width\":900,\"height\":900},{\"@type\":\"BreadcrumbList\",\"@id\":\"https:\\\/\\\/5etattoostuff.com\\\/producto\\\/piercing-spray\\\/#breadcrumb\",\"itemListElement\":[{\"@type\":\"ListItem\",\"position\":1,\"name\":\"Portada\",\"item\":\"https:\\\/\\\/5etattoostuff.com\\\/\"},{\"@type\":\"ListItem\",\"position\":2,\"name\":\"Shop\",\"item\":\"https:\\\/\\\/5etattoostuff.com\\\/\"},{\"@type\":\"ListItem\",\"position\":3,\"name\":\"Piercing Spray\"}]},{\"@type\":\"WebSite\",\"@id\":\"https:\\\/\\\/5etattoostuff.com\\\/#website\",\"url\":\"https:\\\/\\\/5etattoostuff.com\\\/\",\"name\":\"5 Elements Tattoo Stuff\",\"description\":\"Premium tattoo needles\",\"publisher\":{\"@id\":\"https:\\\/\\\/5etattoostuff.com\\\/#organization\"},\"alternateName\":\"5E\",\"potentialAction\":[{\"@type\":\"SearchAction\",\"target\":{\"@type\":\"EntryPoint\",\"urlTemplate\":\"https:\\\/\\\/5etattoostuff.com\\\/?s={search_term_string}\"},\"query-input\":{\"@type\":\"PropertyValueSpecification\",\"valueRequired\":true,\"valueName\":\"search_term_string\"}}],\"inLanguage\":\"de\"},{\"@type\":\"Organization\",\"@id\":\"https:\\\/\\\/5etattoostuff.com\\\/#organization\",\"name\":\"5 Elements Tattoo Stuff\",\"url\":\"https:\\\/\\\/5etattoostuff.com\\\/\",\"logo\":{\"@type\":\"ImageObject\",\"inLanguage\":\"de\",\"@id\":\"https:\\\/\\\/5etattoostuff.com\\\/#\\\/schema\\\/logo\\\/image\\\/\",\"url\":\"https:\\\/\\\/5etattoostuff.com\\\/wp-content\\\/uploads\\\/2023\\\/03\\\/Logo-5e.png\",\"contentUrl\":\"https:\\\/\\\/5etattoostuff.com\\\/wp-content\\\/uploads\\\/2023\\\/03\\\/Logo-5e.png\",\"width\":661,\"height\":378,\"caption\":\"5 Elements Tattoo Stuff\"},\"image\":{\"@id\":\"https:\\\/\\\/5etattoostuff.com\\\/#\\\/schema\\\/logo\\\/image\\\/\"},\"sameAs\":[\"https:\\\/\\\/www.instagram.com\\\/5e.tattoostuff\\\/\"],\"email\":\"contact@5etattoostuff.com\",\"telephone\":\"+41 (0)76 681 06 68\"}]}<\/script>\n<!-- \/ Yoast SEO Premium plugin. -->","yoast_head_json":{"title":"Piercing Spray - 5 Elements Tattoo Stuff","robots":{"index":"index","follow":"follow","max-snippet":"max-snippet:-1","max-image-preview":"max-image-preview:large","max-video-preview":"max-video-preview:-1"},"canonical":"https:\/\/5etattoostuff.com\/de\/producto\/piercing-spray\/","og_locale":"de_DE","og_type":"article","og_title":"Piercing Spray","og_description":"free from preservatives ultra-hygienical &amp; sterile thanks to innovative dispenser system exact application from all angles precise dosage possible suitable for all body areas, including oral and genital with dexpanthenol (B5) and highly pure sterile saline solution in pharmaceutical quality maximal hygiene and tolerance &#8211; minimal ingredients dermatologically tested &#8211; Made in Germany","og_url":"https:\/\/5etattoostuff.com\/de\/producto\/piercing-spray\/","og_site_name":"5 Elements Tattoo Stuff","article_modified_time":"2025-03-20T10:44:06+00:00","og_image":[{"width":900,"height":900,"url":"https:\/\/5etattoostuff.com\/wp-content\/uploads\/2025\/03\/cleany-skin.webp","type":"image\/webp"}],"twitter_card":"summary_large_image","twitter_misc":{"Gesch\u00e4tzte Lesezeit":"1\u00a0Minute"},"schema":{"@context":"https:\/\/schema.org","@graph":[{"@type":"WebPage","@id":"https:\/\/5etattoostuff.com\/producto\/piercing-spray\/","url":"https:\/\/5etattoostuff.com\/producto\/piercing-spray\/","name":"Piercing Spray - 5 Elements Tattoo Stuff","isPartOf":{"@id":"https:\/\/5etattoostuff.com\/#website"},"primaryImageOfPage":{"@id":"https:\/\/5etattoostuff.com\/producto\/piercing-spray\/#primaryimage"},"image":{"@id":"https:\/\/5etattoostuff.com\/producto\/piercing-spray\/#primaryimage"},"thumbnailUrl":"https:\/\/5etattoostuff.com\/wp-content\/uploads\/2025\/03\/cleany-skin.webp","datePublished":"2025-03-20T08:11:00+00:00","dateModified":"2025-03-20T10:44:06+00:00","breadcrumb":{"@id":"https:\/\/5etattoostuff.com\/producto\/piercing-spray\/#breadcrumb"},"inLanguage":"de","potentialAction":[{"@type":"ReadAction","target":["https:\/\/5etattoostuff.com\/producto\/piercing-spray\/"]}]},{"@type":"ImageObject","inLanguage":"de","@id":"https:\/\/5etattoostuff.com\/producto\/piercing-spray\/#primaryimage","url":"https:\/\/5etattoostuff.com\/wp-content\/uploads\/2025\/03\/cleany-skin.webp","contentUrl":"https:\/\/5etattoostuff.com\/wp-content\/uploads\/2025\/03\/cleany-skin.webp","width":900,"height":900},{"@type":"BreadcrumbList","@id":"https:\/\/5etattoostuff.com\/producto\/piercing-spray\/#breadcrumb","itemListElement":[{"@type":"ListItem","position":1,"name":"Portada","item":"https:\/\/5etattoostuff.com\/"},{"@type":"ListItem","position":2,"name":"Shop","item":"https:\/\/5etattoostuff.com\/"},{"@type":"ListItem","position":3,"name":"Piercing Spray"}]},{"@type":"WebSite","@id":"https:\/\/5etattoostuff.com\/#website","url":"https:\/\/5etattoostuff.com\/","name":"5 Elements Tattoo Stuff","description":"Premium tattoo needles","publisher":{"@id":"https:\/\/5etattoostuff.com\/#organization"},"alternateName":"5E","potentialAction":[{"@type":"SearchAction","target":{"@type":"EntryPoint","urlTemplate":"https:\/\/5etattoostuff.com\/?s={search_term_string}"},"query-input":{"@type":"PropertyValueSpecification","valueRequired":true,"valueName":"search_term_string"}}],"inLanguage":"de"},{"@type":"Organization","@id":"https:\/\/5etattoostuff.com\/#organization","name":"5 Elements Tattoo Stuff","url":"https:\/\/5etattoostuff.com\/","logo":{"@type":"ImageObject","inLanguage":"de","@id":"https:\/\/5etattoostuff.com\/#\/schema\/logo\/image\/","url":"https:\/\/5etattoostuff.com\/wp-content\/uploads\/2023\/03\/Logo-5e.png","contentUrl":"https:\/\/5etattoostuff.com\/wp-content\/uploads\/2023\/03\/Logo-5e.png","width":661,"height":378,"caption":"5 Elements Tattoo Stuff"},"image":{"@id":"https:\/\/5etattoostuff.com\/#\/schema\/logo\/image\/"},"sameAs":["https:\/\/www.instagram.com\/5e.tattoostuff\/"],"email":"contact@5etattoostuff.com","telephone":"+41 (0)76 681 06 68"}]}},"jetpack_sharing_enabled":true,"_links":{"self":[{"href":"https:\/\/5etattoostuff.com\/de\/wp-json\/wp\/v2\/product\/7697","targetHints":{"allow":["GET"]}}],"collection":[{"href":"https:\/\/5etattoostuff.com\/de\/wp-json\/wp\/v2\/product"}],"about":[{"href":"https:\/\/5etattoostuff.com\/de\/wp-json\/wp\/v2\/types\/product"}],"wp:featuredmedia":[{"embeddable":true,"href":"https:\/\/5etattoostuff.com\/de\/wp-json\/wp\/v2\/media\/7699"}],"wp:attachment":[{"href":"https:\/\/5etattoostuff.com\/de\/wp-json\/wp\/v2\/media?parent=7697"}],"wp:term":[{"taxonomy":"product_brand","embeddable":true,"href":"https:\/\/5etattoostuff.com\/de\/wp-json\/wp\/v2\/product_brand?post=7697"},{"taxonomy":"product_cat","embeddable":true,"href":"https:\/\/5etattoostuff.com\/de\/wp-json\/wp\/v2\/product_cat?post=7697"},{"taxonomy":"product_tag","embeddable":true,"href":"https:\/\/5etattoostuff.com\/de\/wp-json\/wp\/v2\/product_tag?post=7697"}],"curies":[{"name":"wp","href":"https:\/\/api.w.org\/{rel}","templated":true}]}}