{"id":7763,"date":"2025-04-05T16:01:03","date_gmt":"2025-04-05T14:01:03","guid":{"rendered":"https:\/\/5etattoostuff.com\/?post_type=product&#038;p=7763"},"modified":"2025-05-07T13:36:14","modified_gmt":"2025-05-07T11:36:14","slug":"sannabis-tattoo-pflegecreme-50ml","status":"publish","type":"product","link":"https:\/\/5etattoostuff.com\/de\/producto\/sannabis-tattoo-pflegecreme-50ml\/","title":{"rendered":"Sannabis - Tattoo Pflegecreme 50ml"},"content":{"rendered":"<p>Sannabis Tattoo Care Cream ist die ideale Behandlung f\u00fcr frische Hautkunst oder \u00e4ltere, verblasste Tattoos, denen du neues Leben einhauchen m\u00f6chtest.<\/p>\n<p>Wir bieten das Allround-Produkt: Reichhaltig und mit nat\u00fcrlichen Zutaten hergestellt.<br \/>\nUnsere leichte, schnell einziehende Creme hinterl\u00e4sst keine Flecken auf der Kleidung und bietet gleichzeitig eine umfassende Pflege nach dem T\u00e4towieren. Sannabis Tattoo Care Cream versorgt die Haut mit intensiver Feuchtigkeit und sch\u00fctzt vor sch\u00e4dlichen UV-Strahlen. Sie verst\u00e4rkt die Ausstrahlung neuer und alter Tattoos, und ihre stimulierenden Eigenschaften bringen das Kunstwerk immer wieder zur Geltung.<\/p>\n<p>Jeder einzelne Inhaltsstoff tr\u00e4gt zur Wirksamkeit der Sannabis Tattoo Care Cream bei:<br \/>\nHanf\u00f6l wirkt schmerzlindernd und entz\u00fcndungshemmend und macht die Haut zusammen mit Sojabohnen\u00f6l geschmeidig und verhindert ein Spannungsgef\u00fchl. Sheabutter spendet Feuchtigkeit, w\u00e4hrend Aloe Vera, Panthenol und Vitamin E die Heilung unterst\u00fctzen und die Hautregeneration f\u00f6rdern.<br \/>\nAnwendung: Trage die Creme nur auf das bereits trockene Tattoo auf, d.h. nach 2-3 Tagen. Trage eine d\u00fcnne Schicht auf die gereinigte und getrocknete Haut auf. Die Creme ist ideal f\u00fcr die t\u00e4gliche Anwendung; eine Packung h\u00e4lt bis zu 2 Monate, je nach Gr\u00f6\u00dfe des Tattoos.<\/p>\n<p>Lagere sie unter 25\u00b0C, um die Qualit\u00e4t zu sichern.<\/p>\n<p>Dieses Produkt ist nur zur \u00e4u\u00dferlichen Anwendung auf der Haut bestimmt.<\/p>\n<p>Sannabis Tattoo Care Cream - die richtige Pflege, um dein Kunstwerk zu verw\u00f6hnen und es wieder zum Strahlen zu bringen!<\/p>","protected":false},"excerpt":{"rendered":"<p>Sannabis Tattoo Care Cream is the ideal treatment for fresh skin art or older, faded tattoos that you want to give a new lease of life. We offer the all-round product: Rich and made with natural ingredients. Our light, quickly absorbed cream won&#8217;t stain clothing while providing comprehensive post-tattoo care. Sannabis Tattoo Care Cream provides [&hellip;]<\/p>","protected":false},"featured_media":7764,"template":"","meta":[],"product_brand":[],"product_cat":[141,154],"product_tag":[],"class_list":{"0":"post-7763","1":"product","2":"type-product","3":"status-publish","4":"has-post-thumbnail","6":"product_cat-skin-care","7":"product_cat-after-care","9":"first","10":"instock","11":"taxable","12":"shipping-taxable","13":"purchasable","14":"product-type-simple"},"yoast_head":"<!-- This site is optimized with the Yoast SEO Premium plugin v23.6 (Yoast SEO v27.5) - https:\/\/yoast.com\/product\/yoast-seo-premium-wordpress\/ -->\n<title>Sannabis - Tattoo Pflegecreme 50ml - 5 Elements Tattoo Stuff<\/title>\n<meta name=\"robots\" content=\"index, follow, max-snippet:-1, max-image-preview:large, max-video-preview:-1\" \/>\n<link rel=\"canonical\" href=\"https:\/\/5etattoostuff.com\/de\/producto\/sannabis-tattoo-pflegecreme-50ml\/\" \/>\n<meta property=\"og:locale\" content=\"de_DE\" \/>\n<meta property=\"og:type\" content=\"article\" \/>\n<meta property=\"og:title\" content=\"Sannabis - Tattoo Pflegecreme 50ml\" \/>\n<meta property=\"og:description\" content=\"Sannabis Tattoo Care Cream is the ideal treatment for fresh skin art or older, faded tattoos that you want to give a new lease of life. We offer the all-round product: Rich and made with natural ingredients. Our light, quickly absorbed cream won&#8217;t stain clothing while providing comprehensive post-tattoo care. Sannabis Tattoo Care Cream provides [&hellip;]\" \/>\n<meta property=\"og:url\" content=\"https:\/\/5etattoostuff.com\/de\/producto\/sannabis-tattoo-pflegecreme-50ml\/\" \/>\n<meta property=\"og:site_name\" content=\"5 Elements Tattoo Stuff\" \/>\n<meta property=\"article:modified_time\" content=\"2025-05-07T11:36:14+00:00\" \/>\n<meta property=\"og:image\" content=\"https:\/\/5etattoostuff.com\/wp-content\/uploads\/2025\/04\/Sanabis-Tattoo-Aftercare-Cream.jpg\" \/>\n\t<meta property=\"og:image:width\" content=\"1800\" \/>\n\t<meta property=\"og:image:height\" content=\"2400\" \/>\n\t<meta property=\"og:image:type\" content=\"image\/jpeg\" \/>\n<meta name=\"twitter:card\" content=\"summary_large_image\" \/>\n<meta name=\"twitter:label1\" content=\"Gesch\u00e4tzte Lesezeit\" \/>\n\t<meta name=\"twitter:data1\" content=\"2\u00a0Minuten\" \/>\n<script type=\"application\/ld+json\" class=\"yoast-schema-graph\">{\"@context\":\"https:\\\/\\\/schema.org\",\"@graph\":[{\"@type\":\"WebPage\",\"@id\":\"https:\\\/\\\/5etattoostuff.com\\\/producto\\\/sannabis-tattoo-pflegecreme-50ml\\\/\",\"url\":\"https:\\\/\\\/5etattoostuff.com\\\/producto\\\/sannabis-tattoo-pflegecreme-50ml\\\/\",\"name\":\"Sannabis - Tattoo Pflegecreme 50ml - 5 Elements Tattoo Stuff\",\"isPartOf\":{\"@id\":\"https:\\\/\\\/5etattoostuff.com\\\/#website\"},\"primaryImageOfPage\":{\"@id\":\"https:\\\/\\\/5etattoostuff.com\\\/producto\\\/sannabis-tattoo-pflegecreme-50ml\\\/#primaryimage\"},\"image\":{\"@id\":\"https:\\\/\\\/5etattoostuff.com\\\/producto\\\/sannabis-tattoo-pflegecreme-50ml\\\/#primaryimage\"},\"thumbnailUrl\":\"https:\\\/\\\/5etattoostuff.com\\\/wp-content\\\/uploads\\\/2025\\\/04\\\/Sanabis-Tattoo-Aftercare-Cream.jpg\",\"datePublished\":\"2025-04-05T14:01:03+00:00\",\"dateModified\":\"2025-05-07T11:36:14+00:00\",\"breadcrumb\":{\"@id\":\"https:\\\/\\\/5etattoostuff.com\\\/producto\\\/sannabis-tattoo-pflegecreme-50ml\\\/#breadcrumb\"},\"inLanguage\":\"de\",\"potentialAction\":[{\"@type\":\"ReadAction\",\"target\":[\"https:\\\/\\\/5etattoostuff.com\\\/producto\\\/sannabis-tattoo-pflegecreme-50ml\\\/\"]}]},{\"@type\":\"ImageObject\",\"inLanguage\":\"de\",\"@id\":\"https:\\\/\\\/5etattoostuff.com\\\/producto\\\/sannabis-tattoo-pflegecreme-50ml\\\/#primaryimage\",\"url\":\"https:\\\/\\\/5etattoostuff.com\\\/wp-content\\\/uploads\\\/2025\\\/04\\\/Sanabis-Tattoo-Aftercare-Cream.jpg\",\"contentUrl\":\"https:\\\/\\\/5etattoostuff.com\\\/wp-content\\\/uploads\\\/2025\\\/04\\\/Sanabis-Tattoo-Aftercare-Cream.jpg\",\"width\":1800,\"height\":2400},{\"@type\":\"BreadcrumbList\",\"@id\":\"https:\\\/\\\/5etattoostuff.com\\\/producto\\\/sannabis-tattoo-pflegecreme-50ml\\\/#breadcrumb\",\"itemListElement\":[{\"@type\":\"ListItem\",\"position\":1,\"name\":\"Portada\",\"item\":\"https:\\\/\\\/5etattoostuff.com\\\/\"},{\"@type\":\"ListItem\",\"position\":2,\"name\":\"Shop\",\"item\":\"https:\\\/\\\/5etattoostuff.com\\\/\"},{\"@type\":\"ListItem\",\"position\":3,\"name\":\"Sannabis &#8211; Tattoo Pflegecreme 50ml\"}]},{\"@type\":\"WebSite\",\"@id\":\"https:\\\/\\\/5etattoostuff.com\\\/#website\",\"url\":\"https:\\\/\\\/5etattoostuff.com\\\/\",\"name\":\"5 Elements Tattoo Stuff\",\"description\":\"Premium tattoo needles\",\"publisher\":{\"@id\":\"https:\\\/\\\/5etattoostuff.com\\\/#organization\"},\"alternateName\":\"5E\",\"potentialAction\":[{\"@type\":\"SearchAction\",\"target\":{\"@type\":\"EntryPoint\",\"urlTemplate\":\"https:\\\/\\\/5etattoostuff.com\\\/?s={search_term_string}\"},\"query-input\":{\"@type\":\"PropertyValueSpecification\",\"valueRequired\":true,\"valueName\":\"search_term_string\"}}],\"inLanguage\":\"de\"},{\"@type\":\"Organization\",\"@id\":\"https:\\\/\\\/5etattoostuff.com\\\/#organization\",\"name\":\"5 Elements Tattoo Stuff\",\"url\":\"https:\\\/\\\/5etattoostuff.com\\\/\",\"logo\":{\"@type\":\"ImageObject\",\"inLanguage\":\"de\",\"@id\":\"https:\\\/\\\/5etattoostuff.com\\\/#\\\/schema\\\/logo\\\/image\\\/\",\"url\":\"https:\\\/\\\/5etattoostuff.com\\\/wp-content\\\/uploads\\\/2023\\\/03\\\/Logo-5e.png\",\"contentUrl\":\"https:\\\/\\\/5etattoostuff.com\\\/wp-content\\\/uploads\\\/2023\\\/03\\\/Logo-5e.png\",\"width\":661,\"height\":378,\"caption\":\"5 Elements Tattoo Stuff\"},\"image\":{\"@id\":\"https:\\\/\\\/5etattoostuff.com\\\/#\\\/schema\\\/logo\\\/image\\\/\"},\"sameAs\":[\"https:\\\/\\\/www.instagram.com\\\/5e.tattoostuff\\\/\"],\"email\":\"contact@5etattoostuff.com\",\"telephone\":\"+41 (0)76 681 06 68\"}]}<\/script>\n<!-- \/ Yoast SEO Premium plugin. -->","yoast_head_json":{"title":"Sannabis - Tattoo Pflegecreme 50ml - 5 Elements Tattoo Stuff","robots":{"index":"index","follow":"follow","max-snippet":"max-snippet:-1","max-image-preview":"max-image-preview:large","max-video-preview":"max-video-preview:-1"},"canonical":"https:\/\/5etattoostuff.com\/de\/producto\/sannabis-tattoo-pflegecreme-50ml\/","og_locale":"de_DE","og_type":"article","og_title":"Sannabis - Tattoo Pflegecreme 50ml","og_description":"Sannabis Tattoo Care Cream is the ideal treatment for fresh skin art or older, faded tattoos that you want to give a new lease of life. We offer the all-round product: Rich and made with natural ingredients. Our light, quickly absorbed cream won&#8217;t stain clothing while providing comprehensive post-tattoo care. Sannabis Tattoo Care Cream provides [&hellip;]","og_url":"https:\/\/5etattoostuff.com\/de\/producto\/sannabis-tattoo-pflegecreme-50ml\/","og_site_name":"5 Elements Tattoo Stuff","article_modified_time":"2025-05-07T11:36:14+00:00","og_image":[{"width":1800,"height":2400,"url":"https:\/\/5etattoostuff.com\/wp-content\/uploads\/2025\/04\/Sanabis-Tattoo-Aftercare-Cream.jpg","type":"image\/jpeg"}],"twitter_card":"summary_large_image","twitter_misc":{"Gesch\u00e4tzte Lesezeit":"2\u00a0Minuten"},"schema":{"@context":"https:\/\/schema.org","@graph":[{"@type":"WebPage","@id":"https:\/\/5etattoostuff.com\/producto\/sannabis-tattoo-pflegecreme-50ml\/","url":"https:\/\/5etattoostuff.com\/producto\/sannabis-tattoo-pflegecreme-50ml\/","name":"Sannabis - Tattoo Pflegecreme 50ml - 5 Elements Tattoo Stuff","isPartOf":{"@id":"https:\/\/5etattoostuff.com\/#website"},"primaryImageOfPage":{"@id":"https:\/\/5etattoostuff.com\/producto\/sannabis-tattoo-pflegecreme-50ml\/#primaryimage"},"image":{"@id":"https:\/\/5etattoostuff.com\/producto\/sannabis-tattoo-pflegecreme-50ml\/#primaryimage"},"thumbnailUrl":"https:\/\/5etattoostuff.com\/wp-content\/uploads\/2025\/04\/Sanabis-Tattoo-Aftercare-Cream.jpg","datePublished":"2025-04-05T14:01:03+00:00","dateModified":"2025-05-07T11:36:14+00:00","breadcrumb":{"@id":"https:\/\/5etattoostuff.com\/producto\/sannabis-tattoo-pflegecreme-50ml\/#breadcrumb"},"inLanguage":"de","potentialAction":[{"@type":"ReadAction","target":["https:\/\/5etattoostuff.com\/producto\/sannabis-tattoo-pflegecreme-50ml\/"]}]},{"@type":"ImageObject","inLanguage":"de","@id":"https:\/\/5etattoostuff.com\/producto\/sannabis-tattoo-pflegecreme-50ml\/#primaryimage","url":"https:\/\/5etattoostuff.com\/wp-content\/uploads\/2025\/04\/Sanabis-Tattoo-Aftercare-Cream.jpg","contentUrl":"https:\/\/5etattoostuff.com\/wp-content\/uploads\/2025\/04\/Sanabis-Tattoo-Aftercare-Cream.jpg","width":1800,"height":2400},{"@type":"BreadcrumbList","@id":"https:\/\/5etattoostuff.com\/producto\/sannabis-tattoo-pflegecreme-50ml\/#breadcrumb","itemListElement":[{"@type":"ListItem","position":1,"name":"Portada","item":"https:\/\/5etattoostuff.com\/"},{"@type":"ListItem","position":2,"name":"Shop","item":"https:\/\/5etattoostuff.com\/"},{"@type":"ListItem","position":3,"name":"Sannabis &#8211; Tattoo Pflegecreme 50ml"}]},{"@type":"WebSite","@id":"https:\/\/5etattoostuff.com\/#website","url":"https:\/\/5etattoostuff.com\/","name":"5 Elements Tattoo Stuff","description":"Premium tattoo needles","publisher":{"@id":"https:\/\/5etattoostuff.com\/#organization"},"alternateName":"5E","potentialAction":[{"@type":"SearchAction","target":{"@type":"EntryPoint","urlTemplate":"https:\/\/5etattoostuff.com\/?s={search_term_string}"},"query-input":{"@type":"PropertyValueSpecification","valueRequired":true,"valueName":"search_term_string"}}],"inLanguage":"de"},{"@type":"Organization","@id":"https:\/\/5etattoostuff.com\/#organization","name":"5 Elements Tattoo Stuff","url":"https:\/\/5etattoostuff.com\/","logo":{"@type":"ImageObject","inLanguage":"de","@id":"https:\/\/5etattoostuff.com\/#\/schema\/logo\/image\/","url":"https:\/\/5etattoostuff.com\/wp-content\/uploads\/2023\/03\/Logo-5e.png","contentUrl":"https:\/\/5etattoostuff.com\/wp-content\/uploads\/2023\/03\/Logo-5e.png","width":661,"height":378,"caption":"5 Elements Tattoo Stuff"},"image":{"@id":"https:\/\/5etattoostuff.com\/#\/schema\/logo\/image\/"},"sameAs":["https:\/\/www.instagram.com\/5e.tattoostuff\/"],"email":"contact@5etattoostuff.com","telephone":"+41 (0)76 681 06 68"}]}},"jetpack_sharing_enabled":true,"_links":{"self":[{"href":"https:\/\/5etattoostuff.com\/de\/wp-json\/wp\/v2\/product\/7763","targetHints":{"allow":["GET"]}}],"collection":[{"href":"https:\/\/5etattoostuff.com\/de\/wp-json\/wp\/v2\/product"}],"about":[{"href":"https:\/\/5etattoostuff.com\/de\/wp-json\/wp\/v2\/types\/product"}],"wp:featuredmedia":[{"embeddable":true,"href":"https:\/\/5etattoostuff.com\/de\/wp-json\/wp\/v2\/media\/7764"}],"wp:attachment":[{"href":"https:\/\/5etattoostuff.com\/de\/wp-json\/wp\/v2\/media?parent=7763"}],"wp:term":[{"taxonomy":"product_brand","embeddable":true,"href":"https:\/\/5etattoostuff.com\/de\/wp-json\/wp\/v2\/product_brand?post=7763"},{"taxonomy":"product_cat","embeddable":true,"href":"https:\/\/5etattoostuff.com\/de\/wp-json\/wp\/v2\/product_cat?post=7763"},{"taxonomy":"product_tag","embeddable":true,"href":"https:\/\/5etattoostuff.com\/de\/wp-json\/wp\/v2\/product_tag?post=7763"}],"curies":[{"name":"wp","href":"https:\/\/api.w.org\/{rel}","templated":true}]}}