{"id":7774,"date":"2025-04-10T11:21:19","date_gmt":"2025-04-10T09:21:19","guid":{"rendered":"https:\/\/5etattoostuff.com\/?post_type=product&#038;p=7774"},"modified":"2025-08-23T17:47:05","modified_gmt":"2025-08-23T15:47:05","slug":"enveloped-aloe-tattoo-adhesive-protector-film","status":"publish","type":"product","link":"https:\/\/5etattoostuff.com\/de\/producto\/umhullte-aloe-tattoo-klebeschutzfolie\/","title":{"rendered":"UMH\u00dcLLTE ALOE TATTOO KLEBESCHUTZFOLIE"},"content":{"rendered":"<p>Aloe Tattoo Protector Film wirkt sofort nach dem T\u00e4towieren. Er sch\u00fctzt die Wunde vor Keimen und Bakterien, verhindert das Reiben an der Kleidung und kontrolliert die Fl\u00fcssigkeiten, die w\u00e4hrend des Heilungsprozesses entstehen. Die Folie besteht aus einem sehr d\u00fcnnen Film, der wasserdicht, flexibel und atmungsaktiv ist. So wird die Wunde mit Sauerstoff versorgt und \u00fcbersch\u00fcssige Feuchtigkeit kann mit der K\u00f6rperw\u00e4rme aus der Wunde verdampfen.<\/p>\n<ul>\n<li>S\u00e4ckchen mit 5 Bl\u00e4ttern von 15 x 10 cm.<\/li>\n<li>Mikroperforiertes Polyurethan mit hypoallergenem, transparentem Klebstoff, der die Haut atmen l\u00e4sst<\/li>\n<li>Latexfrei<\/li>\n<li>Premium Qualit\u00e4t<\/li>\n<\/ul>","protected":false},"excerpt":{"rendered":"<p>Aloe Tattoo Protector Film\u00a0acts immediately after tattooing, protecting the wound from germs and bacteria, preventing rubbing against clothing and controlling the fluids produced during the healing process. The film is made of a very thin film that is waterproof, flexible and breathable, allowing the wound to oxygenate and allowing excess moisture to evaporate from the [&hellip;]<\/p>","protected":false},"featured_media":7775,"template":"","meta":[],"product_brand":[],"product_cat":[154],"product_tag":[],"class_list":{"0":"post-7774","1":"product","2":"type-product","3":"status-publish","4":"has-post-thumbnail","6":"product_cat-after-care","8":"first","9":"instock","10":"taxable","11":"shipping-taxable","12":"purchasable","13":"product-type-simple"},"yoast_head":"<!-- This site is optimized with the Yoast SEO Premium plugin v23.6 (Yoast SEO v27.5) - https:\/\/yoast.com\/product\/yoast-seo-premium-wordpress\/ -->\n<title>ENVELOPED ALOE TATTOO ADHESIVE PROTECTOR FILM - 5 Elements Tattoo Stuff<\/title>\n<meta name=\"robots\" content=\"index, follow, max-snippet:-1, max-image-preview:large, max-video-preview:-1\" \/>\n<link rel=\"canonical\" href=\"https:\/\/5etattoostuff.com\/de\/producto\/umhullte-aloe-tattoo-klebeschutzfolie\/\" \/>\n<meta property=\"og:locale\" content=\"de_DE\" \/>\n<meta property=\"og:type\" content=\"article\" \/>\n<meta property=\"og:title\" content=\"ENVELOPED ALOE TATTOO ADHESIVE PROTECTOR FILM\" \/>\n<meta property=\"og:description\" content=\"Aloe Tattoo Protector Film\u00a0acts immediately after tattooing, protecting the wound from germs and bacteria, preventing rubbing against clothing and controlling the fluids produced during the healing process. The film is made of a very thin film that is waterproof, flexible and breathable, allowing the wound to oxygenate and allowing excess moisture to evaporate from the [&hellip;]\" \/>\n<meta property=\"og:url\" content=\"https:\/\/5etattoostuff.com\/de\/producto\/umhullte-aloe-tattoo-klebeschutzfolie\/\" \/>\n<meta property=\"og:site_name\" content=\"5 Elements Tattoo Stuff\" \/>\n<meta property=\"article:modified_time\" content=\"2025-08-23T15:47:05+00:00\" \/>\n<meta property=\"og:image\" content=\"https:\/\/5etattoostuff.com\/wp-content\/uploads\/2025\/04\/aloe-adhesive.jpeg\" \/>\n\t<meta property=\"og:image:width\" content=\"780\" \/>\n\t<meta property=\"og:image:height\" content=\"780\" \/>\n\t<meta property=\"og:image:type\" content=\"image\/jpeg\" \/>\n<meta name=\"twitter:card\" content=\"summary_large_image\" \/>\n<meta name=\"twitter:label1\" content=\"Gesch\u00e4tzte Lesezeit\" \/>\n\t<meta name=\"twitter:data1\" content=\"1\u00a0Minute\" \/>\n<script type=\"application\/ld+json\" class=\"yoast-schema-graph\">{\"@context\":\"https:\\\/\\\/schema.org\",\"@graph\":[{\"@type\":\"WebPage\",\"@id\":\"https:\\\/\\\/5etattoostuff.com\\\/producto\\\/enveloped-aloe-tattoo-adhesive-protector-film\\\/\",\"url\":\"https:\\\/\\\/5etattoostuff.com\\\/producto\\\/enveloped-aloe-tattoo-adhesive-protector-film\\\/\",\"name\":\"ENVELOPED ALOE TATTOO ADHESIVE PROTECTOR FILM - 5 Elements Tattoo Stuff\",\"isPartOf\":{\"@id\":\"https:\\\/\\\/5etattoostuff.com\\\/#website\"},\"primaryImageOfPage\":{\"@id\":\"https:\\\/\\\/5etattoostuff.com\\\/producto\\\/enveloped-aloe-tattoo-adhesive-protector-film\\\/#primaryimage\"},\"image\":{\"@id\":\"https:\\\/\\\/5etattoostuff.com\\\/producto\\\/enveloped-aloe-tattoo-adhesive-protector-film\\\/#primaryimage\"},\"thumbnailUrl\":\"https:\\\/\\\/5etattoostuff.com\\\/wp-content\\\/uploads\\\/2025\\\/04\\\/aloe-adhesive.jpeg\",\"datePublished\":\"2025-04-10T09:21:19+00:00\",\"dateModified\":\"2025-08-23T15:47:05+00:00\",\"breadcrumb\":{\"@id\":\"https:\\\/\\\/5etattoostuff.com\\\/producto\\\/enveloped-aloe-tattoo-adhesive-protector-film\\\/#breadcrumb\"},\"inLanguage\":\"de\",\"potentialAction\":[{\"@type\":\"ReadAction\",\"target\":[\"https:\\\/\\\/5etattoostuff.com\\\/producto\\\/enveloped-aloe-tattoo-adhesive-protector-film\\\/\"]}]},{\"@type\":\"ImageObject\",\"inLanguage\":\"de\",\"@id\":\"https:\\\/\\\/5etattoostuff.com\\\/producto\\\/enveloped-aloe-tattoo-adhesive-protector-film\\\/#primaryimage\",\"url\":\"https:\\\/\\\/5etattoostuff.com\\\/wp-content\\\/uploads\\\/2025\\\/04\\\/aloe-adhesive.jpeg\",\"contentUrl\":\"https:\\\/\\\/5etattoostuff.com\\\/wp-content\\\/uploads\\\/2025\\\/04\\\/aloe-adhesive.jpeg\",\"width\":780,\"height\":780},{\"@type\":\"BreadcrumbList\",\"@id\":\"https:\\\/\\\/5etattoostuff.com\\\/producto\\\/enveloped-aloe-tattoo-adhesive-protector-film\\\/#breadcrumb\",\"itemListElement\":[{\"@type\":\"ListItem\",\"position\":1,\"name\":\"Portada\",\"item\":\"https:\\\/\\\/5etattoostuff.com\\\/\"},{\"@type\":\"ListItem\",\"position\":2,\"name\":\"Shop\",\"item\":\"https:\\\/\\\/5etattoostuff.com\\\/\"},{\"@type\":\"ListItem\",\"position\":3,\"name\":\"ENVELOPED ALOE TATTOO ADHESIVE PROTECTOR FILM\"}]},{\"@type\":\"WebSite\",\"@id\":\"https:\\\/\\\/5etattoostuff.com\\\/#website\",\"url\":\"https:\\\/\\\/5etattoostuff.com\\\/\",\"name\":\"5 Elements Tattoo Stuff\",\"description\":\"Premium tattoo needles\",\"publisher\":{\"@id\":\"https:\\\/\\\/5etattoostuff.com\\\/#organization\"},\"alternateName\":\"5E\",\"potentialAction\":[{\"@type\":\"SearchAction\",\"target\":{\"@type\":\"EntryPoint\",\"urlTemplate\":\"https:\\\/\\\/5etattoostuff.com\\\/?s={search_term_string}\"},\"query-input\":{\"@type\":\"PropertyValueSpecification\",\"valueRequired\":true,\"valueName\":\"search_term_string\"}}],\"inLanguage\":\"de\"},{\"@type\":\"Organization\",\"@id\":\"https:\\\/\\\/5etattoostuff.com\\\/#organization\",\"name\":\"5 Elements Tattoo Stuff\",\"url\":\"https:\\\/\\\/5etattoostuff.com\\\/\",\"logo\":{\"@type\":\"ImageObject\",\"inLanguage\":\"de\",\"@id\":\"https:\\\/\\\/5etattoostuff.com\\\/#\\\/schema\\\/logo\\\/image\\\/\",\"url\":\"https:\\\/\\\/5etattoostuff.com\\\/wp-content\\\/uploads\\\/2023\\\/03\\\/Logo-5e.png\",\"contentUrl\":\"https:\\\/\\\/5etattoostuff.com\\\/wp-content\\\/uploads\\\/2023\\\/03\\\/Logo-5e.png\",\"width\":661,\"height\":378,\"caption\":\"5 Elements Tattoo Stuff\"},\"image\":{\"@id\":\"https:\\\/\\\/5etattoostuff.com\\\/#\\\/schema\\\/logo\\\/image\\\/\"},\"sameAs\":[\"https:\\\/\\\/www.instagram.com\\\/5e.tattoostuff\\\/\"],\"email\":\"contact@5etattoostuff.com\",\"telephone\":\"+41 (0)76 681 06 68\"}]}<\/script>\n<!-- \/ Yoast SEO Premium plugin. -->","yoast_head_json":{"title":"ENVELOPED ALOE TATTOO ADHESIVE PROTECTOR FILM - 5 Elements Tattoo Stuff","robots":{"index":"index","follow":"follow","max-snippet":"max-snippet:-1","max-image-preview":"max-image-preview:large","max-video-preview":"max-video-preview:-1"},"canonical":"https:\/\/5etattoostuff.com\/de\/producto\/umhullte-aloe-tattoo-klebeschutzfolie\/","og_locale":"de_DE","og_type":"article","og_title":"ENVELOPED ALOE TATTOO ADHESIVE PROTECTOR FILM","og_description":"Aloe Tattoo Protector Film\u00a0acts immediately after tattooing, protecting the wound from germs and bacteria, preventing rubbing against clothing and controlling the fluids produced during the healing process. The film is made of a very thin film that is waterproof, flexible and breathable, allowing the wound to oxygenate and allowing excess moisture to evaporate from the [&hellip;]","og_url":"https:\/\/5etattoostuff.com\/de\/producto\/umhullte-aloe-tattoo-klebeschutzfolie\/","og_site_name":"5 Elements Tattoo Stuff","article_modified_time":"2025-08-23T15:47:05+00:00","og_image":[{"width":780,"height":780,"url":"https:\/\/5etattoostuff.com\/wp-content\/uploads\/2025\/04\/aloe-adhesive.jpeg","type":"image\/jpeg"}],"twitter_card":"summary_large_image","twitter_misc":{"Gesch\u00e4tzte Lesezeit":"1\u00a0Minute"},"schema":{"@context":"https:\/\/schema.org","@graph":[{"@type":"WebPage","@id":"https:\/\/5etattoostuff.com\/producto\/enveloped-aloe-tattoo-adhesive-protector-film\/","url":"https:\/\/5etattoostuff.com\/producto\/enveloped-aloe-tattoo-adhesive-protector-film\/","name":"ENVELOPED ALOE TATTOO ADHESIVE PROTECTOR FILM - 5 Elements Tattoo Stuff","isPartOf":{"@id":"https:\/\/5etattoostuff.com\/#website"},"primaryImageOfPage":{"@id":"https:\/\/5etattoostuff.com\/producto\/enveloped-aloe-tattoo-adhesive-protector-film\/#primaryimage"},"image":{"@id":"https:\/\/5etattoostuff.com\/producto\/enveloped-aloe-tattoo-adhesive-protector-film\/#primaryimage"},"thumbnailUrl":"https:\/\/5etattoostuff.com\/wp-content\/uploads\/2025\/04\/aloe-adhesive.jpeg","datePublished":"2025-04-10T09:21:19+00:00","dateModified":"2025-08-23T15:47:05+00:00","breadcrumb":{"@id":"https:\/\/5etattoostuff.com\/producto\/enveloped-aloe-tattoo-adhesive-protector-film\/#breadcrumb"},"inLanguage":"de","potentialAction":[{"@type":"ReadAction","target":["https:\/\/5etattoostuff.com\/producto\/enveloped-aloe-tattoo-adhesive-protector-film\/"]}]},{"@type":"ImageObject","inLanguage":"de","@id":"https:\/\/5etattoostuff.com\/producto\/enveloped-aloe-tattoo-adhesive-protector-film\/#primaryimage","url":"https:\/\/5etattoostuff.com\/wp-content\/uploads\/2025\/04\/aloe-adhesive.jpeg","contentUrl":"https:\/\/5etattoostuff.com\/wp-content\/uploads\/2025\/04\/aloe-adhesive.jpeg","width":780,"height":780},{"@type":"BreadcrumbList","@id":"https:\/\/5etattoostuff.com\/producto\/enveloped-aloe-tattoo-adhesive-protector-film\/#breadcrumb","itemListElement":[{"@type":"ListItem","position":1,"name":"Portada","item":"https:\/\/5etattoostuff.com\/"},{"@type":"ListItem","position":2,"name":"Shop","item":"https:\/\/5etattoostuff.com\/"},{"@type":"ListItem","position":3,"name":"ENVELOPED ALOE TATTOO ADHESIVE PROTECTOR FILM"}]},{"@type":"WebSite","@id":"https:\/\/5etattoostuff.com\/#website","url":"https:\/\/5etattoostuff.com\/","name":"5 Elements Tattoo Stuff","description":"Premium tattoo needles","publisher":{"@id":"https:\/\/5etattoostuff.com\/#organization"},"alternateName":"5E","potentialAction":[{"@type":"SearchAction","target":{"@type":"EntryPoint","urlTemplate":"https:\/\/5etattoostuff.com\/?s={search_term_string}"},"query-input":{"@type":"PropertyValueSpecification","valueRequired":true,"valueName":"search_term_string"}}],"inLanguage":"de"},{"@type":"Organization","@id":"https:\/\/5etattoostuff.com\/#organization","name":"5 Elements Tattoo Stuff","url":"https:\/\/5etattoostuff.com\/","logo":{"@type":"ImageObject","inLanguage":"de","@id":"https:\/\/5etattoostuff.com\/#\/schema\/logo\/image\/","url":"https:\/\/5etattoostuff.com\/wp-content\/uploads\/2023\/03\/Logo-5e.png","contentUrl":"https:\/\/5etattoostuff.com\/wp-content\/uploads\/2023\/03\/Logo-5e.png","width":661,"height":378,"caption":"5 Elements Tattoo Stuff"},"image":{"@id":"https:\/\/5etattoostuff.com\/#\/schema\/logo\/image\/"},"sameAs":["https:\/\/www.instagram.com\/5e.tattoostuff\/"],"email":"contact@5etattoostuff.com","telephone":"+41 (0)76 681 06 68"}]}},"jetpack_sharing_enabled":true,"_links":{"self":[{"href":"https:\/\/5etattoostuff.com\/de\/wp-json\/wp\/v2\/product\/7774","targetHints":{"allow":["GET"]}}],"collection":[{"href":"https:\/\/5etattoostuff.com\/de\/wp-json\/wp\/v2\/product"}],"about":[{"href":"https:\/\/5etattoostuff.com\/de\/wp-json\/wp\/v2\/types\/product"}],"wp:featuredmedia":[{"embeddable":true,"href":"https:\/\/5etattoostuff.com\/de\/wp-json\/wp\/v2\/media\/7775"}],"wp:attachment":[{"href":"https:\/\/5etattoostuff.com\/de\/wp-json\/wp\/v2\/media?parent=7774"}],"wp:term":[{"taxonomy":"product_brand","embeddable":true,"href":"https:\/\/5etattoostuff.com\/de\/wp-json\/wp\/v2\/product_brand?post=7774"},{"taxonomy":"product_cat","embeddable":true,"href":"https:\/\/5etattoostuff.com\/de\/wp-json\/wp\/v2\/product_cat?post=7774"},{"taxonomy":"product_tag","embeddable":true,"href":"https:\/\/5etattoostuff.com\/de\/wp-json\/wp\/v2\/product_tag?post=7774"}],"curies":[{"name":"wp","href":"https:\/\/api.w.org\/{rel}","templated":true}]}}