{"id":5030,"date":"2023-04-15T17:13:37","date_gmt":"2023-04-15T17:13:37","guid":{"rendered":"https:\/\/5etattoostuff.com\/?post_type=product&#038;p=5030"},"modified":"2025-01-09T21:26:31","modified_gmt":"2025-01-09T20:26:31","slug":"tattoo-needle-round-magnum-0-35mm","status":"publish","type":"product","link":"https:\/\/5etattoostuff.com\/es\/producto\/aguja-tatuaje-redonda-magnum-0-35mm\/","title":{"rendered":"Aguja de Tatuaje Round Magnum 0,35mm"},"content":{"rendered":"<div class=\"flex flex-grow flex-col max-w-full\">\n<div class=\"min-h-[20px] text-message flex flex-col items-start gap-3 whitespace-pre-wrap break-words [.text-message+&amp;]:mt-5 overflow-x-auto\" data-message-author-role=\"assistant\" data-message-id=\"50a632f4-8567-4002-b5f9-c215acb02a8f\">\n<div class=\"markdown prose w-full break-words dark:prose-invert light\">\n<p>Presentamos nuestra Aguja de Tatuaje Redonda Magnum de 0,35 mm, la herramienta definitiva para tatuar con precisi\u00f3n y atrevimiento. Con cuatro modelos para elegir: 1209RM1, 1215RM1, 1221RM1 y 1225RM1. Cada uno dise\u00f1ado para satisfacer las diversas necesidades de los artistas del tatuaje de todo el mundo.<\/p>\n<p><a href=\"https:\/\/5etattoostuff.com\/es\/sobre-nosotros\/\">Hecho a mano<\/a> Con un di\u00e1metro de 0,35 mm, estas agujas de tatuar ofrecen un control y una precisi\u00f3n \u00f3ptimos, garantizando l\u00edneas n\u00edtidas y colores vibrantes con cada trazo. Tanto si est\u00e1s sombreando, coloreando o delineando, nuestras agujas Magnum Redondas ofrecen resultados consistentes que superan las expectativas.<\/p>\n<p>Fabricadas con acero inoxidable de alta calidad. Nuestras agujas est\u00e1n fabricadas para ser duraderas y fiables, garantizando que resistan las exigencias del tatuaje diario. Su afilado garantiza una penetraci\u00f3n suave, minimizando las molestias a tus clientes y permiti\u00e9ndote trabajar con eficacia.<\/p>\n<p>La configuraci\u00f3n Magnum Redonda es perfecta para crear degradados suaves y sombreados precisos, lo que la hace ideal para una gran variedad de estilos de tatuaje. Tanto si trabajas en retratos, realismo o dise\u00f1os ilustrativos, estas agujas proporcionan la flexibilidad y precisi\u00f3n necesarias para dar vida a tu visi\u00f3n.<\/p>\n<p>Cada modelo - 1209RM1, 1215RM1, 1221RM1 y 1225RM1 - se elabora cuidadosamente para satisfacer requisitos art\u00edsticos espec\u00edficos. Tanto si prefieres una agrupaci\u00f3n m\u00e1s estrecha para los detalles finos como una dispersi\u00f3n m\u00e1s amplia para las transiciones de sombreado sin fisuras, tenemos la aguja Round Magnum perfecta para ti.<\/p>\n<p>Compatible con todas las m\u00e1quinas de tatuar est\u00e1ndar, nuestra Aguja de Tatuar Redonda Magnum de 0,35 mm garantiza una integraci\u00f3n perfecta en tu flujo de trabajo. Adem\u00e1s, con un embalaje esterilizado, puedes confiar en que cada aguja cumple las normas m\u00e1s estrictas de seguridad e higiene.<\/p>\n<p>Eleva tu experiencia en el tatuaje con nuestra Aguja de Tatuaje Redonda Magnum de 0,35 mm. Tanto si eres un profesional experimentado como un artista en ciernes, estas agujas mejorar\u00e1n tu oficio. Te ayudar\u00e1n a crear tatuajes impresionantes que superar\u00e1n la prueba del tiempo. Elige calidad, elige precisi\u00f3n. Elige nuestras <a href=\"https:\/\/5etattoostuff.com\/es\/\">5E<\/a> Agujas Magnum redondas para tu pr\u00f3xima obra maestra.<\/p>\n<\/div>\n<\/div>\n<\/div>","protected":false},"excerpt":{"rendered":"<p>Presentamos nuestra Aguja de Tatuaje Redonda Magnum de 0,35 mm: la precisi\u00f3n se une a la versatilidad. Elige entre tres modelos: 1209RM1, 1215RM1, 1221RM1 y 1225RM1, cada uno dise\u00f1ado para elevar tu juego de tatuaje.<\/p>","protected":false},"featured_media":6112,"template":"","meta":[],"product_brand":[],"product_cat":[135,25],"product_tag":[],"class_list":{"0":"post-5030","1":"product","2":"type-product","3":"status-publish","4":"has-post-thumbnail","6":"product_cat-needles","7":"product_cat-round-magnum","9":"first","10":"instock","11":"shipping-taxable","12":"purchasable","13":"product-type-variable","14":"has-default-attributes"},"yoast_head":"<!-- This site is optimized with the Yoast SEO Premium plugin v23.6 (Yoast SEO v27.5) - https:\/\/yoast.com\/product\/yoast-seo-premium-wordpress\/ -->\n<title>Tattoo Needle Round Magnum 0.35mm - 5 Elements Tattoo Stuff<\/title>\n<meta name=\"description\" content=\"Each box contains 20 meticulously crafted, disposable, and sterilized Round Magnum needle modules with a long taper for impeccable results every time.\" \/>\n<meta name=\"robots\" content=\"index, follow, max-snippet:-1, max-image-preview:large, max-video-preview:-1\" \/>\n<link rel=\"canonical\" href=\"https:\/\/5etattoostuff.com\/es\/producto\/aguja-tatuaje-redonda-magnum-0-35mm\/\" \/>\n<meta property=\"og:locale\" content=\"es_ES\" \/>\n<meta property=\"og:type\" content=\"article\" \/>\n<meta property=\"og:title\" content=\"Tattoo Needle Round Magnum 0.35mm\" \/>\n<meta property=\"og:description\" content=\"Each box contains 20 meticulously crafted, disposable, and sterilized Round Magnum needle modules with a long taper for impeccable results every time.\" \/>\n<meta property=\"og:url\" content=\"https:\/\/5etattoostuff.com\/es\/producto\/aguja-tatuaje-redonda-magnum-0-35mm\/\" \/>\n<meta property=\"og:site_name\" content=\"5 Elements Tattoo Stuff\" \/>\n<meta property=\"article:modified_time\" content=\"2025-01-09T20:26:31+00:00\" \/>\n<meta property=\"og:image\" content=\"https:\/\/5etattoostuff.com\/wp-content\/uploads\/2024\/03\/Agujas-para-tatuar-RM-2-c-1.png\" \/>\n\t<meta property=\"og:image:width\" content=\"843\" \/>\n\t<meta property=\"og:image:height\" content=\"843\" \/>\n\t<meta property=\"og:image:type\" content=\"image\/png\" \/>\n<meta name=\"twitter:card\" content=\"summary_large_image\" \/>\n<meta name=\"twitter:label1\" content=\"Tiempo de lectura\" \/>\n\t<meta name=\"twitter:data1\" content=\"2 minutos\" \/>\n<script type=\"application\/ld+json\" class=\"yoast-schema-graph\">{\"@context\":\"https:\\\/\\\/schema.org\",\"@graph\":[{\"@type\":\"WebPage\",\"@id\":\"https:\\\/\\\/5etattoostuff.com\\\/producto\\\/tattoo-needle-round-magnum-0-35mm\\\/\",\"url\":\"https:\\\/\\\/5etattoostuff.com\\\/producto\\\/tattoo-needle-round-magnum-0-35mm\\\/\",\"name\":\"Tattoo Needle Round Magnum 0.35mm - 5 Elements Tattoo Stuff\",\"isPartOf\":{\"@id\":\"https:\\\/\\\/5etattoostuff.com\\\/#website\"},\"primaryImageOfPage\":{\"@id\":\"https:\\\/\\\/5etattoostuff.com\\\/producto\\\/tattoo-needle-round-magnum-0-35mm\\\/#primaryimage\"},\"image\":{\"@id\":\"https:\\\/\\\/5etattoostuff.com\\\/producto\\\/tattoo-needle-round-magnum-0-35mm\\\/#primaryimage\"},\"thumbnailUrl\":\"https:\\\/\\\/5etattoostuff.com\\\/wp-content\\\/uploads\\\/2024\\\/03\\\/Agujas-para-tatuar-RM-2-c-1.png\",\"datePublished\":\"2023-04-15T17:13:37+00:00\",\"dateModified\":\"2025-01-09T20:26:31+00:00\",\"description\":\"Each box contains 20 meticulously crafted, disposable, and sterilized Round Magnum needle modules with a long taper for impeccable results every time.\",\"breadcrumb\":{\"@id\":\"https:\\\/\\\/5etattoostuff.com\\\/producto\\\/tattoo-needle-round-magnum-0-35mm\\\/#breadcrumb\"},\"inLanguage\":\"es\",\"potentialAction\":[{\"@type\":\"ReadAction\",\"target\":[\"https:\\\/\\\/5etattoostuff.com\\\/producto\\\/tattoo-needle-round-magnum-0-35mm\\\/\"]}]},{\"@type\":\"ImageObject\",\"inLanguage\":\"es\",\"@id\":\"https:\\\/\\\/5etattoostuff.com\\\/producto\\\/tattoo-needle-round-magnum-0-35mm\\\/#primaryimage\",\"url\":\"https:\\\/\\\/5etattoostuff.com\\\/wp-content\\\/uploads\\\/2024\\\/03\\\/Agujas-para-tatuar-RM-2-c-1.png\",\"contentUrl\":\"https:\\\/\\\/5etattoostuff.com\\\/wp-content\\\/uploads\\\/2024\\\/03\\\/Agujas-para-tatuar-RM-2-c-1.png\",\"width\":843,\"height\":843,\"caption\":\"5 Elements Premium Round Magnum Tattoo Needlev\"},{\"@type\":\"BreadcrumbList\",\"@id\":\"https:\\\/\\\/5etattoostuff.com\\\/producto\\\/tattoo-needle-round-magnum-0-35mm\\\/#breadcrumb\",\"itemListElement\":[{\"@type\":\"ListItem\",\"position\":1,\"name\":\"Portada\",\"item\":\"https:\\\/\\\/5etattoostuff.com\\\/\"},{\"@type\":\"ListItem\",\"position\":2,\"name\":\"Shop\",\"item\":\"https:\\\/\\\/5etattoostuff.com\\\/\"},{\"@type\":\"ListItem\",\"position\":3,\"name\":\"Tattoo Needle Round Magnum 0.35mm\"}]},{\"@type\":\"WebSite\",\"@id\":\"https:\\\/\\\/5etattoostuff.com\\\/#website\",\"url\":\"https:\\\/\\\/5etattoostuff.com\\\/\",\"name\":\"5 Elements Tattoo Stuff\",\"description\":\"Premium tattoo needles\",\"publisher\":{\"@id\":\"https:\\\/\\\/5etattoostuff.com\\\/#organization\"},\"alternateName\":\"5E\",\"potentialAction\":[{\"@type\":\"SearchAction\",\"target\":{\"@type\":\"EntryPoint\",\"urlTemplate\":\"https:\\\/\\\/5etattoostuff.com\\\/?s={search_term_string}\"},\"query-input\":{\"@type\":\"PropertyValueSpecification\",\"valueRequired\":true,\"valueName\":\"search_term_string\"}}],\"inLanguage\":\"es\"},{\"@type\":\"Organization\",\"@id\":\"https:\\\/\\\/5etattoostuff.com\\\/#organization\",\"name\":\"5 Elements Tattoo Stuff\",\"url\":\"https:\\\/\\\/5etattoostuff.com\\\/\",\"logo\":{\"@type\":\"ImageObject\",\"inLanguage\":\"es\",\"@id\":\"https:\\\/\\\/5etattoostuff.com\\\/#\\\/schema\\\/logo\\\/image\\\/\",\"url\":\"https:\\\/\\\/5etattoostuff.com\\\/wp-content\\\/uploads\\\/2023\\\/03\\\/Logo-5e.png\",\"contentUrl\":\"https:\\\/\\\/5etattoostuff.com\\\/wp-content\\\/uploads\\\/2023\\\/03\\\/Logo-5e.png\",\"width\":661,\"height\":378,\"caption\":\"5 Elements Tattoo Stuff\"},\"image\":{\"@id\":\"https:\\\/\\\/5etattoostuff.com\\\/#\\\/schema\\\/logo\\\/image\\\/\"},\"sameAs\":[\"https:\\\/\\\/www.instagram.com\\\/5e.tattoostuff\\\/\"],\"email\":\"contact@5etattoostuff.com\",\"telephone\":\"+41 (0)76 681 06 68\"}]}<\/script>\n<!-- \/ Yoast SEO Premium plugin. -->","yoast_head_json":{"title":"Tattoo Needle Round Magnum 0.35mm - 5 Elements Tattoo Stuff","description":"Each box contains 20 meticulously crafted, disposable, and sterilized Round Magnum needle modules with a long taper for impeccable results every time.","robots":{"index":"index","follow":"follow","max-snippet":"max-snippet:-1","max-image-preview":"max-image-preview:large","max-video-preview":"max-video-preview:-1"},"canonical":"https:\/\/5etattoostuff.com\/es\/producto\/aguja-tatuaje-redonda-magnum-0-35mm\/","og_locale":"es_ES","og_type":"article","og_title":"Tattoo Needle Round Magnum 0.35mm","og_description":"Each box contains 20 meticulously crafted, disposable, and sterilized Round Magnum needle modules with a long taper for impeccable results every time.","og_url":"https:\/\/5etattoostuff.com\/es\/producto\/aguja-tatuaje-redonda-magnum-0-35mm\/","og_site_name":"5 Elements Tattoo Stuff","article_modified_time":"2025-01-09T20:26:31+00:00","og_image":[{"width":843,"height":843,"url":"https:\/\/5etattoostuff.com\/wp-content\/uploads\/2024\/03\/Agujas-para-tatuar-RM-2-c-1.png","type":"image\/png"}],"twitter_card":"summary_large_image","twitter_misc":{"Tiempo de lectura":"2 minutos"},"schema":{"@context":"https:\/\/schema.org","@graph":[{"@type":"WebPage","@id":"https:\/\/5etattoostuff.com\/producto\/tattoo-needle-round-magnum-0-35mm\/","url":"https:\/\/5etattoostuff.com\/producto\/tattoo-needle-round-magnum-0-35mm\/","name":"Tattoo Needle Round Magnum 0.35mm - 5 Elements Tattoo Stuff","isPartOf":{"@id":"https:\/\/5etattoostuff.com\/#website"},"primaryImageOfPage":{"@id":"https:\/\/5etattoostuff.com\/producto\/tattoo-needle-round-magnum-0-35mm\/#primaryimage"},"image":{"@id":"https:\/\/5etattoostuff.com\/producto\/tattoo-needle-round-magnum-0-35mm\/#primaryimage"},"thumbnailUrl":"https:\/\/5etattoostuff.com\/wp-content\/uploads\/2024\/03\/Agujas-para-tatuar-RM-2-c-1.png","datePublished":"2023-04-15T17:13:37+00:00","dateModified":"2025-01-09T20:26:31+00:00","description":"Each box contains 20 meticulously crafted, disposable, and sterilized Round Magnum needle modules with a long taper for impeccable results every time.","breadcrumb":{"@id":"https:\/\/5etattoostuff.com\/producto\/tattoo-needle-round-magnum-0-35mm\/#breadcrumb"},"inLanguage":"es","potentialAction":[{"@type":"ReadAction","target":["https:\/\/5etattoostuff.com\/producto\/tattoo-needle-round-magnum-0-35mm\/"]}]},{"@type":"ImageObject","inLanguage":"es","@id":"https:\/\/5etattoostuff.com\/producto\/tattoo-needle-round-magnum-0-35mm\/#primaryimage","url":"https:\/\/5etattoostuff.com\/wp-content\/uploads\/2024\/03\/Agujas-para-tatuar-RM-2-c-1.png","contentUrl":"https:\/\/5etattoostuff.com\/wp-content\/uploads\/2024\/03\/Agujas-para-tatuar-RM-2-c-1.png","width":843,"height":843,"caption":"5 Elements Premium Round Magnum Tattoo Needlev"},{"@type":"BreadcrumbList","@id":"https:\/\/5etattoostuff.com\/producto\/tattoo-needle-round-magnum-0-35mm\/#breadcrumb","itemListElement":[{"@type":"ListItem","position":1,"name":"Portada","item":"https:\/\/5etattoostuff.com\/"},{"@type":"ListItem","position":2,"name":"Shop","item":"https:\/\/5etattoostuff.com\/"},{"@type":"ListItem","position":3,"name":"Tattoo Needle Round Magnum 0.35mm"}]},{"@type":"WebSite","@id":"https:\/\/5etattoostuff.com\/#website","url":"https:\/\/5etattoostuff.com\/","name":"5 Elements Tattoo Stuff","description":"Premium tattoo needles","publisher":{"@id":"https:\/\/5etattoostuff.com\/#organization"},"alternateName":"5E","potentialAction":[{"@type":"SearchAction","target":{"@type":"EntryPoint","urlTemplate":"https:\/\/5etattoostuff.com\/?s={search_term_string}"},"query-input":{"@type":"PropertyValueSpecification","valueRequired":true,"valueName":"search_term_string"}}],"inLanguage":"es"},{"@type":"Organization","@id":"https:\/\/5etattoostuff.com\/#organization","name":"5 Elements Tattoo Stuff","url":"https:\/\/5etattoostuff.com\/","logo":{"@type":"ImageObject","inLanguage":"es","@id":"https:\/\/5etattoostuff.com\/#\/schema\/logo\/image\/","url":"https:\/\/5etattoostuff.com\/wp-content\/uploads\/2023\/03\/Logo-5e.png","contentUrl":"https:\/\/5etattoostuff.com\/wp-content\/uploads\/2023\/03\/Logo-5e.png","width":661,"height":378,"caption":"5 Elements Tattoo Stuff"},"image":{"@id":"https:\/\/5etattoostuff.com\/#\/schema\/logo\/image\/"},"sameAs":["https:\/\/www.instagram.com\/5e.tattoostuff\/"],"email":"contact@5etattoostuff.com","telephone":"+41 (0)76 681 06 68"}]}},"jetpack_sharing_enabled":true,"_links":{"self":[{"href":"https:\/\/5etattoostuff.com\/es\/wp-json\/wp\/v2\/product\/5030","targetHints":{"allow":["GET"]}}],"collection":[{"href":"https:\/\/5etattoostuff.com\/es\/wp-json\/wp\/v2\/product"}],"about":[{"href":"https:\/\/5etattoostuff.com\/es\/wp-json\/wp\/v2\/types\/product"}],"wp:featuredmedia":[{"embeddable":true,"href":"https:\/\/5etattoostuff.com\/es\/wp-json\/wp\/v2\/media\/6112"}],"wp:attachment":[{"href":"https:\/\/5etattoostuff.com\/es\/wp-json\/wp\/v2\/media?parent=5030"}],"wp:term":[{"taxonomy":"product_brand","embeddable":true,"href":"https:\/\/5etattoostuff.com\/es\/wp-json\/wp\/v2\/product_brand?post=5030"},{"taxonomy":"product_cat","embeddable":true,"href":"https:\/\/5etattoostuff.com\/es\/wp-json\/wp\/v2\/product_cat?post=5030"},{"taxonomy":"product_tag","embeddable":true,"href":"https:\/\/5etattoostuff.com\/es\/wp-json\/wp\/v2\/product_tag?post=5030"}],"curies":[{"name":"wp","href":"https:\/\/api.w.org\/{rel}","templated":true}]}}