{"id":5035,"date":"2023-04-15T17:25:16","date_gmt":"2023-04-15T17:25:16","guid":{"rendered":"https:\/\/5etattoostuff.com\/?post_type=product&#038;p=5035"},"modified":"2024-10-03T11:30:16","modified_gmt":"2024-10-03T09:30:16","slug":"tattoo-needle-magnum-0-30mm","status":"publish","type":"product","link":"https:\/\/5etattoostuff.com\/es\/producto\/aguja-tatuaje-magnum-0-30mm\/","title":{"rendered":"Aguja de Tatuaje Magnum 0,30mm"},"content":{"rendered":"<div class=\"flex flex-grow flex-col max-w-full\">\n<div class=\"min-h-[20px] text-message flex flex-col items-start gap-3 whitespace-pre-wrap break-words [.text-message+&amp;]:mt-5 overflow-x-auto\" data-message-author-role=\"assistant\" data-message-id=\"2b273c48-8f7b-4d63-b814-7c201b0a1291\">\n<div class=\"markdown prose w-full break-words dark:prose-invert light\">\n<div class=\"flex flex-grow flex-col max-w-full\">\n<div class=\"min-h-[20px] text-message flex flex-col items-start gap-3 whitespace-pre-wrap break-words [.text-message+&amp;]:mt-5 overflow-x-auto\" data-message-author-role=\"assistant\" data-message-id=\"11e9df34-c051-4592-b823-877cc512e379\">\n<div class=\"markdown prose w-full break-words dark:prose-invert light\">\n<div class=\"flex flex-grow flex-col max-w-full\">\n<div class=\"min-h-[20px] text-message flex flex-col items-start gap-3 whitespace-pre-wrap break-words [.text-message+&amp;]:mt-5 overflow-x-auto\" data-message-author-role=\"assistant\" data-message-id=\"e6040861-04f9-42e9-9553-c6c6cd7718e4\">\n<div class=\"markdown prose w-full break-words dark:prose-invert light\">\n<div class=\"flex flex-grow flex-col max-w-full\">\n<div class=\"min-h-[20px] text-message flex flex-col items-start gap-3 whitespace-pre-wrap break-words [.text-message+&amp;]:mt-5 overflow-x-auto\" data-message-author-role=\"assistant\" data-message-id=\"bf9e8750-9e92-4530-ac51-74ecde1de538\">\n<div class=\"markdown prose w-full break-words dark:prose-invert light\">\n<div class=\"flex flex-grow flex-col max-w-full\">\n<div class=\"min-h-[20px] text-message flex flex-col items-start gap-3 whitespace-pre-wrap break-words [.text-message+&amp;]:mt-5 overflow-x-auto\" data-message-author-role=\"assistant\" data-message-id=\"e4838ec3-02da-4d69-ae22-3960c42c9aea\">\n<div class=\"markdown prose w-full break-words dark:prose-invert light\">\n<div class=\"flex flex-grow flex-col max-w-full\">\n<div class=\"min-h-[20px] text-message flex flex-col items-start gap-3 whitespace-pre-wrap break-words [.text-message+&amp;]:mt-5 overflow-x-auto\" data-message-author-role=\"assistant\" data-message-id=\"593a7f88-fd59-4515-9f77-6d525fcbe258\">\n<div class=\"markdown prose w-full break-words dark:prose-invert light\">\n<div class=\"flex flex-grow flex-col max-w-full\">\n<div class=\"min-h-[20px] text-message flex flex-col items-start gap-3 whitespace-pre-wrap break-words [.text-message+&amp;]:mt-5 overflow-x-auto\" data-message-author-role=\"assistant\" data-message-id=\"c06e224f-679d-46f8-9fd8-88d51b4a22b8\">\n<div class=\"markdown prose w-full break-words dark:prose-invert light\">\n<div class=\"flex flex-grow flex-col max-w-full\">\n<div class=\"min-h-[20px] text-message flex flex-col items-start gap-3 whitespace-pre-wrap break-words [.text-message+&amp;]:mt-5 overflow-x-auto\" data-message-author-role=\"assistant\" data-message-id=\"37faac58-2c9a-4a84-ab51-161d4e89cdb1\">\n<div class=\"markdown prose w-full break-words dark:prose-invert light\">\n<div class=\"flex flex-grow flex-col max-w-full\">\n<div class=\"min-h-[20px] text-message flex flex-col items-start gap-3 whitespace-pre-wrap break-words [.text-message+&amp;]:mt-5 overflow-x-auto\" data-message-author-role=\"assistant\" data-message-id=\"0ee4e765-3997-411a-97ac-5cf4860d7399\">\n<div class=\"markdown prose w-full break-words dark:prose-invert light\">\n<div class=\"flex flex-grow flex-col max-w-full\">\n<div class=\"min-h-[20px] text-message flex flex-col items-start gap-3 whitespace-pre-wrap break-words [.text-message+&amp;]:mt-5 overflow-x-auto\" data-message-author-role=\"assistant\" data-message-id=\"400d7748-b896-453c-9ea9-5a3819676f9a\">\n<div class=\"markdown prose w-full break-words dark:prose-invert light\">\n<p>Descubre nuestra Aguja de Tatuaje Magnum de 0,30 mm. La herramienta imprescindible para conseguir tatuajes precisos e impactantes. Disponible en tres modelos: 1209M1, 1215M1 y 1221M1, cada uno de ellos adaptado a las variadas necesidades de los tatuadores de todo el mundo.<\/p>\n<p><a href=\"https:\/\/5etattoostuff.com\/es\/sobre-nosotros\/\">Hecho a mano<\/a> Con un di\u00e1metro de 0,35 mm, estas agujas de tatuar ofrecen un control y una precisi\u00f3n excepcionales. Garantizan l\u00edneas n\u00edtidas y colores vibrantes con cada trazo. Ya se trate de sombrear, colorear o delinear, nuestras agujas Magnum ofrecen sistem\u00e1ticamente resultados que superan las expectativas.<\/p>\n<p>Construidas para ser duraderas y fiables, nuestras agujas est\u00e1n fabricadas con acero inoxidable m\u00e9dico de alta calidad, lo que garantiza que soporten las exigencias del tatuaje diario. Su afilado garantiza una penetraci\u00f3n suave, reduciendo las molestias a los clientes y permitiendo un trabajo eficaz.<\/p>\n<p>La configuraci\u00f3n Magnum es perfecta para cubrir \u00e1reas m\u00e1s grandes, por lo que resulta ideal para crear dise\u00f1os atrevidos y detalles intrincados por igual. Tanto si trabajas en mangas, piezas traseras o dise\u00f1os delicados, estas agujas proporcionan la versatilidad y precisi\u00f3n necesarias para hacer realidad tu visi\u00f3n.<\/p>\n<p>Cada modelo -1009M1, 1013M1,1019M1, 1021M1 y 1025M1- est\u00e1 meticulosamente dise\u00f1ado para satisfacer necesidades art\u00edsticas espec\u00edficas. Tanto si necesitas una agrupaci\u00f3n m\u00e1s estrecha para los detalles m\u00e1s finos como una dispersi\u00f3n m\u00e1s amplia para un sombreado sin fisuras, tenemos la aguja Magnum perfecta para cada artista.<\/p>\n<p>Nuestra aguja de tatuar Magnum de 0,35 mm es compatible con todas las m\u00e1quinas de tatuar est\u00e1ndar, lo que garantiza una integraci\u00f3n perfecta en tu flujo de trabajo. Adem\u00e1s, con su envase esterilizado, puedes confiar en que cada aguja mantiene los m\u00e1s altos est\u00e1ndares de seguridad e higiene.<\/p>\n<p>Eleva tu experiencia en el tatuaje con nuestra Aguja de Tatuaje Magnum de 0,35 mm. Tanto si eres un profesional experimentado como un artista en ciernes, estas agujas mejorar\u00e1n tu oficio y te permitir\u00e1n crear tatuajes impresionantes que perduren. Elige calidad, elige precisi\u00f3n, elige nuestras <a href=\"https:\/\/5etattoostuff.com\/es\/\">5 Elementos<\/a> Agujas Magnum para tu pr\u00f3xima obra maestra.<\/p>\n<\/div>\n<\/div>\n<\/div>\n<\/div>\n<\/div>\n<\/div>\n<\/div>\n<\/div>\n<\/div>\n<\/div>\n<\/div>\n<\/div>\n<\/div>\n<\/div>\n<\/div>\n<\/div>\n<\/div>\n<\/div>\n<\/div>\n<\/div>\n<\/div>\n<\/div>\n<\/div>\n<\/div>\n<\/div>\n<\/div>\n<\/div>\n<\/div>\n<\/div>\n<\/div>","protected":false},"excerpt":{"rendered":"<p>Presentamos nuestra Aguja de Tatuaje Magnum de 0,30 mm: la precisi\u00f3n se une a la versatilidad. Elige entre cinco modelos: 1009M1, 1013M1,1019M1, 1021M1 y 1025M1, cada uno dise\u00f1ado para elevar tu juego de tatuaje.<\/p>","protected":false},"featured_media":6027,"template":"","meta":[],"product_brand":[],"product_cat":[135,26],"product_tag":[],"class_list":{"0":"post-5035","1":"product","2":"type-product","3":"status-publish","4":"has-post-thumbnail","6":"product_cat-needles","7":"product_cat-magnum","9":"first","10":"instock","11":"shipping-taxable","12":"purchasable","13":"product-type-variable","14":"has-default-attributes"},"yoast_head":"<!-- This site is optimized with the Yoast SEO Premium plugin v23.6 (Yoast SEO v27.5) - https:\/\/yoast.com\/product\/yoast-seo-premium-wordpress\/ -->\n<title>Tattoo Needle Magnum 0.30mm - 5 Elements Tattoo Stuff<\/title>\n<meta name=\"description\" content=\"Each box contains 20 meticulously crafted, disposable, and sterilized Magnum tattoo needle modules with a long taper for impeccable results every time.\" \/>\n<meta name=\"robots\" content=\"index, follow, max-snippet:-1, max-image-preview:large, max-video-preview:-1\" \/>\n<link rel=\"canonical\" href=\"https:\/\/5etattoostuff.com\/es\/producto\/aguja-tatuaje-magnum-0-30mm\/\" \/>\n<meta property=\"og:locale\" content=\"es_ES\" \/>\n<meta property=\"og:type\" content=\"article\" \/>\n<meta property=\"og:title\" content=\"Tattoo Needle Magnum 0.30mm\" \/>\n<meta property=\"og:description\" content=\"Each box contains 20 meticulously crafted, disposable, and sterilized Magnum tattoo needle modules with a long taper for impeccable results every time.\" \/>\n<meta property=\"og:url\" content=\"https:\/\/5etattoostuff.com\/es\/producto\/aguja-tatuaje-magnum-0-30mm\/\" \/>\n<meta property=\"og:site_name\" content=\"5 Elements Tattoo Stuff\" \/>\n<meta property=\"article:modified_time\" content=\"2024-10-03T09:30:16+00:00\" \/>\n<meta property=\"og:image\" content=\"https:\/\/5etattoostuff.com\/wp-content\/uploads\/2024\/03\/Agujas-para-tatuar-Magnum-2-c.png\" \/>\n\t<meta property=\"og:image:width\" content=\"843\" \/>\n\t<meta property=\"og:image:height\" content=\"843\" \/>\n\t<meta property=\"og:image:type\" content=\"image\/png\" \/>\n<meta name=\"twitter:card\" content=\"summary_large_image\" \/>\n<meta name=\"twitter:label1\" content=\"Tiempo de lectura\" \/>\n\t<meta name=\"twitter:data1\" content=\"2 minutos\" \/>\n<script type=\"application\/ld+json\" class=\"yoast-schema-graph\">{\"@context\":\"https:\\\/\\\/schema.org\",\"@graph\":[{\"@type\":\"WebPage\",\"@id\":\"https:\\\/\\\/5etattoostuff.com\\\/producto\\\/tattoo-needle-magnum-0-30mm\\\/\",\"url\":\"https:\\\/\\\/5etattoostuff.com\\\/producto\\\/tattoo-needle-magnum-0-30mm\\\/\",\"name\":\"Tattoo Needle Magnum 0.30mm - 5 Elements Tattoo Stuff\",\"isPartOf\":{\"@id\":\"https:\\\/\\\/5etattoostuff.com\\\/#website\"},\"primaryImageOfPage\":{\"@id\":\"https:\\\/\\\/5etattoostuff.com\\\/producto\\\/tattoo-needle-magnum-0-30mm\\\/#primaryimage\"},\"image\":{\"@id\":\"https:\\\/\\\/5etattoostuff.com\\\/producto\\\/tattoo-needle-magnum-0-30mm\\\/#primaryimage\"},\"thumbnailUrl\":\"https:\\\/\\\/5etattoostuff.com\\\/wp-content\\\/uploads\\\/2024\\\/03\\\/Agujas-para-tatuar-Magnum-2-c.png\",\"datePublished\":\"2023-04-15T17:25:16+00:00\",\"dateModified\":\"2024-10-03T09:30:16+00:00\",\"description\":\"Each box contains 20 meticulously crafted, disposable, and sterilized Magnum tattoo needle modules with a long taper for impeccable results every time.\",\"breadcrumb\":{\"@id\":\"https:\\\/\\\/5etattoostuff.com\\\/producto\\\/tattoo-needle-magnum-0-30mm\\\/#breadcrumb\"},\"inLanguage\":\"es\",\"potentialAction\":[{\"@type\":\"ReadAction\",\"target\":[\"https:\\\/\\\/5etattoostuff.com\\\/producto\\\/tattoo-needle-magnum-0-30mm\\\/\"]}]},{\"@type\":\"ImageObject\",\"inLanguage\":\"es\",\"@id\":\"https:\\\/\\\/5etattoostuff.com\\\/producto\\\/tattoo-needle-magnum-0-30mm\\\/#primaryimage\",\"url\":\"https:\\\/\\\/5etattoostuff.com\\\/wp-content\\\/uploads\\\/2024\\\/03\\\/Agujas-para-tatuar-Magnum-2-c.png\",\"contentUrl\":\"https:\\\/\\\/5etattoostuff.com\\\/wp-content\\\/uploads\\\/2024\\\/03\\\/Agujas-para-tatuar-Magnum-2-c.png\",\"width\":843,\"height\":843,\"caption\":\"5 Elements Premium Magnum Tattoo Needle\"},{\"@type\":\"BreadcrumbList\",\"@id\":\"https:\\\/\\\/5etattoostuff.com\\\/producto\\\/tattoo-needle-magnum-0-30mm\\\/#breadcrumb\",\"itemListElement\":[{\"@type\":\"ListItem\",\"position\":1,\"name\":\"Portada\",\"item\":\"https:\\\/\\\/5etattoostuff.com\\\/\"},{\"@type\":\"ListItem\",\"position\":2,\"name\":\"Shop\",\"item\":\"https:\\\/\\\/5etattoostuff.com\\\/\"},{\"@type\":\"ListItem\",\"position\":3,\"name\":\"Tattoo Needle Magnum 0.30mm\"}]},{\"@type\":\"WebSite\",\"@id\":\"https:\\\/\\\/5etattoostuff.com\\\/#website\",\"url\":\"https:\\\/\\\/5etattoostuff.com\\\/\",\"name\":\"5 Elements Tattoo Stuff\",\"description\":\"Premium tattoo needles\",\"publisher\":{\"@id\":\"https:\\\/\\\/5etattoostuff.com\\\/#organization\"},\"alternateName\":\"5E\",\"potentialAction\":[{\"@type\":\"SearchAction\",\"target\":{\"@type\":\"EntryPoint\",\"urlTemplate\":\"https:\\\/\\\/5etattoostuff.com\\\/?s={search_term_string}\"},\"query-input\":{\"@type\":\"PropertyValueSpecification\",\"valueRequired\":true,\"valueName\":\"search_term_string\"}}],\"inLanguage\":\"es\"},{\"@type\":\"Organization\",\"@id\":\"https:\\\/\\\/5etattoostuff.com\\\/#organization\",\"name\":\"5 Elements Tattoo Stuff\",\"url\":\"https:\\\/\\\/5etattoostuff.com\\\/\",\"logo\":{\"@type\":\"ImageObject\",\"inLanguage\":\"es\",\"@id\":\"https:\\\/\\\/5etattoostuff.com\\\/#\\\/schema\\\/logo\\\/image\\\/\",\"url\":\"https:\\\/\\\/5etattoostuff.com\\\/wp-content\\\/uploads\\\/2023\\\/03\\\/Logo-5e.png\",\"contentUrl\":\"https:\\\/\\\/5etattoostuff.com\\\/wp-content\\\/uploads\\\/2023\\\/03\\\/Logo-5e.png\",\"width\":661,\"height\":378,\"caption\":\"5 Elements Tattoo Stuff\"},\"image\":{\"@id\":\"https:\\\/\\\/5etattoostuff.com\\\/#\\\/schema\\\/logo\\\/image\\\/\"},\"sameAs\":[\"https:\\\/\\\/www.instagram.com\\\/5e.tattoostuff\\\/\"],\"email\":\"contact@5etattoostuff.com\",\"telephone\":\"+41 (0)76 681 06 68\"}]}<\/script>\n<!-- \/ Yoast SEO Premium plugin. -->","yoast_head_json":{"title":"Tattoo Needle Magnum 0.30mm - 5 Elements Tattoo Stuff","description":"Each box contains 20 meticulously crafted, disposable, and sterilized Magnum tattoo needle modules with a long taper for impeccable results every time.","robots":{"index":"index","follow":"follow","max-snippet":"max-snippet:-1","max-image-preview":"max-image-preview:large","max-video-preview":"max-video-preview:-1"},"canonical":"https:\/\/5etattoostuff.com\/es\/producto\/aguja-tatuaje-magnum-0-30mm\/","og_locale":"es_ES","og_type":"article","og_title":"Tattoo Needle Magnum 0.30mm","og_description":"Each box contains 20 meticulously crafted, disposable, and sterilized Magnum tattoo needle modules with a long taper for impeccable results every time.","og_url":"https:\/\/5etattoostuff.com\/es\/producto\/aguja-tatuaje-magnum-0-30mm\/","og_site_name":"5 Elements Tattoo Stuff","article_modified_time":"2024-10-03T09:30:16+00:00","og_image":[{"width":843,"height":843,"url":"https:\/\/5etattoostuff.com\/wp-content\/uploads\/2024\/03\/Agujas-para-tatuar-Magnum-2-c.png","type":"image\/png"}],"twitter_card":"summary_large_image","twitter_misc":{"Tiempo de lectura":"2 minutos"},"schema":{"@context":"https:\/\/schema.org","@graph":[{"@type":"WebPage","@id":"https:\/\/5etattoostuff.com\/producto\/tattoo-needle-magnum-0-30mm\/","url":"https:\/\/5etattoostuff.com\/producto\/tattoo-needle-magnum-0-30mm\/","name":"Tattoo Needle Magnum 0.30mm - 5 Elements Tattoo Stuff","isPartOf":{"@id":"https:\/\/5etattoostuff.com\/#website"},"primaryImageOfPage":{"@id":"https:\/\/5etattoostuff.com\/producto\/tattoo-needle-magnum-0-30mm\/#primaryimage"},"image":{"@id":"https:\/\/5etattoostuff.com\/producto\/tattoo-needle-magnum-0-30mm\/#primaryimage"},"thumbnailUrl":"https:\/\/5etattoostuff.com\/wp-content\/uploads\/2024\/03\/Agujas-para-tatuar-Magnum-2-c.png","datePublished":"2023-04-15T17:25:16+00:00","dateModified":"2024-10-03T09:30:16+00:00","description":"Each box contains 20 meticulously crafted, disposable, and sterilized Magnum tattoo needle modules with a long taper for impeccable results every time.","breadcrumb":{"@id":"https:\/\/5etattoostuff.com\/producto\/tattoo-needle-magnum-0-30mm\/#breadcrumb"},"inLanguage":"es","potentialAction":[{"@type":"ReadAction","target":["https:\/\/5etattoostuff.com\/producto\/tattoo-needle-magnum-0-30mm\/"]}]},{"@type":"ImageObject","inLanguage":"es","@id":"https:\/\/5etattoostuff.com\/producto\/tattoo-needle-magnum-0-30mm\/#primaryimage","url":"https:\/\/5etattoostuff.com\/wp-content\/uploads\/2024\/03\/Agujas-para-tatuar-Magnum-2-c.png","contentUrl":"https:\/\/5etattoostuff.com\/wp-content\/uploads\/2024\/03\/Agujas-para-tatuar-Magnum-2-c.png","width":843,"height":843,"caption":"5 Elements Premium Magnum Tattoo Needle"},{"@type":"BreadcrumbList","@id":"https:\/\/5etattoostuff.com\/producto\/tattoo-needle-magnum-0-30mm\/#breadcrumb","itemListElement":[{"@type":"ListItem","position":1,"name":"Portada","item":"https:\/\/5etattoostuff.com\/"},{"@type":"ListItem","position":2,"name":"Shop","item":"https:\/\/5etattoostuff.com\/"},{"@type":"ListItem","position":3,"name":"Tattoo Needle Magnum 0.30mm"}]},{"@type":"WebSite","@id":"https:\/\/5etattoostuff.com\/#website","url":"https:\/\/5etattoostuff.com\/","name":"5 Elements Tattoo Stuff","description":"Premium tattoo needles","publisher":{"@id":"https:\/\/5etattoostuff.com\/#organization"},"alternateName":"5E","potentialAction":[{"@type":"SearchAction","target":{"@type":"EntryPoint","urlTemplate":"https:\/\/5etattoostuff.com\/?s={search_term_string}"},"query-input":{"@type":"PropertyValueSpecification","valueRequired":true,"valueName":"search_term_string"}}],"inLanguage":"es"},{"@type":"Organization","@id":"https:\/\/5etattoostuff.com\/#organization","name":"5 Elements Tattoo Stuff","url":"https:\/\/5etattoostuff.com\/","logo":{"@type":"ImageObject","inLanguage":"es","@id":"https:\/\/5etattoostuff.com\/#\/schema\/logo\/image\/","url":"https:\/\/5etattoostuff.com\/wp-content\/uploads\/2023\/03\/Logo-5e.png","contentUrl":"https:\/\/5etattoostuff.com\/wp-content\/uploads\/2023\/03\/Logo-5e.png","width":661,"height":378,"caption":"5 Elements Tattoo Stuff"},"image":{"@id":"https:\/\/5etattoostuff.com\/#\/schema\/logo\/image\/"},"sameAs":["https:\/\/www.instagram.com\/5e.tattoostuff\/"],"email":"contact@5etattoostuff.com","telephone":"+41 (0)76 681 06 68"}]}},"jetpack_sharing_enabled":true,"_links":{"self":[{"href":"https:\/\/5etattoostuff.com\/es\/wp-json\/wp\/v2\/product\/5035","targetHints":{"allow":["GET"]}}],"collection":[{"href":"https:\/\/5etattoostuff.com\/es\/wp-json\/wp\/v2\/product"}],"about":[{"href":"https:\/\/5etattoostuff.com\/es\/wp-json\/wp\/v2\/types\/product"}],"wp:featuredmedia":[{"embeddable":true,"href":"https:\/\/5etattoostuff.com\/es\/wp-json\/wp\/v2\/media\/6027"}],"wp:attachment":[{"href":"https:\/\/5etattoostuff.com\/es\/wp-json\/wp\/v2\/media?parent=5035"}],"wp:term":[{"taxonomy":"product_brand","embeddable":true,"href":"https:\/\/5etattoostuff.com\/es\/wp-json\/wp\/v2\/product_brand?post=5035"},{"taxonomy":"product_cat","embeddable":true,"href":"https:\/\/5etattoostuff.com\/es\/wp-json\/wp\/v2\/product_cat?post=5035"},{"taxonomy":"product_tag","embeddable":true,"href":"https:\/\/5etattoostuff.com\/es\/wp-json\/wp\/v2\/product_tag?post=5035"}],"curies":[{"name":"wp","href":"https:\/\/api.w.org\/{rel}","templated":true}]}}