{"id":6624,"date":"2024-09-16T21:16:02","date_gmt":"2024-09-16T19:16:02","guid":{"rendered":"https:\/\/5etattoostuff.com\/?post_type=product&#038;p=6624"},"modified":"2025-03-20T12:21:26","modified_gmt":"2025-03-20T11:21:26","slug":"tattoo-ink-caps","status":"publish","type":"product","link":"https:\/\/5etattoostuff.com\/es\/producto\/tapones-de-tinta-para-tatuajes\/","title":{"rendered":"Tapas de tinta para tatuajes"},"content":{"rendered":"<p>Nuestra <strong>Tapas de tinta para tatuajes<\/strong> son un accesorio esencial para cualquier tatuador profesional, ya que proporcionan una soluci\u00f3n fiable e higi\u00e9nica para sujetar la tinta durante las sesiones de tatuaje. Con 1000 unidades por paquete, tendr\u00e1s un amplio suministro para mantener tu flujo de trabajo, sin importar el tama\u00f1o o la complejidad del proyecto. Dise\u00f1ados para ofrecer durabilidad y estabilidad, estos tapones de tinta garantizan que la tinta permanezca en su sitio, reduciendo los derrames y permiti\u00e9ndote trabajar con eficacia.<\/p>\n<p>Estos tapones de tinta para tatuajes est\u00e1n fabricados con pl\u00e1stico de alta calidad que es seguro, no t\u00f3xico e ideal para su uso en entornos est\u00e9riles. Disponibles en un tama\u00f1o vers\u00e1til que se adapta a la mayor\u00eda de los soportes de tinta est\u00e1ndar, son perfectos para contener diversas cantidades de tinta o pigmento. Su dise\u00f1o transparente permite ver f\u00e1cilmente los colores de la tinta, garantizando precisi\u00f3n y consistencia en tu trabajo.<\/p>\n<p>Tanto si trabajas con peque\u00f1os detalles como con grandes tatuajes, nuestros tapones de tinta te proporcionan el control que necesitas para mantener tus colores organizados y f\u00e1cilmente accesibles. Est\u00e1n dise\u00f1ados para un solo uso a fin de evitar la contaminaci\u00f3n cruzada, lo que los convierte en la opci\u00f3n ideal para mantener la higiene y la seguridad en tu estudio de tatuaje.<\/p>\n<p>Con un gran paquete de 1000 tapones de tinta, siempre tendr\u00e1s a mano lo que necesitas para realizar tatuajes profesionales de alta calidad. Estos tapones de tinta son aptos para cualquier tipo de tinta de tatuaje, por lo que son imprescindibles para cualquier tatuador.<\/p>\n<p><strong>Caracter\u00edsticas principales:<\/strong><\/p>\n<ul>\n<li>1000 unidades por paquete<\/li>\n<li>De alta calidad<\/li>\n<li>Transparente para facilitar la visibilidad de los colores de la tinta<\/li>\n<li>De un solo uso para mayor higiene y seguridad<\/li>\n<li>Se adapta a la mayor\u00eda de los soportes de tinta est\u00e1ndar<\/li>\n<\/ul>","protected":false},"excerpt":{"rendered":"<p>Mant\u00e9n tus sesiones de tatuaje limpias y organizadas con nuestro paquete de 1000 tapones transparentes de alta calidad para tinta de tatuaje, dise\u00f1ados para la higiene y la precisi\u00f3n.<\/p>","protected":false},"featured_media":7669,"template":"","meta":[],"product_brand":[],"product_cat":[157],"product_tag":[],"class_list":{"0":"post-6624","1":"product","2":"type-product","3":"status-publish","4":"has-post-thumbnail","6":"product_cat-tattoo-equipment","8":"first","9":"instock","10":"taxable","11":"shipping-taxable","12":"purchasable","13":"product-type-variable"},"yoast_head":"<!-- This site is optimized with the Yoast SEO Premium plugin v23.6 (Yoast SEO v27.5) - https:\/\/yoast.com\/product\/yoast-seo-premium-wordpress\/ -->\n<title>Tattoo Ink Caps - 5 Elements Tattoo Stuff<\/title>\n<meta name=\"description\" content=\"Stock up on Tattoo Ink Caps with our 1000-piece pack, perfect for professional tattoo artists. Fits most standard ink stands.\" \/>\n<meta name=\"robots\" content=\"index, follow, max-snippet:-1, max-image-preview:large, max-video-preview:-1\" \/>\n<link rel=\"canonical\" href=\"https:\/\/5etattoostuff.com\/es\/producto\/tapones-de-tinta-para-tatuajes\/\" \/>\n<meta property=\"og:locale\" content=\"es_ES\" \/>\n<meta property=\"og:type\" content=\"article\" \/>\n<meta property=\"og:title\" content=\"Tattoo Ink Caps\" \/>\n<meta property=\"og:description\" content=\"Stock up on Tattoo Ink Caps with our 1000-piece pack, perfect for professional tattoo artists. Fits most standard ink stands.\" \/>\n<meta property=\"og:url\" content=\"https:\/\/5etattoostuff.com\/es\/producto\/tapones-de-tinta-para-tatuajes\/\" \/>\n<meta property=\"og:site_name\" content=\"5 Elements Tattoo Stuff\" \/>\n<meta property=\"article:modified_time\" content=\"2025-03-20T11:21:26+00:00\" \/>\n<meta property=\"og:image\" content=\"https:\/\/5etattoostuff.com\/wp-content\/uploads\/2024\/09\/cups.jpeg\" \/>\n\t<meta property=\"og:image:width\" content=\"1216\" \/>\n\t<meta property=\"og:image:height\" content=\"1000\" \/>\n\t<meta property=\"og:image:type\" content=\"image\/jpeg\" \/>\n<meta name=\"twitter:card\" content=\"summary_large_image\" \/>\n<meta name=\"twitter:label1\" content=\"Tiempo de lectura\" \/>\n\t<meta name=\"twitter:data1\" content=\"2 minutos\" \/>\n<script type=\"application\/ld+json\" class=\"yoast-schema-graph\">{\"@context\":\"https:\\\/\\\/schema.org\",\"@graph\":[{\"@type\":\"WebPage\",\"@id\":\"https:\\\/\\\/5etattoostuff.com\\\/producto\\\/tattoo-ink-caps\\\/\",\"url\":\"https:\\\/\\\/5etattoostuff.com\\\/producto\\\/tattoo-ink-caps\\\/\",\"name\":\"Tattoo Ink Caps - 5 Elements Tattoo Stuff\",\"isPartOf\":{\"@id\":\"https:\\\/\\\/5etattoostuff.com\\\/#website\"},\"primaryImageOfPage\":{\"@id\":\"https:\\\/\\\/5etattoostuff.com\\\/producto\\\/tattoo-ink-caps\\\/#primaryimage\"},\"image\":{\"@id\":\"https:\\\/\\\/5etattoostuff.com\\\/producto\\\/tattoo-ink-caps\\\/#primaryimage\"},\"thumbnailUrl\":\"https:\\\/\\\/5etattoostuff.com\\\/wp-content\\\/uploads\\\/2024\\\/09\\\/cups.jpeg\",\"datePublished\":\"2024-09-16T19:16:02+00:00\",\"dateModified\":\"2025-03-20T11:21:26+00:00\",\"description\":\"Stock up on Tattoo Ink Caps with our 1000-piece pack, perfect for professional tattoo artists. Fits most standard ink stands.\",\"breadcrumb\":{\"@id\":\"https:\\\/\\\/5etattoostuff.com\\\/producto\\\/tattoo-ink-caps\\\/#breadcrumb\"},\"inLanguage\":\"es\",\"potentialAction\":[{\"@type\":\"ReadAction\",\"target\":[\"https:\\\/\\\/5etattoostuff.com\\\/producto\\\/tattoo-ink-caps\\\/\"]}]},{\"@type\":\"ImageObject\",\"inLanguage\":\"es\",\"@id\":\"https:\\\/\\\/5etattoostuff.com\\\/producto\\\/tattoo-ink-caps\\\/#primaryimage\",\"url\":\"https:\\\/\\\/5etattoostuff.com\\\/wp-content\\\/uploads\\\/2024\\\/09\\\/cups.jpeg\",\"contentUrl\":\"https:\\\/\\\/5etattoostuff.com\\\/wp-content\\\/uploads\\\/2024\\\/09\\\/cups.jpeg\",\"width\":1216,\"height\":1000},{\"@type\":\"BreadcrumbList\",\"@id\":\"https:\\\/\\\/5etattoostuff.com\\\/producto\\\/tattoo-ink-caps\\\/#breadcrumb\",\"itemListElement\":[{\"@type\":\"ListItem\",\"position\":1,\"name\":\"Portada\",\"item\":\"https:\\\/\\\/5etattoostuff.com\\\/\"},{\"@type\":\"ListItem\",\"position\":2,\"name\":\"Shop\",\"item\":\"https:\\\/\\\/5etattoostuff.com\\\/\"},{\"@type\":\"ListItem\",\"position\":3,\"name\":\"Tattoo Ink Caps\"}]},{\"@type\":\"WebSite\",\"@id\":\"https:\\\/\\\/5etattoostuff.com\\\/#website\",\"url\":\"https:\\\/\\\/5etattoostuff.com\\\/\",\"name\":\"5 Elements Tattoo Stuff\",\"description\":\"Premium tattoo needles\",\"publisher\":{\"@id\":\"https:\\\/\\\/5etattoostuff.com\\\/#organization\"},\"alternateName\":\"5E\",\"potentialAction\":[{\"@type\":\"SearchAction\",\"target\":{\"@type\":\"EntryPoint\",\"urlTemplate\":\"https:\\\/\\\/5etattoostuff.com\\\/?s={search_term_string}\"},\"query-input\":{\"@type\":\"PropertyValueSpecification\",\"valueRequired\":true,\"valueName\":\"search_term_string\"}}],\"inLanguage\":\"es\"},{\"@type\":\"Organization\",\"@id\":\"https:\\\/\\\/5etattoostuff.com\\\/#organization\",\"name\":\"5 Elements Tattoo Stuff\",\"url\":\"https:\\\/\\\/5etattoostuff.com\\\/\",\"logo\":{\"@type\":\"ImageObject\",\"inLanguage\":\"es\",\"@id\":\"https:\\\/\\\/5etattoostuff.com\\\/#\\\/schema\\\/logo\\\/image\\\/\",\"url\":\"https:\\\/\\\/5etattoostuff.com\\\/wp-content\\\/uploads\\\/2023\\\/03\\\/Logo-5e.png\",\"contentUrl\":\"https:\\\/\\\/5etattoostuff.com\\\/wp-content\\\/uploads\\\/2023\\\/03\\\/Logo-5e.png\",\"width\":661,\"height\":378,\"caption\":\"5 Elements Tattoo Stuff\"},\"image\":{\"@id\":\"https:\\\/\\\/5etattoostuff.com\\\/#\\\/schema\\\/logo\\\/image\\\/\"},\"sameAs\":[\"https:\\\/\\\/www.instagram.com\\\/5e.tattoostuff\\\/\"],\"email\":\"contact@5etattoostuff.com\",\"telephone\":\"+41 (0)76 681 06 68\"}]}<\/script>\n<!-- \/ Yoast SEO Premium plugin. -->","yoast_head_json":{"title":"Tattoo Ink Caps - 5 Elements Tattoo Stuff","description":"Stock up on Tattoo Ink Caps with our 1000-piece pack, perfect for professional tattoo artists. Fits most standard ink stands.","robots":{"index":"index","follow":"follow","max-snippet":"max-snippet:-1","max-image-preview":"max-image-preview:large","max-video-preview":"max-video-preview:-1"},"canonical":"https:\/\/5etattoostuff.com\/es\/producto\/tapones-de-tinta-para-tatuajes\/","og_locale":"es_ES","og_type":"article","og_title":"Tattoo Ink Caps","og_description":"Stock up on Tattoo Ink Caps with our 1000-piece pack, perfect for professional tattoo artists. Fits most standard ink stands.","og_url":"https:\/\/5etattoostuff.com\/es\/producto\/tapones-de-tinta-para-tatuajes\/","og_site_name":"5 Elements Tattoo Stuff","article_modified_time":"2025-03-20T11:21:26+00:00","og_image":[{"width":1216,"height":1000,"url":"https:\/\/5etattoostuff.com\/wp-content\/uploads\/2024\/09\/cups.jpeg","type":"image\/jpeg"}],"twitter_card":"summary_large_image","twitter_misc":{"Tiempo de lectura":"2 minutos"},"schema":{"@context":"https:\/\/schema.org","@graph":[{"@type":"WebPage","@id":"https:\/\/5etattoostuff.com\/producto\/tattoo-ink-caps\/","url":"https:\/\/5etattoostuff.com\/producto\/tattoo-ink-caps\/","name":"Tattoo Ink Caps - 5 Elements Tattoo Stuff","isPartOf":{"@id":"https:\/\/5etattoostuff.com\/#website"},"primaryImageOfPage":{"@id":"https:\/\/5etattoostuff.com\/producto\/tattoo-ink-caps\/#primaryimage"},"image":{"@id":"https:\/\/5etattoostuff.com\/producto\/tattoo-ink-caps\/#primaryimage"},"thumbnailUrl":"https:\/\/5etattoostuff.com\/wp-content\/uploads\/2024\/09\/cups.jpeg","datePublished":"2024-09-16T19:16:02+00:00","dateModified":"2025-03-20T11:21:26+00:00","description":"Stock up on Tattoo Ink Caps with our 1000-piece pack, perfect for professional tattoo artists. Fits most standard ink stands.","breadcrumb":{"@id":"https:\/\/5etattoostuff.com\/producto\/tattoo-ink-caps\/#breadcrumb"},"inLanguage":"es","potentialAction":[{"@type":"ReadAction","target":["https:\/\/5etattoostuff.com\/producto\/tattoo-ink-caps\/"]}]},{"@type":"ImageObject","inLanguage":"es","@id":"https:\/\/5etattoostuff.com\/producto\/tattoo-ink-caps\/#primaryimage","url":"https:\/\/5etattoostuff.com\/wp-content\/uploads\/2024\/09\/cups.jpeg","contentUrl":"https:\/\/5etattoostuff.com\/wp-content\/uploads\/2024\/09\/cups.jpeg","width":1216,"height":1000},{"@type":"BreadcrumbList","@id":"https:\/\/5etattoostuff.com\/producto\/tattoo-ink-caps\/#breadcrumb","itemListElement":[{"@type":"ListItem","position":1,"name":"Portada","item":"https:\/\/5etattoostuff.com\/"},{"@type":"ListItem","position":2,"name":"Shop","item":"https:\/\/5etattoostuff.com\/"},{"@type":"ListItem","position":3,"name":"Tattoo Ink Caps"}]},{"@type":"WebSite","@id":"https:\/\/5etattoostuff.com\/#website","url":"https:\/\/5etattoostuff.com\/","name":"5 Elements Tattoo Stuff","description":"Premium tattoo needles","publisher":{"@id":"https:\/\/5etattoostuff.com\/#organization"},"alternateName":"5E","potentialAction":[{"@type":"SearchAction","target":{"@type":"EntryPoint","urlTemplate":"https:\/\/5etattoostuff.com\/?s={search_term_string}"},"query-input":{"@type":"PropertyValueSpecification","valueRequired":true,"valueName":"search_term_string"}}],"inLanguage":"es"},{"@type":"Organization","@id":"https:\/\/5etattoostuff.com\/#organization","name":"5 Elements Tattoo Stuff","url":"https:\/\/5etattoostuff.com\/","logo":{"@type":"ImageObject","inLanguage":"es","@id":"https:\/\/5etattoostuff.com\/#\/schema\/logo\/image\/","url":"https:\/\/5etattoostuff.com\/wp-content\/uploads\/2023\/03\/Logo-5e.png","contentUrl":"https:\/\/5etattoostuff.com\/wp-content\/uploads\/2023\/03\/Logo-5e.png","width":661,"height":378,"caption":"5 Elements Tattoo Stuff"},"image":{"@id":"https:\/\/5etattoostuff.com\/#\/schema\/logo\/image\/"},"sameAs":["https:\/\/www.instagram.com\/5e.tattoostuff\/"],"email":"contact@5etattoostuff.com","telephone":"+41 (0)76 681 06 68"}]}},"jetpack_sharing_enabled":true,"_links":{"self":[{"href":"https:\/\/5etattoostuff.com\/es\/wp-json\/wp\/v2\/product\/6624","targetHints":{"allow":["GET"]}}],"collection":[{"href":"https:\/\/5etattoostuff.com\/es\/wp-json\/wp\/v2\/product"}],"about":[{"href":"https:\/\/5etattoostuff.com\/es\/wp-json\/wp\/v2\/types\/product"}],"wp:featuredmedia":[{"embeddable":true,"href":"https:\/\/5etattoostuff.com\/es\/wp-json\/wp\/v2\/media\/7669"}],"wp:attachment":[{"href":"https:\/\/5etattoostuff.com\/es\/wp-json\/wp\/v2\/media?parent=6624"}],"wp:term":[{"taxonomy":"product_brand","embeddable":true,"href":"https:\/\/5etattoostuff.com\/es\/wp-json\/wp\/v2\/product_brand?post=6624"},{"taxonomy":"product_cat","embeddable":true,"href":"https:\/\/5etattoostuff.com\/es\/wp-json\/wp\/v2\/product_cat?post=6624"},{"taxonomy":"product_tag","embeddable":true,"href":"https:\/\/5etattoostuff.com\/es\/wp-json\/wp\/v2\/product_tag?post=6624"}],"curies":[{"name":"wp","href":"https:\/\/api.w.org\/{rel}","templated":true}]}}