{"id":6747,"date":"2024-09-19T21:54:22","date_gmt":"2024-09-19T19:54:22","guid":{"rendered":"https:\/\/5etattoostuff.com\/?post_type=product&#038;p=6747"},"modified":"2025-03-20T12:20:49","modified_gmt":"2025-03-20T11:20:49","slug":"ez-pen-machine-bags","status":"publish","type":"product","link":"https:\/\/5etattoostuff.com\/es\/producto\/bolsas-ez-pen-machine\/","title":{"rendered":"Bolsas para m\u00e1quinas EZ Pen"},"content":{"rendered":"<p>Protege tu equipo de tatuaje y mant\u00e9n un espacio de trabajo higi\u00e9nico con nuestro <strong>Bolsas para m\u00e1quinas EZ Pen<\/strong>dise\u00f1adas espec\u00edficamente para las m\u00e1quinas de tatuar con bol\u00edgrafo. Cada caja incluye 125 bolsas desechables de alta calidad, que proporcionan una barrera eficaz que evita la contaminaci\u00f3n cruzada entre sesiones. Estas bolsas para m\u00e1quinas son perfectas para garantizar la limpieza a la vez que te permiten mantener un control total sobre tu m\u00e1quina de plumas.<\/p>\n<p>Fabricadas en pl\u00e1stico duradero y ligero, estas bolsas son f\u00e1ciles de colocar y se adaptan a la mayor\u00eda de las m\u00e1quinas de tatuar est\u00e1ndar. Su dise\u00f1o transparente te permite ver y ajustar tu equipo durante la sesi\u00f3n sin comprometer la seguridad ni la higiene. Con una gran abertura para facilitar la inserci\u00f3n, las bolsas tambi\u00e9n permiten que el cable de tu m\u00e1quina se ajuste con seguridad, garantizando un funcionamiento sin problemas durante todo el proceso de tatuaje.<\/p>\n<p>Dise\u00f1adas para un solo uso, estas bolsas para m\u00e1quinas EZ Pen ayudan a mantener estrictas normas de higiene, lo que las convierte en una herramienta esencial en cualquier estudio de tatuaje profesional. Al utilizar estas fundas protectoras, reduces el riesgo de que la tinta, la sangre y otros contaminantes lleguen a tu m\u00e1quina de tatuar, garantizando la seguridad tanto del artista como del cliente.<\/p>\n<p>Con 125 bolsas por caja, siempre tendr\u00e1s un suministro listo, lo que te dar\u00e1 tranquilidad mientras te centras en tu trabajo art\u00edstico. Compatibles con la mayor\u00eda de las m\u00e1quinas de tatuar tipo bol\u00edgrafo, estas bolsas son imprescindibles para los artistas que dan prioridad a la limpieza y la profesionalidad.<\/p>\n<p><strong>Caracter\u00edsticas principales:<\/strong><\/p>\n<ul>\n<li>125 unidades por caja<\/li>\n<li>Protege contra la contaminaci\u00f3n cruzada<\/li>\n<li>Hecho de pl\u00e1stico duradero y ligero<\/li>\n<li>Se adapta a la mayor\u00eda de las m\u00e1quinas de tatuar est\u00e1ndar<\/li>\n<li>Transparente para facilitar la supervisi\u00f3n y los ajustes<\/li>\n<li>De un solo uso para una higiene \u00f3ptima<\/li>\n<\/ul>","protected":false},"excerpt":{"rendered":"<p>Garantiza la higiene y la seguridad con nuestros desechables <strong>Bolsas para m\u00e1quinas EZ Pen<\/strong>dise\u00f1adas para proteger tu m\u00e1quina de tatuar. Cada caja contiene 125 bolsas transparentes y duraderas, perfectas para evitar la contaminaci\u00f3n cruzada.<\/p>","protected":false},"featured_media":7671,"template":"","meta":[],"product_brand":[],"product_cat":[157],"product_tag":[],"class_list":{"0":"post-6747","1":"product","2":"type-product","3":"status-publish","4":"has-post-thumbnail","6":"product_cat-tattoo-equipment","8":"first","9":"instock","10":"taxable","11":"shipping-taxable","12":"purchasable","13":"product-type-simple"},"yoast_head":"<!-- This site is optimized with the Yoast SEO Premium plugin v23.6 (Yoast SEO v27.6) - https:\/\/yoast.com\/product\/yoast-seo-premium-wordpress\/ -->\n<title>EZ Pen Machine Bags - 5 Elements Tattoo Stuff<\/title>\n<meta name=\"description\" content=\"Protect your tattoo equipment with our EZ Pen Machine Bags. Each box contains 125 disposable,clear and durable bags designed for tattoo pen machines. Suitable for most standard tattoo pen machines.\" \/>\n<meta name=\"robots\" content=\"index, follow, max-snippet:-1, max-image-preview:large, max-video-preview:-1\" \/>\n<link rel=\"canonical\" href=\"https:\/\/5etattoostuff.com\/es\/producto\/bolsas-ez-pen-machine\/\" \/>\n<meta property=\"og:locale\" content=\"es_ES\" \/>\n<meta property=\"og:type\" content=\"article\" \/>\n<meta property=\"og:title\" content=\"EZ Pen Machine Bags\" \/>\n<meta property=\"og:description\" content=\"Protect your tattoo equipment with our EZ Pen Machine Bags. Each box contains 125 disposable,clear and durable bags designed for tattoo pen machines. Suitable for most standard tattoo pen machines.\" \/>\n<meta property=\"og:url\" content=\"https:\/\/5etattoostuff.com\/es\/producto\/bolsas-ez-pen-machine\/\" \/>\n<meta property=\"og:site_name\" content=\"5 Elements Tattoo Stuff\" \/>\n<meta property=\"article:modified_time\" content=\"2025-03-20T11:20:49+00:00\" \/>\n<meta property=\"og:image\" content=\"https:\/\/5etattoostuff.com\/wp-content\/uploads\/2024\/09\/ez-pen-cover.jpeg\" \/>\n\t<meta property=\"og:image:width\" content=\"500\" \/>\n\t<meta property=\"og:image:height\" content=\"500\" \/>\n\t<meta property=\"og:image:type\" content=\"image\/jpeg\" \/>\n<meta name=\"twitter:card\" content=\"summary_large_image\" \/>\n<meta name=\"twitter:label1\" content=\"Tiempo de lectura\" \/>\n\t<meta name=\"twitter:data1\" content=\"2 minutos\" \/>\n<script type=\"application\/ld+json\" class=\"yoast-schema-graph\">{\"@context\":\"https:\\\/\\\/schema.org\",\"@graph\":[{\"@type\":\"WebPage\",\"@id\":\"https:\\\/\\\/5etattoostuff.com\\\/producto\\\/ez-pen-machine-bags\\\/\",\"url\":\"https:\\\/\\\/5etattoostuff.com\\\/producto\\\/ez-pen-machine-bags\\\/\",\"name\":\"EZ Pen Machine Bags - 5 Elements Tattoo Stuff\",\"isPartOf\":{\"@id\":\"https:\\\/\\\/5etattoostuff.com\\\/#website\"},\"primaryImageOfPage\":{\"@id\":\"https:\\\/\\\/5etattoostuff.com\\\/producto\\\/ez-pen-machine-bags\\\/#primaryimage\"},\"image\":{\"@id\":\"https:\\\/\\\/5etattoostuff.com\\\/producto\\\/ez-pen-machine-bags\\\/#primaryimage\"},\"thumbnailUrl\":\"https:\\\/\\\/5etattoostuff.com\\\/wp-content\\\/uploads\\\/2024\\\/09\\\/ez-pen-cover.jpeg\",\"datePublished\":\"2024-09-19T19:54:22+00:00\",\"dateModified\":\"2025-03-20T11:20:49+00:00\",\"description\":\"Protect your tattoo equipment with our EZ Pen Machine Bags. Each box contains 125 disposable,clear and durable bags designed for tattoo pen machines. Suitable for most standard tattoo pen machines.\",\"breadcrumb\":{\"@id\":\"https:\\\/\\\/5etattoostuff.com\\\/producto\\\/ez-pen-machine-bags\\\/#breadcrumb\"},\"inLanguage\":\"es\",\"potentialAction\":[{\"@type\":\"ReadAction\",\"target\":[\"https:\\\/\\\/5etattoostuff.com\\\/producto\\\/ez-pen-machine-bags\\\/\"]}]},{\"@type\":\"ImageObject\",\"inLanguage\":\"es\",\"@id\":\"https:\\\/\\\/5etattoostuff.com\\\/producto\\\/ez-pen-machine-bags\\\/#primaryimage\",\"url\":\"https:\\\/\\\/5etattoostuff.com\\\/wp-content\\\/uploads\\\/2024\\\/09\\\/ez-pen-cover.jpeg\",\"contentUrl\":\"https:\\\/\\\/5etattoostuff.com\\\/wp-content\\\/uploads\\\/2024\\\/09\\\/ez-pen-cover.jpeg\",\"width\":500,\"height\":500},{\"@type\":\"BreadcrumbList\",\"@id\":\"https:\\\/\\\/5etattoostuff.com\\\/producto\\\/ez-pen-machine-bags\\\/#breadcrumb\",\"itemListElement\":[{\"@type\":\"ListItem\",\"position\":1,\"name\":\"Portada\",\"item\":\"https:\\\/\\\/5etattoostuff.com\\\/\"},{\"@type\":\"ListItem\",\"position\":2,\"name\":\"Shop\",\"item\":\"https:\\\/\\\/5etattoostuff.com\\\/\"},{\"@type\":\"ListItem\",\"position\":3,\"name\":\"EZ Pen Machine Bags\"}]},{\"@type\":\"WebSite\",\"@id\":\"https:\\\/\\\/5etattoostuff.com\\\/#website\",\"url\":\"https:\\\/\\\/5etattoostuff.com\\\/\",\"name\":\"5 Elements Tattoo Stuff\",\"description\":\"Premium tattoo needles\",\"publisher\":{\"@id\":\"https:\\\/\\\/5etattoostuff.com\\\/#organization\"},\"alternateName\":\"5E\",\"potentialAction\":[{\"@type\":\"SearchAction\",\"target\":{\"@type\":\"EntryPoint\",\"urlTemplate\":\"https:\\\/\\\/5etattoostuff.com\\\/?s={search_term_string}\"},\"query-input\":{\"@type\":\"PropertyValueSpecification\",\"valueRequired\":true,\"valueName\":\"search_term_string\"}}],\"inLanguage\":\"es\"},{\"@type\":\"Organization\",\"@id\":\"https:\\\/\\\/5etattoostuff.com\\\/#organization\",\"name\":\"5 Elements Tattoo Stuff\",\"url\":\"https:\\\/\\\/5etattoostuff.com\\\/\",\"logo\":{\"@type\":\"ImageObject\",\"inLanguage\":\"es\",\"@id\":\"https:\\\/\\\/5etattoostuff.com\\\/#\\\/schema\\\/logo\\\/image\\\/\",\"url\":\"https:\\\/\\\/5etattoostuff.com\\\/wp-content\\\/uploads\\\/2023\\\/03\\\/Logo-5e.png\",\"contentUrl\":\"https:\\\/\\\/5etattoostuff.com\\\/wp-content\\\/uploads\\\/2023\\\/03\\\/Logo-5e.png\",\"width\":661,\"height\":378,\"caption\":\"5 Elements Tattoo Stuff\"},\"image\":{\"@id\":\"https:\\\/\\\/5etattoostuff.com\\\/#\\\/schema\\\/logo\\\/image\\\/\"},\"sameAs\":[\"https:\\\/\\\/www.instagram.com\\\/5e.tattoostuff\\\/\"],\"email\":\"contact@5etattoostuff.com\",\"telephone\":\"+41 (0)76 681 06 68\"}]}<\/script>\n<!-- \/ Yoast SEO Premium plugin. -->","yoast_head_json":{"title":"EZ Pen Machine Bags - 5 Elements Tattoo Stuff","description":"Protect your tattoo equipment with our EZ Pen Machine Bags. Each box contains 125 disposable,clear and durable bags designed for tattoo pen machines. Suitable for most standard tattoo pen machines.","robots":{"index":"index","follow":"follow","max-snippet":"max-snippet:-1","max-image-preview":"max-image-preview:large","max-video-preview":"max-video-preview:-1"},"canonical":"https:\/\/5etattoostuff.com\/es\/producto\/bolsas-ez-pen-machine\/","og_locale":"es_ES","og_type":"article","og_title":"EZ Pen Machine Bags","og_description":"Protect your tattoo equipment with our EZ Pen Machine Bags. Each box contains 125 disposable,clear and durable bags designed for tattoo pen machines. Suitable for most standard tattoo pen machines.","og_url":"https:\/\/5etattoostuff.com\/es\/producto\/bolsas-ez-pen-machine\/","og_site_name":"5 Elements Tattoo Stuff","article_modified_time":"2025-03-20T11:20:49+00:00","og_image":[{"width":500,"height":500,"url":"https:\/\/5etattoostuff.com\/wp-content\/uploads\/2024\/09\/ez-pen-cover.jpeg","type":"image\/jpeg"}],"twitter_card":"summary_large_image","twitter_misc":{"Tiempo de lectura":"2 minutos"},"schema":{"@context":"https:\/\/schema.org","@graph":[{"@type":"WebPage","@id":"https:\/\/5etattoostuff.com\/producto\/ez-pen-machine-bags\/","url":"https:\/\/5etattoostuff.com\/producto\/ez-pen-machine-bags\/","name":"EZ Pen Machine Bags - 5 Elements Tattoo Stuff","isPartOf":{"@id":"https:\/\/5etattoostuff.com\/#website"},"primaryImageOfPage":{"@id":"https:\/\/5etattoostuff.com\/producto\/ez-pen-machine-bags\/#primaryimage"},"image":{"@id":"https:\/\/5etattoostuff.com\/producto\/ez-pen-machine-bags\/#primaryimage"},"thumbnailUrl":"https:\/\/5etattoostuff.com\/wp-content\/uploads\/2024\/09\/ez-pen-cover.jpeg","datePublished":"2024-09-19T19:54:22+00:00","dateModified":"2025-03-20T11:20:49+00:00","description":"Protect your tattoo equipment with our EZ Pen Machine Bags. Each box contains 125 disposable,clear and durable bags designed for tattoo pen machines. Suitable for most standard tattoo pen machines.","breadcrumb":{"@id":"https:\/\/5etattoostuff.com\/producto\/ez-pen-machine-bags\/#breadcrumb"},"inLanguage":"es","potentialAction":[{"@type":"ReadAction","target":["https:\/\/5etattoostuff.com\/producto\/ez-pen-machine-bags\/"]}]},{"@type":"ImageObject","inLanguage":"es","@id":"https:\/\/5etattoostuff.com\/producto\/ez-pen-machine-bags\/#primaryimage","url":"https:\/\/5etattoostuff.com\/wp-content\/uploads\/2024\/09\/ez-pen-cover.jpeg","contentUrl":"https:\/\/5etattoostuff.com\/wp-content\/uploads\/2024\/09\/ez-pen-cover.jpeg","width":500,"height":500},{"@type":"BreadcrumbList","@id":"https:\/\/5etattoostuff.com\/producto\/ez-pen-machine-bags\/#breadcrumb","itemListElement":[{"@type":"ListItem","position":1,"name":"Portada","item":"https:\/\/5etattoostuff.com\/"},{"@type":"ListItem","position":2,"name":"Shop","item":"https:\/\/5etattoostuff.com\/"},{"@type":"ListItem","position":3,"name":"EZ Pen Machine Bags"}]},{"@type":"WebSite","@id":"https:\/\/5etattoostuff.com\/#website","url":"https:\/\/5etattoostuff.com\/","name":"5 Elements Tattoo Stuff","description":"Premium tattoo needles","publisher":{"@id":"https:\/\/5etattoostuff.com\/#organization"},"alternateName":"5E","potentialAction":[{"@type":"SearchAction","target":{"@type":"EntryPoint","urlTemplate":"https:\/\/5etattoostuff.com\/?s={search_term_string}"},"query-input":{"@type":"PropertyValueSpecification","valueRequired":true,"valueName":"search_term_string"}}],"inLanguage":"es"},{"@type":"Organization","@id":"https:\/\/5etattoostuff.com\/#organization","name":"5 Elements Tattoo Stuff","url":"https:\/\/5etattoostuff.com\/","logo":{"@type":"ImageObject","inLanguage":"es","@id":"https:\/\/5etattoostuff.com\/#\/schema\/logo\/image\/","url":"https:\/\/5etattoostuff.com\/wp-content\/uploads\/2023\/03\/Logo-5e.png","contentUrl":"https:\/\/5etattoostuff.com\/wp-content\/uploads\/2023\/03\/Logo-5e.png","width":661,"height":378,"caption":"5 Elements Tattoo Stuff"},"image":{"@id":"https:\/\/5etattoostuff.com\/#\/schema\/logo\/image\/"},"sameAs":["https:\/\/www.instagram.com\/5e.tattoostuff\/"],"email":"contact@5etattoostuff.com","telephone":"+41 (0)76 681 06 68"}]}},"jetpack_sharing_enabled":true,"_links":{"self":[{"href":"https:\/\/5etattoostuff.com\/es\/wp-json\/wp\/v2\/product\/6747","targetHints":{"allow":["GET"]}}],"collection":[{"href":"https:\/\/5etattoostuff.com\/es\/wp-json\/wp\/v2\/product"}],"about":[{"href":"https:\/\/5etattoostuff.com\/es\/wp-json\/wp\/v2\/types\/product"}],"wp:featuredmedia":[{"embeddable":true,"href":"https:\/\/5etattoostuff.com\/es\/wp-json\/wp\/v2\/media\/7671"}],"wp:attachment":[{"href":"https:\/\/5etattoostuff.com\/es\/wp-json\/wp\/v2\/media?parent=6747"}],"wp:term":[{"taxonomy":"product_brand","embeddable":true,"href":"https:\/\/5etattoostuff.com\/es\/wp-json\/wp\/v2\/product_brand?post=6747"},{"taxonomy":"product_cat","embeddable":true,"href":"https:\/\/5etattoostuff.com\/es\/wp-json\/wp\/v2\/product_cat?post=6747"},{"taxonomy":"product_tag","embeddable":true,"href":"https:\/\/5etattoostuff.com\/es\/wp-json\/wp\/v2\/product_tag?post=6747"}],"curies":[{"name":"wp","href":"https:\/\/api.w.org\/{rel}","templated":true}]}}