{"id":7685,"date":"2025-03-18T17:14:41","date_gmt":"2025-03-18T16:14:41","guid":{"rendered":"https:\/\/5etattoostuff.com\/?post_type=product&#038;p=7685"},"modified":"2025-04-01T12:28:07","modified_gmt":"2025-04-01T10:28:07","slug":"natural-jelly-cb2-tattoo-150ml","status":"publish","type":"product","link":"https:\/\/5etattoostuff.com\/es\/producto\/jalea-natural-cb2-tattoo-150ml\/","title":{"rendered":"JALEA NATURAL CB2 TATTOO 150ML."},"content":{"rendered":"<p>- Sustituye la vaselina blanca para tatuar con 100% ingredientes de origen vegetal, sin conservantes qu\u00edmicos, perfume ni colorantes artificiales.<br \/>\n- Su contenido en fitocannabinoides conduce a unas defensas inmunitarias m\u00e1s sanas, a reparar la barrera cut\u00e1nea y a mitigar la irritaci\u00f3n y las molestias de la piel tras el estr\u00e9s producido por el proceso del tatuaje.<\/p>\n<p>Presentaci\u00f3n:<\/p>\n<p>- Fondo 150 ml.<\/p>","protected":false},"excerpt":{"rendered":"<p>&#8211; Substitute for white petroleum jelly to tattoo with 100% ingredients of plant origin, free of chemical preservatives, perfume and artificial dyes. &#8211; Its content in phytocannabinoids leads to healthier immune defenses, to repair the skin barrier and mitigate the irritation and discomfort of the skin after the stress produced by the tattoo process. Presentation: [&hellip;]<\/p>","protected":false},"featured_media":7686,"template":"","meta":[],"product_brand":[],"product_cat":[141,151],"product_tag":[],"class_list":{"0":"post-7685","1":"product","2":"type-product","3":"status-publish","4":"has-post-thumbnail","6":"product_cat-skin-care","7":"product_cat-hygiene","9":"first","10":"instock","11":"taxable","12":"shipping-taxable","13":"purchasable","14":"product-type-simple"},"yoast_head":"<!-- This site is optimized with the Yoast SEO Premium plugin v23.6 (Yoast SEO v27.5) - https:\/\/yoast.com\/product\/yoast-seo-premium-wordpress\/ -->\n<title>NATURAL JELLY CB2 TATTOO 150ML. - 5 Elements Tattoo Stuff<\/title>\n<meta name=\"robots\" content=\"index, follow, max-snippet:-1, max-image-preview:large, max-video-preview:-1\" \/>\n<link rel=\"canonical\" href=\"https:\/\/5etattoostuff.com\/es\/producto\/jalea-natural-cb2-tattoo-150ml\/\" \/>\n<meta property=\"og:locale\" content=\"es_ES\" \/>\n<meta property=\"og:type\" content=\"article\" \/>\n<meta property=\"og:title\" content=\"NATURAL JELLY CB2 TATTOO 150ML.\" \/>\n<meta property=\"og:description\" content=\"&#8211; Substitute for white petroleum jelly to tattoo with 100% ingredients of plant origin, free of chemical preservatives, perfume and artificial dyes. &#8211; Its content in phytocannabinoids leads to healthier immune defenses, to repair the skin barrier and mitigate the irritation and discomfort of the skin after the stress produced by the tattoo process. Presentation: [&hellip;]\" \/>\n<meta property=\"og:url\" content=\"https:\/\/5etattoostuff.com\/es\/producto\/jalea-natural-cb2-tattoo-150ml\/\" \/>\n<meta property=\"og:site_name\" content=\"5 Elements Tattoo Stuff\" \/>\n<meta property=\"article:modified_time\" content=\"2025-04-01T10:28:07+00:00\" \/>\n<meta property=\"og:image\" content=\"https:\/\/5etattoostuff.com\/wp-content\/uploads\/2025\/03\/BUTTER-CBD.jpeg\" \/>\n\t<meta property=\"og:image:width\" content=\"780\" \/>\n\t<meta property=\"og:image:height\" content=\"780\" \/>\n\t<meta property=\"og:image:type\" content=\"image\/jpeg\" \/>\n<meta name=\"twitter:card\" content=\"summary_large_image\" \/>\n<meta name=\"twitter:label1\" content=\"Tiempo de lectura\" \/>\n\t<meta name=\"twitter:data1\" content=\"1 minuto\" \/>\n<script type=\"application\/ld+json\" class=\"yoast-schema-graph\">{\"@context\":\"https:\\\/\\\/schema.org\",\"@graph\":[{\"@type\":\"WebPage\",\"@id\":\"https:\\\/\\\/5etattoostuff.com\\\/producto\\\/natural-jelly-cb2-tattoo-150ml\\\/\",\"url\":\"https:\\\/\\\/5etattoostuff.com\\\/producto\\\/natural-jelly-cb2-tattoo-150ml\\\/\",\"name\":\"NATURAL JELLY CB2 TATTOO 150ML. - 5 Elements Tattoo Stuff\",\"isPartOf\":{\"@id\":\"https:\\\/\\\/5etattoostuff.com\\\/#website\"},\"primaryImageOfPage\":{\"@id\":\"https:\\\/\\\/5etattoostuff.com\\\/producto\\\/natural-jelly-cb2-tattoo-150ml\\\/#primaryimage\"},\"image\":{\"@id\":\"https:\\\/\\\/5etattoostuff.com\\\/producto\\\/natural-jelly-cb2-tattoo-150ml\\\/#primaryimage\"},\"thumbnailUrl\":\"https:\\\/\\\/5etattoostuff.com\\\/wp-content\\\/uploads\\\/2025\\\/03\\\/BUTTER-CBD.jpeg\",\"datePublished\":\"2025-03-18T16:14:41+00:00\",\"dateModified\":\"2025-04-01T10:28:07+00:00\",\"breadcrumb\":{\"@id\":\"https:\\\/\\\/5etattoostuff.com\\\/producto\\\/natural-jelly-cb2-tattoo-150ml\\\/#breadcrumb\"},\"inLanguage\":\"es\",\"potentialAction\":[{\"@type\":\"ReadAction\",\"target\":[\"https:\\\/\\\/5etattoostuff.com\\\/producto\\\/natural-jelly-cb2-tattoo-150ml\\\/\"]}]},{\"@type\":\"ImageObject\",\"inLanguage\":\"es\",\"@id\":\"https:\\\/\\\/5etattoostuff.com\\\/producto\\\/natural-jelly-cb2-tattoo-150ml\\\/#primaryimage\",\"url\":\"https:\\\/\\\/5etattoostuff.com\\\/wp-content\\\/uploads\\\/2025\\\/03\\\/BUTTER-CBD.jpeg\",\"contentUrl\":\"https:\\\/\\\/5etattoostuff.com\\\/wp-content\\\/uploads\\\/2025\\\/03\\\/BUTTER-CBD.jpeg\",\"width\":780,\"height\":780},{\"@type\":\"BreadcrumbList\",\"@id\":\"https:\\\/\\\/5etattoostuff.com\\\/producto\\\/natural-jelly-cb2-tattoo-150ml\\\/#breadcrumb\",\"itemListElement\":[{\"@type\":\"ListItem\",\"position\":1,\"name\":\"Portada\",\"item\":\"https:\\\/\\\/5etattoostuff.com\\\/\"},{\"@type\":\"ListItem\",\"position\":2,\"name\":\"Shop\",\"item\":\"https:\\\/\\\/5etattoostuff.com\\\/\"},{\"@type\":\"ListItem\",\"position\":3,\"name\":\"NATURAL JELLY CB2 TATTOO 150ML.\"}]},{\"@type\":\"WebSite\",\"@id\":\"https:\\\/\\\/5etattoostuff.com\\\/#website\",\"url\":\"https:\\\/\\\/5etattoostuff.com\\\/\",\"name\":\"5 Elements Tattoo Stuff\",\"description\":\"Premium tattoo needles\",\"publisher\":{\"@id\":\"https:\\\/\\\/5etattoostuff.com\\\/#organization\"},\"alternateName\":\"5E\",\"potentialAction\":[{\"@type\":\"SearchAction\",\"target\":{\"@type\":\"EntryPoint\",\"urlTemplate\":\"https:\\\/\\\/5etattoostuff.com\\\/?s={search_term_string}\"},\"query-input\":{\"@type\":\"PropertyValueSpecification\",\"valueRequired\":true,\"valueName\":\"search_term_string\"}}],\"inLanguage\":\"es\"},{\"@type\":\"Organization\",\"@id\":\"https:\\\/\\\/5etattoostuff.com\\\/#organization\",\"name\":\"5 Elements Tattoo Stuff\",\"url\":\"https:\\\/\\\/5etattoostuff.com\\\/\",\"logo\":{\"@type\":\"ImageObject\",\"inLanguage\":\"es\",\"@id\":\"https:\\\/\\\/5etattoostuff.com\\\/#\\\/schema\\\/logo\\\/image\\\/\",\"url\":\"https:\\\/\\\/5etattoostuff.com\\\/wp-content\\\/uploads\\\/2023\\\/03\\\/Logo-5e.png\",\"contentUrl\":\"https:\\\/\\\/5etattoostuff.com\\\/wp-content\\\/uploads\\\/2023\\\/03\\\/Logo-5e.png\",\"width\":661,\"height\":378,\"caption\":\"5 Elements Tattoo Stuff\"},\"image\":{\"@id\":\"https:\\\/\\\/5etattoostuff.com\\\/#\\\/schema\\\/logo\\\/image\\\/\"},\"sameAs\":[\"https:\\\/\\\/www.instagram.com\\\/5e.tattoostuff\\\/\"],\"email\":\"contact@5etattoostuff.com\",\"telephone\":\"+41 (0)76 681 06 68\"}]}<\/script>\n<!-- \/ Yoast SEO Premium plugin. -->","yoast_head_json":{"title":"NATURAL JELLY CB2 TATTOO 150ML. - 5 Elements Tattoo Stuff","robots":{"index":"index","follow":"follow","max-snippet":"max-snippet:-1","max-image-preview":"max-image-preview:large","max-video-preview":"max-video-preview:-1"},"canonical":"https:\/\/5etattoostuff.com\/es\/producto\/jalea-natural-cb2-tattoo-150ml\/","og_locale":"es_ES","og_type":"article","og_title":"NATURAL JELLY CB2 TATTOO 150ML.","og_description":"&#8211; Substitute for white petroleum jelly to tattoo with 100% ingredients of plant origin, free of chemical preservatives, perfume and artificial dyes. &#8211; Its content in phytocannabinoids leads to healthier immune defenses, to repair the skin barrier and mitigate the irritation and discomfort of the skin after the stress produced by the tattoo process. Presentation: [&hellip;]","og_url":"https:\/\/5etattoostuff.com\/es\/producto\/jalea-natural-cb2-tattoo-150ml\/","og_site_name":"5 Elements Tattoo Stuff","article_modified_time":"2025-04-01T10:28:07+00:00","og_image":[{"width":780,"height":780,"url":"https:\/\/5etattoostuff.com\/wp-content\/uploads\/2025\/03\/BUTTER-CBD.jpeg","type":"image\/jpeg"}],"twitter_card":"summary_large_image","twitter_misc":{"Tiempo de lectura":"1 minuto"},"schema":{"@context":"https:\/\/schema.org","@graph":[{"@type":"WebPage","@id":"https:\/\/5etattoostuff.com\/producto\/natural-jelly-cb2-tattoo-150ml\/","url":"https:\/\/5etattoostuff.com\/producto\/natural-jelly-cb2-tattoo-150ml\/","name":"NATURAL JELLY CB2 TATTOO 150ML. - 5 Elements Tattoo Stuff","isPartOf":{"@id":"https:\/\/5etattoostuff.com\/#website"},"primaryImageOfPage":{"@id":"https:\/\/5etattoostuff.com\/producto\/natural-jelly-cb2-tattoo-150ml\/#primaryimage"},"image":{"@id":"https:\/\/5etattoostuff.com\/producto\/natural-jelly-cb2-tattoo-150ml\/#primaryimage"},"thumbnailUrl":"https:\/\/5etattoostuff.com\/wp-content\/uploads\/2025\/03\/BUTTER-CBD.jpeg","datePublished":"2025-03-18T16:14:41+00:00","dateModified":"2025-04-01T10:28:07+00:00","breadcrumb":{"@id":"https:\/\/5etattoostuff.com\/producto\/natural-jelly-cb2-tattoo-150ml\/#breadcrumb"},"inLanguage":"es","potentialAction":[{"@type":"ReadAction","target":["https:\/\/5etattoostuff.com\/producto\/natural-jelly-cb2-tattoo-150ml\/"]}]},{"@type":"ImageObject","inLanguage":"es","@id":"https:\/\/5etattoostuff.com\/producto\/natural-jelly-cb2-tattoo-150ml\/#primaryimage","url":"https:\/\/5etattoostuff.com\/wp-content\/uploads\/2025\/03\/BUTTER-CBD.jpeg","contentUrl":"https:\/\/5etattoostuff.com\/wp-content\/uploads\/2025\/03\/BUTTER-CBD.jpeg","width":780,"height":780},{"@type":"BreadcrumbList","@id":"https:\/\/5etattoostuff.com\/producto\/natural-jelly-cb2-tattoo-150ml\/#breadcrumb","itemListElement":[{"@type":"ListItem","position":1,"name":"Portada","item":"https:\/\/5etattoostuff.com\/"},{"@type":"ListItem","position":2,"name":"Shop","item":"https:\/\/5etattoostuff.com\/"},{"@type":"ListItem","position":3,"name":"NATURAL JELLY CB2 TATTOO 150ML."}]},{"@type":"WebSite","@id":"https:\/\/5etattoostuff.com\/#website","url":"https:\/\/5etattoostuff.com\/","name":"5 Elements Tattoo Stuff","description":"Premium tattoo needles","publisher":{"@id":"https:\/\/5etattoostuff.com\/#organization"},"alternateName":"5E","potentialAction":[{"@type":"SearchAction","target":{"@type":"EntryPoint","urlTemplate":"https:\/\/5etattoostuff.com\/?s={search_term_string}"},"query-input":{"@type":"PropertyValueSpecification","valueRequired":true,"valueName":"search_term_string"}}],"inLanguage":"es"},{"@type":"Organization","@id":"https:\/\/5etattoostuff.com\/#organization","name":"5 Elements Tattoo Stuff","url":"https:\/\/5etattoostuff.com\/","logo":{"@type":"ImageObject","inLanguage":"es","@id":"https:\/\/5etattoostuff.com\/#\/schema\/logo\/image\/","url":"https:\/\/5etattoostuff.com\/wp-content\/uploads\/2023\/03\/Logo-5e.png","contentUrl":"https:\/\/5etattoostuff.com\/wp-content\/uploads\/2023\/03\/Logo-5e.png","width":661,"height":378,"caption":"5 Elements Tattoo Stuff"},"image":{"@id":"https:\/\/5etattoostuff.com\/#\/schema\/logo\/image\/"},"sameAs":["https:\/\/www.instagram.com\/5e.tattoostuff\/"],"email":"contact@5etattoostuff.com","telephone":"+41 (0)76 681 06 68"}]}},"jetpack_sharing_enabled":true,"_links":{"self":[{"href":"https:\/\/5etattoostuff.com\/es\/wp-json\/wp\/v2\/product\/7685","targetHints":{"allow":["GET"]}}],"collection":[{"href":"https:\/\/5etattoostuff.com\/es\/wp-json\/wp\/v2\/product"}],"about":[{"href":"https:\/\/5etattoostuff.com\/es\/wp-json\/wp\/v2\/types\/product"}],"wp:featuredmedia":[{"embeddable":true,"href":"https:\/\/5etattoostuff.com\/es\/wp-json\/wp\/v2\/media\/7686"}],"wp:attachment":[{"href":"https:\/\/5etattoostuff.com\/es\/wp-json\/wp\/v2\/media?parent=7685"}],"wp:term":[{"taxonomy":"product_brand","embeddable":true,"href":"https:\/\/5etattoostuff.com\/es\/wp-json\/wp\/v2\/product_brand?post=7685"},{"taxonomy":"product_cat","embeddable":true,"href":"https:\/\/5etattoostuff.com\/es\/wp-json\/wp\/v2\/product_cat?post=7685"},{"taxonomy":"product_tag","embeddable":true,"href":"https:\/\/5etattoostuff.com\/es\/wp-json\/wp\/v2\/product_tag?post=7685"}],"curies":[{"name":"wp","href":"https:\/\/api.w.org\/{rel}","templated":true}]}}