{"id":7766,"date":"2025-04-05T16:07:47","date_gmt":"2025-04-05T14:07:47","guid":{"rendered":"https:\/\/5etattoostuff.com\/?post_type=product&#038;p=7766"},"modified":"2025-04-05T16:07:48","modified_gmt":"2025-04-05T14:07:48","slug":"goldhemp-piercing-spray","status":"publish","type":"product","link":"https:\/\/5etattoostuff.com\/es\/producto\/canamo-dorado-spray-perforante\/","title":{"rendered":"GoldHemp - Spray Piercing"},"content":{"rendered":"<p>Spray para el cuidado de piercings con CBD<\/p>\n<ul>\n<li>Especialmente formulado para minimizar el picor, los queloides y el enrojecimiento en la cicatrizaci\u00f3n de piercings<\/li>\n<li>El ligero aroma a albaricoque evita los malos olores del sebo<\/li>\n<li>Formulado con aceites vegetales ecol\u00f3gicos para garantizar la m\u00e1xima pureza y eficacia<\/li>\n<li>Fabricado en Suiza<\/li>\n<li>Tama\u00f1o del envase: 50 ml<\/li>\n<\/ul>","protected":false},"excerpt":{"rendered":"<p>Spray para el cuidado de piercings con CBD Especialmente formulado para minimizar el picor, los queloides y el enrojecimiento en piercings en proceso de cicatrizaci\u00f3n El ligero aroma a albaricoque evita los desagradables olores a sebo Formulado con aceites vegetales org\u00e1nicos para garantizar la m\u00e1xima pureza y eficacia Fabricado en Suiza Tama\u00f1o del envase: 50 ml<\/p>","protected":false},"featured_media":7767,"template":"","meta":[],"product_brand":[],"product_cat":[154,155],"product_tag":[],"class_list":{"0":"post-7766","1":"product","2":"type-product","3":"status-publish","4":"has-post-thumbnail","6":"product_cat-after-care","7":"product_cat-piercing","9":"first","10":"instock","11":"taxable","12":"shipping-taxable","13":"purchasable","14":"product-type-simple"},"yoast_head":"<!-- This site is optimized with the Yoast SEO Premium plugin v23.6 (Yoast SEO v27.5) - https:\/\/yoast.com\/product\/yoast-seo-premium-wordpress\/ -->\n<title>GoldHemp - Piercing Spray - 5 Elements Tattoo Stuff<\/title>\n<meta name=\"robots\" content=\"index, follow, max-snippet:-1, max-image-preview:large, max-video-preview:-1\" \/>\n<link rel=\"canonical\" href=\"https:\/\/5etattoostuff.com\/es\/producto\/canamo-dorado-spray-perforante\/\" \/>\n<meta property=\"og:locale\" content=\"es_ES\" \/>\n<meta property=\"og:type\" content=\"article\" \/>\n<meta property=\"og:title\" content=\"GoldHemp - Piercing Spray\" \/>\n<meta property=\"og:description\" content=\"Piercing Care Spray with CBD Specially formulated to minimize itching, keloids, and redness in healing piercings The light apricot scent prevents unpleasant sebum odors Formulated with organic plant oils to ensure the highest purity and effectiveness Made in Switzerland Pack size: 50 ml\" \/>\n<meta property=\"og:url\" content=\"https:\/\/5etattoostuff.com\/es\/producto\/canamo-dorado-spray-perforante\/\" \/>\n<meta property=\"og:site_name\" content=\"5 Elements Tattoo Stuff\" \/>\n<meta property=\"article:modified_time\" content=\"2025-04-05T14:07:48+00:00\" \/>\n<meta property=\"og:image\" content=\"https:\/\/5etattoostuff.com\/wp-content\/uploads\/2025\/04\/gold_hemp_-_piercing_spray_01.jpg\" \/>\n\t<meta property=\"og:image:width\" content=\"700\" \/>\n\t<meta property=\"og:image:height\" content=\"700\" \/>\n\t<meta property=\"og:image:type\" content=\"image\/jpeg\" \/>\n<meta name=\"twitter:card\" content=\"summary_large_image\" \/>\n<meta name=\"twitter:label1\" content=\"Tiempo de lectura\" \/>\n\t<meta name=\"twitter:data1\" content=\"1 minuto\" \/>\n<script type=\"application\/ld+json\" class=\"yoast-schema-graph\">{\"@context\":\"https:\\\/\\\/schema.org\",\"@graph\":[{\"@type\":\"WebPage\",\"@id\":\"https:\\\/\\\/5etattoostuff.com\\\/producto\\\/goldhemp-piercing-spray\\\/\",\"url\":\"https:\\\/\\\/5etattoostuff.com\\\/producto\\\/goldhemp-piercing-spray\\\/\",\"name\":\"GoldHemp - Piercing Spray - 5 Elements Tattoo Stuff\",\"isPartOf\":{\"@id\":\"https:\\\/\\\/5etattoostuff.com\\\/#website\"},\"primaryImageOfPage\":{\"@id\":\"https:\\\/\\\/5etattoostuff.com\\\/producto\\\/goldhemp-piercing-spray\\\/#primaryimage\"},\"image\":{\"@id\":\"https:\\\/\\\/5etattoostuff.com\\\/producto\\\/goldhemp-piercing-spray\\\/#primaryimage\"},\"thumbnailUrl\":\"https:\\\/\\\/5etattoostuff.com\\\/wp-content\\\/uploads\\\/2025\\\/04\\\/gold_hemp_-_piercing_spray_01.jpg\",\"datePublished\":\"2025-04-05T14:07:47+00:00\",\"dateModified\":\"2025-04-05T14:07:48+00:00\",\"breadcrumb\":{\"@id\":\"https:\\\/\\\/5etattoostuff.com\\\/producto\\\/goldhemp-piercing-spray\\\/#breadcrumb\"},\"inLanguage\":\"es\",\"potentialAction\":[{\"@type\":\"ReadAction\",\"target\":[\"https:\\\/\\\/5etattoostuff.com\\\/producto\\\/goldhemp-piercing-spray\\\/\"]}]},{\"@type\":\"ImageObject\",\"inLanguage\":\"es\",\"@id\":\"https:\\\/\\\/5etattoostuff.com\\\/producto\\\/goldhemp-piercing-spray\\\/#primaryimage\",\"url\":\"https:\\\/\\\/5etattoostuff.com\\\/wp-content\\\/uploads\\\/2025\\\/04\\\/gold_hemp_-_piercing_spray_01.jpg\",\"contentUrl\":\"https:\\\/\\\/5etattoostuff.com\\\/wp-content\\\/uploads\\\/2025\\\/04\\\/gold_hemp_-_piercing_spray_01.jpg\",\"width\":700,\"height\":700},{\"@type\":\"BreadcrumbList\",\"@id\":\"https:\\\/\\\/5etattoostuff.com\\\/producto\\\/goldhemp-piercing-spray\\\/#breadcrumb\",\"itemListElement\":[{\"@type\":\"ListItem\",\"position\":1,\"name\":\"Portada\",\"item\":\"https:\\\/\\\/5etattoostuff.com\\\/\"},{\"@type\":\"ListItem\",\"position\":2,\"name\":\"Shop\",\"item\":\"https:\\\/\\\/5etattoostuff.com\\\/\"},{\"@type\":\"ListItem\",\"position\":3,\"name\":\"GoldHemp &#8211; Piercing Spray\"}]},{\"@type\":\"WebSite\",\"@id\":\"https:\\\/\\\/5etattoostuff.com\\\/#website\",\"url\":\"https:\\\/\\\/5etattoostuff.com\\\/\",\"name\":\"5 Elements Tattoo Stuff\",\"description\":\"Premium tattoo needles\",\"publisher\":{\"@id\":\"https:\\\/\\\/5etattoostuff.com\\\/#organization\"},\"alternateName\":\"5E\",\"potentialAction\":[{\"@type\":\"SearchAction\",\"target\":{\"@type\":\"EntryPoint\",\"urlTemplate\":\"https:\\\/\\\/5etattoostuff.com\\\/?s={search_term_string}\"},\"query-input\":{\"@type\":\"PropertyValueSpecification\",\"valueRequired\":true,\"valueName\":\"search_term_string\"}}],\"inLanguage\":\"es\"},{\"@type\":\"Organization\",\"@id\":\"https:\\\/\\\/5etattoostuff.com\\\/#organization\",\"name\":\"5 Elements Tattoo Stuff\",\"url\":\"https:\\\/\\\/5etattoostuff.com\\\/\",\"logo\":{\"@type\":\"ImageObject\",\"inLanguage\":\"es\",\"@id\":\"https:\\\/\\\/5etattoostuff.com\\\/#\\\/schema\\\/logo\\\/image\\\/\",\"url\":\"https:\\\/\\\/5etattoostuff.com\\\/wp-content\\\/uploads\\\/2023\\\/03\\\/Logo-5e.png\",\"contentUrl\":\"https:\\\/\\\/5etattoostuff.com\\\/wp-content\\\/uploads\\\/2023\\\/03\\\/Logo-5e.png\",\"width\":661,\"height\":378,\"caption\":\"5 Elements Tattoo Stuff\"},\"image\":{\"@id\":\"https:\\\/\\\/5etattoostuff.com\\\/#\\\/schema\\\/logo\\\/image\\\/\"},\"sameAs\":[\"https:\\\/\\\/www.instagram.com\\\/5e.tattoostuff\\\/\"],\"email\":\"contact@5etattoostuff.com\",\"telephone\":\"+41 (0)76 681 06 68\"}]}<\/script>\n<!-- \/ Yoast SEO Premium plugin. -->","yoast_head_json":{"title":"GoldHemp - Piercing Spray - 5 Elements Tattoo Stuff","robots":{"index":"index","follow":"follow","max-snippet":"max-snippet:-1","max-image-preview":"max-image-preview:large","max-video-preview":"max-video-preview:-1"},"canonical":"https:\/\/5etattoostuff.com\/es\/producto\/canamo-dorado-spray-perforante\/","og_locale":"es_ES","og_type":"article","og_title":"GoldHemp - Piercing Spray","og_description":"Piercing Care Spray with CBD Specially formulated to minimize itching, keloids, and redness in healing piercings The light apricot scent prevents unpleasant sebum odors Formulated with organic plant oils to ensure the highest purity and effectiveness Made in Switzerland Pack size: 50 ml","og_url":"https:\/\/5etattoostuff.com\/es\/producto\/canamo-dorado-spray-perforante\/","og_site_name":"5 Elements Tattoo Stuff","article_modified_time":"2025-04-05T14:07:48+00:00","og_image":[{"width":700,"height":700,"url":"https:\/\/5etattoostuff.com\/wp-content\/uploads\/2025\/04\/gold_hemp_-_piercing_spray_01.jpg","type":"image\/jpeg"}],"twitter_card":"summary_large_image","twitter_misc":{"Tiempo de lectura":"1 minuto"},"schema":{"@context":"https:\/\/schema.org","@graph":[{"@type":"WebPage","@id":"https:\/\/5etattoostuff.com\/producto\/goldhemp-piercing-spray\/","url":"https:\/\/5etattoostuff.com\/producto\/goldhemp-piercing-spray\/","name":"GoldHemp - Piercing Spray - 5 Elements Tattoo Stuff","isPartOf":{"@id":"https:\/\/5etattoostuff.com\/#website"},"primaryImageOfPage":{"@id":"https:\/\/5etattoostuff.com\/producto\/goldhemp-piercing-spray\/#primaryimage"},"image":{"@id":"https:\/\/5etattoostuff.com\/producto\/goldhemp-piercing-spray\/#primaryimage"},"thumbnailUrl":"https:\/\/5etattoostuff.com\/wp-content\/uploads\/2025\/04\/gold_hemp_-_piercing_spray_01.jpg","datePublished":"2025-04-05T14:07:47+00:00","dateModified":"2025-04-05T14:07:48+00:00","breadcrumb":{"@id":"https:\/\/5etattoostuff.com\/producto\/goldhemp-piercing-spray\/#breadcrumb"},"inLanguage":"es","potentialAction":[{"@type":"ReadAction","target":["https:\/\/5etattoostuff.com\/producto\/goldhemp-piercing-spray\/"]}]},{"@type":"ImageObject","inLanguage":"es","@id":"https:\/\/5etattoostuff.com\/producto\/goldhemp-piercing-spray\/#primaryimage","url":"https:\/\/5etattoostuff.com\/wp-content\/uploads\/2025\/04\/gold_hemp_-_piercing_spray_01.jpg","contentUrl":"https:\/\/5etattoostuff.com\/wp-content\/uploads\/2025\/04\/gold_hemp_-_piercing_spray_01.jpg","width":700,"height":700},{"@type":"BreadcrumbList","@id":"https:\/\/5etattoostuff.com\/producto\/goldhemp-piercing-spray\/#breadcrumb","itemListElement":[{"@type":"ListItem","position":1,"name":"Portada","item":"https:\/\/5etattoostuff.com\/"},{"@type":"ListItem","position":2,"name":"Shop","item":"https:\/\/5etattoostuff.com\/"},{"@type":"ListItem","position":3,"name":"GoldHemp &#8211; Piercing Spray"}]},{"@type":"WebSite","@id":"https:\/\/5etattoostuff.com\/#website","url":"https:\/\/5etattoostuff.com\/","name":"5 Elements Tattoo Stuff","description":"Premium tattoo needles","publisher":{"@id":"https:\/\/5etattoostuff.com\/#organization"},"alternateName":"5E","potentialAction":[{"@type":"SearchAction","target":{"@type":"EntryPoint","urlTemplate":"https:\/\/5etattoostuff.com\/?s={search_term_string}"},"query-input":{"@type":"PropertyValueSpecification","valueRequired":true,"valueName":"search_term_string"}}],"inLanguage":"es"},{"@type":"Organization","@id":"https:\/\/5etattoostuff.com\/#organization","name":"5 Elements Tattoo Stuff","url":"https:\/\/5etattoostuff.com\/","logo":{"@type":"ImageObject","inLanguage":"es","@id":"https:\/\/5etattoostuff.com\/#\/schema\/logo\/image\/","url":"https:\/\/5etattoostuff.com\/wp-content\/uploads\/2023\/03\/Logo-5e.png","contentUrl":"https:\/\/5etattoostuff.com\/wp-content\/uploads\/2023\/03\/Logo-5e.png","width":661,"height":378,"caption":"5 Elements Tattoo Stuff"},"image":{"@id":"https:\/\/5etattoostuff.com\/#\/schema\/logo\/image\/"},"sameAs":["https:\/\/www.instagram.com\/5e.tattoostuff\/"],"email":"contact@5etattoostuff.com","telephone":"+41 (0)76 681 06 68"}]}},"jetpack_sharing_enabled":true,"_links":{"self":[{"href":"https:\/\/5etattoostuff.com\/es\/wp-json\/wp\/v2\/product\/7766","targetHints":{"allow":["GET"]}}],"collection":[{"href":"https:\/\/5etattoostuff.com\/es\/wp-json\/wp\/v2\/product"}],"about":[{"href":"https:\/\/5etattoostuff.com\/es\/wp-json\/wp\/v2\/types\/product"}],"wp:featuredmedia":[{"embeddable":true,"href":"https:\/\/5etattoostuff.com\/es\/wp-json\/wp\/v2\/media\/7767"}],"wp:attachment":[{"href":"https:\/\/5etattoostuff.com\/es\/wp-json\/wp\/v2\/media?parent=7766"}],"wp:term":[{"taxonomy":"product_brand","embeddable":true,"href":"https:\/\/5etattoostuff.com\/es\/wp-json\/wp\/v2\/product_brand?post=7766"},{"taxonomy":"product_cat","embeddable":true,"href":"https:\/\/5etattoostuff.com\/es\/wp-json\/wp\/v2\/product_cat?post=7766"},{"taxonomy":"product_tag","embeddable":true,"href":"https:\/\/5etattoostuff.com\/es\/wp-json\/wp\/v2\/product_tag?post=7766"}],"curies":[{"name":"wp","href":"https:\/\/api.w.org\/{rel}","templated":true}]}}