{"id":7778,"date":"2025-04-10T11:34:54","date_gmt":"2025-04-10T09:34:54","guid":{"rendered":"https:\/\/5etattoostuff.com\/?post_type=product&#038;p=7778"},"modified":"2025-12-17T14:42:20","modified_gmt":"2025-12-17T13:42:20","slug":"vice-colors-vicious-black-250ml","status":"publish","type":"product","link":"https:\/\/5etattoostuff.com\/es\/producto\/vicio-colores-vicioso-negro-250ml\/","title":{"rendered":"VICIO COLORES VICIOSO NEGRO 250ML"},"content":{"rendered":"<p>Estos pigmentos son s\u00f3lo para uso art\u00edstico, no aptos para tatuar, por lo que la empresa no se hace responsable de su uso indebido y no da ninguna garant\u00eda m\u00e1s all\u00e1 de su uso adecuado para dibujar sobre lienzo, papel o piel sint\u00e9tica.<\/p>","protected":false},"excerpt":{"rendered":"<p>Estos pigmentos son s\u00f3lo para uso art\u00edstico, no aptos para tatuar, por lo que la empresa no se hace responsable de su uso indebido y no da ninguna garant\u00eda m\u00e1s all\u00e1 de su uso adecuado para dibujar sobre lienzo, papel o piel sint\u00e9tica.<\/p>","protected":false},"featured_media":7779,"template":"","meta":[],"product_brand":[],"product_cat":[153],"product_tag":[],"class_list":{"0":"post-7778","1":"product","2":"type-product","3":"status-publish","4":"has-post-thumbnail","6":"product_cat-inks","8":"first","9":"instock","10":"taxable","11":"shipping-taxable","12":"purchasable","13":"product-type-simple"},"yoast_head":"<!-- This site is optimized with the Yoast SEO Premium plugin v23.6 (Yoast SEO v27.5) - https:\/\/yoast.com\/product\/yoast-seo-premium-wordpress\/ -->\n<title>VICE COLORS VICIOUS BLACK 250ML - 5 Elements Tattoo Stuff<\/title>\n<meta name=\"robots\" content=\"index, follow, max-snippet:-1, max-image-preview:large, max-video-preview:-1\" \/>\n<link rel=\"canonical\" href=\"https:\/\/5etattoostuff.com\/es\/producto\/vicio-colores-vicioso-negro-250ml\/\" \/>\n<meta property=\"og:locale\" content=\"es_ES\" \/>\n<meta property=\"og:type\" content=\"article\" \/>\n<meta property=\"og:title\" content=\"VICE COLORS VICIOUS BLACK 250ML\" \/>\n<meta property=\"og:description\" content=\"These pigments are only for artistic use, not suitable for tattooing, so the company is not responsible for their misuse and does not give any guarantee beyond proper use for drawing on canvas, paper or synthetic leather.\" \/>\n<meta property=\"og:url\" content=\"https:\/\/5etattoostuff.com\/es\/producto\/vicio-colores-vicioso-negro-250ml\/\" \/>\n<meta property=\"og:site_name\" content=\"5 Elements Tattoo Stuff\" \/>\n<meta property=\"article:modified_time\" content=\"2025-12-17T13:42:20+00:00\" \/>\n<meta property=\"og:image\" content=\"https:\/\/5etattoostuff.com\/wp-content\/uploads\/2025\/04\/vice-250-ML.jpeg\" \/>\n\t<meta property=\"og:image:width\" content=\"780\" \/>\n\t<meta property=\"og:image:height\" content=\"780\" \/>\n\t<meta property=\"og:image:type\" content=\"image\/jpeg\" \/>\n<meta name=\"twitter:card\" content=\"summary_large_image\" \/>\n<meta name=\"twitter:label1\" content=\"Tiempo de lectura\" \/>\n\t<meta name=\"twitter:data1\" content=\"1 minuto\" \/>\n<script type=\"application\/ld+json\" class=\"yoast-schema-graph\">{\"@context\":\"https:\\\/\\\/schema.org\",\"@graph\":[{\"@type\":\"WebPage\",\"@id\":\"https:\\\/\\\/5etattoostuff.com\\\/producto\\\/vice-colors-vicious-black-250ml\\\/\",\"url\":\"https:\\\/\\\/5etattoostuff.com\\\/producto\\\/vice-colors-vicious-black-250ml\\\/\",\"name\":\"VICE COLORS VICIOUS BLACK 250ML - 5 Elements Tattoo Stuff\",\"isPartOf\":{\"@id\":\"https:\\\/\\\/5etattoostuff.com\\\/#website\"},\"primaryImageOfPage\":{\"@id\":\"https:\\\/\\\/5etattoostuff.com\\\/producto\\\/vice-colors-vicious-black-250ml\\\/#primaryimage\"},\"image\":{\"@id\":\"https:\\\/\\\/5etattoostuff.com\\\/producto\\\/vice-colors-vicious-black-250ml\\\/#primaryimage\"},\"thumbnailUrl\":\"https:\\\/\\\/5etattoostuff.com\\\/wp-content\\\/uploads\\\/2025\\\/04\\\/vice-250-ML.jpeg\",\"datePublished\":\"2025-04-10T09:34:54+00:00\",\"dateModified\":\"2025-12-17T13:42:20+00:00\",\"breadcrumb\":{\"@id\":\"https:\\\/\\\/5etattoostuff.com\\\/producto\\\/vice-colors-vicious-black-250ml\\\/#breadcrumb\"},\"inLanguage\":\"es\",\"potentialAction\":[{\"@type\":\"ReadAction\",\"target\":[\"https:\\\/\\\/5etattoostuff.com\\\/producto\\\/vice-colors-vicious-black-250ml\\\/\"]}]},{\"@type\":\"ImageObject\",\"inLanguage\":\"es\",\"@id\":\"https:\\\/\\\/5etattoostuff.com\\\/producto\\\/vice-colors-vicious-black-250ml\\\/#primaryimage\",\"url\":\"https:\\\/\\\/5etattoostuff.com\\\/wp-content\\\/uploads\\\/2025\\\/04\\\/vice-250-ML.jpeg\",\"contentUrl\":\"https:\\\/\\\/5etattoostuff.com\\\/wp-content\\\/uploads\\\/2025\\\/04\\\/vice-250-ML.jpeg\",\"width\":780,\"height\":780},{\"@type\":\"BreadcrumbList\",\"@id\":\"https:\\\/\\\/5etattoostuff.com\\\/producto\\\/vice-colors-vicious-black-250ml\\\/#breadcrumb\",\"itemListElement\":[{\"@type\":\"ListItem\",\"position\":1,\"name\":\"Portada\",\"item\":\"https:\\\/\\\/5etattoostuff.com\\\/\"},{\"@type\":\"ListItem\",\"position\":2,\"name\":\"Shop\",\"item\":\"https:\\\/\\\/5etattoostuff.com\\\/\"},{\"@type\":\"ListItem\",\"position\":3,\"name\":\"VICE COLORS VICIOUS BLACK 250ML\"}]},{\"@type\":\"WebSite\",\"@id\":\"https:\\\/\\\/5etattoostuff.com\\\/#website\",\"url\":\"https:\\\/\\\/5etattoostuff.com\\\/\",\"name\":\"5 Elements Tattoo Stuff\",\"description\":\"Premium tattoo needles\",\"publisher\":{\"@id\":\"https:\\\/\\\/5etattoostuff.com\\\/#organization\"},\"alternateName\":\"5E\",\"potentialAction\":[{\"@type\":\"SearchAction\",\"target\":{\"@type\":\"EntryPoint\",\"urlTemplate\":\"https:\\\/\\\/5etattoostuff.com\\\/?s={search_term_string}\"},\"query-input\":{\"@type\":\"PropertyValueSpecification\",\"valueRequired\":true,\"valueName\":\"search_term_string\"}}],\"inLanguage\":\"es\"},{\"@type\":\"Organization\",\"@id\":\"https:\\\/\\\/5etattoostuff.com\\\/#organization\",\"name\":\"5 Elements Tattoo Stuff\",\"url\":\"https:\\\/\\\/5etattoostuff.com\\\/\",\"logo\":{\"@type\":\"ImageObject\",\"inLanguage\":\"es\",\"@id\":\"https:\\\/\\\/5etattoostuff.com\\\/#\\\/schema\\\/logo\\\/image\\\/\",\"url\":\"https:\\\/\\\/5etattoostuff.com\\\/wp-content\\\/uploads\\\/2023\\\/03\\\/Logo-5e.png\",\"contentUrl\":\"https:\\\/\\\/5etattoostuff.com\\\/wp-content\\\/uploads\\\/2023\\\/03\\\/Logo-5e.png\",\"width\":661,\"height\":378,\"caption\":\"5 Elements Tattoo Stuff\"},\"image\":{\"@id\":\"https:\\\/\\\/5etattoostuff.com\\\/#\\\/schema\\\/logo\\\/image\\\/\"},\"sameAs\":[\"https:\\\/\\\/www.instagram.com\\\/5e.tattoostuff\\\/\"],\"email\":\"contact@5etattoostuff.com\",\"telephone\":\"+41 (0)76 681 06 68\"}]}<\/script>\n<!-- \/ Yoast SEO Premium plugin. -->","yoast_head_json":{"title":"VICE COLORS VICIOUS BLACK 250ML - 5 Elements Tattoo Stuff","robots":{"index":"index","follow":"follow","max-snippet":"max-snippet:-1","max-image-preview":"max-image-preview:large","max-video-preview":"max-video-preview:-1"},"canonical":"https:\/\/5etattoostuff.com\/es\/producto\/vicio-colores-vicioso-negro-250ml\/","og_locale":"es_ES","og_type":"article","og_title":"VICE COLORS VICIOUS BLACK 250ML","og_description":"These pigments are only for artistic use, not suitable for tattooing, so the company is not responsible for their misuse and does not give any guarantee beyond proper use for drawing on canvas, paper or synthetic leather.","og_url":"https:\/\/5etattoostuff.com\/es\/producto\/vicio-colores-vicioso-negro-250ml\/","og_site_name":"5 Elements Tattoo Stuff","article_modified_time":"2025-12-17T13:42:20+00:00","og_image":[{"width":780,"height":780,"url":"https:\/\/5etattoostuff.com\/wp-content\/uploads\/2025\/04\/vice-250-ML.jpeg","type":"image\/jpeg"}],"twitter_card":"summary_large_image","twitter_misc":{"Tiempo de lectura":"1 minuto"},"schema":{"@context":"https:\/\/schema.org","@graph":[{"@type":"WebPage","@id":"https:\/\/5etattoostuff.com\/producto\/vice-colors-vicious-black-250ml\/","url":"https:\/\/5etattoostuff.com\/producto\/vice-colors-vicious-black-250ml\/","name":"VICE COLORS VICIOUS BLACK 250ML - 5 Elements Tattoo Stuff","isPartOf":{"@id":"https:\/\/5etattoostuff.com\/#website"},"primaryImageOfPage":{"@id":"https:\/\/5etattoostuff.com\/producto\/vice-colors-vicious-black-250ml\/#primaryimage"},"image":{"@id":"https:\/\/5etattoostuff.com\/producto\/vice-colors-vicious-black-250ml\/#primaryimage"},"thumbnailUrl":"https:\/\/5etattoostuff.com\/wp-content\/uploads\/2025\/04\/vice-250-ML.jpeg","datePublished":"2025-04-10T09:34:54+00:00","dateModified":"2025-12-17T13:42:20+00:00","breadcrumb":{"@id":"https:\/\/5etattoostuff.com\/producto\/vice-colors-vicious-black-250ml\/#breadcrumb"},"inLanguage":"es","potentialAction":[{"@type":"ReadAction","target":["https:\/\/5etattoostuff.com\/producto\/vice-colors-vicious-black-250ml\/"]}]},{"@type":"ImageObject","inLanguage":"es","@id":"https:\/\/5etattoostuff.com\/producto\/vice-colors-vicious-black-250ml\/#primaryimage","url":"https:\/\/5etattoostuff.com\/wp-content\/uploads\/2025\/04\/vice-250-ML.jpeg","contentUrl":"https:\/\/5etattoostuff.com\/wp-content\/uploads\/2025\/04\/vice-250-ML.jpeg","width":780,"height":780},{"@type":"BreadcrumbList","@id":"https:\/\/5etattoostuff.com\/producto\/vice-colors-vicious-black-250ml\/#breadcrumb","itemListElement":[{"@type":"ListItem","position":1,"name":"Portada","item":"https:\/\/5etattoostuff.com\/"},{"@type":"ListItem","position":2,"name":"Shop","item":"https:\/\/5etattoostuff.com\/"},{"@type":"ListItem","position":3,"name":"VICE COLORS VICIOUS BLACK 250ML"}]},{"@type":"WebSite","@id":"https:\/\/5etattoostuff.com\/#website","url":"https:\/\/5etattoostuff.com\/","name":"5 Elements Tattoo Stuff","description":"Premium tattoo needles","publisher":{"@id":"https:\/\/5etattoostuff.com\/#organization"},"alternateName":"5E","potentialAction":[{"@type":"SearchAction","target":{"@type":"EntryPoint","urlTemplate":"https:\/\/5etattoostuff.com\/?s={search_term_string}"},"query-input":{"@type":"PropertyValueSpecification","valueRequired":true,"valueName":"search_term_string"}}],"inLanguage":"es"},{"@type":"Organization","@id":"https:\/\/5etattoostuff.com\/#organization","name":"5 Elements Tattoo Stuff","url":"https:\/\/5etattoostuff.com\/","logo":{"@type":"ImageObject","inLanguage":"es","@id":"https:\/\/5etattoostuff.com\/#\/schema\/logo\/image\/","url":"https:\/\/5etattoostuff.com\/wp-content\/uploads\/2023\/03\/Logo-5e.png","contentUrl":"https:\/\/5etattoostuff.com\/wp-content\/uploads\/2023\/03\/Logo-5e.png","width":661,"height":378,"caption":"5 Elements Tattoo Stuff"},"image":{"@id":"https:\/\/5etattoostuff.com\/#\/schema\/logo\/image\/"},"sameAs":["https:\/\/www.instagram.com\/5e.tattoostuff\/"],"email":"contact@5etattoostuff.com","telephone":"+41 (0)76 681 06 68"}]}},"jetpack_sharing_enabled":true,"_links":{"self":[{"href":"https:\/\/5etattoostuff.com\/es\/wp-json\/wp\/v2\/product\/7778","targetHints":{"allow":["GET"]}}],"collection":[{"href":"https:\/\/5etattoostuff.com\/es\/wp-json\/wp\/v2\/product"}],"about":[{"href":"https:\/\/5etattoostuff.com\/es\/wp-json\/wp\/v2\/types\/product"}],"wp:featuredmedia":[{"embeddable":true,"href":"https:\/\/5etattoostuff.com\/es\/wp-json\/wp\/v2\/media\/7779"}],"wp:attachment":[{"href":"https:\/\/5etattoostuff.com\/es\/wp-json\/wp\/v2\/media?parent=7778"}],"wp:term":[{"taxonomy":"product_brand","embeddable":true,"href":"https:\/\/5etattoostuff.com\/es\/wp-json\/wp\/v2\/product_brand?post=7778"},{"taxonomy":"product_cat","embeddable":true,"href":"https:\/\/5etattoostuff.com\/es\/wp-json\/wp\/v2\/product_cat?post=7778"},{"taxonomy":"product_tag","embeddable":true,"href":"https:\/\/5etattoostuff.com\/es\/wp-json\/wp\/v2\/product_tag?post=7778"}],"curies":[{"name":"wp","href":"https:\/\/api.w.org\/{rel}","templated":true}]}}