{"id":5000,"date":"2023-04-15T16:27:38","date_gmt":"2023-04-15T16:27:38","guid":{"rendered":"https:\/\/5etattoostuff.com\/?post_type=product&#038;p=5000"},"modified":"2024-10-03T11:30:52","modified_gmt":"2024-10-03T09:30:52","slug":"tattoo-needle-round-liner-0-35mm","status":"publish","type":"product","link":"https:\/\/5etattoostuff.com\/fr\/producto\/aiguille-de-tatouage-ronde-0-35mm-2\/","title":{"rendered":"Aiguille \u00e0 Tatouer Round Liner 0.35mm"},"content":{"rendered":"<div class=\"flex flex-grow flex-col max-w-full\">\n<div class=\"min-h-[20px] text-message flex flex-col items-start gap-3 whitespace-pre-wrap break-words [.text-message+&amp;]:mt-5 overflow-x-auto\" data-message-author-role=\"assistant\" data-message-id=\"51c7321f-ec58-41c1-8001-83bb1e3004fa\">\n<div class=\"markdown prose w-full break-words dark:prose-invert dark\">\n<div class=\"flex flex-grow flex-col max-w-full\">\n<div class=\"min-h-[20px] text-message flex flex-col items-start gap-3 whitespace-pre-wrap break-words [.text-message+&amp;]:mt-5 overflow-x-auto\" data-message-author-role=\"assistant\" data-message-id=\"f7d3fd0f-76b6-4fc0-b117-15418196a6b3\">\n<div class=\"markdown prose w-full break-words dark:prose-invert dark\">\n<div class=\"flex flex-grow flex-col max-w-full\">\n<div class=\"min-h-[20px] text-message flex flex-col items-start gap-3 whitespace-pre-wrap break-words [.text-message+&amp;]:mt-5 overflow-x-auto\" data-message-author-role=\"assistant\" data-message-id=\"49e9be12-ec37-42f2-a0fd-956ba9548806\">\n<div class=\"markdown prose w-full break-words dark:prose-invert dark\">\n<div class=\"flex flex-grow flex-col max-w-full\">\n<div class=\"min-h-[20px] text-message flex flex-col items-start gap-3 whitespace-pre-wrap break-words [.text-message+&amp;]:mt-5 overflow-x-auto\" data-message-author-role=\"assistant\" data-message-id=\"f7d3fd0f-76b6-4fc0-b117-15418196a6b3\">\n<div class=\"markdown prose w-full break-words dark:prose-invert dark\">\n<p>Voici nos aiguilles de tatouage rondes \u00e0 long c\u00f4ne, l'outil essentiel pour r\u00e9aliser des points, des lignes et des lettres pr\u00e9cis et complexes dans divers styles de tatouage, notamment japonais, traditionnel, n\u00e9o-traditionnel, g\u00e9om\u00e9trique, tribal et samoan.<\/p>\n<p>Con\u00e7ues avec un long c\u00f4ne, ces aiguilles de tatouage offrent un contr\u00f4le et une pr\u00e9cision optimaux, garantissant des lignes nettes et coh\u00e9rentes \u00e0 chaque coup. Que tu travailles sur des contours audacieux ou des d\u00e9tails d\u00e9licats, nos aiguilles Round Liner donnent des r\u00e9sultats qui d\u00e9passent les attentes.<\/p>\n<p>Id\u00e9ales pour les travaux de points et tous les travaux de doublage, ces aiguilles offrent polyvalence et pr\u00e9cision, ce qui te permet de cr\u00e9er des tatouages \u00e9poustouflants qui se d\u00e9marquent. Qu'il s'agisse d'ombrer, de colorer ou de tracer des contours, nos aiguilles de tra\u00e7age rondes assurent une p\u00e9n\u00e9tration en douceur et minimisent l'inconfort pour tes clients.<\/p>\n<p>Compatible avec toutes les machines \u00e0 tatouer standard, notre <a href=\"https:\/\/5etattoostuff.com\/fr\/\">5 \u00c9l\u00e9ments<\/a> Les aiguilles de la marque assurent une int\u00e9gration transparente dans ton flux de travail. Chaque aiguille est st\u00e9rilis\u00e9e et emball\u00e9e pour r\u00e9pondre aux normes de s\u00e9curit\u00e9 et d'hygi\u00e8ne les plus strictes, ce qui te permet de travailler en toute tranquillit\u00e9.<\/p>\n<p>Am\u00e9liore ton exp\u00e9rience de tatouage avec nos aiguilles de tatouage Round Liner \u00e0 longue conicit\u00e9. Que tu sois un professionnel chevronn\u00e9 ou un artiste en herbe, ces aiguilles am\u00e9lioreront ton art et t'aideront \u00e0 donner vie \u00e0 ta vision artistique. Choisis la qualit\u00e9, choisis la pr\u00e9cision, choisis nos aiguilles Round Liner pour ton prochain chef-d'\u0153uvre.<\/p>\n<\/div>\n<\/div>\n<\/div>\n<\/div>\n<\/div>\n<\/div>\n<\/div>\n<\/div>\n<\/div>\n<\/div>\n<\/div>\n<\/div>","protected":false},"excerpt":{"rendered":"<p>Voici nos aiguilles de tatouage Round Liner avec une longue conicit\u00e9 - parfaites pour les points, les lignes audacieuses et les dessins complexes. Polyvalentes et pr\u00e9cises, elles sont id\u00e9ales pour divers styles de tatouage comme le japonais, le traditionnel, le g\u00e9om\u00e9trique et le tribal. Compatibles avec toutes les machines standard, ils garantissent des r\u00e9sultats lisses et constants. \u00c9l\u00e8ve ton art avec nos aiguilles Round Liner.<\/p>","protected":false},"featured_media":6029,"template":"","meta":[],"product_brand":[],"product_cat":[135,23],"product_tag":[],"class_list":{"0":"post-5000","1":"product","2":"type-product","3":"status-publish","4":"has-post-thumbnail","6":"product_cat-needles","7":"product_cat-round-liner","9":"first","10":"instock","11":"shipping-taxable","12":"purchasable","13":"product-type-variable","14":"has-default-attributes"},"yoast_head":"<!-- This site is optimized with the Yoast SEO Premium plugin v23.6 (Yoast SEO v27.5) - https:\/\/yoast.com\/product\/yoast-seo-premium-wordpress\/ -->\n<title>Tattoo Needle Round Liner 0.35mm - 5 Elements Tattoo Stuff<\/title>\n<meta name=\"description\" content=\"Each box contains 20 meticulously crafted, disposable, and sterilized Round Liner tattoo needle with a long taper for impeccable results every time.\" \/>\n<meta name=\"robots\" content=\"index, follow, max-snippet:-1, max-image-preview:large, max-video-preview:-1\" \/>\n<link rel=\"canonical\" href=\"https:\/\/5etattoostuff.com\/fr\/producto\/aiguille-de-tatouage-ronde-0-35mm-2\/\" \/>\n<meta property=\"og:locale\" content=\"fr_FR\" \/>\n<meta property=\"og:type\" content=\"article\" \/>\n<meta property=\"og:title\" content=\"Tattoo Needle Round Liner 0.35mm\" \/>\n<meta property=\"og:description\" content=\"Each box contains 20 meticulously crafted, disposable, and sterilized Round Liner tattoo needle with a long taper for impeccable results every time.\" \/>\n<meta property=\"og:url\" content=\"https:\/\/5etattoostuff.com\/fr\/producto\/aiguille-de-tatouage-ronde-0-35mm-2\/\" \/>\n<meta property=\"og:site_name\" content=\"5 Elements Tattoo Stuff\" \/>\n<meta property=\"article:modified_time\" content=\"2024-10-03T09:30:52+00:00\" \/>\n<meta property=\"og:image\" content=\"https:\/\/5etattoostuff.com\/wp-content\/uploads\/2024\/03\/Agujas-para-tatuar-RL-2-c-1.png\" \/>\n\t<meta property=\"og:image:width\" content=\"843\" \/>\n\t<meta property=\"og:image:height\" content=\"843\" \/>\n\t<meta property=\"og:image:type\" content=\"image\/png\" \/>\n<meta name=\"twitter:card\" content=\"summary_large_image\" \/>\n<meta name=\"twitter:label1\" content=\"Dur\u00e9e de lecture estim\u00e9e\" \/>\n\t<meta name=\"twitter:data1\" content=\"2 minutes\" \/>\n<script type=\"application\/ld+json\" class=\"yoast-schema-graph\">{\"@context\":\"https:\\\/\\\/schema.org\",\"@graph\":[{\"@type\":\"WebPage\",\"@id\":\"https:\\\/\\\/5etattoostuff.com\\\/producto\\\/tattoo-needle-round-liner-0-35mm\\\/\",\"url\":\"https:\\\/\\\/5etattoostuff.com\\\/producto\\\/tattoo-needle-round-liner-0-35mm\\\/\",\"name\":\"Tattoo Needle Round Liner 0.35mm - 5 Elements Tattoo Stuff\",\"isPartOf\":{\"@id\":\"https:\\\/\\\/5etattoostuff.com\\\/#website\"},\"primaryImageOfPage\":{\"@id\":\"https:\\\/\\\/5etattoostuff.com\\\/producto\\\/tattoo-needle-round-liner-0-35mm\\\/#primaryimage\"},\"image\":{\"@id\":\"https:\\\/\\\/5etattoostuff.com\\\/producto\\\/tattoo-needle-round-liner-0-35mm\\\/#primaryimage\"},\"thumbnailUrl\":\"https:\\\/\\\/5etattoostuff.com\\\/wp-content\\\/uploads\\\/2024\\\/03\\\/Agujas-para-tatuar-RL-2-c-1.png\",\"datePublished\":\"2023-04-15T16:27:38+00:00\",\"dateModified\":\"2024-10-03T09:30:52+00:00\",\"description\":\"Each box contains 20 meticulously crafted, disposable, and sterilized Round Liner tattoo needle with a long taper for impeccable results every time.\",\"breadcrumb\":{\"@id\":\"https:\\\/\\\/5etattoostuff.com\\\/producto\\\/tattoo-needle-round-liner-0-35mm\\\/#breadcrumb\"},\"inLanguage\":\"fr-FR\",\"potentialAction\":[{\"@type\":\"ReadAction\",\"target\":[\"https:\\\/\\\/5etattoostuff.com\\\/producto\\\/tattoo-needle-round-liner-0-35mm\\\/\"]}]},{\"@type\":\"ImageObject\",\"inLanguage\":\"fr-FR\",\"@id\":\"https:\\\/\\\/5etattoostuff.com\\\/producto\\\/tattoo-needle-round-liner-0-35mm\\\/#primaryimage\",\"url\":\"https:\\\/\\\/5etattoostuff.com\\\/wp-content\\\/uploads\\\/2024\\\/03\\\/Agujas-para-tatuar-RL-2-c-1.png\",\"contentUrl\":\"https:\\\/\\\/5etattoostuff.com\\\/wp-content\\\/uploads\\\/2024\\\/03\\\/Agujas-para-tatuar-RL-2-c-1.png\",\"width\":843,\"height\":843,\"caption\":\"5 Elements Premium Round Liner Tattoo Needle\"},{\"@type\":\"BreadcrumbList\",\"@id\":\"https:\\\/\\\/5etattoostuff.com\\\/producto\\\/tattoo-needle-round-liner-0-35mm\\\/#breadcrumb\",\"itemListElement\":[{\"@type\":\"ListItem\",\"position\":1,\"name\":\"Portada\",\"item\":\"https:\\\/\\\/5etattoostuff.com\\\/\"},{\"@type\":\"ListItem\",\"position\":2,\"name\":\"Shop\",\"item\":\"https:\\\/\\\/5etattoostuff.com\\\/\"},{\"@type\":\"ListItem\",\"position\":3,\"name\":\"Tattoo Needle Round Liner 0.35mm\"}]},{\"@type\":\"WebSite\",\"@id\":\"https:\\\/\\\/5etattoostuff.com\\\/#website\",\"url\":\"https:\\\/\\\/5etattoostuff.com\\\/\",\"name\":\"5 Elements Tattoo Stuff\",\"description\":\"Premium tattoo needles\",\"publisher\":{\"@id\":\"https:\\\/\\\/5etattoostuff.com\\\/#organization\"},\"alternateName\":\"5E\",\"potentialAction\":[{\"@type\":\"SearchAction\",\"target\":{\"@type\":\"EntryPoint\",\"urlTemplate\":\"https:\\\/\\\/5etattoostuff.com\\\/?s={search_term_string}\"},\"query-input\":{\"@type\":\"PropertyValueSpecification\",\"valueRequired\":true,\"valueName\":\"search_term_string\"}}],\"inLanguage\":\"fr-FR\"},{\"@type\":\"Organization\",\"@id\":\"https:\\\/\\\/5etattoostuff.com\\\/#organization\",\"name\":\"5 Elements Tattoo Stuff\",\"url\":\"https:\\\/\\\/5etattoostuff.com\\\/\",\"logo\":{\"@type\":\"ImageObject\",\"inLanguage\":\"fr-FR\",\"@id\":\"https:\\\/\\\/5etattoostuff.com\\\/#\\\/schema\\\/logo\\\/image\\\/\",\"url\":\"https:\\\/\\\/5etattoostuff.com\\\/wp-content\\\/uploads\\\/2023\\\/03\\\/Logo-5e.png\",\"contentUrl\":\"https:\\\/\\\/5etattoostuff.com\\\/wp-content\\\/uploads\\\/2023\\\/03\\\/Logo-5e.png\",\"width\":661,\"height\":378,\"caption\":\"5 Elements Tattoo Stuff\"},\"image\":{\"@id\":\"https:\\\/\\\/5etattoostuff.com\\\/#\\\/schema\\\/logo\\\/image\\\/\"},\"sameAs\":[\"https:\\\/\\\/www.instagram.com\\\/5e.tattoostuff\\\/\"],\"email\":\"contact@5etattoostuff.com\",\"telephone\":\"+41 (0)76 681 06 68\"}]}<\/script>\n<!-- \/ Yoast SEO Premium plugin. -->","yoast_head_json":{"title":"Tattoo Needle Round Liner 0.35mm - 5 Elements Tattoo Stuff","description":"Each box contains 20 meticulously crafted, disposable, and sterilized Round Liner tattoo needle with a long taper for impeccable results every time.","robots":{"index":"index","follow":"follow","max-snippet":"max-snippet:-1","max-image-preview":"max-image-preview:large","max-video-preview":"max-video-preview:-1"},"canonical":"https:\/\/5etattoostuff.com\/fr\/producto\/aiguille-de-tatouage-ronde-0-35mm-2\/","og_locale":"fr_FR","og_type":"article","og_title":"Tattoo Needle Round Liner 0.35mm","og_description":"Each box contains 20 meticulously crafted, disposable, and sterilized Round Liner tattoo needle with a long taper for impeccable results every time.","og_url":"https:\/\/5etattoostuff.com\/fr\/producto\/aiguille-de-tatouage-ronde-0-35mm-2\/","og_site_name":"5 Elements Tattoo Stuff","article_modified_time":"2024-10-03T09:30:52+00:00","og_image":[{"width":843,"height":843,"url":"https:\/\/5etattoostuff.com\/wp-content\/uploads\/2024\/03\/Agujas-para-tatuar-RL-2-c-1.png","type":"image\/png"}],"twitter_card":"summary_large_image","twitter_misc":{"Dur\u00e9e de lecture estim\u00e9e":"2 minutes"},"schema":{"@context":"https:\/\/schema.org","@graph":[{"@type":"WebPage","@id":"https:\/\/5etattoostuff.com\/producto\/tattoo-needle-round-liner-0-35mm\/","url":"https:\/\/5etattoostuff.com\/producto\/tattoo-needle-round-liner-0-35mm\/","name":"Tattoo Needle Round Liner 0.35mm - 5 Elements Tattoo Stuff","isPartOf":{"@id":"https:\/\/5etattoostuff.com\/#website"},"primaryImageOfPage":{"@id":"https:\/\/5etattoostuff.com\/producto\/tattoo-needle-round-liner-0-35mm\/#primaryimage"},"image":{"@id":"https:\/\/5etattoostuff.com\/producto\/tattoo-needle-round-liner-0-35mm\/#primaryimage"},"thumbnailUrl":"https:\/\/5etattoostuff.com\/wp-content\/uploads\/2024\/03\/Agujas-para-tatuar-RL-2-c-1.png","datePublished":"2023-04-15T16:27:38+00:00","dateModified":"2024-10-03T09:30:52+00:00","description":"Each box contains 20 meticulously crafted, disposable, and sterilized Round Liner tattoo needle with a long taper for impeccable results every time.","breadcrumb":{"@id":"https:\/\/5etattoostuff.com\/producto\/tattoo-needle-round-liner-0-35mm\/#breadcrumb"},"inLanguage":"fr-FR","potentialAction":[{"@type":"ReadAction","target":["https:\/\/5etattoostuff.com\/producto\/tattoo-needle-round-liner-0-35mm\/"]}]},{"@type":"ImageObject","inLanguage":"fr-FR","@id":"https:\/\/5etattoostuff.com\/producto\/tattoo-needle-round-liner-0-35mm\/#primaryimage","url":"https:\/\/5etattoostuff.com\/wp-content\/uploads\/2024\/03\/Agujas-para-tatuar-RL-2-c-1.png","contentUrl":"https:\/\/5etattoostuff.com\/wp-content\/uploads\/2024\/03\/Agujas-para-tatuar-RL-2-c-1.png","width":843,"height":843,"caption":"5 Elements Premium Round Liner Tattoo Needle"},{"@type":"BreadcrumbList","@id":"https:\/\/5etattoostuff.com\/producto\/tattoo-needle-round-liner-0-35mm\/#breadcrumb","itemListElement":[{"@type":"ListItem","position":1,"name":"Portada","item":"https:\/\/5etattoostuff.com\/"},{"@type":"ListItem","position":2,"name":"Shop","item":"https:\/\/5etattoostuff.com\/"},{"@type":"ListItem","position":3,"name":"Tattoo Needle Round Liner 0.35mm"}]},{"@type":"WebSite","@id":"https:\/\/5etattoostuff.com\/#website","url":"https:\/\/5etattoostuff.com\/","name":"5 Elements Tattoo Stuff","description":"Premium tattoo needles","publisher":{"@id":"https:\/\/5etattoostuff.com\/#organization"},"alternateName":"5E","potentialAction":[{"@type":"SearchAction","target":{"@type":"EntryPoint","urlTemplate":"https:\/\/5etattoostuff.com\/?s={search_term_string}"},"query-input":{"@type":"PropertyValueSpecification","valueRequired":true,"valueName":"search_term_string"}}],"inLanguage":"fr-FR"},{"@type":"Organization","@id":"https:\/\/5etattoostuff.com\/#organization","name":"5 Elements Tattoo Stuff","url":"https:\/\/5etattoostuff.com\/","logo":{"@type":"ImageObject","inLanguage":"fr-FR","@id":"https:\/\/5etattoostuff.com\/#\/schema\/logo\/image\/","url":"https:\/\/5etattoostuff.com\/wp-content\/uploads\/2023\/03\/Logo-5e.png","contentUrl":"https:\/\/5etattoostuff.com\/wp-content\/uploads\/2023\/03\/Logo-5e.png","width":661,"height":378,"caption":"5 Elements Tattoo Stuff"},"image":{"@id":"https:\/\/5etattoostuff.com\/#\/schema\/logo\/image\/"},"sameAs":["https:\/\/www.instagram.com\/5e.tattoostuff\/"],"email":"contact@5etattoostuff.com","telephone":"+41 (0)76 681 06 68"}]}},"jetpack_sharing_enabled":true,"_links":{"self":[{"href":"https:\/\/5etattoostuff.com\/fr\/wp-json\/wp\/v2\/product\/5000","targetHints":{"allow":["GET"]}}],"collection":[{"href":"https:\/\/5etattoostuff.com\/fr\/wp-json\/wp\/v2\/product"}],"about":[{"href":"https:\/\/5etattoostuff.com\/fr\/wp-json\/wp\/v2\/types\/product"}],"wp:featuredmedia":[{"embeddable":true,"href":"https:\/\/5etattoostuff.com\/fr\/wp-json\/wp\/v2\/media\/6029"}],"wp:attachment":[{"href":"https:\/\/5etattoostuff.com\/fr\/wp-json\/wp\/v2\/media?parent=5000"}],"wp:term":[{"taxonomy":"product_brand","embeddable":true,"href":"https:\/\/5etattoostuff.com\/fr\/wp-json\/wp\/v2\/product_brand?post=5000"},{"taxonomy":"product_cat","embeddable":true,"href":"https:\/\/5etattoostuff.com\/fr\/wp-json\/wp\/v2\/product_cat?post=5000"},{"taxonomy":"product_tag","embeddable":true,"href":"https:\/\/5etattoostuff.com\/fr\/wp-json\/wp\/v2\/product_tag?post=5000"}],"curies":[{"name":"wp","href":"https:\/\/api.w.org\/{rel}","templated":true}]}}