{"id":5019,"date":"2023-04-15T17:08:51","date_gmt":"2023-04-15T17:08:51","guid":{"rendered":"https:\/\/5etattoostuff.com\/?post_type=product&#038;p=5019"},"modified":"2024-10-03T11:30:31","modified_gmt":"2024-10-03T09:30:31","slug":"tattoo-needle-round-magnum-0-30mm","status":"publish","type":"product","link":"https:\/\/5etattoostuff.com\/fr\/producto\/aiguille-de-tatouage-ronde-magnum-0-30mm\/","title":{"rendered":"Aiguille \u00e0 tatouer Round Magnum 0.30mm"},"content":{"rendered":"<div class=\"flex flex-grow flex-col max-w-full\">\n<div class=\"min-h-[20px] text-message flex flex-col items-start gap-3 whitespace-pre-wrap break-words [.text-message+&amp;]:mt-5 overflow-x-auto\" data-message-author-role=\"assistant\" data-message-id=\"50a632f4-8567-4002-b5f9-c215acb02a8f\">\n<div class=\"markdown prose w-full break-words dark:prose-invert light\">\n<p>Voici notre aiguille de tatouage ronde Magnum 0,30 mm, l'outil ultime pour un tatouage pr\u00e9cis et audacieux. Chaque mod\u00e8le r\u00e9pond aux divers besoins des tatoueurs du monde entier.<\/p>\n<p><a href=\"https:\/\/5etattoostuff.com\/fr\/a-propos-de-nous\/\">Artisanat<\/a> Avec un diam\u00e8tre de 0,30 mm, ces aiguilles de tatouage offrent un contr\u00f4le et une pr\u00e9cision optimaux, garantissant des lignes nettes et des couleurs \u00e9clatantes \u00e0 chaque coup. Qu'il s'agisse d'ombrer, de colorer ou de tracer des contours, nos aiguilles Round Magnum donnent des r\u00e9sultats constants qui d\u00e9passent les attentes.<\/p>\n<p>Fabriqu\u00e9es en acier inoxydable de haute qualit\u00e9. Nos aiguilles sont construites pour \u00eatre durables et fiables, ce qui garantit qu'elles r\u00e9sistent aux exigences du tatouage quotidien. Leur tranchant garantit une p\u00e9n\u00e9tration en douceur, ce qui minimise l'inconfort pour tes clients et te permet de travailler efficacement.<\/p>\n<p>La configuration Round Magnum est parfaite pour cr\u00e9er des d\u00e9grad\u00e9s lisses et des ombres pr\u00e9cises, ce qui la rend id\u00e9ale pour une vari\u00e9t\u00e9 de styles de tatouage. Que tu travailles sur des portraits, du r\u00e9alisme ou des dessins illustratifs, ces aiguilles offrent la flexibilit\u00e9 et la pr\u00e9cision n\u00e9cessaires pour donner vie \u00e0 ta vision.<\/p>\n<p>Chaque mod\u00e8le r\u00e9pond \u00e0 des exigences artistiques sp\u00e9cifiques. Que tu pr\u00e9f\u00e8res un groupement plus serr\u00e9 pour les d\u00e9tails fins ou un \u00e9talement plus large pour des transitions d'ombrage transparentes, nous avons l'aiguille Round Magnum parfaite pour toi.<\/p>\n<p>Compatible avec toutes les machines \u00e0 tatouer standard, notre aiguille de tatouage Round Magnum 0,30 mm garantit une int\u00e9gration transparente dans ton flux de travail. De plus, gr\u00e2ce \u00e0 l'emballage st\u00e9rilis\u00e9, tu peux \u00eatre s\u00fbr que chaque aiguille r\u00e9pond aux normes les plus strictes en mati\u00e8re de s\u00e9curit\u00e9 et d'hygi\u00e8ne.<\/p>\n<p>Am\u00e9liore ton exp\u00e9rience de tatouage avec notre aiguille de tatouage ronde Magnum 0,35 mm. Que tu sois un professionnel chevronn\u00e9 ou un artiste en herbe, ces aiguilles am\u00e9lioreront ton art. Elles t'aideront \u00e0 cr\u00e9er des tatouages \u00e9poustouflants qui r\u00e9sisteront \u00e0 l'\u00e9preuve du temps. Choisis la qualit\u00e9, choisis la pr\u00e9cision. Choisis nos <a href=\"https:\/\/5etattoostuff.com\/fr\/\">5E<\/a> Des aiguilles magnum rondes pour ton prochain chef-d'\u0153uvre.<\/p>\n<\/div>\n<\/div>\n<\/div>","protected":false},"excerpt":{"rendered":"<p>Hochwertige RM-Modul-Nadeln. Schachtel mit 20 St\u00fcck. Long Taper. Module d'affichage st\u00e9rilisable \u00e0 l'int\u00e9rieur de l'appareil<\/p>","protected":false},"featured_media":6112,"template":"","meta":[],"product_brand":[],"product_cat":[135,25],"product_tag":[],"class_list":{"0":"post-5019","1":"product","2":"type-product","3":"status-publish","4":"has-post-thumbnail","6":"product_cat-needles","7":"product_cat-round-magnum","9":"first","10":"instock","11":"shipping-taxable","12":"purchasable","13":"product-type-variable","14":"has-default-attributes"},"yoast_head":"<!-- This site is optimized with the Yoast SEO Premium plugin v23.6 (Yoast SEO v27.5) - https:\/\/yoast.com\/product\/yoast-seo-premium-wordpress\/ -->\n<title>Tattoo Needle Round Magnum 0.30mm - 5 Elements Tattoo Stuff<\/title>\n<meta name=\"description\" content=\"Each box contains 20 meticulously crafted, disposable, and sterilized Round Magnum needle modules with a long taper for impeccable results every time.\" \/>\n<meta name=\"robots\" content=\"index, follow, max-snippet:-1, max-image-preview:large, max-video-preview:-1\" \/>\n<link rel=\"canonical\" href=\"https:\/\/5etattoostuff.com\/fr\/producto\/aiguille-de-tatouage-ronde-magnum-0-30mm\/\" \/>\n<meta property=\"og:locale\" content=\"fr_FR\" \/>\n<meta property=\"og:type\" content=\"article\" \/>\n<meta property=\"og:title\" content=\"Tattoo Needle Round Magnum 0.30mm\" \/>\n<meta property=\"og:description\" content=\"Each box contains 20 meticulously crafted, disposable, and sterilized Round Magnum needle modules with a long taper for impeccable results every time.\" \/>\n<meta property=\"og:url\" content=\"https:\/\/5etattoostuff.com\/fr\/producto\/aiguille-de-tatouage-ronde-magnum-0-30mm\/\" \/>\n<meta property=\"og:site_name\" content=\"5 Elements Tattoo Stuff\" \/>\n<meta property=\"article:modified_time\" content=\"2024-10-03T09:30:31+00:00\" \/>\n<meta property=\"og:image\" content=\"https:\/\/5etattoostuff.com\/wp-content\/uploads\/2024\/03\/Agujas-para-tatuar-RM-2-c-1.png\" \/>\n\t<meta property=\"og:image:width\" content=\"843\" \/>\n\t<meta property=\"og:image:height\" content=\"843\" \/>\n\t<meta property=\"og:image:type\" content=\"image\/png\" \/>\n<meta name=\"twitter:card\" content=\"summary_large_image\" \/>\n<meta name=\"twitter:label1\" content=\"Dur\u00e9e de lecture estim\u00e9e\" \/>\n\t<meta name=\"twitter:data1\" content=\"2 minutes\" \/>\n<script type=\"application\/ld+json\" class=\"yoast-schema-graph\">{\"@context\":\"https:\\\/\\\/schema.org\",\"@graph\":[{\"@type\":\"WebPage\",\"@id\":\"https:\\\/\\\/5etattoostuff.com\\\/producto\\\/tattoo-needle-round-magnum-0-30mm\\\/\",\"url\":\"https:\\\/\\\/5etattoostuff.com\\\/producto\\\/tattoo-needle-round-magnum-0-30mm\\\/\",\"name\":\"Tattoo Needle Round Magnum 0.30mm - 5 Elements Tattoo Stuff\",\"isPartOf\":{\"@id\":\"https:\\\/\\\/5etattoostuff.com\\\/#website\"},\"primaryImageOfPage\":{\"@id\":\"https:\\\/\\\/5etattoostuff.com\\\/producto\\\/tattoo-needle-round-magnum-0-30mm\\\/#primaryimage\"},\"image\":{\"@id\":\"https:\\\/\\\/5etattoostuff.com\\\/producto\\\/tattoo-needle-round-magnum-0-30mm\\\/#primaryimage\"},\"thumbnailUrl\":\"https:\\\/\\\/5etattoostuff.com\\\/wp-content\\\/uploads\\\/2024\\\/03\\\/Agujas-para-tatuar-RM-2-c-1.png\",\"datePublished\":\"2023-04-15T17:08:51+00:00\",\"dateModified\":\"2024-10-03T09:30:31+00:00\",\"description\":\"Each box contains 20 meticulously crafted, disposable, and sterilized Round Magnum needle modules with a long taper for impeccable results every time.\",\"breadcrumb\":{\"@id\":\"https:\\\/\\\/5etattoostuff.com\\\/producto\\\/tattoo-needle-round-magnum-0-30mm\\\/#breadcrumb\"},\"inLanguage\":\"fr-FR\",\"potentialAction\":[{\"@type\":\"ReadAction\",\"target\":[\"https:\\\/\\\/5etattoostuff.com\\\/producto\\\/tattoo-needle-round-magnum-0-30mm\\\/\"]}]},{\"@type\":\"ImageObject\",\"inLanguage\":\"fr-FR\",\"@id\":\"https:\\\/\\\/5etattoostuff.com\\\/producto\\\/tattoo-needle-round-magnum-0-30mm\\\/#primaryimage\",\"url\":\"https:\\\/\\\/5etattoostuff.com\\\/wp-content\\\/uploads\\\/2024\\\/03\\\/Agujas-para-tatuar-RM-2-c-1.png\",\"contentUrl\":\"https:\\\/\\\/5etattoostuff.com\\\/wp-content\\\/uploads\\\/2024\\\/03\\\/Agujas-para-tatuar-RM-2-c-1.png\",\"width\":843,\"height\":843,\"caption\":\"5 Elements Premium Round Magnum Tattoo Needlev\"},{\"@type\":\"BreadcrumbList\",\"@id\":\"https:\\\/\\\/5etattoostuff.com\\\/producto\\\/tattoo-needle-round-magnum-0-30mm\\\/#breadcrumb\",\"itemListElement\":[{\"@type\":\"ListItem\",\"position\":1,\"name\":\"Portada\",\"item\":\"https:\\\/\\\/5etattoostuff.com\\\/\"},{\"@type\":\"ListItem\",\"position\":2,\"name\":\"Shop\",\"item\":\"https:\\\/\\\/5etattoostuff.com\\\/\"},{\"@type\":\"ListItem\",\"position\":3,\"name\":\"Tattoo Needle Round Magnum 0.30mm\"}]},{\"@type\":\"WebSite\",\"@id\":\"https:\\\/\\\/5etattoostuff.com\\\/#website\",\"url\":\"https:\\\/\\\/5etattoostuff.com\\\/\",\"name\":\"5 Elements Tattoo Stuff\",\"description\":\"Premium tattoo needles\",\"publisher\":{\"@id\":\"https:\\\/\\\/5etattoostuff.com\\\/#organization\"},\"alternateName\":\"5E\",\"potentialAction\":[{\"@type\":\"SearchAction\",\"target\":{\"@type\":\"EntryPoint\",\"urlTemplate\":\"https:\\\/\\\/5etattoostuff.com\\\/?s={search_term_string}\"},\"query-input\":{\"@type\":\"PropertyValueSpecification\",\"valueRequired\":true,\"valueName\":\"search_term_string\"}}],\"inLanguage\":\"fr-FR\"},{\"@type\":\"Organization\",\"@id\":\"https:\\\/\\\/5etattoostuff.com\\\/#organization\",\"name\":\"5 Elements Tattoo Stuff\",\"url\":\"https:\\\/\\\/5etattoostuff.com\\\/\",\"logo\":{\"@type\":\"ImageObject\",\"inLanguage\":\"fr-FR\",\"@id\":\"https:\\\/\\\/5etattoostuff.com\\\/#\\\/schema\\\/logo\\\/image\\\/\",\"url\":\"https:\\\/\\\/5etattoostuff.com\\\/wp-content\\\/uploads\\\/2023\\\/03\\\/Logo-5e.png\",\"contentUrl\":\"https:\\\/\\\/5etattoostuff.com\\\/wp-content\\\/uploads\\\/2023\\\/03\\\/Logo-5e.png\",\"width\":661,\"height\":378,\"caption\":\"5 Elements Tattoo Stuff\"},\"image\":{\"@id\":\"https:\\\/\\\/5etattoostuff.com\\\/#\\\/schema\\\/logo\\\/image\\\/\"},\"sameAs\":[\"https:\\\/\\\/www.instagram.com\\\/5e.tattoostuff\\\/\"],\"email\":\"contact@5etattoostuff.com\",\"telephone\":\"+41 (0)76 681 06 68\"}]}<\/script>\n<!-- \/ Yoast SEO Premium plugin. -->","yoast_head_json":{"title":"Tattoo Needle Round Magnum 0.30mm - 5 Elements Tattoo Stuff","description":"Each box contains 20 meticulously crafted, disposable, and sterilized Round Magnum needle modules with a long taper for impeccable results every time.","robots":{"index":"index","follow":"follow","max-snippet":"max-snippet:-1","max-image-preview":"max-image-preview:large","max-video-preview":"max-video-preview:-1"},"canonical":"https:\/\/5etattoostuff.com\/fr\/producto\/aiguille-de-tatouage-ronde-magnum-0-30mm\/","og_locale":"fr_FR","og_type":"article","og_title":"Tattoo Needle Round Magnum 0.30mm","og_description":"Each box contains 20 meticulously crafted, disposable, and sterilized Round Magnum needle modules with a long taper for impeccable results every time.","og_url":"https:\/\/5etattoostuff.com\/fr\/producto\/aiguille-de-tatouage-ronde-magnum-0-30mm\/","og_site_name":"5 Elements Tattoo Stuff","article_modified_time":"2024-10-03T09:30:31+00:00","og_image":[{"width":843,"height":843,"url":"https:\/\/5etattoostuff.com\/wp-content\/uploads\/2024\/03\/Agujas-para-tatuar-RM-2-c-1.png","type":"image\/png"}],"twitter_card":"summary_large_image","twitter_misc":{"Dur\u00e9e de lecture estim\u00e9e":"2 minutes"},"schema":{"@context":"https:\/\/schema.org","@graph":[{"@type":"WebPage","@id":"https:\/\/5etattoostuff.com\/producto\/tattoo-needle-round-magnum-0-30mm\/","url":"https:\/\/5etattoostuff.com\/producto\/tattoo-needle-round-magnum-0-30mm\/","name":"Tattoo Needle Round Magnum 0.30mm - 5 Elements Tattoo Stuff","isPartOf":{"@id":"https:\/\/5etattoostuff.com\/#website"},"primaryImageOfPage":{"@id":"https:\/\/5etattoostuff.com\/producto\/tattoo-needle-round-magnum-0-30mm\/#primaryimage"},"image":{"@id":"https:\/\/5etattoostuff.com\/producto\/tattoo-needle-round-magnum-0-30mm\/#primaryimage"},"thumbnailUrl":"https:\/\/5etattoostuff.com\/wp-content\/uploads\/2024\/03\/Agujas-para-tatuar-RM-2-c-1.png","datePublished":"2023-04-15T17:08:51+00:00","dateModified":"2024-10-03T09:30:31+00:00","description":"Each box contains 20 meticulously crafted, disposable, and sterilized Round Magnum needle modules with a long taper for impeccable results every time.","breadcrumb":{"@id":"https:\/\/5etattoostuff.com\/producto\/tattoo-needle-round-magnum-0-30mm\/#breadcrumb"},"inLanguage":"fr-FR","potentialAction":[{"@type":"ReadAction","target":["https:\/\/5etattoostuff.com\/producto\/tattoo-needle-round-magnum-0-30mm\/"]}]},{"@type":"ImageObject","inLanguage":"fr-FR","@id":"https:\/\/5etattoostuff.com\/producto\/tattoo-needle-round-magnum-0-30mm\/#primaryimage","url":"https:\/\/5etattoostuff.com\/wp-content\/uploads\/2024\/03\/Agujas-para-tatuar-RM-2-c-1.png","contentUrl":"https:\/\/5etattoostuff.com\/wp-content\/uploads\/2024\/03\/Agujas-para-tatuar-RM-2-c-1.png","width":843,"height":843,"caption":"5 Elements Premium Round Magnum Tattoo Needlev"},{"@type":"BreadcrumbList","@id":"https:\/\/5etattoostuff.com\/producto\/tattoo-needle-round-magnum-0-30mm\/#breadcrumb","itemListElement":[{"@type":"ListItem","position":1,"name":"Portada","item":"https:\/\/5etattoostuff.com\/"},{"@type":"ListItem","position":2,"name":"Shop","item":"https:\/\/5etattoostuff.com\/"},{"@type":"ListItem","position":3,"name":"Tattoo Needle Round Magnum 0.30mm"}]},{"@type":"WebSite","@id":"https:\/\/5etattoostuff.com\/#website","url":"https:\/\/5etattoostuff.com\/","name":"5 Elements Tattoo Stuff","description":"Premium tattoo needles","publisher":{"@id":"https:\/\/5etattoostuff.com\/#organization"},"alternateName":"5E","potentialAction":[{"@type":"SearchAction","target":{"@type":"EntryPoint","urlTemplate":"https:\/\/5etattoostuff.com\/?s={search_term_string}"},"query-input":{"@type":"PropertyValueSpecification","valueRequired":true,"valueName":"search_term_string"}}],"inLanguage":"fr-FR"},{"@type":"Organization","@id":"https:\/\/5etattoostuff.com\/#organization","name":"5 Elements Tattoo Stuff","url":"https:\/\/5etattoostuff.com\/","logo":{"@type":"ImageObject","inLanguage":"fr-FR","@id":"https:\/\/5etattoostuff.com\/#\/schema\/logo\/image\/","url":"https:\/\/5etattoostuff.com\/wp-content\/uploads\/2023\/03\/Logo-5e.png","contentUrl":"https:\/\/5etattoostuff.com\/wp-content\/uploads\/2023\/03\/Logo-5e.png","width":661,"height":378,"caption":"5 Elements Tattoo Stuff"},"image":{"@id":"https:\/\/5etattoostuff.com\/#\/schema\/logo\/image\/"},"sameAs":["https:\/\/www.instagram.com\/5e.tattoostuff\/"],"email":"contact@5etattoostuff.com","telephone":"+41 (0)76 681 06 68"}]}},"jetpack_sharing_enabled":true,"_links":{"self":[{"href":"https:\/\/5etattoostuff.com\/fr\/wp-json\/wp\/v2\/product\/5019","targetHints":{"allow":["GET"]}}],"collection":[{"href":"https:\/\/5etattoostuff.com\/fr\/wp-json\/wp\/v2\/product"}],"about":[{"href":"https:\/\/5etattoostuff.com\/fr\/wp-json\/wp\/v2\/types\/product"}],"wp:featuredmedia":[{"embeddable":true,"href":"https:\/\/5etattoostuff.com\/fr\/wp-json\/wp\/v2\/media\/6112"}],"wp:attachment":[{"href":"https:\/\/5etattoostuff.com\/fr\/wp-json\/wp\/v2\/media?parent=5019"}],"wp:term":[{"taxonomy":"product_brand","embeddable":true,"href":"https:\/\/5etattoostuff.com\/fr\/wp-json\/wp\/v2\/product_brand?post=5019"},{"taxonomy":"product_cat","embeddable":true,"href":"https:\/\/5etattoostuff.com\/fr\/wp-json\/wp\/v2\/product_cat?post=5019"},{"taxonomy":"product_tag","embeddable":true,"href":"https:\/\/5etattoostuff.com\/fr\/wp-json\/wp\/v2\/product_tag?post=5019"}],"curies":[{"name":"wp","href":"https:\/\/api.w.org\/{rel}","templated":true}]}}