{"id":5035,"date":"2023-04-15T17:25:16","date_gmt":"2023-04-15T17:25:16","guid":{"rendered":"https:\/\/5etattoostuff.com\/?post_type=product&#038;p=5035"},"modified":"2024-10-03T11:30:16","modified_gmt":"2024-10-03T09:30:16","slug":"tattoo-needle-magnum-0-30mm","status":"publish","type":"product","link":"https:\/\/5etattoostuff.com\/fr\/producto\/aiguille-de-tatouage-magnum-0-30mm\/","title":{"rendered":"Aiguille \u00e0 tatouer Magnum 0.30mm"},"content":{"rendered":"<div class=\"flex flex-grow flex-col max-w-full\">\n<div class=\"min-h-[20px] text-message flex flex-col items-start gap-3 whitespace-pre-wrap break-words [.text-message+&amp;]:mt-5 overflow-x-auto\" data-message-author-role=\"assistant\" data-message-id=\"2b273c48-8f7b-4d63-b814-7c201b0a1291\">\n<div class=\"markdown prose w-full break-words dark:prose-invert light\">\n<div class=\"flex flex-grow flex-col max-w-full\">\n<div class=\"min-h-[20px] text-message flex flex-col items-start gap-3 whitespace-pre-wrap break-words [.text-message+&amp;]:mt-5 overflow-x-auto\" data-message-author-role=\"assistant\" data-message-id=\"11e9df34-c051-4592-b823-877cc512e379\">\n<div class=\"markdown prose w-full break-words dark:prose-invert light\">\n<div class=\"flex flex-grow flex-col max-w-full\">\n<div class=\"min-h-[20px] text-message flex flex-col items-start gap-3 whitespace-pre-wrap break-words [.text-message+&amp;]:mt-5 overflow-x-auto\" data-message-author-role=\"assistant\" data-message-id=\"e6040861-04f9-42e9-9553-c6c6cd7718e4\">\n<div class=\"markdown prose w-full break-words dark:prose-invert light\">\n<div class=\"flex flex-grow flex-col max-w-full\">\n<div class=\"min-h-[20px] text-message flex flex-col items-start gap-3 whitespace-pre-wrap break-words [.text-message+&amp;]:mt-5 overflow-x-auto\" data-message-author-role=\"assistant\" data-message-id=\"bf9e8750-9e92-4530-ac51-74ecde1de538\">\n<div class=\"markdown prose w-full break-words dark:prose-invert light\">\n<div class=\"flex flex-grow flex-col max-w-full\">\n<div class=\"min-h-[20px] text-message flex flex-col items-start gap-3 whitespace-pre-wrap break-words [.text-message+&amp;]:mt-5 overflow-x-auto\" data-message-author-role=\"assistant\" data-message-id=\"e4838ec3-02da-4d69-ae22-3960c42c9aea\">\n<div class=\"markdown prose w-full break-words dark:prose-invert light\">\n<div class=\"flex flex-grow flex-col max-w-full\">\n<div class=\"min-h-[20px] text-message flex flex-col items-start gap-3 whitespace-pre-wrap break-words [.text-message+&amp;]:mt-5 overflow-x-auto\" data-message-author-role=\"assistant\" data-message-id=\"593a7f88-fd59-4515-9f77-6d525fcbe258\">\n<div class=\"markdown prose w-full break-words dark:prose-invert light\">\n<div class=\"flex flex-grow flex-col max-w-full\">\n<div class=\"min-h-[20px] text-message flex flex-col items-start gap-3 whitespace-pre-wrap break-words [.text-message+&amp;]:mt-5 overflow-x-auto\" data-message-author-role=\"assistant\" data-message-id=\"c06e224f-679d-46f8-9fd8-88d51b4a22b8\">\n<div class=\"markdown prose w-full break-words dark:prose-invert light\">\n<div class=\"flex flex-grow flex-col max-w-full\">\n<div class=\"min-h-[20px] text-message flex flex-col items-start gap-3 whitespace-pre-wrap break-words [.text-message+&amp;]:mt-5 overflow-x-auto\" data-message-author-role=\"assistant\" data-message-id=\"37faac58-2c9a-4a84-ab51-161d4e89cdb1\">\n<div class=\"markdown prose w-full break-words dark:prose-invert light\">\n<div class=\"flex flex-grow flex-col max-w-full\">\n<div class=\"min-h-[20px] text-message flex flex-col items-start gap-3 whitespace-pre-wrap break-words [.text-message+&amp;]:mt-5 overflow-x-auto\" data-message-author-role=\"assistant\" data-message-id=\"0ee4e765-3997-411a-97ac-5cf4860d7399\">\n<div class=\"markdown prose w-full break-words dark:prose-invert light\">\n<div class=\"flex flex-grow flex-col max-w-full\">\n<div class=\"min-h-[20px] text-message flex flex-col items-start gap-3 whitespace-pre-wrap break-words [.text-message+&amp;]:mt-5 overflow-x-auto\" data-message-author-role=\"assistant\" data-message-id=\"400d7748-b896-453c-9ea9-5a3819676f9a\">\n<div class=\"markdown prose w-full break-words dark:prose-invert light\">\n<p>D\u00e9couvre notre aiguille \u00e0 tatouer Magnum 0,30 mm. L'outil indispensable pour r\u00e9aliser des tatouages pr\u00e9cis et saisissants. Disponible en trois mod\u00e8les : 1209M1, 1215M1 et 1221M1, chacun adapt\u00e9 pour r\u00e9pondre aux besoins vari\u00e9s des tatoueurs dans le monde entier.<\/p>\n<p><a href=\"https:\/\/5etattoostuff.com\/fr\/a-propos-de-nous\/\">Artisanat<\/a> Avec un diam\u00e8tre de 0,35 mm, ces aiguilles de tatouage offrent un contr\u00f4le et une pr\u00e9cision exceptionnels. Elles garantissent des lignes nettes et des couleurs \u00e9clatantes \u00e0 chaque coup de pinceau. Qu'il s'agisse d'ombrer, de colorer ou de tracer des contours, nos aiguilles Magnum donnent syst\u00e9matiquement des r\u00e9sultats qui d\u00e9passent les attentes.<\/p>\n<p>Construites pour durer et \u00eatre fiables, nos aiguilles sont fabriqu\u00e9es en acier inoxydable m\u00e9dical de haute qualit\u00e9, ce qui leur permet de r\u00e9sister aux exigences du tatouage quotidien. Leur tranchant garantit une p\u00e9n\u00e9tration en douceur, ce qui r\u00e9duit l'inconfort pour les clients et permet un travail efficace.<\/p>\n<p>La configuration Magnum est parfaite pour couvrir de plus grandes surfaces, ce qui la rend id\u00e9ale pour cr\u00e9er des motifs audacieux comme des d\u00e9tails complexes. Que tu travailles sur des manches, des pi\u00e8ces de dos ou des motifs d\u00e9licats, ces aiguilles offrent la polyvalence et la pr\u00e9cision n\u00e9cessaires pour r\u00e9aliser ta vision.<\/p>\n<p>Chaque mod\u00e8le - 1009M1, 1013M1,1019M1, 1021M1 et 1025M1 - est m\u00e9ticuleusement con\u00e7u pour r\u00e9pondre \u00e0 des besoins artistiques sp\u00e9cifiques. Que tu aies besoin d'un groupement plus serr\u00e9 pour les d\u00e9tails fins ou d'un \u00e9talement plus large pour un ombrage homog\u00e8ne, nous avons l'aiguille Magnum parfaite pour chaque artiste.<\/p>\n<p>Notre aiguille de tatouage Magnum 0,35 mm est compatible avec toutes les machines \u00e0 tatouer standard, ce qui garantit une int\u00e9gration transparente dans ton flux de travail. De plus, gr\u00e2ce \u00e0 leur emballage st\u00e9rilis\u00e9, tu peux \u00eatre s\u00fbr que chaque aiguille respecte les normes de s\u00e9curit\u00e9 et d'hygi\u00e8ne les plus strictes.<\/p>\n<p>Am\u00e9liore ton exp\u00e9rience de tatouage avec notre aiguille de tatouage Magnum 0,35 mm. Que tu sois un professionnel chevronn\u00e9 ou un artiste en herbe, ces aiguilles am\u00e9lioreront ton art et te permettront de cr\u00e9er de superbes tatouages qui perdurent. Choisis la qualit\u00e9, choisis la pr\u00e9cision, choisis nos <a href=\"https:\/\/5etattoostuff.com\/fr\/\">5 \u00c9l\u00e9ments<\/a> Des aiguilles magnum pour ton prochain chef-d'\u0153uvre.<\/p>\n<\/div>\n<\/div>\n<\/div>\n<\/div>\n<\/div>\n<\/div>\n<\/div>\n<\/div>\n<\/div>\n<\/div>\n<\/div>\n<\/div>\n<\/div>\n<\/div>\n<\/div>\n<\/div>\n<\/div>\n<\/div>\n<\/div>\n<\/div>\n<\/div>\n<\/div>\n<\/div>\n<\/div>\n<\/div>\n<\/div>\n<\/div>\n<\/div>\n<\/div>\n<\/div>","protected":false},"excerpt":{"rendered":"<p>Voici notre aiguille de tatouage Magnum 0,30 mm - la pr\u00e9cision rencontre la polyvalence. Choisis parmi cinq mod\u00e8les : 1009M1, 1013M1,1019M1, 1021M1 et 1025M1, chacun con\u00e7u pour \u00e9lever ton jeu de tatouage.<\/p>","protected":false},"featured_media":6027,"template":"","meta":[],"product_brand":[],"product_cat":[135,26],"product_tag":[],"class_list":{"0":"post-5035","1":"product","2":"type-product","3":"status-publish","4":"has-post-thumbnail","6":"product_cat-needles","7":"product_cat-magnum","9":"first","10":"instock","11":"shipping-taxable","12":"purchasable","13":"product-type-variable","14":"has-default-attributes"},"yoast_head":"<!-- This site is optimized with the Yoast SEO Premium plugin v23.6 (Yoast SEO v27.5) - https:\/\/yoast.com\/product\/yoast-seo-premium-wordpress\/ -->\n<title>Tattoo Needle Magnum 0.30mm - 5 Elements Tattoo Stuff<\/title>\n<meta name=\"description\" content=\"Each box contains 20 meticulously crafted, disposable, and sterilized Magnum tattoo needle modules with a long taper for impeccable results every time.\" \/>\n<meta name=\"robots\" content=\"index, follow, max-snippet:-1, max-image-preview:large, max-video-preview:-1\" \/>\n<link rel=\"canonical\" href=\"https:\/\/5etattoostuff.com\/fr\/producto\/aiguille-de-tatouage-magnum-0-30mm\/\" \/>\n<meta property=\"og:locale\" content=\"fr_FR\" \/>\n<meta property=\"og:type\" content=\"article\" \/>\n<meta property=\"og:title\" content=\"Tattoo Needle Magnum 0.30mm\" \/>\n<meta property=\"og:description\" content=\"Each box contains 20 meticulously crafted, disposable, and sterilized Magnum tattoo needle modules with a long taper for impeccable results every time.\" \/>\n<meta property=\"og:url\" content=\"https:\/\/5etattoostuff.com\/fr\/producto\/aiguille-de-tatouage-magnum-0-30mm\/\" \/>\n<meta property=\"og:site_name\" content=\"5 Elements Tattoo Stuff\" \/>\n<meta property=\"article:modified_time\" content=\"2024-10-03T09:30:16+00:00\" \/>\n<meta property=\"og:image\" content=\"https:\/\/5etattoostuff.com\/wp-content\/uploads\/2024\/03\/Agujas-para-tatuar-Magnum-2-c.png\" \/>\n\t<meta property=\"og:image:width\" content=\"843\" \/>\n\t<meta property=\"og:image:height\" content=\"843\" \/>\n\t<meta property=\"og:image:type\" content=\"image\/png\" \/>\n<meta name=\"twitter:card\" content=\"summary_large_image\" \/>\n<meta name=\"twitter:label1\" content=\"Dur\u00e9e de lecture estim\u00e9e\" \/>\n\t<meta name=\"twitter:data1\" content=\"2 minutes\" \/>\n<script type=\"application\/ld+json\" class=\"yoast-schema-graph\">{\"@context\":\"https:\\\/\\\/schema.org\",\"@graph\":[{\"@type\":\"WebPage\",\"@id\":\"https:\\\/\\\/5etattoostuff.com\\\/producto\\\/tattoo-needle-magnum-0-30mm\\\/\",\"url\":\"https:\\\/\\\/5etattoostuff.com\\\/producto\\\/tattoo-needle-magnum-0-30mm\\\/\",\"name\":\"Tattoo Needle Magnum 0.30mm - 5 Elements Tattoo Stuff\",\"isPartOf\":{\"@id\":\"https:\\\/\\\/5etattoostuff.com\\\/#website\"},\"primaryImageOfPage\":{\"@id\":\"https:\\\/\\\/5etattoostuff.com\\\/producto\\\/tattoo-needle-magnum-0-30mm\\\/#primaryimage\"},\"image\":{\"@id\":\"https:\\\/\\\/5etattoostuff.com\\\/producto\\\/tattoo-needle-magnum-0-30mm\\\/#primaryimage\"},\"thumbnailUrl\":\"https:\\\/\\\/5etattoostuff.com\\\/wp-content\\\/uploads\\\/2024\\\/03\\\/Agujas-para-tatuar-Magnum-2-c.png\",\"datePublished\":\"2023-04-15T17:25:16+00:00\",\"dateModified\":\"2024-10-03T09:30:16+00:00\",\"description\":\"Each box contains 20 meticulously crafted, disposable, and sterilized Magnum tattoo needle modules with a long taper for impeccable results every time.\",\"breadcrumb\":{\"@id\":\"https:\\\/\\\/5etattoostuff.com\\\/producto\\\/tattoo-needle-magnum-0-30mm\\\/#breadcrumb\"},\"inLanguage\":\"fr-FR\",\"potentialAction\":[{\"@type\":\"ReadAction\",\"target\":[\"https:\\\/\\\/5etattoostuff.com\\\/producto\\\/tattoo-needle-magnum-0-30mm\\\/\"]}]},{\"@type\":\"ImageObject\",\"inLanguage\":\"fr-FR\",\"@id\":\"https:\\\/\\\/5etattoostuff.com\\\/producto\\\/tattoo-needle-magnum-0-30mm\\\/#primaryimage\",\"url\":\"https:\\\/\\\/5etattoostuff.com\\\/wp-content\\\/uploads\\\/2024\\\/03\\\/Agujas-para-tatuar-Magnum-2-c.png\",\"contentUrl\":\"https:\\\/\\\/5etattoostuff.com\\\/wp-content\\\/uploads\\\/2024\\\/03\\\/Agujas-para-tatuar-Magnum-2-c.png\",\"width\":843,\"height\":843,\"caption\":\"5 Elements Premium Magnum Tattoo Needle\"},{\"@type\":\"BreadcrumbList\",\"@id\":\"https:\\\/\\\/5etattoostuff.com\\\/producto\\\/tattoo-needle-magnum-0-30mm\\\/#breadcrumb\",\"itemListElement\":[{\"@type\":\"ListItem\",\"position\":1,\"name\":\"Portada\",\"item\":\"https:\\\/\\\/5etattoostuff.com\\\/\"},{\"@type\":\"ListItem\",\"position\":2,\"name\":\"Shop\",\"item\":\"https:\\\/\\\/5etattoostuff.com\\\/\"},{\"@type\":\"ListItem\",\"position\":3,\"name\":\"Tattoo Needle Magnum 0.30mm\"}]},{\"@type\":\"WebSite\",\"@id\":\"https:\\\/\\\/5etattoostuff.com\\\/#website\",\"url\":\"https:\\\/\\\/5etattoostuff.com\\\/\",\"name\":\"5 Elements Tattoo Stuff\",\"description\":\"Premium tattoo needles\",\"publisher\":{\"@id\":\"https:\\\/\\\/5etattoostuff.com\\\/#organization\"},\"alternateName\":\"5E\",\"potentialAction\":[{\"@type\":\"SearchAction\",\"target\":{\"@type\":\"EntryPoint\",\"urlTemplate\":\"https:\\\/\\\/5etattoostuff.com\\\/?s={search_term_string}\"},\"query-input\":{\"@type\":\"PropertyValueSpecification\",\"valueRequired\":true,\"valueName\":\"search_term_string\"}}],\"inLanguage\":\"fr-FR\"},{\"@type\":\"Organization\",\"@id\":\"https:\\\/\\\/5etattoostuff.com\\\/#organization\",\"name\":\"5 Elements Tattoo Stuff\",\"url\":\"https:\\\/\\\/5etattoostuff.com\\\/\",\"logo\":{\"@type\":\"ImageObject\",\"inLanguage\":\"fr-FR\",\"@id\":\"https:\\\/\\\/5etattoostuff.com\\\/#\\\/schema\\\/logo\\\/image\\\/\",\"url\":\"https:\\\/\\\/5etattoostuff.com\\\/wp-content\\\/uploads\\\/2023\\\/03\\\/Logo-5e.png\",\"contentUrl\":\"https:\\\/\\\/5etattoostuff.com\\\/wp-content\\\/uploads\\\/2023\\\/03\\\/Logo-5e.png\",\"width\":661,\"height\":378,\"caption\":\"5 Elements Tattoo Stuff\"},\"image\":{\"@id\":\"https:\\\/\\\/5etattoostuff.com\\\/#\\\/schema\\\/logo\\\/image\\\/\"},\"sameAs\":[\"https:\\\/\\\/www.instagram.com\\\/5e.tattoostuff\\\/\"],\"email\":\"contact@5etattoostuff.com\",\"telephone\":\"+41 (0)76 681 06 68\"}]}<\/script>\n<!-- \/ Yoast SEO Premium plugin. -->","yoast_head_json":{"title":"Tattoo Needle Magnum 0.30mm - 5 Elements Tattoo Stuff","description":"Each box contains 20 meticulously crafted, disposable, and sterilized Magnum tattoo needle modules with a long taper for impeccable results every time.","robots":{"index":"index","follow":"follow","max-snippet":"max-snippet:-1","max-image-preview":"max-image-preview:large","max-video-preview":"max-video-preview:-1"},"canonical":"https:\/\/5etattoostuff.com\/fr\/producto\/aiguille-de-tatouage-magnum-0-30mm\/","og_locale":"fr_FR","og_type":"article","og_title":"Tattoo Needle Magnum 0.30mm","og_description":"Each box contains 20 meticulously crafted, disposable, and sterilized Magnum tattoo needle modules with a long taper for impeccable results every time.","og_url":"https:\/\/5etattoostuff.com\/fr\/producto\/aiguille-de-tatouage-magnum-0-30mm\/","og_site_name":"5 Elements Tattoo Stuff","article_modified_time":"2024-10-03T09:30:16+00:00","og_image":[{"width":843,"height":843,"url":"https:\/\/5etattoostuff.com\/wp-content\/uploads\/2024\/03\/Agujas-para-tatuar-Magnum-2-c.png","type":"image\/png"}],"twitter_card":"summary_large_image","twitter_misc":{"Dur\u00e9e de lecture estim\u00e9e":"2 minutes"},"schema":{"@context":"https:\/\/schema.org","@graph":[{"@type":"WebPage","@id":"https:\/\/5etattoostuff.com\/producto\/tattoo-needle-magnum-0-30mm\/","url":"https:\/\/5etattoostuff.com\/producto\/tattoo-needle-magnum-0-30mm\/","name":"Tattoo Needle Magnum 0.30mm - 5 Elements Tattoo Stuff","isPartOf":{"@id":"https:\/\/5etattoostuff.com\/#website"},"primaryImageOfPage":{"@id":"https:\/\/5etattoostuff.com\/producto\/tattoo-needle-magnum-0-30mm\/#primaryimage"},"image":{"@id":"https:\/\/5etattoostuff.com\/producto\/tattoo-needle-magnum-0-30mm\/#primaryimage"},"thumbnailUrl":"https:\/\/5etattoostuff.com\/wp-content\/uploads\/2024\/03\/Agujas-para-tatuar-Magnum-2-c.png","datePublished":"2023-04-15T17:25:16+00:00","dateModified":"2024-10-03T09:30:16+00:00","description":"Each box contains 20 meticulously crafted, disposable, and sterilized Magnum tattoo needle modules with a long taper for impeccable results every time.","breadcrumb":{"@id":"https:\/\/5etattoostuff.com\/producto\/tattoo-needle-magnum-0-30mm\/#breadcrumb"},"inLanguage":"fr-FR","potentialAction":[{"@type":"ReadAction","target":["https:\/\/5etattoostuff.com\/producto\/tattoo-needle-magnum-0-30mm\/"]}]},{"@type":"ImageObject","inLanguage":"fr-FR","@id":"https:\/\/5etattoostuff.com\/producto\/tattoo-needle-magnum-0-30mm\/#primaryimage","url":"https:\/\/5etattoostuff.com\/wp-content\/uploads\/2024\/03\/Agujas-para-tatuar-Magnum-2-c.png","contentUrl":"https:\/\/5etattoostuff.com\/wp-content\/uploads\/2024\/03\/Agujas-para-tatuar-Magnum-2-c.png","width":843,"height":843,"caption":"5 Elements Premium Magnum Tattoo Needle"},{"@type":"BreadcrumbList","@id":"https:\/\/5etattoostuff.com\/producto\/tattoo-needle-magnum-0-30mm\/#breadcrumb","itemListElement":[{"@type":"ListItem","position":1,"name":"Portada","item":"https:\/\/5etattoostuff.com\/"},{"@type":"ListItem","position":2,"name":"Shop","item":"https:\/\/5etattoostuff.com\/"},{"@type":"ListItem","position":3,"name":"Tattoo Needle Magnum 0.30mm"}]},{"@type":"WebSite","@id":"https:\/\/5etattoostuff.com\/#website","url":"https:\/\/5etattoostuff.com\/","name":"5 Elements Tattoo Stuff","description":"Premium tattoo needles","publisher":{"@id":"https:\/\/5etattoostuff.com\/#organization"},"alternateName":"5E","potentialAction":[{"@type":"SearchAction","target":{"@type":"EntryPoint","urlTemplate":"https:\/\/5etattoostuff.com\/?s={search_term_string}"},"query-input":{"@type":"PropertyValueSpecification","valueRequired":true,"valueName":"search_term_string"}}],"inLanguage":"fr-FR"},{"@type":"Organization","@id":"https:\/\/5etattoostuff.com\/#organization","name":"5 Elements Tattoo Stuff","url":"https:\/\/5etattoostuff.com\/","logo":{"@type":"ImageObject","inLanguage":"fr-FR","@id":"https:\/\/5etattoostuff.com\/#\/schema\/logo\/image\/","url":"https:\/\/5etattoostuff.com\/wp-content\/uploads\/2023\/03\/Logo-5e.png","contentUrl":"https:\/\/5etattoostuff.com\/wp-content\/uploads\/2023\/03\/Logo-5e.png","width":661,"height":378,"caption":"5 Elements Tattoo Stuff"},"image":{"@id":"https:\/\/5etattoostuff.com\/#\/schema\/logo\/image\/"},"sameAs":["https:\/\/www.instagram.com\/5e.tattoostuff\/"],"email":"contact@5etattoostuff.com","telephone":"+41 (0)76 681 06 68"}]}},"jetpack_sharing_enabled":true,"_links":{"self":[{"href":"https:\/\/5etattoostuff.com\/fr\/wp-json\/wp\/v2\/product\/5035","targetHints":{"allow":["GET"]}}],"collection":[{"href":"https:\/\/5etattoostuff.com\/fr\/wp-json\/wp\/v2\/product"}],"about":[{"href":"https:\/\/5etattoostuff.com\/fr\/wp-json\/wp\/v2\/types\/product"}],"wp:featuredmedia":[{"embeddable":true,"href":"https:\/\/5etattoostuff.com\/fr\/wp-json\/wp\/v2\/media\/6027"}],"wp:attachment":[{"href":"https:\/\/5etattoostuff.com\/fr\/wp-json\/wp\/v2\/media?parent=5035"}],"wp:term":[{"taxonomy":"product_brand","embeddable":true,"href":"https:\/\/5etattoostuff.com\/fr\/wp-json\/wp\/v2\/product_brand?post=5035"},{"taxonomy":"product_cat","embeddable":true,"href":"https:\/\/5etattoostuff.com\/fr\/wp-json\/wp\/v2\/product_cat?post=5035"},{"taxonomy":"product_tag","embeddable":true,"href":"https:\/\/5etattoostuff.com\/fr\/wp-json\/wp\/v2\/product_tag?post=5035"}],"curies":[{"name":"wp","href":"https:\/\/api.w.org\/{rel}","templated":true}]}}