{"id":6619,"date":"2024-09-16T20:50:55","date_gmt":"2024-09-16T18:50:55","guid":{"rendered":"https:\/\/5etattoostuff.com\/?post_type=product&#038;p=6619"},"modified":"2026-04-17T10:50:50","modified_gmt":"2026-04-17T08:50:50","slug":"grip-cover-wrap","status":"publish","type":"product","link":"https:\/\/5etattoostuff.com\/fr\/producto\/grip-cover-wrap\/","title":{"rendered":"Grip cover wrap"},"content":{"rendered":"<p>Assurer le confort et le contr\u00f4le pendant les longues s\u00e9ances de tatouage avec notre premium. <strong>Grip Cover Wraps<\/strong>. Con\u00e7ues sp\u00e9cialement pour les tatoueurs professionnels, ces enveloppes fournissent une couche suppl\u00e9mentaire d'amortissement et d'adh\u00e9rence pour am\u00e9liorer ta pr\u00e9cision et ta stabilit\u00e9. Fabriqu\u00e9s dans un mat\u00e9riau antid\u00e9rapant de haute qualit\u00e9, ils assurent une bonne prise sur les poign\u00e9es de tatouage, ce qui te permet de te concentrer sur la cr\u00e9ation de ton meilleur travail sans inconfort ni glissement.<\/p>\n<p>Nos housses pour poign\u00e9es sont flexibles et autocollantes, ce qui signifie qu'elles s'adaptent facilement \u00e0 la taille ou \u00e0 la forme des poign\u00e9es, sans n\u00e9cessiter de clips ou d'attaches. Ils se collent solidement \u00e0 la poign\u00e9e mais ne laissent aucun r\u00e9sidu collant lorsqu'ils sont retir\u00e9s, ce qui en fait une solution id\u00e9ale pour maintenir un espace de travail propre et efficace. Chaque bo\u00eete est livr\u00e9e avec 12 enveloppes individuelles, ce qui te donne beaucoup d'options pour travailler pendant plusieurs sessions.<\/p>\n<p>Parfaites pour les tatoueurs qui accordent de l'importance au confort, au contr\u00f4le et \u00e0 la propret\u00e9, ces housses de pr\u00e9hension sont un outil essentiel pour t'aider \u00e0 maintenir la pr\u00e9cision, m\u00eame pendant les travaux de tatouage les plus complexes. Que tu travailles sur une petite pi\u00e8ce ou sur une s\u00e9ance d'une journ\u00e9e enti\u00e8re, nos grip wraps t'apportent la confiance et le soutien dont tu as besoin pour exceller.<\/p>\n<p><strong>Caract\u00e9ristiques principales :<\/strong><\/p>\n<ul>\n<li>Poign\u00e9e antid\u00e9rapante pour un meilleur contr\u00f4le<\/li>\n<li>Autocollant et facile \u00e0 appliquer<\/li>\n<li>Aide \u00e0 r\u00e9duire les vibrations et la fatigue des mains<\/li>\n<li>Livr\u00e9 dans une bo\u00eete de 12 pi\u00e8ces<\/li>\n<li>Id\u00e9al pour s'enrouler autour de n'importe quelle poign\u00e9e de machine \u00e0 tatouer.<\/li>\n<\/ul>","protected":false},"excerpt":{"rendered":"<p>Couvertures de pr\u00e9hension autocollantes et antid\u00e9rapantes con\u00e7ues pour am\u00e9liorer le confort et le contr\u00f4le. Id\u00e9ales pour r\u00e9duire la fatigue des mains, chaque bo\u00eete contient 12 pi\u00e8ces. Parfaites pour les longues s\u00e9ances de tatouage.<\/p>","protected":false},"featured_media":6622,"template":"","meta":[],"product_brand":[],"product_cat":[157],"product_tag":[],"class_list":{"0":"post-6619","1":"product","2":"type-product","3":"status-publish","4":"has-post-thumbnail","6":"product_cat-tattoo-equipment","8":"first","9":"instock","10":"taxable","11":"shipping-taxable","12":"purchasable","13":"product-type-variable"},"yoast_head":"<!-- This site is optimized with the Yoast SEO Premium plugin v23.6 (Yoast SEO v27.5) - https:\/\/yoast.com\/product\/yoast-seo-premium-wordpress\/ -->\n<title>Grip cover wrap - 5 Elements Tattoo Stuff<\/title>\n<meta name=\"description\" content=\"Protect your tattoo machine handles with our non-slip Grip Cover Wraps. Each box includes 12 comfortable, disposable wraps, ideal for reducing hand fatigue.\" \/>\n<meta name=\"robots\" content=\"index, follow, max-snippet:-1, max-image-preview:large, max-video-preview:-1\" \/>\n<link rel=\"canonical\" href=\"https:\/\/5etattoostuff.com\/fr\/producto\/grip-cover-wrap\/\" \/>\n<meta property=\"og:locale\" content=\"fr_FR\" \/>\n<meta property=\"og:type\" content=\"article\" \/>\n<meta property=\"og:title\" content=\"Grip cover wrap\" \/>\n<meta property=\"og:description\" content=\"Protect your tattoo machine handles with our non-slip Grip Cover Wraps. Each box includes 12 comfortable, disposable wraps, ideal for reducing hand fatigue.\" \/>\n<meta property=\"og:url\" content=\"https:\/\/5etattoostuff.com\/fr\/producto\/grip-cover-wrap\/\" \/>\n<meta property=\"og:site_name\" content=\"5 Elements Tattoo Stuff\" \/>\n<meta property=\"article:modified_time\" content=\"2026-04-17T08:50:50+00:00\" \/>\n<meta property=\"og:image\" content=\"https:\/\/5etattoostuff.com\/wp-content\/uploads\/2024\/09\/5E-Grip-Cover-Wrap.png\" \/>\n\t<meta property=\"og:image:width\" content=\"720\" \/>\n\t<meta property=\"og:image:height\" content=\"722\" \/>\n\t<meta property=\"og:image:type\" content=\"image\/png\" \/>\n<meta name=\"twitter:card\" content=\"summary_large_image\" \/>\n<meta name=\"twitter:label1\" content=\"Dur\u00e9e de lecture estim\u00e9e\" \/>\n\t<meta name=\"twitter:data1\" content=\"2 minutes\" \/>\n<script type=\"application\/ld+json\" class=\"yoast-schema-graph\">{\"@context\":\"https:\\\/\\\/schema.org\",\"@graph\":[{\"@type\":\"WebPage\",\"@id\":\"https:\\\/\\\/5etattoostuff.com\\\/producto\\\/grip-cover-wrap\\\/\",\"url\":\"https:\\\/\\\/5etattoostuff.com\\\/producto\\\/grip-cover-wrap\\\/\",\"name\":\"Grip cover wrap - 5 Elements Tattoo Stuff\",\"isPartOf\":{\"@id\":\"https:\\\/\\\/5etattoostuff.com\\\/#website\"},\"primaryImageOfPage\":{\"@id\":\"https:\\\/\\\/5etattoostuff.com\\\/producto\\\/grip-cover-wrap\\\/#primaryimage\"},\"image\":{\"@id\":\"https:\\\/\\\/5etattoostuff.com\\\/producto\\\/grip-cover-wrap\\\/#primaryimage\"},\"thumbnailUrl\":\"https:\\\/\\\/5etattoostuff.com\\\/wp-content\\\/uploads\\\/2024\\\/09\\\/5E-Grip-Cover-Wrap.png\",\"datePublished\":\"2024-09-16T18:50:55+00:00\",\"dateModified\":\"2026-04-17T08:50:50+00:00\",\"description\":\"Protect your tattoo machine handles with our non-slip Grip Cover Wraps. Each box includes 12 comfortable, disposable wraps, ideal for reducing hand fatigue.\",\"breadcrumb\":{\"@id\":\"https:\\\/\\\/5etattoostuff.com\\\/producto\\\/grip-cover-wrap\\\/#breadcrumb\"},\"inLanguage\":\"fr-FR\",\"potentialAction\":[{\"@type\":\"ReadAction\",\"target\":[\"https:\\\/\\\/5etattoostuff.com\\\/producto\\\/grip-cover-wrap\\\/\"]}]},{\"@type\":\"ImageObject\",\"inLanguage\":\"fr-FR\",\"@id\":\"https:\\\/\\\/5etattoostuff.com\\\/producto\\\/grip-cover-wrap\\\/#primaryimage\",\"url\":\"https:\\\/\\\/5etattoostuff.com\\\/wp-content\\\/uploads\\\/2024\\\/09\\\/5E-Grip-Cover-Wrap.png\",\"contentUrl\":\"https:\\\/\\\/5etattoostuff.com\\\/wp-content\\\/uploads\\\/2024\\\/09\\\/5E-Grip-Cover-Wrap.png\",\"width\":720,\"height\":722,\"caption\":\"5E Grip Cover Wrap for comfort and precision\"},{\"@type\":\"BreadcrumbList\",\"@id\":\"https:\\\/\\\/5etattoostuff.com\\\/producto\\\/grip-cover-wrap\\\/#breadcrumb\",\"itemListElement\":[{\"@type\":\"ListItem\",\"position\":1,\"name\":\"Portada\",\"item\":\"https:\\\/\\\/5etattoostuff.com\\\/\"},{\"@type\":\"ListItem\",\"position\":2,\"name\":\"Shop\",\"item\":\"https:\\\/\\\/5etattoostuff.com\\\/\"},{\"@type\":\"ListItem\",\"position\":3,\"name\":\"Grip cover wrap\"}]},{\"@type\":\"WebSite\",\"@id\":\"https:\\\/\\\/5etattoostuff.com\\\/#website\",\"url\":\"https:\\\/\\\/5etattoostuff.com\\\/\",\"name\":\"5 Elements Tattoo Stuff\",\"description\":\"Premium tattoo needles\",\"publisher\":{\"@id\":\"https:\\\/\\\/5etattoostuff.com\\\/#organization\"},\"alternateName\":\"5E\",\"potentialAction\":[{\"@type\":\"SearchAction\",\"target\":{\"@type\":\"EntryPoint\",\"urlTemplate\":\"https:\\\/\\\/5etattoostuff.com\\\/?s={search_term_string}\"},\"query-input\":{\"@type\":\"PropertyValueSpecification\",\"valueRequired\":true,\"valueName\":\"search_term_string\"}}],\"inLanguage\":\"fr-FR\"},{\"@type\":\"Organization\",\"@id\":\"https:\\\/\\\/5etattoostuff.com\\\/#organization\",\"name\":\"5 Elements Tattoo Stuff\",\"url\":\"https:\\\/\\\/5etattoostuff.com\\\/\",\"logo\":{\"@type\":\"ImageObject\",\"inLanguage\":\"fr-FR\",\"@id\":\"https:\\\/\\\/5etattoostuff.com\\\/#\\\/schema\\\/logo\\\/image\\\/\",\"url\":\"https:\\\/\\\/5etattoostuff.com\\\/wp-content\\\/uploads\\\/2023\\\/03\\\/Logo-5e.png\",\"contentUrl\":\"https:\\\/\\\/5etattoostuff.com\\\/wp-content\\\/uploads\\\/2023\\\/03\\\/Logo-5e.png\",\"width\":661,\"height\":378,\"caption\":\"5 Elements Tattoo Stuff\"},\"image\":{\"@id\":\"https:\\\/\\\/5etattoostuff.com\\\/#\\\/schema\\\/logo\\\/image\\\/\"},\"sameAs\":[\"https:\\\/\\\/www.instagram.com\\\/5e.tattoostuff\\\/\"],\"email\":\"contact@5etattoostuff.com\",\"telephone\":\"+41 (0)76 681 06 68\"}]}<\/script>\n<!-- \/ Yoast SEO Premium plugin. -->","yoast_head_json":{"title":"Grip cover wrap - 5 Elements Tattoo Stuff","description":"Protect your tattoo machine handles with our non-slip Grip Cover Wraps. Each box includes 12 comfortable, disposable wraps, ideal for reducing hand fatigue.","robots":{"index":"index","follow":"follow","max-snippet":"max-snippet:-1","max-image-preview":"max-image-preview:large","max-video-preview":"max-video-preview:-1"},"canonical":"https:\/\/5etattoostuff.com\/fr\/producto\/grip-cover-wrap\/","og_locale":"fr_FR","og_type":"article","og_title":"Grip cover wrap","og_description":"Protect your tattoo machine handles with our non-slip Grip Cover Wraps. Each box includes 12 comfortable, disposable wraps, ideal for reducing hand fatigue.","og_url":"https:\/\/5etattoostuff.com\/fr\/producto\/grip-cover-wrap\/","og_site_name":"5 Elements Tattoo Stuff","article_modified_time":"2026-04-17T08:50:50+00:00","og_image":[{"width":720,"height":722,"url":"https:\/\/5etattoostuff.com\/wp-content\/uploads\/2024\/09\/5E-Grip-Cover-Wrap.png","type":"image\/png"}],"twitter_card":"summary_large_image","twitter_misc":{"Dur\u00e9e de lecture estim\u00e9e":"2 minutes"},"schema":{"@context":"https:\/\/schema.org","@graph":[{"@type":"WebPage","@id":"https:\/\/5etattoostuff.com\/producto\/grip-cover-wrap\/","url":"https:\/\/5etattoostuff.com\/producto\/grip-cover-wrap\/","name":"Grip cover wrap - 5 Elements Tattoo Stuff","isPartOf":{"@id":"https:\/\/5etattoostuff.com\/#website"},"primaryImageOfPage":{"@id":"https:\/\/5etattoostuff.com\/producto\/grip-cover-wrap\/#primaryimage"},"image":{"@id":"https:\/\/5etattoostuff.com\/producto\/grip-cover-wrap\/#primaryimage"},"thumbnailUrl":"https:\/\/5etattoostuff.com\/wp-content\/uploads\/2024\/09\/5E-Grip-Cover-Wrap.png","datePublished":"2024-09-16T18:50:55+00:00","dateModified":"2026-04-17T08:50:50+00:00","description":"Protect your tattoo machine handles with our non-slip Grip Cover Wraps. Each box includes 12 comfortable, disposable wraps, ideal for reducing hand fatigue.","breadcrumb":{"@id":"https:\/\/5etattoostuff.com\/producto\/grip-cover-wrap\/#breadcrumb"},"inLanguage":"fr-FR","potentialAction":[{"@type":"ReadAction","target":["https:\/\/5etattoostuff.com\/producto\/grip-cover-wrap\/"]}]},{"@type":"ImageObject","inLanguage":"fr-FR","@id":"https:\/\/5etattoostuff.com\/producto\/grip-cover-wrap\/#primaryimage","url":"https:\/\/5etattoostuff.com\/wp-content\/uploads\/2024\/09\/5E-Grip-Cover-Wrap.png","contentUrl":"https:\/\/5etattoostuff.com\/wp-content\/uploads\/2024\/09\/5E-Grip-Cover-Wrap.png","width":720,"height":722,"caption":"5E Grip Cover Wrap for comfort and precision"},{"@type":"BreadcrumbList","@id":"https:\/\/5etattoostuff.com\/producto\/grip-cover-wrap\/#breadcrumb","itemListElement":[{"@type":"ListItem","position":1,"name":"Portada","item":"https:\/\/5etattoostuff.com\/"},{"@type":"ListItem","position":2,"name":"Shop","item":"https:\/\/5etattoostuff.com\/"},{"@type":"ListItem","position":3,"name":"Grip cover wrap"}]},{"@type":"WebSite","@id":"https:\/\/5etattoostuff.com\/#website","url":"https:\/\/5etattoostuff.com\/","name":"5 Elements Tattoo Stuff","description":"Premium tattoo needles","publisher":{"@id":"https:\/\/5etattoostuff.com\/#organization"},"alternateName":"5E","potentialAction":[{"@type":"SearchAction","target":{"@type":"EntryPoint","urlTemplate":"https:\/\/5etattoostuff.com\/?s={search_term_string}"},"query-input":{"@type":"PropertyValueSpecification","valueRequired":true,"valueName":"search_term_string"}}],"inLanguage":"fr-FR"},{"@type":"Organization","@id":"https:\/\/5etattoostuff.com\/#organization","name":"5 Elements Tattoo Stuff","url":"https:\/\/5etattoostuff.com\/","logo":{"@type":"ImageObject","inLanguage":"fr-FR","@id":"https:\/\/5etattoostuff.com\/#\/schema\/logo\/image\/","url":"https:\/\/5etattoostuff.com\/wp-content\/uploads\/2023\/03\/Logo-5e.png","contentUrl":"https:\/\/5etattoostuff.com\/wp-content\/uploads\/2023\/03\/Logo-5e.png","width":661,"height":378,"caption":"5 Elements Tattoo Stuff"},"image":{"@id":"https:\/\/5etattoostuff.com\/#\/schema\/logo\/image\/"},"sameAs":["https:\/\/www.instagram.com\/5e.tattoostuff\/"],"email":"contact@5etattoostuff.com","telephone":"+41 (0)76 681 06 68"}]}},"jetpack_sharing_enabled":true,"_links":{"self":[{"href":"https:\/\/5etattoostuff.com\/fr\/wp-json\/wp\/v2\/product\/6619","targetHints":{"allow":["GET"]}}],"collection":[{"href":"https:\/\/5etattoostuff.com\/fr\/wp-json\/wp\/v2\/product"}],"about":[{"href":"https:\/\/5etattoostuff.com\/fr\/wp-json\/wp\/v2\/types\/product"}],"wp:featuredmedia":[{"embeddable":true,"href":"https:\/\/5etattoostuff.com\/fr\/wp-json\/wp\/v2\/media\/6622"}],"wp:attachment":[{"href":"https:\/\/5etattoostuff.com\/fr\/wp-json\/wp\/v2\/media?parent=6619"}],"wp:term":[{"taxonomy":"product_brand","embeddable":true,"href":"https:\/\/5etattoostuff.com\/fr\/wp-json\/wp\/v2\/product_brand?post=6619"},{"taxonomy":"product_cat","embeddable":true,"href":"https:\/\/5etattoostuff.com\/fr\/wp-json\/wp\/v2\/product_cat?post=6619"},{"taxonomy":"product_tag","embeddable":true,"href":"https:\/\/5etattoostuff.com\/fr\/wp-json\/wp\/v2\/product_tag?post=6619"}],"curies":[{"name":"wp","href":"https:\/\/api.w.org\/{rel}","templated":true}]}}