{"id":6747,"date":"2024-09-19T21:54:22","date_gmt":"2024-09-19T19:54:22","guid":{"rendered":"https:\/\/5etattoostuff.com\/?post_type=product&#038;p=6747"},"modified":"2025-03-20T12:20:49","modified_gmt":"2025-03-20T11:20:49","slug":"ez-pen-machine-bags","status":"publish","type":"product","link":"https:\/\/5etattoostuff.com\/fr\/producto\/ez-pen-machine-bags\/","title":{"rendered":"Sacs de la machine \u00e0 \u00e9crire EZ Pen"},"content":{"rendered":"<p>Prot\u00e8ge ton mat\u00e9riel de tatouage et maintiens un espace de travail hygi\u00e9nique avec notre <strong>Sacs de la machine \u00e0 \u00e9crire EZ Pen<\/strong>Les sachets jetables sont con\u00e7us sp\u00e9cialement pour les machines \u00e0 tatouer. Chaque bo\u00eete comprend 125 sacs jetables de haute qualit\u00e9, constituant une barri\u00e8re efficace qui emp\u00eache la contamination crois\u00e9e entre les s\u00e9ances. Ces sacs pour machines sont parfaits pour assurer la propret\u00e9 tout en te permettant de garder un contr\u00f4le total sur ta machine \u00e0 stylo.<\/p>\n<p>Fabriqu\u00e9s en plastique durable et l\u00e9ger, ces sacs sont faciles \u00e0 appliquer et s'adaptent \u00e0 la plupart des machines \u00e0 crayons de tatouage standard. Leur conception transparente te permet de voir et d'ajuster ton mat\u00e9riel pendant la s\u00e9ance sans compromettre la s\u00e9curit\u00e9 ou l'hygi\u00e8ne. Avec une grande ouverture pour une insertion facile, les sacs permettent \u00e9galement au c\u00e2ble de ta machine de s'ins\u00e9rer en toute s\u00e9curit\u00e9, assurant ainsi un fonctionnement fluide tout au long du processus de tatouage.<\/p>\n<p>Con\u00e7ues pour un usage unique, ces housses pour machines \u00e0 stylo EZ aident \u00e0 maintenir des normes d'hygi\u00e8ne strictes, ce qui en fait un outil essentiel dans tout studio de tatouage professionnel. En utilisant ces housses de protection, tu r\u00e9duis le risque que de l'encre, du sang et d'autres contaminants atteignent ta machine \u00e0 tatouer, ce qui garantit la s\u00e9curit\u00e9 de l'artiste et du client.<\/p>\n<p>Avec 125 sacs par bo\u00eete, tu auras toujours une r\u00e9serve pr\u00eate, ce qui te permettra d'avoir l'esprit tranquille tout en te concentrant sur ton travail artistique. Compatibles avec la plupart des machines \u00e0 tatouer de type stylo, ces sacs sont indispensables pour les artistes qui privil\u00e9gient la propret\u00e9 et le professionnalisme.<\/p>\n<p><strong>Caract\u00e9ristiques principales :<\/strong><\/p>\n<ul>\n<li>125 pi\u00e8ces par bo\u00eete<\/li>\n<li>Prot\u00e8ge contre la contamination crois\u00e9e<\/li>\n<li>Fabriqu\u00e9 en plastique durable et l\u00e9ger<\/li>\n<li>S'adapte \u00e0 la plupart des machines de tatouage standard<\/li>\n<li>Transparent pour faciliter le contr\u00f4le et les r\u00e9glages<\/li>\n<li>A usage unique pour une hygi\u00e8ne optimale<\/li>\n<\/ul>","protected":false},"excerpt":{"rendered":"<p>Assurer l'hygi\u00e8ne et la s\u00e9curit\u00e9 avec nos produits jetables <strong>Sacs de la machine \u00e0 \u00e9crire EZ Pen<\/strong>Ces sacs sont con\u00e7us pour prot\u00e9ger ta machine \u00e0 tatouer. Chaque bo\u00eete contient 125 sacs transparents et durables, parfaits pour pr\u00e9venir la contamination crois\u00e9e.<\/p>","protected":false},"featured_media":7671,"template":"","meta":[],"product_brand":[],"product_cat":[157],"product_tag":[],"class_list":{"0":"post-6747","1":"product","2":"type-product","3":"status-publish","4":"has-post-thumbnail","6":"product_cat-tattoo-equipment","8":"first","9":"instock","10":"taxable","11":"shipping-taxable","12":"purchasable","13":"product-type-simple"},"yoast_head":"<!-- This site is optimized with the Yoast SEO Premium plugin v23.6 (Yoast SEO v27.5) - https:\/\/yoast.com\/product\/yoast-seo-premium-wordpress\/ -->\n<title>EZ Pen Machine Bags - 5 Elements Tattoo Stuff<\/title>\n<meta name=\"description\" content=\"Protect your tattoo equipment with our EZ Pen Machine Bags. Each box contains 125 disposable,clear and durable bags designed for tattoo pen machines. Suitable for most standard tattoo pen machines.\" \/>\n<meta name=\"robots\" content=\"index, follow, max-snippet:-1, max-image-preview:large, max-video-preview:-1\" \/>\n<link rel=\"canonical\" href=\"https:\/\/5etattoostuff.com\/fr\/producto\/ez-pen-machine-bags\/\" \/>\n<meta property=\"og:locale\" content=\"fr_FR\" \/>\n<meta property=\"og:type\" content=\"article\" \/>\n<meta property=\"og:title\" content=\"EZ Pen Machine Bags\" \/>\n<meta property=\"og:description\" content=\"Protect your tattoo equipment with our EZ Pen Machine Bags. Each box contains 125 disposable,clear and durable bags designed for tattoo pen machines. Suitable for most standard tattoo pen machines.\" \/>\n<meta property=\"og:url\" content=\"https:\/\/5etattoostuff.com\/fr\/producto\/ez-pen-machine-bags\/\" \/>\n<meta property=\"og:site_name\" content=\"5 Elements Tattoo Stuff\" \/>\n<meta property=\"article:modified_time\" content=\"2025-03-20T11:20:49+00:00\" \/>\n<meta property=\"og:image\" content=\"https:\/\/5etattoostuff.com\/wp-content\/uploads\/2024\/09\/ez-pen-cover.jpeg\" \/>\n\t<meta property=\"og:image:width\" content=\"500\" \/>\n\t<meta property=\"og:image:height\" content=\"500\" \/>\n\t<meta property=\"og:image:type\" content=\"image\/jpeg\" \/>\n<meta name=\"twitter:card\" content=\"summary_large_image\" \/>\n<meta name=\"twitter:label1\" content=\"Dur\u00e9e de lecture estim\u00e9e\" \/>\n\t<meta name=\"twitter:data1\" content=\"2 minutes\" \/>\n<script type=\"application\/ld+json\" class=\"yoast-schema-graph\">{\"@context\":\"https:\\\/\\\/schema.org\",\"@graph\":[{\"@type\":\"WebPage\",\"@id\":\"https:\\\/\\\/5etattoostuff.com\\\/producto\\\/ez-pen-machine-bags\\\/\",\"url\":\"https:\\\/\\\/5etattoostuff.com\\\/producto\\\/ez-pen-machine-bags\\\/\",\"name\":\"EZ Pen Machine Bags - 5 Elements Tattoo Stuff\",\"isPartOf\":{\"@id\":\"https:\\\/\\\/5etattoostuff.com\\\/#website\"},\"primaryImageOfPage\":{\"@id\":\"https:\\\/\\\/5etattoostuff.com\\\/producto\\\/ez-pen-machine-bags\\\/#primaryimage\"},\"image\":{\"@id\":\"https:\\\/\\\/5etattoostuff.com\\\/producto\\\/ez-pen-machine-bags\\\/#primaryimage\"},\"thumbnailUrl\":\"https:\\\/\\\/5etattoostuff.com\\\/wp-content\\\/uploads\\\/2024\\\/09\\\/ez-pen-cover.jpeg\",\"datePublished\":\"2024-09-19T19:54:22+00:00\",\"dateModified\":\"2025-03-20T11:20:49+00:00\",\"description\":\"Protect your tattoo equipment with our EZ Pen Machine Bags. Each box contains 125 disposable,clear and durable bags designed for tattoo pen machines. Suitable for most standard tattoo pen machines.\",\"breadcrumb\":{\"@id\":\"https:\\\/\\\/5etattoostuff.com\\\/producto\\\/ez-pen-machine-bags\\\/#breadcrumb\"},\"inLanguage\":\"fr-FR\",\"potentialAction\":[{\"@type\":\"ReadAction\",\"target\":[\"https:\\\/\\\/5etattoostuff.com\\\/producto\\\/ez-pen-machine-bags\\\/\"]}]},{\"@type\":\"ImageObject\",\"inLanguage\":\"fr-FR\",\"@id\":\"https:\\\/\\\/5etattoostuff.com\\\/producto\\\/ez-pen-machine-bags\\\/#primaryimage\",\"url\":\"https:\\\/\\\/5etattoostuff.com\\\/wp-content\\\/uploads\\\/2024\\\/09\\\/ez-pen-cover.jpeg\",\"contentUrl\":\"https:\\\/\\\/5etattoostuff.com\\\/wp-content\\\/uploads\\\/2024\\\/09\\\/ez-pen-cover.jpeg\",\"width\":500,\"height\":500},{\"@type\":\"BreadcrumbList\",\"@id\":\"https:\\\/\\\/5etattoostuff.com\\\/producto\\\/ez-pen-machine-bags\\\/#breadcrumb\",\"itemListElement\":[{\"@type\":\"ListItem\",\"position\":1,\"name\":\"Portada\",\"item\":\"https:\\\/\\\/5etattoostuff.com\\\/\"},{\"@type\":\"ListItem\",\"position\":2,\"name\":\"Shop\",\"item\":\"https:\\\/\\\/5etattoostuff.com\\\/\"},{\"@type\":\"ListItem\",\"position\":3,\"name\":\"EZ Pen Machine Bags\"}]},{\"@type\":\"WebSite\",\"@id\":\"https:\\\/\\\/5etattoostuff.com\\\/#website\",\"url\":\"https:\\\/\\\/5etattoostuff.com\\\/\",\"name\":\"5 Elements Tattoo Stuff\",\"description\":\"Premium tattoo needles\",\"publisher\":{\"@id\":\"https:\\\/\\\/5etattoostuff.com\\\/#organization\"},\"alternateName\":\"5E\",\"potentialAction\":[{\"@type\":\"SearchAction\",\"target\":{\"@type\":\"EntryPoint\",\"urlTemplate\":\"https:\\\/\\\/5etattoostuff.com\\\/?s={search_term_string}\"},\"query-input\":{\"@type\":\"PropertyValueSpecification\",\"valueRequired\":true,\"valueName\":\"search_term_string\"}}],\"inLanguage\":\"fr-FR\"},{\"@type\":\"Organization\",\"@id\":\"https:\\\/\\\/5etattoostuff.com\\\/#organization\",\"name\":\"5 Elements Tattoo Stuff\",\"url\":\"https:\\\/\\\/5etattoostuff.com\\\/\",\"logo\":{\"@type\":\"ImageObject\",\"inLanguage\":\"fr-FR\",\"@id\":\"https:\\\/\\\/5etattoostuff.com\\\/#\\\/schema\\\/logo\\\/image\\\/\",\"url\":\"https:\\\/\\\/5etattoostuff.com\\\/wp-content\\\/uploads\\\/2023\\\/03\\\/Logo-5e.png\",\"contentUrl\":\"https:\\\/\\\/5etattoostuff.com\\\/wp-content\\\/uploads\\\/2023\\\/03\\\/Logo-5e.png\",\"width\":661,\"height\":378,\"caption\":\"5 Elements Tattoo Stuff\"},\"image\":{\"@id\":\"https:\\\/\\\/5etattoostuff.com\\\/#\\\/schema\\\/logo\\\/image\\\/\"},\"sameAs\":[\"https:\\\/\\\/www.instagram.com\\\/5e.tattoostuff\\\/\"],\"email\":\"contact@5etattoostuff.com\",\"telephone\":\"+41 (0)76 681 06 68\"}]}<\/script>\n<!-- \/ Yoast SEO Premium plugin. -->","yoast_head_json":{"title":"EZ Pen Machine Bags - 5 Elements Tattoo Stuff","description":"Protect your tattoo equipment with our EZ Pen Machine Bags. Each box contains 125 disposable,clear and durable bags designed for tattoo pen machines. Suitable for most standard tattoo pen machines.","robots":{"index":"index","follow":"follow","max-snippet":"max-snippet:-1","max-image-preview":"max-image-preview:large","max-video-preview":"max-video-preview:-1"},"canonical":"https:\/\/5etattoostuff.com\/fr\/producto\/ez-pen-machine-bags\/","og_locale":"fr_FR","og_type":"article","og_title":"EZ Pen Machine Bags","og_description":"Protect your tattoo equipment with our EZ Pen Machine Bags. Each box contains 125 disposable,clear and durable bags designed for tattoo pen machines. Suitable for most standard tattoo pen machines.","og_url":"https:\/\/5etattoostuff.com\/fr\/producto\/ez-pen-machine-bags\/","og_site_name":"5 Elements Tattoo Stuff","article_modified_time":"2025-03-20T11:20:49+00:00","og_image":[{"width":500,"height":500,"url":"https:\/\/5etattoostuff.com\/wp-content\/uploads\/2024\/09\/ez-pen-cover.jpeg","type":"image\/jpeg"}],"twitter_card":"summary_large_image","twitter_misc":{"Dur\u00e9e de lecture estim\u00e9e":"2 minutes"},"schema":{"@context":"https:\/\/schema.org","@graph":[{"@type":"WebPage","@id":"https:\/\/5etattoostuff.com\/producto\/ez-pen-machine-bags\/","url":"https:\/\/5etattoostuff.com\/producto\/ez-pen-machine-bags\/","name":"EZ Pen Machine Bags - 5 Elements Tattoo Stuff","isPartOf":{"@id":"https:\/\/5etattoostuff.com\/#website"},"primaryImageOfPage":{"@id":"https:\/\/5etattoostuff.com\/producto\/ez-pen-machine-bags\/#primaryimage"},"image":{"@id":"https:\/\/5etattoostuff.com\/producto\/ez-pen-machine-bags\/#primaryimage"},"thumbnailUrl":"https:\/\/5etattoostuff.com\/wp-content\/uploads\/2024\/09\/ez-pen-cover.jpeg","datePublished":"2024-09-19T19:54:22+00:00","dateModified":"2025-03-20T11:20:49+00:00","description":"Protect your tattoo equipment with our EZ Pen Machine Bags. Each box contains 125 disposable,clear and durable bags designed for tattoo pen machines. Suitable for most standard tattoo pen machines.","breadcrumb":{"@id":"https:\/\/5etattoostuff.com\/producto\/ez-pen-machine-bags\/#breadcrumb"},"inLanguage":"fr-FR","potentialAction":[{"@type":"ReadAction","target":["https:\/\/5etattoostuff.com\/producto\/ez-pen-machine-bags\/"]}]},{"@type":"ImageObject","inLanguage":"fr-FR","@id":"https:\/\/5etattoostuff.com\/producto\/ez-pen-machine-bags\/#primaryimage","url":"https:\/\/5etattoostuff.com\/wp-content\/uploads\/2024\/09\/ez-pen-cover.jpeg","contentUrl":"https:\/\/5etattoostuff.com\/wp-content\/uploads\/2024\/09\/ez-pen-cover.jpeg","width":500,"height":500},{"@type":"BreadcrumbList","@id":"https:\/\/5etattoostuff.com\/producto\/ez-pen-machine-bags\/#breadcrumb","itemListElement":[{"@type":"ListItem","position":1,"name":"Portada","item":"https:\/\/5etattoostuff.com\/"},{"@type":"ListItem","position":2,"name":"Shop","item":"https:\/\/5etattoostuff.com\/"},{"@type":"ListItem","position":3,"name":"EZ Pen Machine Bags"}]},{"@type":"WebSite","@id":"https:\/\/5etattoostuff.com\/#website","url":"https:\/\/5etattoostuff.com\/","name":"5 Elements Tattoo Stuff","description":"Premium tattoo needles","publisher":{"@id":"https:\/\/5etattoostuff.com\/#organization"},"alternateName":"5E","potentialAction":[{"@type":"SearchAction","target":{"@type":"EntryPoint","urlTemplate":"https:\/\/5etattoostuff.com\/?s={search_term_string}"},"query-input":{"@type":"PropertyValueSpecification","valueRequired":true,"valueName":"search_term_string"}}],"inLanguage":"fr-FR"},{"@type":"Organization","@id":"https:\/\/5etattoostuff.com\/#organization","name":"5 Elements Tattoo Stuff","url":"https:\/\/5etattoostuff.com\/","logo":{"@type":"ImageObject","inLanguage":"fr-FR","@id":"https:\/\/5etattoostuff.com\/#\/schema\/logo\/image\/","url":"https:\/\/5etattoostuff.com\/wp-content\/uploads\/2023\/03\/Logo-5e.png","contentUrl":"https:\/\/5etattoostuff.com\/wp-content\/uploads\/2023\/03\/Logo-5e.png","width":661,"height":378,"caption":"5 Elements Tattoo Stuff"},"image":{"@id":"https:\/\/5etattoostuff.com\/#\/schema\/logo\/image\/"},"sameAs":["https:\/\/www.instagram.com\/5e.tattoostuff\/"],"email":"contact@5etattoostuff.com","telephone":"+41 (0)76 681 06 68"}]}},"jetpack_sharing_enabled":true,"_links":{"self":[{"href":"https:\/\/5etattoostuff.com\/fr\/wp-json\/wp\/v2\/product\/6747","targetHints":{"allow":["GET"]}}],"collection":[{"href":"https:\/\/5etattoostuff.com\/fr\/wp-json\/wp\/v2\/product"}],"about":[{"href":"https:\/\/5etattoostuff.com\/fr\/wp-json\/wp\/v2\/types\/product"}],"wp:featuredmedia":[{"embeddable":true,"href":"https:\/\/5etattoostuff.com\/fr\/wp-json\/wp\/v2\/media\/7671"}],"wp:attachment":[{"href":"https:\/\/5etattoostuff.com\/fr\/wp-json\/wp\/v2\/media?parent=6747"}],"wp:term":[{"taxonomy":"product_brand","embeddable":true,"href":"https:\/\/5etattoostuff.com\/fr\/wp-json\/wp\/v2\/product_brand?post=6747"},{"taxonomy":"product_cat","embeddable":true,"href":"https:\/\/5etattoostuff.com\/fr\/wp-json\/wp\/v2\/product_cat?post=6747"},{"taxonomy":"product_tag","embeddable":true,"href":"https:\/\/5etattoostuff.com\/fr\/wp-json\/wp\/v2\/product_tag?post=6747"}],"curies":[{"name":"wp","href":"https:\/\/api.w.org\/{rel}","templated":true}]}}