{"id":6751,"date":"2024-09-19T22:12:51","date_gmt":"2024-09-19T20:12:51","guid":{"rendered":"https:\/\/5etattoostuff.com\/?post_type=product&#038;p=6751"},"modified":"2025-03-20T12:19:43","modified_gmt":"2025-03-20T11:19:43","slug":"adhesive-tape","status":"publish","type":"product","link":"https:\/\/5etattoostuff.com\/fr\/producto\/ruban-adhesif\/","title":{"rendered":"Ruban adh\u00e9sif"},"content":{"rendered":"<p>S\u00e9curise ton installation de tatouage et prot\u00e8ge ton \u00e9quipement gr\u00e2ce \u00e0 nos produits de haute qualit\u00e9. <strong>Ruban adh\u00e9sif<\/strong>. Ce paquet comprend 12 rouleaux de ruban adh\u00e9sif durable de qualit\u00e9 professionnelle, con\u00e7u sp\u00e9cialement pour \u00eatre utilis\u00e9 dans les studios de tatouage. Parfait pour fixer les feuilles de protection, envelopper les cordons des machines ou assurer un espace de travail propre et organis\u00e9, ce ruban offre une adh\u00e9rence sup\u00e9rieure tout en \u00e9tant facile \u00e0 enlever sans laisser de r\u00e9sidus.<\/p>\n<p>Notre ruban adh\u00e9sif est fabriqu\u00e9 \u00e0 partir d'un mat\u00e9riau solide et flexible qui adh\u00e8re bien \u00e0 diverses surfaces, notamment le plastique, le m\u00e9tal et le tissu. Il est id\u00e9al pour relier et fixer les housses des machines \u00e0 tatouer, les cordons des pinces ou tout autre \u00e9l\u00e9ment essentiel du studio qui n\u00e9cessite de la stabilit\u00e9. Malgr\u00e9 sa forte adh\u00e9rence, le ruban est suffisamment doux pour ne pas endommager ton \u00e9quipement ou ton espace de travail.<\/p>\n<p>Le ruban adh\u00e9sif est sans latex et peut \u00eatre utilis\u00e9 en toute s\u00e9curit\u00e9 dans les environnements professionnels, ce qui en fait un outil essentiel pour maintenir un studio sanitaire, organis\u00e9 et efficace. Avec 12 rouleaux par paquet, tu auras toujours une r\u00e9serve de ruban adh\u00e9sif fiable \u00e0 port\u00e9e de main pour t'assurer que tout reste en place pendant tes s\u00e9ances de tatouage. Ce ruban polyvalent est parfait pour les tatoueurs qui accordent de l'importance \u00e0 la propret\u00e9, \u00e0 la s\u00e9curit\u00e9 et \u00e0 la pr\u00e9cision dans leur espace de travail.<\/p>\n<p><strong>Caract\u00e9ristiques principales :<\/strong><\/p>\n<ul>\n<li>12 rouleaux de ruban adh\u00e9sif par paquet<\/li>\n<li>Solide, flexible et sans r\u00e9sidus<\/li>\n<li>Convient pour fixer les couvercles de machines, les cordons et les feuilles de protection.<\/li>\n<li>Sans latex et sans danger pour l'usage professionnel<\/li>\n<li>Facile \u00e0 appliquer et \u00e0 enlever<\/li>\n<\/ul>","protected":false},"excerpt":{"rendered":"<p>Assurer un espace de travail propre et organis\u00e9 gr\u00e2ce \u00e0 notre syst\u00e8me durable. <strong>Ruban adh\u00e9sif<\/strong>. Ce paquet comprend 12 rouleaux de ruban adh\u00e9sif de qualit\u00e9 professionnelle, id\u00e9al pour fixer les couvercles des machines, les cordons et bien plus encore.<\/p>","protected":false},"featured_media":7667,"template":"","meta":[],"product_brand":[],"product_cat":[157],"product_tag":[],"class_list":{"0":"post-6751","1":"product","2":"type-product","3":"status-publish","4":"has-post-thumbnail","6":"product_cat-tattoo-equipment","8":"first","9":"instock","10":"taxable","11":"shipping-taxable","12":"purchasable","13":"product-type-simple"},"yoast_head":"<!-- This site is optimized with the Yoast SEO Premium plugin v23.6 (Yoast SEO v27.5) - https:\/\/yoast.com\/product\/yoast-seo-premium-wordpress\/ -->\n<title>Adhesive Tape - 5 Elements Tattoo Stuff<\/title>\n<meta name=\"description\" content=\"Ensure a clean, organized workspace with our durable Adhesive Tape. This pack includes 12 rolls of tape, ideal for securing machine covers, cords, and more.\" \/>\n<meta name=\"robots\" content=\"index, follow, max-snippet:-1, max-image-preview:large, max-video-preview:-1\" \/>\n<link rel=\"canonical\" href=\"https:\/\/5etattoostuff.com\/fr\/producto\/ruban-adhesif\/\" \/>\n<meta property=\"og:locale\" content=\"fr_FR\" \/>\n<meta property=\"og:type\" content=\"article\" \/>\n<meta property=\"og:title\" content=\"Adhesive Tape\" \/>\n<meta property=\"og:description\" content=\"Ensure a clean, organized workspace with our durable Adhesive Tape. This pack includes 12 rolls of tape, ideal for securing machine covers, cords, and more.\" \/>\n<meta property=\"og:url\" content=\"https:\/\/5etattoostuff.com\/fr\/producto\/ruban-adhesif\/\" \/>\n<meta property=\"og:site_name\" content=\"5 Elements Tattoo Stuff\" \/>\n<meta property=\"article:modified_time\" content=\"2025-03-20T11:19:43+00:00\" \/>\n<meta property=\"og:image\" content=\"https:\/\/5etattoostuff.com\/wp-content\/uploads\/2024\/09\/adesive-tape.jpeg\" \/>\n\t<meta property=\"og:image:width\" content=\"500\" \/>\n\t<meta property=\"og:image:height\" content=\"500\" \/>\n\t<meta property=\"og:image:type\" content=\"image\/jpeg\" \/>\n<meta name=\"twitter:card\" content=\"summary_large_image\" \/>\n<meta name=\"twitter:label1\" content=\"Dur\u00e9e de lecture estim\u00e9e\" \/>\n\t<meta name=\"twitter:data1\" content=\"2 minutes\" \/>\n<script type=\"application\/ld+json\" class=\"yoast-schema-graph\">{\"@context\":\"https:\\\/\\\/schema.org\",\"@graph\":[{\"@type\":\"WebPage\",\"@id\":\"https:\\\/\\\/5etattoostuff.com\\\/producto\\\/adhesive-tape\\\/\",\"url\":\"https:\\\/\\\/5etattoostuff.com\\\/producto\\\/adhesive-tape\\\/\",\"name\":\"Adhesive Tape - 5 Elements Tattoo Stuff\",\"isPartOf\":{\"@id\":\"https:\\\/\\\/5etattoostuff.com\\\/#website\"},\"primaryImageOfPage\":{\"@id\":\"https:\\\/\\\/5etattoostuff.com\\\/producto\\\/adhesive-tape\\\/#primaryimage\"},\"image\":{\"@id\":\"https:\\\/\\\/5etattoostuff.com\\\/producto\\\/adhesive-tape\\\/#primaryimage\"},\"thumbnailUrl\":\"https:\\\/\\\/5etattoostuff.com\\\/wp-content\\\/uploads\\\/2024\\\/09\\\/adesive-tape.jpeg\",\"datePublished\":\"2024-09-19T20:12:51+00:00\",\"dateModified\":\"2025-03-20T11:19:43+00:00\",\"description\":\"Ensure a clean, organized workspace with our durable Adhesive Tape. This pack includes 12 rolls of tape, ideal for securing machine covers, cords, and more.\",\"breadcrumb\":{\"@id\":\"https:\\\/\\\/5etattoostuff.com\\\/producto\\\/adhesive-tape\\\/#breadcrumb\"},\"inLanguage\":\"fr-FR\",\"potentialAction\":[{\"@type\":\"ReadAction\",\"target\":[\"https:\\\/\\\/5etattoostuff.com\\\/producto\\\/adhesive-tape\\\/\"]}]},{\"@type\":\"ImageObject\",\"inLanguage\":\"fr-FR\",\"@id\":\"https:\\\/\\\/5etattoostuff.com\\\/producto\\\/adhesive-tape\\\/#primaryimage\",\"url\":\"https:\\\/\\\/5etattoostuff.com\\\/wp-content\\\/uploads\\\/2024\\\/09\\\/adesive-tape.jpeg\",\"contentUrl\":\"https:\\\/\\\/5etattoostuff.com\\\/wp-content\\\/uploads\\\/2024\\\/09\\\/adesive-tape.jpeg\",\"width\":500,\"height\":500},{\"@type\":\"BreadcrumbList\",\"@id\":\"https:\\\/\\\/5etattoostuff.com\\\/producto\\\/adhesive-tape\\\/#breadcrumb\",\"itemListElement\":[{\"@type\":\"ListItem\",\"position\":1,\"name\":\"Portada\",\"item\":\"https:\\\/\\\/5etattoostuff.com\\\/\"},{\"@type\":\"ListItem\",\"position\":2,\"name\":\"Shop\",\"item\":\"https:\\\/\\\/5etattoostuff.com\\\/\"},{\"@type\":\"ListItem\",\"position\":3,\"name\":\"Adhesive Tape\"}]},{\"@type\":\"WebSite\",\"@id\":\"https:\\\/\\\/5etattoostuff.com\\\/#website\",\"url\":\"https:\\\/\\\/5etattoostuff.com\\\/\",\"name\":\"5 Elements Tattoo Stuff\",\"description\":\"Premium tattoo needles\",\"publisher\":{\"@id\":\"https:\\\/\\\/5etattoostuff.com\\\/#organization\"},\"alternateName\":\"5E\",\"potentialAction\":[{\"@type\":\"SearchAction\",\"target\":{\"@type\":\"EntryPoint\",\"urlTemplate\":\"https:\\\/\\\/5etattoostuff.com\\\/?s={search_term_string}\"},\"query-input\":{\"@type\":\"PropertyValueSpecification\",\"valueRequired\":true,\"valueName\":\"search_term_string\"}}],\"inLanguage\":\"fr-FR\"},{\"@type\":\"Organization\",\"@id\":\"https:\\\/\\\/5etattoostuff.com\\\/#organization\",\"name\":\"5 Elements Tattoo Stuff\",\"url\":\"https:\\\/\\\/5etattoostuff.com\\\/\",\"logo\":{\"@type\":\"ImageObject\",\"inLanguage\":\"fr-FR\",\"@id\":\"https:\\\/\\\/5etattoostuff.com\\\/#\\\/schema\\\/logo\\\/image\\\/\",\"url\":\"https:\\\/\\\/5etattoostuff.com\\\/wp-content\\\/uploads\\\/2023\\\/03\\\/Logo-5e.png\",\"contentUrl\":\"https:\\\/\\\/5etattoostuff.com\\\/wp-content\\\/uploads\\\/2023\\\/03\\\/Logo-5e.png\",\"width\":661,\"height\":378,\"caption\":\"5 Elements Tattoo Stuff\"},\"image\":{\"@id\":\"https:\\\/\\\/5etattoostuff.com\\\/#\\\/schema\\\/logo\\\/image\\\/\"},\"sameAs\":[\"https:\\\/\\\/www.instagram.com\\\/5e.tattoostuff\\\/\"],\"email\":\"contact@5etattoostuff.com\",\"telephone\":\"+41 (0)76 681 06 68\"}]}<\/script>\n<!-- \/ Yoast SEO Premium plugin. -->","yoast_head_json":{"title":"Adhesive Tape - 5 Elements Tattoo Stuff","description":"Ensure a clean, organized workspace with our durable Adhesive Tape. This pack includes 12 rolls of tape, ideal for securing machine covers, cords, and more.","robots":{"index":"index","follow":"follow","max-snippet":"max-snippet:-1","max-image-preview":"max-image-preview:large","max-video-preview":"max-video-preview:-1"},"canonical":"https:\/\/5etattoostuff.com\/fr\/producto\/ruban-adhesif\/","og_locale":"fr_FR","og_type":"article","og_title":"Adhesive Tape","og_description":"Ensure a clean, organized workspace with our durable Adhesive Tape. This pack includes 12 rolls of tape, ideal for securing machine covers, cords, and more.","og_url":"https:\/\/5etattoostuff.com\/fr\/producto\/ruban-adhesif\/","og_site_name":"5 Elements Tattoo Stuff","article_modified_time":"2025-03-20T11:19:43+00:00","og_image":[{"width":500,"height":500,"url":"https:\/\/5etattoostuff.com\/wp-content\/uploads\/2024\/09\/adesive-tape.jpeg","type":"image\/jpeg"}],"twitter_card":"summary_large_image","twitter_misc":{"Dur\u00e9e de lecture estim\u00e9e":"2 minutes"},"schema":{"@context":"https:\/\/schema.org","@graph":[{"@type":"WebPage","@id":"https:\/\/5etattoostuff.com\/producto\/adhesive-tape\/","url":"https:\/\/5etattoostuff.com\/producto\/adhesive-tape\/","name":"Adhesive Tape - 5 Elements Tattoo Stuff","isPartOf":{"@id":"https:\/\/5etattoostuff.com\/#website"},"primaryImageOfPage":{"@id":"https:\/\/5etattoostuff.com\/producto\/adhesive-tape\/#primaryimage"},"image":{"@id":"https:\/\/5etattoostuff.com\/producto\/adhesive-tape\/#primaryimage"},"thumbnailUrl":"https:\/\/5etattoostuff.com\/wp-content\/uploads\/2024\/09\/adesive-tape.jpeg","datePublished":"2024-09-19T20:12:51+00:00","dateModified":"2025-03-20T11:19:43+00:00","description":"Ensure a clean, organized workspace with our durable Adhesive Tape. This pack includes 12 rolls of tape, ideal for securing machine covers, cords, and more.","breadcrumb":{"@id":"https:\/\/5etattoostuff.com\/producto\/adhesive-tape\/#breadcrumb"},"inLanguage":"fr-FR","potentialAction":[{"@type":"ReadAction","target":["https:\/\/5etattoostuff.com\/producto\/adhesive-tape\/"]}]},{"@type":"ImageObject","inLanguage":"fr-FR","@id":"https:\/\/5etattoostuff.com\/producto\/adhesive-tape\/#primaryimage","url":"https:\/\/5etattoostuff.com\/wp-content\/uploads\/2024\/09\/adesive-tape.jpeg","contentUrl":"https:\/\/5etattoostuff.com\/wp-content\/uploads\/2024\/09\/adesive-tape.jpeg","width":500,"height":500},{"@type":"BreadcrumbList","@id":"https:\/\/5etattoostuff.com\/producto\/adhesive-tape\/#breadcrumb","itemListElement":[{"@type":"ListItem","position":1,"name":"Portada","item":"https:\/\/5etattoostuff.com\/"},{"@type":"ListItem","position":2,"name":"Shop","item":"https:\/\/5etattoostuff.com\/"},{"@type":"ListItem","position":3,"name":"Adhesive Tape"}]},{"@type":"WebSite","@id":"https:\/\/5etattoostuff.com\/#website","url":"https:\/\/5etattoostuff.com\/","name":"5 Elements Tattoo Stuff","description":"Premium tattoo needles","publisher":{"@id":"https:\/\/5etattoostuff.com\/#organization"},"alternateName":"5E","potentialAction":[{"@type":"SearchAction","target":{"@type":"EntryPoint","urlTemplate":"https:\/\/5etattoostuff.com\/?s={search_term_string}"},"query-input":{"@type":"PropertyValueSpecification","valueRequired":true,"valueName":"search_term_string"}}],"inLanguage":"fr-FR"},{"@type":"Organization","@id":"https:\/\/5etattoostuff.com\/#organization","name":"5 Elements Tattoo Stuff","url":"https:\/\/5etattoostuff.com\/","logo":{"@type":"ImageObject","inLanguage":"fr-FR","@id":"https:\/\/5etattoostuff.com\/#\/schema\/logo\/image\/","url":"https:\/\/5etattoostuff.com\/wp-content\/uploads\/2023\/03\/Logo-5e.png","contentUrl":"https:\/\/5etattoostuff.com\/wp-content\/uploads\/2023\/03\/Logo-5e.png","width":661,"height":378,"caption":"5 Elements Tattoo Stuff"},"image":{"@id":"https:\/\/5etattoostuff.com\/#\/schema\/logo\/image\/"},"sameAs":["https:\/\/www.instagram.com\/5e.tattoostuff\/"],"email":"contact@5etattoostuff.com","telephone":"+41 (0)76 681 06 68"}]}},"jetpack_sharing_enabled":true,"_links":{"self":[{"href":"https:\/\/5etattoostuff.com\/fr\/wp-json\/wp\/v2\/product\/6751","targetHints":{"allow":["GET"]}}],"collection":[{"href":"https:\/\/5etattoostuff.com\/fr\/wp-json\/wp\/v2\/product"}],"about":[{"href":"https:\/\/5etattoostuff.com\/fr\/wp-json\/wp\/v2\/types\/product"}],"wp:featuredmedia":[{"embeddable":true,"href":"https:\/\/5etattoostuff.com\/fr\/wp-json\/wp\/v2\/media\/7667"}],"wp:attachment":[{"href":"https:\/\/5etattoostuff.com\/fr\/wp-json\/wp\/v2\/media?parent=6751"}],"wp:term":[{"taxonomy":"product_brand","embeddable":true,"href":"https:\/\/5etattoostuff.com\/fr\/wp-json\/wp\/v2\/product_brand?post=6751"},{"taxonomy":"product_cat","embeddable":true,"href":"https:\/\/5etattoostuff.com\/fr\/wp-json\/wp\/v2\/product_cat?post=6751"},{"taxonomy":"product_tag","embeddable":true,"href":"https:\/\/5etattoostuff.com\/fr\/wp-json\/wp\/v2\/product_tag?post=6751"}],"curies":[{"name":"wp","href":"https:\/\/api.w.org\/{rel}","templated":true}]}}