{"id":7107,"date":"2024-10-05T13:10:19","date_gmt":"2024-10-05T11:10:19","guid":{"rendered":"https:\/\/5etattoostuff.com\/?post_type=product&#038;p=7107"},"modified":"2025-03-18T17:51:51","modified_gmt":"2025-03-18T16:51:51","slug":"vaseline-single-doses-0-5kg","status":"publish","type":"product","link":"https:\/\/5etattoostuff.com\/fr\/producto\/vaseline-unidoses-0-5kg\/","title":{"rendered":"Vaseline - Doses individuelles (0.5kg)"},"content":{"rendered":"<p>Veille \u00e0 ce que le processus de tatouage se d\u00e9roule sans heurt et proprement gr\u00e2ce \u00e0 <strong>Vaseline en dose unique<\/strong>. Sp\u00e9cialement formul\u00e9e pour les tatoueurs, cette vaseline fournit une couche de protection essentielle pendant les s\u00e9ances de tatouage. Sa texture \u00e9paisse et hydratante cr\u00e9e une barri\u00e8re qui aide l'aiguille \u00e0 glisser en douceur sur la peau tout en emp\u00eachant l'exc\u00e8s d'encre de tacher la surface. Chaque unidose est mesur\u00e9e avec pr\u00e9cision pour fournir la bonne quantit\u00e9 pour une s\u00e9ance, ce qui garantit la commodit\u00e9 et l'hygi\u00e8ne.<\/p>\n<p>Ce paquet de 0,5 kg de r\u00e9cipients de vaseline \u00e0 dose unique est parfait pour maintenir un environnement st\u00e9rile et pr\u00e9venir la contamination entre les clients. Le format monodose facile \u00e0 utiliser r\u00e9duit \u00e9galement les d\u00e9chets et permet une application rapide lors de chaque s\u00e9ance de tatouage. La vaseline est indispensable dans tout studio de tatouage professionnel, car elle aide \u00e0 apaiser la peau, minimise les irritations et permet \u00e0 l'encre de s'\u00e9couler proprement pendant le processus de tatouage.<\/p>\n<p>Notre vaseline est test\u00e9e dermatologiquement, s\u00fbre pour tous les types de peau et exempte de produits chimiques ou de parfums agressifs. Elle est \u00e9galement id\u00e9ale pour les soins ult\u00e9rieurs, car elle aide \u00e0 hydrater et \u00e0 prot\u00e9ger la peau fra\u00eechement tatou\u00e9e pendant qu'elle cicatrise. Avec 0,5 kg d'unidoses, tu en auras assez pour faire plusieurs s\u00e9ances sans craindre d'en manquer.<\/p>\n<p>Choisis nos paquets de vaseline \u00e0 dose unique pour une exp\u00e9rience de tatouage plus propre et plus efficace qui donne la priorit\u00e9 \u00e0 la fois au confort de ton client et \u00e0 la s\u00e9curit\u00e9 de ton espace de travail.<\/p>\n<p><strong>Caract\u00e9ristiques principales :<\/strong><\/p>\n<ul>\n<li>Format unidose pour l'hygi\u00e8ne et la commodit\u00e9<\/li>\n<li>Paquet de 0,5 kg<\/li>\n<li>Cr\u00e9e une barri\u00e8re protectrice pendant le tatouage<\/li>\n<li>Id\u00e9al pour apaiser et hydrater la peau<\/li>\n<li>Test\u00e9 dermatologiquement, convient \u00e0 tous les types de peau.<\/li>\n<\/ul>","protected":false},"excerpt":{"rendered":"<p>Assure des s\u00e9ances de tatouage sans accroc gr\u00e2ce \u00e0 notre vaseline en dose unique. Cet emballage de 0,5 kg fournit des doses st\u00e9riles et faciles \u00e0 utiliser qui prot\u00e8gent et apaisent la peau pendant le tatouage.<\/p>","protected":false},"featured_media":7664,"template":"","meta":[],"product_brand":[],"product_cat":[141],"product_tag":[],"class_list":{"0":"post-7107","1":"product","2":"type-product","3":"status-publish","4":"has-post-thumbnail","6":"product_cat-skin-care","8":"first","9":"instock","10":"taxable","11":"shipping-taxable","12":"purchasable","13":"product-type-simple"},"yoast_head":"<!-- This site is optimized with the Yoast SEO Premium plugin v23.6 (Yoast SEO v27.5) - https:\/\/yoast.com\/product\/yoast-seo-premium-wordpress\/ -->\n<title>Vaseline \u2013 Single Doses (0.5kg) - 5 Elements Tattoo Stuff<\/title>\n<meta name=\"description\" content=\"Premium Vaseline in single doses (0.5kg) for tattoo artists. Protects skin, prevents contamination, and ensures smooth sessions. Dermatologically tested.\" \/>\n<meta name=\"robots\" content=\"index, follow, max-snippet:-1, max-image-preview:large, max-video-preview:-1\" \/>\n<link rel=\"canonical\" href=\"https:\/\/5etattoostuff.com\/fr\/producto\/vaseline-unidoses-0-5kg\/\" \/>\n<meta property=\"og:locale\" content=\"fr_FR\" \/>\n<meta property=\"og:type\" content=\"article\" \/>\n<meta property=\"og:title\" content=\"Vaseline \u2013 Single Doses (0.5kg)\" \/>\n<meta property=\"og:description\" content=\"Premium Vaseline in single doses (0.5kg) for tattoo artists. Protects skin, prevents contamination, and ensures smooth sessions. Dermatologically tested.\" \/>\n<meta property=\"og:url\" content=\"https:\/\/5etattoostuff.com\/fr\/producto\/vaseline-unidoses-0-5kg\/\" \/>\n<meta property=\"og:site_name\" content=\"5 Elements Tattoo Stuff\" \/>\n<meta property=\"article:modified_time\" content=\"2025-03-18T16:51:51+00:00\" \/>\n<meta property=\"og:image\" content=\"https:\/\/5etattoostuff.com\/wp-content\/uploads\/2024\/10\/vaseline.jpeg\" \/>\n\t<meta property=\"og:image:width\" content=\"1500\" \/>\n\t<meta property=\"og:image:height\" content=\"1156\" \/>\n\t<meta property=\"og:image:type\" content=\"image\/jpeg\" \/>\n<meta name=\"twitter:card\" content=\"summary_large_image\" \/>\n<meta name=\"twitter:label1\" content=\"Dur\u00e9e de lecture estim\u00e9e\" \/>\n\t<meta name=\"twitter:data1\" content=\"2 minutes\" \/>\n<script type=\"application\/ld+json\" class=\"yoast-schema-graph\">{\"@context\":\"https:\\\/\\\/schema.org\",\"@graph\":[{\"@type\":\"WebPage\",\"@id\":\"https:\\\/\\\/5etattoostuff.com\\\/producto\\\/vaseline-single-doses-0-5kg\\\/\",\"url\":\"https:\\\/\\\/5etattoostuff.com\\\/producto\\\/vaseline-single-doses-0-5kg\\\/\",\"name\":\"Vaseline \u2013 Single Doses (0.5kg) - 5 Elements Tattoo Stuff\",\"isPartOf\":{\"@id\":\"https:\\\/\\\/5etattoostuff.com\\\/#website\"},\"primaryImageOfPage\":{\"@id\":\"https:\\\/\\\/5etattoostuff.com\\\/producto\\\/vaseline-single-doses-0-5kg\\\/#primaryimage\"},\"image\":{\"@id\":\"https:\\\/\\\/5etattoostuff.com\\\/producto\\\/vaseline-single-doses-0-5kg\\\/#primaryimage\"},\"thumbnailUrl\":\"https:\\\/\\\/5etattoostuff.com\\\/wp-content\\\/uploads\\\/2024\\\/10\\\/vaseline.jpeg\",\"datePublished\":\"2024-10-05T11:10:19+00:00\",\"dateModified\":\"2025-03-18T16:51:51+00:00\",\"description\":\"Premium Vaseline in single doses (0.5kg) for tattoo artists. Protects skin, prevents contamination, and ensures smooth sessions. Dermatologically tested.\",\"breadcrumb\":{\"@id\":\"https:\\\/\\\/5etattoostuff.com\\\/producto\\\/vaseline-single-doses-0-5kg\\\/#breadcrumb\"},\"inLanguage\":\"fr-FR\",\"potentialAction\":[{\"@type\":\"ReadAction\",\"target\":[\"https:\\\/\\\/5etattoostuff.com\\\/producto\\\/vaseline-single-doses-0-5kg\\\/\"]}]},{\"@type\":\"ImageObject\",\"inLanguage\":\"fr-FR\",\"@id\":\"https:\\\/\\\/5etattoostuff.com\\\/producto\\\/vaseline-single-doses-0-5kg\\\/#primaryimage\",\"url\":\"https:\\\/\\\/5etattoostuff.com\\\/wp-content\\\/uploads\\\/2024\\\/10\\\/vaseline.jpeg\",\"contentUrl\":\"https:\\\/\\\/5etattoostuff.com\\\/wp-content\\\/uploads\\\/2024\\\/10\\\/vaseline.jpeg\",\"width\":1500,\"height\":1156},{\"@type\":\"BreadcrumbList\",\"@id\":\"https:\\\/\\\/5etattoostuff.com\\\/producto\\\/vaseline-single-doses-0-5kg\\\/#breadcrumb\",\"itemListElement\":[{\"@type\":\"ListItem\",\"position\":1,\"name\":\"Portada\",\"item\":\"https:\\\/\\\/5etattoostuff.com\\\/\"},{\"@type\":\"ListItem\",\"position\":2,\"name\":\"Shop\",\"item\":\"https:\\\/\\\/5etattoostuff.com\\\/\"},{\"@type\":\"ListItem\",\"position\":3,\"name\":\"Vaseline \u2013 Single Doses (0.5kg)\"}]},{\"@type\":\"WebSite\",\"@id\":\"https:\\\/\\\/5etattoostuff.com\\\/#website\",\"url\":\"https:\\\/\\\/5etattoostuff.com\\\/\",\"name\":\"5 Elements Tattoo Stuff\",\"description\":\"Premium tattoo needles\",\"publisher\":{\"@id\":\"https:\\\/\\\/5etattoostuff.com\\\/#organization\"},\"alternateName\":\"5E\",\"potentialAction\":[{\"@type\":\"SearchAction\",\"target\":{\"@type\":\"EntryPoint\",\"urlTemplate\":\"https:\\\/\\\/5etattoostuff.com\\\/?s={search_term_string}\"},\"query-input\":{\"@type\":\"PropertyValueSpecification\",\"valueRequired\":true,\"valueName\":\"search_term_string\"}}],\"inLanguage\":\"fr-FR\"},{\"@type\":\"Organization\",\"@id\":\"https:\\\/\\\/5etattoostuff.com\\\/#organization\",\"name\":\"5 Elements Tattoo Stuff\",\"url\":\"https:\\\/\\\/5etattoostuff.com\\\/\",\"logo\":{\"@type\":\"ImageObject\",\"inLanguage\":\"fr-FR\",\"@id\":\"https:\\\/\\\/5etattoostuff.com\\\/#\\\/schema\\\/logo\\\/image\\\/\",\"url\":\"https:\\\/\\\/5etattoostuff.com\\\/wp-content\\\/uploads\\\/2023\\\/03\\\/Logo-5e.png\",\"contentUrl\":\"https:\\\/\\\/5etattoostuff.com\\\/wp-content\\\/uploads\\\/2023\\\/03\\\/Logo-5e.png\",\"width\":661,\"height\":378,\"caption\":\"5 Elements Tattoo Stuff\"},\"image\":{\"@id\":\"https:\\\/\\\/5etattoostuff.com\\\/#\\\/schema\\\/logo\\\/image\\\/\"},\"sameAs\":[\"https:\\\/\\\/www.instagram.com\\\/5e.tattoostuff\\\/\"],\"email\":\"contact@5etattoostuff.com\",\"telephone\":\"+41 (0)76 681 06 68\"}]}<\/script>\n<!-- \/ Yoast SEO Premium plugin. -->","yoast_head_json":{"title":"Vaseline \u2013 Single Doses (0.5kg) - 5 Elements Tattoo Stuff","description":"Premium Vaseline in single doses (0.5kg) for tattoo artists. Protects skin, prevents contamination, and ensures smooth sessions. Dermatologically tested.","robots":{"index":"index","follow":"follow","max-snippet":"max-snippet:-1","max-image-preview":"max-image-preview:large","max-video-preview":"max-video-preview:-1"},"canonical":"https:\/\/5etattoostuff.com\/fr\/producto\/vaseline-unidoses-0-5kg\/","og_locale":"fr_FR","og_type":"article","og_title":"Vaseline \u2013 Single Doses (0.5kg)","og_description":"Premium Vaseline in single doses (0.5kg) for tattoo artists. Protects skin, prevents contamination, and ensures smooth sessions. Dermatologically tested.","og_url":"https:\/\/5etattoostuff.com\/fr\/producto\/vaseline-unidoses-0-5kg\/","og_site_name":"5 Elements Tattoo Stuff","article_modified_time":"2025-03-18T16:51:51+00:00","og_image":[{"width":1500,"height":1156,"url":"https:\/\/5etattoostuff.com\/wp-content\/uploads\/2024\/10\/vaseline.jpeg","type":"image\/jpeg"}],"twitter_card":"summary_large_image","twitter_misc":{"Dur\u00e9e de lecture estim\u00e9e":"2 minutes"},"schema":{"@context":"https:\/\/schema.org","@graph":[{"@type":"WebPage","@id":"https:\/\/5etattoostuff.com\/producto\/vaseline-single-doses-0-5kg\/","url":"https:\/\/5etattoostuff.com\/producto\/vaseline-single-doses-0-5kg\/","name":"Vaseline \u2013 Single Doses (0.5kg) - 5 Elements Tattoo Stuff","isPartOf":{"@id":"https:\/\/5etattoostuff.com\/#website"},"primaryImageOfPage":{"@id":"https:\/\/5etattoostuff.com\/producto\/vaseline-single-doses-0-5kg\/#primaryimage"},"image":{"@id":"https:\/\/5etattoostuff.com\/producto\/vaseline-single-doses-0-5kg\/#primaryimage"},"thumbnailUrl":"https:\/\/5etattoostuff.com\/wp-content\/uploads\/2024\/10\/vaseline.jpeg","datePublished":"2024-10-05T11:10:19+00:00","dateModified":"2025-03-18T16:51:51+00:00","description":"Premium Vaseline in single doses (0.5kg) for tattoo artists. Protects skin, prevents contamination, and ensures smooth sessions. Dermatologically tested.","breadcrumb":{"@id":"https:\/\/5etattoostuff.com\/producto\/vaseline-single-doses-0-5kg\/#breadcrumb"},"inLanguage":"fr-FR","potentialAction":[{"@type":"ReadAction","target":["https:\/\/5etattoostuff.com\/producto\/vaseline-single-doses-0-5kg\/"]}]},{"@type":"ImageObject","inLanguage":"fr-FR","@id":"https:\/\/5etattoostuff.com\/producto\/vaseline-single-doses-0-5kg\/#primaryimage","url":"https:\/\/5etattoostuff.com\/wp-content\/uploads\/2024\/10\/vaseline.jpeg","contentUrl":"https:\/\/5etattoostuff.com\/wp-content\/uploads\/2024\/10\/vaseline.jpeg","width":1500,"height":1156},{"@type":"BreadcrumbList","@id":"https:\/\/5etattoostuff.com\/producto\/vaseline-single-doses-0-5kg\/#breadcrumb","itemListElement":[{"@type":"ListItem","position":1,"name":"Portada","item":"https:\/\/5etattoostuff.com\/"},{"@type":"ListItem","position":2,"name":"Shop","item":"https:\/\/5etattoostuff.com\/"},{"@type":"ListItem","position":3,"name":"Vaseline \u2013 Single Doses (0.5kg)"}]},{"@type":"WebSite","@id":"https:\/\/5etattoostuff.com\/#website","url":"https:\/\/5etattoostuff.com\/","name":"5 Elements Tattoo Stuff","description":"Premium tattoo needles","publisher":{"@id":"https:\/\/5etattoostuff.com\/#organization"},"alternateName":"5E","potentialAction":[{"@type":"SearchAction","target":{"@type":"EntryPoint","urlTemplate":"https:\/\/5etattoostuff.com\/?s={search_term_string}"},"query-input":{"@type":"PropertyValueSpecification","valueRequired":true,"valueName":"search_term_string"}}],"inLanguage":"fr-FR"},{"@type":"Organization","@id":"https:\/\/5etattoostuff.com\/#organization","name":"5 Elements Tattoo Stuff","url":"https:\/\/5etattoostuff.com\/","logo":{"@type":"ImageObject","inLanguage":"fr-FR","@id":"https:\/\/5etattoostuff.com\/#\/schema\/logo\/image\/","url":"https:\/\/5etattoostuff.com\/wp-content\/uploads\/2023\/03\/Logo-5e.png","contentUrl":"https:\/\/5etattoostuff.com\/wp-content\/uploads\/2023\/03\/Logo-5e.png","width":661,"height":378,"caption":"5 Elements Tattoo Stuff"},"image":{"@id":"https:\/\/5etattoostuff.com\/#\/schema\/logo\/image\/"},"sameAs":["https:\/\/www.instagram.com\/5e.tattoostuff\/"],"email":"contact@5etattoostuff.com","telephone":"+41 (0)76 681 06 68"}]}},"jetpack_sharing_enabled":true,"_links":{"self":[{"href":"https:\/\/5etattoostuff.com\/fr\/wp-json\/wp\/v2\/product\/7107","targetHints":{"allow":["GET"]}}],"collection":[{"href":"https:\/\/5etattoostuff.com\/fr\/wp-json\/wp\/v2\/product"}],"about":[{"href":"https:\/\/5etattoostuff.com\/fr\/wp-json\/wp\/v2\/types\/product"}],"wp:featuredmedia":[{"embeddable":true,"href":"https:\/\/5etattoostuff.com\/fr\/wp-json\/wp\/v2\/media\/7664"}],"wp:attachment":[{"href":"https:\/\/5etattoostuff.com\/fr\/wp-json\/wp\/v2\/media?parent=7107"}],"wp:term":[{"taxonomy":"product_brand","embeddable":true,"href":"https:\/\/5etattoostuff.com\/fr\/wp-json\/wp\/v2\/product_brand?post=7107"},{"taxonomy":"product_cat","embeddable":true,"href":"https:\/\/5etattoostuff.com\/fr\/wp-json\/wp\/v2\/product_cat?post=7107"},{"taxonomy":"product_tag","embeddable":true,"href":"https:\/\/5etattoostuff.com\/fr\/wp-json\/wp\/v2\/product_tag?post=7107"}],"curies":[{"name":"wp","href":"https:\/\/api.w.org\/{rel}","templated":true}]}}