{"id":7656,"date":"2025-03-13T16:34:02","date_gmt":"2025-03-13T15:34:02","guid":{"rendered":"https:\/\/5etattoostuff.com\/?post_type=product&#038;p=7656"},"modified":"2025-03-20T13:38:29","modified_gmt":"2025-03-20T12:38:29","slug":"liegenabdeckung-weiss-2-lagig-550m","status":"publish","type":"product","link":"https:\/\/5etattoostuff.com\/fr\/producto\/liegenabdeckung-weiss-2-lagig-550m\/","title":{"rendered":"Papier m\u00e9dical - 2 couches - 50cm x 50m"},"content":{"rendered":"<p>Protection de l'enfant par l'abdomen<\/p>\n<ul>\n<li>Pour le contr\u00f4le des tatouages et des piercings dans tous les domaines de l'art<\/li>\n<li>Produit hygi\u00e9nique pour l'analyse de l'environnement, tr\u00e8s r\u00e9sistant.<\/li>\n<li>Emball\u00e9 comme une bo\u00eete \u00e0 g\u00e2teaux, il ne peut pas \u00eatre endommag\u00e9 par l'emballage.<\/li>\n<li>100% Zellulose, 2-lagig, perforiert<\/li>\n<li>Breite : 50 cm, L\u00e4nge : 50 m<\/li>\n<li>Taille de l'emballage : 1 rouleau<\/li>\n<\/ul>","protected":false},"excerpt":{"rendered":"<p>Housse pour prot\u00e9ger les tables<\/p>\n<p>Pour couvrir tous les types de tables de tatouage ou de piercing.<br \/>\nProduit d'hygi\u00e8ne jetable, tr\u00e8s absorbant<br \/>\nEmball\u00e9 comme une serviette en papier, emp\u00eache la salet\u00e9 de passer \u00e0 travers l'emballage.<br \/>\n100% cellulose, 2 plis, perfor\u00e9e<br \/>\nLargeur : 50 cm, Longueur : 50 m<br \/>\nTaille de l'emballage : 1 rouleau<\/p>","protected":false},"featured_media":7670,"template":"","meta":[],"product_brand":[],"product_cat":[157],"product_tag":[],"class_list":{"0":"post-7656","1":"product","2":"type-product","3":"status-publish","4":"has-post-thumbnail","6":"product_cat-tattoo-equipment","8":"first","9":"instock","10":"taxable","11":"shipping-taxable","12":"purchasable","13":"product-type-simple"},"yoast_head":"<!-- This site is optimized with the Yoast SEO Premium plugin v23.6 (Yoast SEO v27.5) - https:\/\/yoast.com\/product\/yoast-seo-premium-wordpress\/ -->\n<title>Medical paper- 2 layers - 50cm x 50m - 5 Elements Tattoo Stuff<\/title>\n<meta name=\"description\" content=\"Schutzlaken zur Abdeckung von Liegen, Arbeitstischen und Matratzen. Liegeabdeckung, Papier.\" \/>\n<meta name=\"robots\" content=\"index, follow, max-snippet:-1, max-image-preview:large, max-video-preview:-1\" \/>\n<link rel=\"canonical\" href=\"https:\/\/5etattoostuff.com\/fr\/producto\/liegenabdeckung-weiss-2-lagig-550m\/\" \/>\n<meta property=\"og:locale\" content=\"fr_FR\" \/>\n<meta property=\"og:type\" content=\"article\" \/>\n<meta property=\"og:title\" content=\"Medical paper- 2 layers - 50cm x 50m\" \/>\n<meta property=\"og:description\" content=\"Schutzlaken zur Abdeckung von Liegen, Arbeitstischen und Matratzen. Liegeabdeckung, Papier.\" \/>\n<meta property=\"og:url\" content=\"https:\/\/5etattoostuff.com\/fr\/producto\/liegenabdeckung-weiss-2-lagig-550m\/\" \/>\n<meta property=\"og:site_name\" content=\"5 Elements Tattoo Stuff\" \/>\n<meta property=\"article:modified_time\" content=\"2025-03-20T12:38:29+00:00\" \/>\n<meta property=\"og:image\" content=\"https:\/\/5etattoostuff.com\/wp-content\/uploads\/2025\/03\/Liegenabdeckung-50x50-m-einzeln.webp\" \/>\n\t<meta property=\"og:image:width\" content=\"800\" \/>\n\t<meta property=\"og:image:height\" content=\"600\" \/>\n\t<meta property=\"og:image:type\" content=\"image\/webp\" \/>\n<meta name=\"twitter:card\" content=\"summary_large_image\" \/>\n<meta name=\"twitter:label1\" content=\"Dur\u00e9e de lecture estim\u00e9e\" \/>\n\t<meta name=\"twitter:data1\" content=\"1 minute\" \/>\n<script type=\"application\/ld+json\" class=\"yoast-schema-graph\">{\"@context\":\"https:\\\/\\\/schema.org\",\"@graph\":[{\"@type\":\"WebPage\",\"@id\":\"https:\\\/\\\/5etattoostuff.com\\\/producto\\\/liegenabdeckung-weiss-2-lagig-550m\\\/\",\"url\":\"https:\\\/\\\/5etattoostuff.com\\\/producto\\\/liegenabdeckung-weiss-2-lagig-550m\\\/\",\"name\":\"Medical paper- 2 layers - 50cm x 50m - 5 Elements Tattoo Stuff\",\"isPartOf\":{\"@id\":\"https:\\\/\\\/5etattoostuff.com\\\/#website\"},\"primaryImageOfPage\":{\"@id\":\"https:\\\/\\\/5etattoostuff.com\\\/producto\\\/liegenabdeckung-weiss-2-lagig-550m\\\/#primaryimage\"},\"image\":{\"@id\":\"https:\\\/\\\/5etattoostuff.com\\\/producto\\\/liegenabdeckung-weiss-2-lagig-550m\\\/#primaryimage\"},\"thumbnailUrl\":\"https:\\\/\\\/5etattoostuff.com\\\/wp-content\\\/uploads\\\/2025\\\/03\\\/liegen-papier.webp\",\"datePublished\":\"2025-03-13T15:34:02+00:00\",\"dateModified\":\"2025-03-20T12:38:29+00:00\",\"description\":\"Schutzlaken zur Abdeckung von Liegen, Arbeitstischen und Matratzen. Liegeabdeckung, Papier.\",\"breadcrumb\":{\"@id\":\"https:\\\/\\\/5etattoostuff.com\\\/producto\\\/liegenabdeckung-weiss-2-lagig-550m\\\/#breadcrumb\"},\"inLanguage\":\"fr-FR\",\"potentialAction\":[{\"@type\":\"ReadAction\",\"target\":[\"https:\\\/\\\/5etattoostuff.com\\\/producto\\\/liegenabdeckung-weiss-2-lagig-550m\\\/\"]}]},{\"@type\":\"ImageObject\",\"inLanguage\":\"fr-FR\",\"@id\":\"https:\\\/\\\/5etattoostuff.com\\\/producto\\\/liegenabdeckung-weiss-2-lagig-550m\\\/#primaryimage\",\"url\":\"https:\\\/\\\/5etattoostuff.com\\\/wp-content\\\/uploads\\\/2025\\\/03\\\/liegen-papier.webp\",\"contentUrl\":\"https:\\\/\\\/5etattoostuff.com\\\/wp-content\\\/uploads\\\/2025\\\/03\\\/liegen-papier.webp\",\"width\":1346,\"height\":1346},{\"@type\":\"BreadcrumbList\",\"@id\":\"https:\\\/\\\/5etattoostuff.com\\\/producto\\\/liegenabdeckung-weiss-2-lagig-550m\\\/#breadcrumb\",\"itemListElement\":[{\"@type\":\"ListItem\",\"position\":1,\"name\":\"Portada\",\"item\":\"https:\\\/\\\/5etattoostuff.com\\\/\"},{\"@type\":\"ListItem\",\"position\":2,\"name\":\"Shop\",\"item\":\"https:\\\/\\\/5etattoostuff.com\\\/\"},{\"@type\":\"ListItem\",\"position\":3,\"name\":\"Medical paper- 2 layers &#8211; 50cm x 50m\"}]},{\"@type\":\"WebSite\",\"@id\":\"https:\\\/\\\/5etattoostuff.com\\\/#website\",\"url\":\"https:\\\/\\\/5etattoostuff.com\\\/\",\"name\":\"5 Elements Tattoo Stuff\",\"description\":\"Premium tattoo needles\",\"publisher\":{\"@id\":\"https:\\\/\\\/5etattoostuff.com\\\/#organization\"},\"alternateName\":\"5E\",\"potentialAction\":[{\"@type\":\"SearchAction\",\"target\":{\"@type\":\"EntryPoint\",\"urlTemplate\":\"https:\\\/\\\/5etattoostuff.com\\\/?s={search_term_string}\"},\"query-input\":{\"@type\":\"PropertyValueSpecification\",\"valueRequired\":true,\"valueName\":\"search_term_string\"}}],\"inLanguage\":\"fr-FR\"},{\"@type\":\"Organization\",\"@id\":\"https:\\\/\\\/5etattoostuff.com\\\/#organization\",\"name\":\"5 Elements Tattoo Stuff\",\"url\":\"https:\\\/\\\/5etattoostuff.com\\\/\",\"logo\":{\"@type\":\"ImageObject\",\"inLanguage\":\"fr-FR\",\"@id\":\"https:\\\/\\\/5etattoostuff.com\\\/#\\\/schema\\\/logo\\\/image\\\/\",\"url\":\"https:\\\/\\\/5etattoostuff.com\\\/wp-content\\\/uploads\\\/2023\\\/03\\\/Logo-5e.png\",\"contentUrl\":\"https:\\\/\\\/5etattoostuff.com\\\/wp-content\\\/uploads\\\/2023\\\/03\\\/Logo-5e.png\",\"width\":661,\"height\":378,\"caption\":\"5 Elements Tattoo Stuff\"},\"image\":{\"@id\":\"https:\\\/\\\/5etattoostuff.com\\\/#\\\/schema\\\/logo\\\/image\\\/\"},\"sameAs\":[\"https:\\\/\\\/www.instagram.com\\\/5e.tattoostuff\\\/\"],\"email\":\"contact@5etattoostuff.com\",\"telephone\":\"+41 (0)76 681 06 68\"}]}<\/script>\n<!-- \/ Yoast SEO Premium plugin. -->","yoast_head_json":{"title":"Medical paper- 2 layers - 50cm x 50m - 5 Elements Tattoo Stuff","description":"Schutzlaken zur Abdeckung von Liegen, Arbeitstischen und Matratzen. Liegeabdeckung, Papier.","robots":{"index":"index","follow":"follow","max-snippet":"max-snippet:-1","max-image-preview":"max-image-preview:large","max-video-preview":"max-video-preview:-1"},"canonical":"https:\/\/5etattoostuff.com\/fr\/producto\/liegenabdeckung-weiss-2-lagig-550m\/","og_locale":"fr_FR","og_type":"article","og_title":"Medical paper- 2 layers - 50cm x 50m","og_description":"Schutzlaken zur Abdeckung von Liegen, Arbeitstischen und Matratzen. Liegeabdeckung, Papier.","og_url":"https:\/\/5etattoostuff.com\/fr\/producto\/liegenabdeckung-weiss-2-lagig-550m\/","og_site_name":"5 Elements Tattoo Stuff","article_modified_time":"2025-03-20T12:38:29+00:00","og_image":[{"width":800,"height":600,"url":"https:\/\/5etattoostuff.com\/wp-content\/uploads\/2025\/03\/Liegenabdeckung-50x50-m-einzeln.webp","type":"image\/webp"}],"twitter_card":"summary_large_image","twitter_misc":{"Dur\u00e9e de lecture estim\u00e9e":"1 minute"},"schema":{"@context":"https:\/\/schema.org","@graph":[{"@type":"WebPage","@id":"https:\/\/5etattoostuff.com\/producto\/liegenabdeckung-weiss-2-lagig-550m\/","url":"https:\/\/5etattoostuff.com\/producto\/liegenabdeckung-weiss-2-lagig-550m\/","name":"Medical paper- 2 layers - 50cm x 50m - 5 Elements Tattoo Stuff","isPartOf":{"@id":"https:\/\/5etattoostuff.com\/#website"},"primaryImageOfPage":{"@id":"https:\/\/5etattoostuff.com\/producto\/liegenabdeckung-weiss-2-lagig-550m\/#primaryimage"},"image":{"@id":"https:\/\/5etattoostuff.com\/producto\/liegenabdeckung-weiss-2-lagig-550m\/#primaryimage"},"thumbnailUrl":"https:\/\/5etattoostuff.com\/wp-content\/uploads\/2025\/03\/liegen-papier.webp","datePublished":"2025-03-13T15:34:02+00:00","dateModified":"2025-03-20T12:38:29+00:00","description":"Schutzlaken zur Abdeckung von Liegen, Arbeitstischen und Matratzen. Liegeabdeckung, Papier.","breadcrumb":{"@id":"https:\/\/5etattoostuff.com\/producto\/liegenabdeckung-weiss-2-lagig-550m\/#breadcrumb"},"inLanguage":"fr-FR","potentialAction":[{"@type":"ReadAction","target":["https:\/\/5etattoostuff.com\/producto\/liegenabdeckung-weiss-2-lagig-550m\/"]}]},{"@type":"ImageObject","inLanguage":"fr-FR","@id":"https:\/\/5etattoostuff.com\/producto\/liegenabdeckung-weiss-2-lagig-550m\/#primaryimage","url":"https:\/\/5etattoostuff.com\/wp-content\/uploads\/2025\/03\/liegen-papier.webp","contentUrl":"https:\/\/5etattoostuff.com\/wp-content\/uploads\/2025\/03\/liegen-papier.webp","width":1346,"height":1346},{"@type":"BreadcrumbList","@id":"https:\/\/5etattoostuff.com\/producto\/liegenabdeckung-weiss-2-lagig-550m\/#breadcrumb","itemListElement":[{"@type":"ListItem","position":1,"name":"Portada","item":"https:\/\/5etattoostuff.com\/"},{"@type":"ListItem","position":2,"name":"Shop","item":"https:\/\/5etattoostuff.com\/"},{"@type":"ListItem","position":3,"name":"Medical paper- 2 layers &#8211; 50cm x 50m"}]},{"@type":"WebSite","@id":"https:\/\/5etattoostuff.com\/#website","url":"https:\/\/5etattoostuff.com\/","name":"5 Elements Tattoo Stuff","description":"Premium tattoo needles","publisher":{"@id":"https:\/\/5etattoostuff.com\/#organization"},"alternateName":"5E","potentialAction":[{"@type":"SearchAction","target":{"@type":"EntryPoint","urlTemplate":"https:\/\/5etattoostuff.com\/?s={search_term_string}"},"query-input":{"@type":"PropertyValueSpecification","valueRequired":true,"valueName":"search_term_string"}}],"inLanguage":"fr-FR"},{"@type":"Organization","@id":"https:\/\/5etattoostuff.com\/#organization","name":"5 Elements Tattoo Stuff","url":"https:\/\/5etattoostuff.com\/","logo":{"@type":"ImageObject","inLanguage":"fr-FR","@id":"https:\/\/5etattoostuff.com\/#\/schema\/logo\/image\/","url":"https:\/\/5etattoostuff.com\/wp-content\/uploads\/2023\/03\/Logo-5e.png","contentUrl":"https:\/\/5etattoostuff.com\/wp-content\/uploads\/2023\/03\/Logo-5e.png","width":661,"height":378,"caption":"5 Elements Tattoo Stuff"},"image":{"@id":"https:\/\/5etattoostuff.com\/#\/schema\/logo\/image\/"},"sameAs":["https:\/\/www.instagram.com\/5e.tattoostuff\/"],"email":"contact@5etattoostuff.com","telephone":"+41 (0)76 681 06 68"}]}},"jetpack_sharing_enabled":true,"_links":{"self":[{"href":"https:\/\/5etattoostuff.com\/fr\/wp-json\/wp\/v2\/product\/7656","targetHints":{"allow":["GET"]}}],"collection":[{"href":"https:\/\/5etattoostuff.com\/fr\/wp-json\/wp\/v2\/product"}],"about":[{"href":"https:\/\/5etattoostuff.com\/fr\/wp-json\/wp\/v2\/types\/product"}],"wp:featuredmedia":[{"embeddable":true,"href":"https:\/\/5etattoostuff.com\/fr\/wp-json\/wp\/v2\/media\/7670"}],"wp:attachment":[{"href":"https:\/\/5etattoostuff.com\/fr\/wp-json\/wp\/v2\/media?parent=7656"}],"wp:term":[{"taxonomy":"product_brand","embeddable":true,"href":"https:\/\/5etattoostuff.com\/fr\/wp-json\/wp\/v2\/product_brand?post=7656"},{"taxonomy":"product_cat","embeddable":true,"href":"https:\/\/5etattoostuff.com\/fr\/wp-json\/wp\/v2\/product_cat?post=7656"},{"taxonomy":"product_tag","embeddable":true,"href":"https:\/\/5etattoostuff.com\/fr\/wp-json\/wp\/v2\/product_tag?post=7656"}],"curies":[{"name":"wp","href":"https:\/\/api.w.org\/{rel}","templated":true}]}}