{"id":7683,"date":"2025-03-18T16:52:39","date_gmt":"2025-03-18T15:52:39","guid":{"rendered":"https:\/\/5etattoostuff.com\/?post_type=product&#038;p=7683"},"modified":"2025-08-06T15:46:59","modified_gmt":"2025-08-06T13:46:59","slug":"tattoo-butter-150-ml","status":"publish","type":"product","link":"https:\/\/5etattoostuff.com\/fr\/producto\/beurre-de-tatouage-150-ml\/","title":{"rendered":"BEURRE DE TATOUAGE 150 mL."},"content":{"rendered":"<p>Lorsque l'on se fait tatouer, il est extr\u00eamement important de contr\u00f4ler les processus inflammatoires et oxydatifs qui se produisent dans la peau afin d'acc\u00e9l\u00e9rer la gu\u00e9rison et de minimiser les cicatrices dans la zone tatou\u00e9e.<\/p>\n<p>Pour y parvenir, le baume au beurre LOFTY BLOOM Tattoo d'Aloe Tattoo ne contient que 100% ingr\u00e9dients naturels qui combinent des propri\u00e9t\u00e9s anti-inflammatoires et antioxydantes :<\/p>\n<p>- Tocoph\u00e9rols naturels (vitamine E naturelle)<br \/>\n- Extrait de romarin<br \/>\n- Extrait de camomille<br \/>\n- Beurre de karit\u00e9<br \/>\n- Un m\u00e9lange d'extraits de plantes naturelles pour ajouter du parfum et r\u00e9duire les saignements.<\/p>\n<p>En utilisant LOFTY BLOOM pendant le tatouage, tu minimiseras les saignements et les inflammations.<\/p>\n<p>LOFTY BLOOM est un produit de haute qualit\u00e9 et de haute performance.<\/p>\n<p>Bouteille de 150 ml.<\/p>","protected":false},"excerpt":{"rendered":"<p>When getting a tattoo, it is extremely important to control the inflammatory and oxidative processes that occur in the skin to accelerate healing and minimize scarring in the tattooed area. To achieve this, LOFTY BLOOM Tattoo Butter Balm by Aloe Tattoo contains only 100% natural ingredients that combine anti-inflammatory and antioxidant properties: &#8211; Natural tocopherols [&hellip;]<\/p>","protected":false},"featured_media":7684,"template":"","meta":[],"product_brand":[],"product_cat":[141,151],"product_tag":[],"class_list":{"0":"post-7683","1":"product","2":"type-product","3":"status-publish","4":"has-post-thumbnail","6":"product_cat-skin-care","7":"product_cat-hygiene","9":"first","10":"instock","11":"taxable","12":"shipping-taxable","13":"purchasable","14":"product-type-simple"},"yoast_head":"<!-- This site is optimized with the Yoast SEO Premium plugin v23.6 (Yoast SEO v27.5) - https:\/\/yoast.com\/product\/yoast-seo-premium-wordpress\/ -->\n<title>TATTOO BUTTER 150 mL. - 5 Elements Tattoo Stuff<\/title>\n<meta name=\"robots\" content=\"index, follow, max-snippet:-1, max-image-preview:large, max-video-preview:-1\" \/>\n<link rel=\"canonical\" href=\"https:\/\/5etattoostuff.com\/fr\/producto\/beurre-de-tatouage-150-ml\/\" \/>\n<meta property=\"og:locale\" content=\"fr_FR\" \/>\n<meta property=\"og:type\" content=\"article\" \/>\n<meta property=\"og:title\" content=\"TATTOO BUTTER 150 mL.\" \/>\n<meta property=\"og:description\" content=\"When getting a tattoo, it is extremely important to control the inflammatory and oxidative processes that occur in the skin to accelerate healing and minimize scarring in the tattooed area. To achieve this, LOFTY BLOOM Tattoo Butter Balm by Aloe Tattoo contains only 100% natural ingredients that combine anti-inflammatory and antioxidant properties: &#8211; Natural tocopherols [&hellip;]\" \/>\n<meta property=\"og:url\" content=\"https:\/\/5etattoostuff.com\/fr\/producto\/beurre-de-tatouage-150-ml\/\" \/>\n<meta property=\"og:site_name\" content=\"5 Elements Tattoo Stuff\" \/>\n<meta property=\"article:modified_time\" content=\"2025-08-06T13:46:59+00:00\" \/>\n<meta property=\"og:image\" content=\"https:\/\/5etattoostuff.com\/wp-content\/uploads\/2025\/03\/BUTTER.jpeg\" \/>\n\t<meta property=\"og:image:width\" content=\"780\" \/>\n\t<meta property=\"og:image:height\" content=\"780\" \/>\n\t<meta property=\"og:image:type\" content=\"image\/jpeg\" \/>\n<meta name=\"twitter:card\" content=\"summary_large_image\" \/>\n<meta name=\"twitter:label1\" content=\"Dur\u00e9e de lecture estim\u00e9e\" \/>\n\t<meta name=\"twitter:data1\" content=\"1 minute\" \/>\n<script type=\"application\/ld+json\" class=\"yoast-schema-graph\">{\"@context\":\"https:\\\/\\\/schema.org\",\"@graph\":[{\"@type\":\"WebPage\",\"@id\":\"https:\\\/\\\/5etattoostuff.com\\\/producto\\\/tattoo-butter-150-ml\\\/\",\"url\":\"https:\\\/\\\/5etattoostuff.com\\\/producto\\\/tattoo-butter-150-ml\\\/\",\"name\":\"TATTOO BUTTER 150 mL. - 5 Elements Tattoo Stuff\",\"isPartOf\":{\"@id\":\"https:\\\/\\\/5etattoostuff.com\\\/#website\"},\"primaryImageOfPage\":{\"@id\":\"https:\\\/\\\/5etattoostuff.com\\\/producto\\\/tattoo-butter-150-ml\\\/#primaryimage\"},\"image\":{\"@id\":\"https:\\\/\\\/5etattoostuff.com\\\/producto\\\/tattoo-butter-150-ml\\\/#primaryimage\"},\"thumbnailUrl\":\"https:\\\/\\\/5etattoostuff.com\\\/wp-content\\\/uploads\\\/2025\\\/03\\\/BUTTER.jpeg\",\"datePublished\":\"2025-03-18T15:52:39+00:00\",\"dateModified\":\"2025-08-06T13:46:59+00:00\",\"breadcrumb\":{\"@id\":\"https:\\\/\\\/5etattoostuff.com\\\/producto\\\/tattoo-butter-150-ml\\\/#breadcrumb\"},\"inLanguage\":\"fr-FR\",\"potentialAction\":[{\"@type\":\"ReadAction\",\"target\":[\"https:\\\/\\\/5etattoostuff.com\\\/producto\\\/tattoo-butter-150-ml\\\/\"]}]},{\"@type\":\"ImageObject\",\"inLanguage\":\"fr-FR\",\"@id\":\"https:\\\/\\\/5etattoostuff.com\\\/producto\\\/tattoo-butter-150-ml\\\/#primaryimage\",\"url\":\"https:\\\/\\\/5etattoostuff.com\\\/wp-content\\\/uploads\\\/2025\\\/03\\\/BUTTER.jpeg\",\"contentUrl\":\"https:\\\/\\\/5etattoostuff.com\\\/wp-content\\\/uploads\\\/2025\\\/03\\\/BUTTER.jpeg\",\"width\":780,\"height\":780},{\"@type\":\"BreadcrumbList\",\"@id\":\"https:\\\/\\\/5etattoostuff.com\\\/producto\\\/tattoo-butter-150-ml\\\/#breadcrumb\",\"itemListElement\":[{\"@type\":\"ListItem\",\"position\":1,\"name\":\"Portada\",\"item\":\"https:\\\/\\\/5etattoostuff.com\\\/\"},{\"@type\":\"ListItem\",\"position\":2,\"name\":\"Shop\",\"item\":\"https:\\\/\\\/5etattoostuff.com\\\/\"},{\"@type\":\"ListItem\",\"position\":3,\"name\":\"TATTOO BUTTER 150 mL.\"}]},{\"@type\":\"WebSite\",\"@id\":\"https:\\\/\\\/5etattoostuff.com\\\/#website\",\"url\":\"https:\\\/\\\/5etattoostuff.com\\\/\",\"name\":\"5 Elements Tattoo Stuff\",\"description\":\"Premium tattoo needles\",\"publisher\":{\"@id\":\"https:\\\/\\\/5etattoostuff.com\\\/#organization\"},\"alternateName\":\"5E\",\"potentialAction\":[{\"@type\":\"SearchAction\",\"target\":{\"@type\":\"EntryPoint\",\"urlTemplate\":\"https:\\\/\\\/5etattoostuff.com\\\/?s={search_term_string}\"},\"query-input\":{\"@type\":\"PropertyValueSpecification\",\"valueRequired\":true,\"valueName\":\"search_term_string\"}}],\"inLanguage\":\"fr-FR\"},{\"@type\":\"Organization\",\"@id\":\"https:\\\/\\\/5etattoostuff.com\\\/#organization\",\"name\":\"5 Elements Tattoo Stuff\",\"url\":\"https:\\\/\\\/5etattoostuff.com\\\/\",\"logo\":{\"@type\":\"ImageObject\",\"inLanguage\":\"fr-FR\",\"@id\":\"https:\\\/\\\/5etattoostuff.com\\\/#\\\/schema\\\/logo\\\/image\\\/\",\"url\":\"https:\\\/\\\/5etattoostuff.com\\\/wp-content\\\/uploads\\\/2023\\\/03\\\/Logo-5e.png\",\"contentUrl\":\"https:\\\/\\\/5etattoostuff.com\\\/wp-content\\\/uploads\\\/2023\\\/03\\\/Logo-5e.png\",\"width\":661,\"height\":378,\"caption\":\"5 Elements Tattoo Stuff\"},\"image\":{\"@id\":\"https:\\\/\\\/5etattoostuff.com\\\/#\\\/schema\\\/logo\\\/image\\\/\"},\"sameAs\":[\"https:\\\/\\\/www.instagram.com\\\/5e.tattoostuff\\\/\"],\"email\":\"contact@5etattoostuff.com\",\"telephone\":\"+41 (0)76 681 06 68\"}]}<\/script>\n<!-- \/ Yoast SEO Premium plugin. -->","yoast_head_json":{"title":"TATTOO BUTTER 150 mL. - 5 Elements Tattoo Stuff","robots":{"index":"index","follow":"follow","max-snippet":"max-snippet:-1","max-image-preview":"max-image-preview:large","max-video-preview":"max-video-preview:-1"},"canonical":"https:\/\/5etattoostuff.com\/fr\/producto\/beurre-de-tatouage-150-ml\/","og_locale":"fr_FR","og_type":"article","og_title":"TATTOO BUTTER 150 mL.","og_description":"When getting a tattoo, it is extremely important to control the inflammatory and oxidative processes that occur in the skin to accelerate healing and minimize scarring in the tattooed area. To achieve this, LOFTY BLOOM Tattoo Butter Balm by Aloe Tattoo contains only 100% natural ingredients that combine anti-inflammatory and antioxidant properties: &#8211; Natural tocopherols [&hellip;]","og_url":"https:\/\/5etattoostuff.com\/fr\/producto\/beurre-de-tatouage-150-ml\/","og_site_name":"5 Elements Tattoo Stuff","article_modified_time":"2025-08-06T13:46:59+00:00","og_image":[{"width":780,"height":780,"url":"https:\/\/5etattoostuff.com\/wp-content\/uploads\/2025\/03\/BUTTER.jpeg","type":"image\/jpeg"}],"twitter_card":"summary_large_image","twitter_misc":{"Dur\u00e9e de lecture estim\u00e9e":"1 minute"},"schema":{"@context":"https:\/\/schema.org","@graph":[{"@type":"WebPage","@id":"https:\/\/5etattoostuff.com\/producto\/tattoo-butter-150-ml\/","url":"https:\/\/5etattoostuff.com\/producto\/tattoo-butter-150-ml\/","name":"TATTOO BUTTER 150 mL. - 5 Elements Tattoo Stuff","isPartOf":{"@id":"https:\/\/5etattoostuff.com\/#website"},"primaryImageOfPage":{"@id":"https:\/\/5etattoostuff.com\/producto\/tattoo-butter-150-ml\/#primaryimage"},"image":{"@id":"https:\/\/5etattoostuff.com\/producto\/tattoo-butter-150-ml\/#primaryimage"},"thumbnailUrl":"https:\/\/5etattoostuff.com\/wp-content\/uploads\/2025\/03\/BUTTER.jpeg","datePublished":"2025-03-18T15:52:39+00:00","dateModified":"2025-08-06T13:46:59+00:00","breadcrumb":{"@id":"https:\/\/5etattoostuff.com\/producto\/tattoo-butter-150-ml\/#breadcrumb"},"inLanguage":"fr-FR","potentialAction":[{"@type":"ReadAction","target":["https:\/\/5etattoostuff.com\/producto\/tattoo-butter-150-ml\/"]}]},{"@type":"ImageObject","inLanguage":"fr-FR","@id":"https:\/\/5etattoostuff.com\/producto\/tattoo-butter-150-ml\/#primaryimage","url":"https:\/\/5etattoostuff.com\/wp-content\/uploads\/2025\/03\/BUTTER.jpeg","contentUrl":"https:\/\/5etattoostuff.com\/wp-content\/uploads\/2025\/03\/BUTTER.jpeg","width":780,"height":780},{"@type":"BreadcrumbList","@id":"https:\/\/5etattoostuff.com\/producto\/tattoo-butter-150-ml\/#breadcrumb","itemListElement":[{"@type":"ListItem","position":1,"name":"Portada","item":"https:\/\/5etattoostuff.com\/"},{"@type":"ListItem","position":2,"name":"Shop","item":"https:\/\/5etattoostuff.com\/"},{"@type":"ListItem","position":3,"name":"TATTOO BUTTER 150 mL."}]},{"@type":"WebSite","@id":"https:\/\/5etattoostuff.com\/#website","url":"https:\/\/5etattoostuff.com\/","name":"5 Elements Tattoo Stuff","description":"Premium tattoo needles","publisher":{"@id":"https:\/\/5etattoostuff.com\/#organization"},"alternateName":"5E","potentialAction":[{"@type":"SearchAction","target":{"@type":"EntryPoint","urlTemplate":"https:\/\/5etattoostuff.com\/?s={search_term_string}"},"query-input":{"@type":"PropertyValueSpecification","valueRequired":true,"valueName":"search_term_string"}}],"inLanguage":"fr-FR"},{"@type":"Organization","@id":"https:\/\/5etattoostuff.com\/#organization","name":"5 Elements Tattoo Stuff","url":"https:\/\/5etattoostuff.com\/","logo":{"@type":"ImageObject","inLanguage":"fr-FR","@id":"https:\/\/5etattoostuff.com\/#\/schema\/logo\/image\/","url":"https:\/\/5etattoostuff.com\/wp-content\/uploads\/2023\/03\/Logo-5e.png","contentUrl":"https:\/\/5etattoostuff.com\/wp-content\/uploads\/2023\/03\/Logo-5e.png","width":661,"height":378,"caption":"5 Elements Tattoo Stuff"},"image":{"@id":"https:\/\/5etattoostuff.com\/#\/schema\/logo\/image\/"},"sameAs":["https:\/\/www.instagram.com\/5e.tattoostuff\/"],"email":"contact@5etattoostuff.com","telephone":"+41 (0)76 681 06 68"}]}},"jetpack_sharing_enabled":true,"_links":{"self":[{"href":"https:\/\/5etattoostuff.com\/fr\/wp-json\/wp\/v2\/product\/7683","targetHints":{"allow":["GET"]}}],"collection":[{"href":"https:\/\/5etattoostuff.com\/fr\/wp-json\/wp\/v2\/product"}],"about":[{"href":"https:\/\/5etattoostuff.com\/fr\/wp-json\/wp\/v2\/types\/product"}],"wp:featuredmedia":[{"embeddable":true,"href":"https:\/\/5etattoostuff.com\/fr\/wp-json\/wp\/v2\/media\/7684"}],"wp:attachment":[{"href":"https:\/\/5etattoostuff.com\/fr\/wp-json\/wp\/v2\/media?parent=7683"}],"wp:term":[{"taxonomy":"product_brand","embeddable":true,"href":"https:\/\/5etattoostuff.com\/fr\/wp-json\/wp\/v2\/product_brand?post=7683"},{"taxonomy":"product_cat","embeddable":true,"href":"https:\/\/5etattoostuff.com\/fr\/wp-json\/wp\/v2\/product_cat?post=7683"},{"taxonomy":"product_tag","embeddable":true,"href":"https:\/\/5etattoostuff.com\/fr\/wp-json\/wp\/v2\/product_tag?post=7683"}],"curies":[{"name":"wp","href":"https:\/\/api.w.org\/{rel}","templated":true}]}}