{"id":7688,"date":"2025-03-18T17:18:45","date_gmt":"2025-03-18T16:18:45","guid":{"rendered":"https:\/\/5etattoostuff.com\/?post_type=product&#038;p=7688"},"modified":"2025-06-20T13:16:37","modified_gmt":"2025-06-20T11:16:37","slug":"green-soap-concentrate-500-ml","status":"publish","type":"product","link":"https:\/\/5etattoostuff.com\/fr\/producto\/concentre-de-savon-vert-500-ml\/","title":{"rendered":"CONCENTR\u00c9 DE SAVON VERT 500 mL."},"content":{"rendered":"<p>Savon vert concentr\u00e9, sans PEG (oxyde d'\u00e9thyl\u00e8ne) ni sulfates. Fabriqu\u00e9 avec des tensioactifs d'origine v\u00e9g\u00e9tale.<br \/>\nGr\u00e2ce \u00e0 sa composition propre, reste de l'encre, hygi\u00e9nise et refroidit la peau pendant la r\u00e9alisation du tatouage.<\/p>\n<p>Avec une bouteille, tu peux pr\u00e9parer 5 litres de savon vert.<\/p>\n<p>** Instructions de pr\u00e9paration **<\/p>\n<p>Pour obtenir 5 litres de savon vert :<\/p>\n<p>- M\u00e9lange 4,5 litres d'eau distill\u00e9e avec une bouteille de savon vert concentr\u00e9 Aloetattoo.<\/p>\n<p>Pour obtenir 1 litre de savon vert :<\/p>\n<p>- M\u00e9lange 900cc d'eau distill\u00e9e avec 100cc. de savon vert concentr\u00e9 Aloetattoo.<\/p>\n<p>*** Pr\u00e9sentation : Bouteille de 500ml. ***<\/p>\n<p>- Test\u00e9 dermatologiquement avec les meilleurs r\u00e9sultats -<\/p>","protected":false},"excerpt":{"rendered":"<p>Savon vert concentr\u00e9, sans PEG (oxyde d'\u00e9thyl\u00e8ne) ni sulfates. Fabriqu\u00e9 avec des tensioactifs d'origine v\u00e9g\u00e9tale. Gr\u00e2ce \u00e0 sa composition propre, reste de l'encre, hygi\u00e9nise et refroidit la peau pendant la r\u00e9alisation du tatouage. Avec un flacon, tu peux pr\u00e9parer 5 litres de savon vert. ** Mode de pr\u00e9paration ** Pour obtenir 5 litres de vert [...]<\/p>","protected":false},"featured_media":7689,"template":"","meta":[],"product_brand":[],"product_cat":[141,151],"product_tag":[],"class_list":{"0":"post-7688","1":"product","2":"type-product","3":"status-publish","4":"has-post-thumbnail","6":"product_cat-skin-care","7":"product_cat-hygiene","9":"first","10":"instock","11":"taxable","12":"shipping-taxable","13":"purchasable","14":"product-type-simple"},"yoast_head":"<!-- This site is optimized with the Yoast SEO Premium plugin v23.6 (Yoast SEO v27.5) - https:\/\/yoast.com\/product\/yoast-seo-premium-wordpress\/ -->\n<title>GREEN SOAP CONCENTRATE 500 mL. - 5 Elements Tattoo Stuff<\/title>\n<meta name=\"robots\" content=\"index, follow, max-snippet:-1, max-image-preview:large, max-video-preview:-1\" \/>\n<link rel=\"canonical\" href=\"https:\/\/5etattoostuff.com\/fr\/producto\/concentre-de-savon-vert-500-ml\/\" \/>\n<meta property=\"og:locale\" content=\"fr_FR\" \/>\n<meta property=\"og:type\" content=\"article\" \/>\n<meta property=\"og:title\" content=\"GREEN SOAP CONCENTRATE 500 mL.\" \/>\n<meta property=\"og:description\" content=\"Concentrated green soap, PEG -free (ethylene oxide) and sulfates. Made with surfactants of plant origin. Due to its clean composition, remains of ink, hygienizes and cool the skin during the realization of the tattoo. With a bottle you can prepare 5 liters of green soap. ** Preparation instructions ** To obtain 5 liters of green [&hellip;]\" \/>\n<meta property=\"og:url\" content=\"https:\/\/5etattoostuff.com\/fr\/producto\/concentre-de-savon-vert-500-ml\/\" \/>\n<meta property=\"og:site_name\" content=\"5 Elements Tattoo Stuff\" \/>\n<meta property=\"article:modified_time\" content=\"2025-06-20T11:16:37+00:00\" \/>\n<meta property=\"og:image\" content=\"https:\/\/5etattoostuff.com\/wp-content\/uploads\/2025\/03\/GREEN-SOAP.jpeg\" \/>\n\t<meta property=\"og:image:width\" content=\"780\" \/>\n\t<meta property=\"og:image:height\" content=\"780\" \/>\n\t<meta property=\"og:image:type\" content=\"image\/jpeg\" \/>\n<meta name=\"twitter:card\" content=\"summary_large_image\" \/>\n<meta name=\"twitter:label1\" content=\"Dur\u00e9e de lecture estim\u00e9e\" \/>\n\t<meta name=\"twitter:data1\" content=\"1 minute\" \/>\n<script type=\"application\/ld+json\" class=\"yoast-schema-graph\">{\"@context\":\"https:\\\/\\\/schema.org\",\"@graph\":[{\"@type\":\"WebPage\",\"@id\":\"https:\\\/\\\/5etattoostuff.com\\\/producto\\\/green-soap-concentrate-500-ml\\\/\",\"url\":\"https:\\\/\\\/5etattoostuff.com\\\/producto\\\/green-soap-concentrate-500-ml\\\/\",\"name\":\"GREEN SOAP CONCENTRATE 500 mL. - 5 Elements Tattoo Stuff\",\"isPartOf\":{\"@id\":\"https:\\\/\\\/5etattoostuff.com\\\/#website\"},\"primaryImageOfPage\":{\"@id\":\"https:\\\/\\\/5etattoostuff.com\\\/producto\\\/green-soap-concentrate-500-ml\\\/#primaryimage\"},\"image\":{\"@id\":\"https:\\\/\\\/5etattoostuff.com\\\/producto\\\/green-soap-concentrate-500-ml\\\/#primaryimage\"},\"thumbnailUrl\":\"https:\\\/\\\/5etattoostuff.com\\\/wp-content\\\/uploads\\\/2025\\\/03\\\/GREEN-SOAP.jpeg\",\"datePublished\":\"2025-03-18T16:18:45+00:00\",\"dateModified\":\"2025-06-20T11:16:37+00:00\",\"breadcrumb\":{\"@id\":\"https:\\\/\\\/5etattoostuff.com\\\/producto\\\/green-soap-concentrate-500-ml\\\/#breadcrumb\"},\"inLanguage\":\"fr-FR\",\"potentialAction\":[{\"@type\":\"ReadAction\",\"target\":[\"https:\\\/\\\/5etattoostuff.com\\\/producto\\\/green-soap-concentrate-500-ml\\\/\"]}]},{\"@type\":\"ImageObject\",\"inLanguage\":\"fr-FR\",\"@id\":\"https:\\\/\\\/5etattoostuff.com\\\/producto\\\/green-soap-concentrate-500-ml\\\/#primaryimage\",\"url\":\"https:\\\/\\\/5etattoostuff.com\\\/wp-content\\\/uploads\\\/2025\\\/03\\\/GREEN-SOAP.jpeg\",\"contentUrl\":\"https:\\\/\\\/5etattoostuff.com\\\/wp-content\\\/uploads\\\/2025\\\/03\\\/GREEN-SOAP.jpeg\",\"width\":780,\"height\":780},{\"@type\":\"BreadcrumbList\",\"@id\":\"https:\\\/\\\/5etattoostuff.com\\\/producto\\\/green-soap-concentrate-500-ml\\\/#breadcrumb\",\"itemListElement\":[{\"@type\":\"ListItem\",\"position\":1,\"name\":\"Portada\",\"item\":\"https:\\\/\\\/5etattoostuff.com\\\/\"},{\"@type\":\"ListItem\",\"position\":2,\"name\":\"Shop\",\"item\":\"https:\\\/\\\/5etattoostuff.com\\\/\"},{\"@type\":\"ListItem\",\"position\":3,\"name\":\"GREEN SOAP CONCENTRATE 500 mL.\"}]},{\"@type\":\"WebSite\",\"@id\":\"https:\\\/\\\/5etattoostuff.com\\\/#website\",\"url\":\"https:\\\/\\\/5etattoostuff.com\\\/\",\"name\":\"5 Elements Tattoo Stuff\",\"description\":\"Premium tattoo needles\",\"publisher\":{\"@id\":\"https:\\\/\\\/5etattoostuff.com\\\/#organization\"},\"alternateName\":\"5E\",\"potentialAction\":[{\"@type\":\"SearchAction\",\"target\":{\"@type\":\"EntryPoint\",\"urlTemplate\":\"https:\\\/\\\/5etattoostuff.com\\\/?s={search_term_string}\"},\"query-input\":{\"@type\":\"PropertyValueSpecification\",\"valueRequired\":true,\"valueName\":\"search_term_string\"}}],\"inLanguage\":\"fr-FR\"},{\"@type\":\"Organization\",\"@id\":\"https:\\\/\\\/5etattoostuff.com\\\/#organization\",\"name\":\"5 Elements Tattoo Stuff\",\"url\":\"https:\\\/\\\/5etattoostuff.com\\\/\",\"logo\":{\"@type\":\"ImageObject\",\"inLanguage\":\"fr-FR\",\"@id\":\"https:\\\/\\\/5etattoostuff.com\\\/#\\\/schema\\\/logo\\\/image\\\/\",\"url\":\"https:\\\/\\\/5etattoostuff.com\\\/wp-content\\\/uploads\\\/2023\\\/03\\\/Logo-5e.png\",\"contentUrl\":\"https:\\\/\\\/5etattoostuff.com\\\/wp-content\\\/uploads\\\/2023\\\/03\\\/Logo-5e.png\",\"width\":661,\"height\":378,\"caption\":\"5 Elements Tattoo Stuff\"},\"image\":{\"@id\":\"https:\\\/\\\/5etattoostuff.com\\\/#\\\/schema\\\/logo\\\/image\\\/\"},\"sameAs\":[\"https:\\\/\\\/www.instagram.com\\\/5e.tattoostuff\\\/\"],\"email\":\"contact@5etattoostuff.com\",\"telephone\":\"+41 (0)76 681 06 68\"}]}<\/script>\n<!-- \/ Yoast SEO Premium plugin. -->","yoast_head_json":{"title":"GREEN SOAP CONCENTRATE 500 mL. - 5 Elements Tattoo Stuff","robots":{"index":"index","follow":"follow","max-snippet":"max-snippet:-1","max-image-preview":"max-image-preview:large","max-video-preview":"max-video-preview:-1"},"canonical":"https:\/\/5etattoostuff.com\/fr\/producto\/concentre-de-savon-vert-500-ml\/","og_locale":"fr_FR","og_type":"article","og_title":"GREEN SOAP CONCENTRATE 500 mL.","og_description":"Concentrated green soap, PEG -free (ethylene oxide) and sulfates. Made with surfactants of plant origin. Due to its clean composition, remains of ink, hygienizes and cool the skin during the realization of the tattoo. With a bottle you can prepare 5 liters of green soap. ** Preparation instructions ** To obtain 5 liters of green [&hellip;]","og_url":"https:\/\/5etattoostuff.com\/fr\/producto\/concentre-de-savon-vert-500-ml\/","og_site_name":"5 Elements Tattoo Stuff","article_modified_time":"2025-06-20T11:16:37+00:00","og_image":[{"width":780,"height":780,"url":"https:\/\/5etattoostuff.com\/wp-content\/uploads\/2025\/03\/GREEN-SOAP.jpeg","type":"image\/jpeg"}],"twitter_card":"summary_large_image","twitter_misc":{"Dur\u00e9e de lecture estim\u00e9e":"1 minute"},"schema":{"@context":"https:\/\/schema.org","@graph":[{"@type":"WebPage","@id":"https:\/\/5etattoostuff.com\/producto\/green-soap-concentrate-500-ml\/","url":"https:\/\/5etattoostuff.com\/producto\/green-soap-concentrate-500-ml\/","name":"GREEN SOAP CONCENTRATE 500 mL. - 5 Elements Tattoo Stuff","isPartOf":{"@id":"https:\/\/5etattoostuff.com\/#website"},"primaryImageOfPage":{"@id":"https:\/\/5etattoostuff.com\/producto\/green-soap-concentrate-500-ml\/#primaryimage"},"image":{"@id":"https:\/\/5etattoostuff.com\/producto\/green-soap-concentrate-500-ml\/#primaryimage"},"thumbnailUrl":"https:\/\/5etattoostuff.com\/wp-content\/uploads\/2025\/03\/GREEN-SOAP.jpeg","datePublished":"2025-03-18T16:18:45+00:00","dateModified":"2025-06-20T11:16:37+00:00","breadcrumb":{"@id":"https:\/\/5etattoostuff.com\/producto\/green-soap-concentrate-500-ml\/#breadcrumb"},"inLanguage":"fr-FR","potentialAction":[{"@type":"ReadAction","target":["https:\/\/5etattoostuff.com\/producto\/green-soap-concentrate-500-ml\/"]}]},{"@type":"ImageObject","inLanguage":"fr-FR","@id":"https:\/\/5etattoostuff.com\/producto\/green-soap-concentrate-500-ml\/#primaryimage","url":"https:\/\/5etattoostuff.com\/wp-content\/uploads\/2025\/03\/GREEN-SOAP.jpeg","contentUrl":"https:\/\/5etattoostuff.com\/wp-content\/uploads\/2025\/03\/GREEN-SOAP.jpeg","width":780,"height":780},{"@type":"BreadcrumbList","@id":"https:\/\/5etattoostuff.com\/producto\/green-soap-concentrate-500-ml\/#breadcrumb","itemListElement":[{"@type":"ListItem","position":1,"name":"Portada","item":"https:\/\/5etattoostuff.com\/"},{"@type":"ListItem","position":2,"name":"Shop","item":"https:\/\/5etattoostuff.com\/"},{"@type":"ListItem","position":3,"name":"GREEN SOAP CONCENTRATE 500 mL."}]},{"@type":"WebSite","@id":"https:\/\/5etattoostuff.com\/#website","url":"https:\/\/5etattoostuff.com\/","name":"5 Elements Tattoo Stuff","description":"Premium tattoo needles","publisher":{"@id":"https:\/\/5etattoostuff.com\/#organization"},"alternateName":"5E","potentialAction":[{"@type":"SearchAction","target":{"@type":"EntryPoint","urlTemplate":"https:\/\/5etattoostuff.com\/?s={search_term_string}"},"query-input":{"@type":"PropertyValueSpecification","valueRequired":true,"valueName":"search_term_string"}}],"inLanguage":"fr-FR"},{"@type":"Organization","@id":"https:\/\/5etattoostuff.com\/#organization","name":"5 Elements Tattoo Stuff","url":"https:\/\/5etattoostuff.com\/","logo":{"@type":"ImageObject","inLanguage":"fr-FR","@id":"https:\/\/5etattoostuff.com\/#\/schema\/logo\/image\/","url":"https:\/\/5etattoostuff.com\/wp-content\/uploads\/2023\/03\/Logo-5e.png","contentUrl":"https:\/\/5etattoostuff.com\/wp-content\/uploads\/2023\/03\/Logo-5e.png","width":661,"height":378,"caption":"5 Elements Tattoo Stuff"},"image":{"@id":"https:\/\/5etattoostuff.com\/#\/schema\/logo\/image\/"},"sameAs":["https:\/\/www.instagram.com\/5e.tattoostuff\/"],"email":"contact@5etattoostuff.com","telephone":"+41 (0)76 681 06 68"}]}},"jetpack_sharing_enabled":true,"_links":{"self":[{"href":"https:\/\/5etattoostuff.com\/fr\/wp-json\/wp\/v2\/product\/7688","targetHints":{"allow":["GET"]}}],"collection":[{"href":"https:\/\/5etattoostuff.com\/fr\/wp-json\/wp\/v2\/product"}],"about":[{"href":"https:\/\/5etattoostuff.com\/fr\/wp-json\/wp\/v2\/types\/product"}],"wp:featuredmedia":[{"embeddable":true,"href":"https:\/\/5etattoostuff.com\/fr\/wp-json\/wp\/v2\/media\/7689"}],"wp:attachment":[{"href":"https:\/\/5etattoostuff.com\/fr\/wp-json\/wp\/v2\/media?parent=7688"}],"wp:term":[{"taxonomy":"product_brand","embeddable":true,"href":"https:\/\/5etattoostuff.com\/fr\/wp-json\/wp\/v2\/product_brand?post=7688"},{"taxonomy":"product_cat","embeddable":true,"href":"https:\/\/5etattoostuff.com\/fr\/wp-json\/wp\/v2\/product_cat?post=7688"},{"taxonomy":"product_tag","embeddable":true,"href":"https:\/\/5etattoostuff.com\/fr\/wp-json\/wp\/v2\/product_tag?post=7688"}],"curies":[{"name":"wp","href":"https:\/\/api.w.org\/{rel}","templated":true}]}}