{"id":7710,"date":"2025-03-20T13:33:47","date_gmt":"2025-03-20T12:33:47","guid":{"rendered":"https:\/\/5etattoostuff.com\/?post_type=product&#038;p=7710"},"modified":"2025-04-01T12:25:17","modified_gmt":"2025-04-01T10:25:17","slug":"nuclear-white-100ml","status":"publish","type":"product","link":"https:\/\/5etattoostuff.com\/fr\/producto\/blanc-nucleaire-100ml\/","title":{"rendered":"BLANC NUCL\u00c9AIRE 100ML"},"content":{"rendered":"<p>Aucun de ces pigments n'est fabriqu\u00e9 pour \u00eatre utilis\u00e9 dans l'encre de tatouage. Par cons\u00e9quent, nous ne vendons pas nos couleurs pour le tatouage. Rufner, S.L. n'est pas responsable de la mauvaise utilisation de ces pigments et ne donne donc aucune garantie au-del\u00e0 de l'utilisation correcte pour le dessin. Les utilisateurs sont seuls responsables de l'application correcte des pigments.<\/p>","protected":false},"excerpt":{"rendered":"<p>Aucun de ces pigments n'est fabriqu\u00e9 pour \u00eatre utilis\u00e9 dans l'encre de tatouage. Par cons\u00e9quent, nous ne vendons pas nos couleurs pour le tatouage. Rufner, S.L. n'est pas responsable de la mauvaise utilisation de ces pigments et ne donne donc aucune garantie au-del\u00e0 de l'utilisation correcte pour le dessin. Les utilisateurs sont seuls responsables de l'application correcte des pigments.<\/p>","protected":false},"featured_media":7711,"template":"","meta":[],"product_brand":[],"product_cat":[153],"product_tag":[],"class_list":{"0":"post-7710","1":"product","2":"type-product","3":"status-publish","4":"has-post-thumbnail","6":"product_cat-inks","8":"first","9":"instock","10":"taxable","11":"shipping-taxable","12":"purchasable","13":"product-type-simple"},"yoast_head":"<!-- This site is optimized with the Yoast SEO Premium plugin v23.6 (Yoast SEO v27.5) - https:\/\/yoast.com\/product\/yoast-seo-premium-wordpress\/ -->\n<title>NUCLEAR WHITE 100ML - 5 Elements Tattoo Stuff<\/title>\n<meta name=\"robots\" content=\"index, follow, max-snippet:-1, max-image-preview:large, max-video-preview:-1\" \/>\n<link rel=\"canonical\" href=\"https:\/\/5etattoostuff.com\/fr\/producto\/blanc-nucleaire-100ml\/\" \/>\n<meta property=\"og:locale\" content=\"fr_FR\" \/>\n<meta property=\"og:type\" content=\"article\" \/>\n<meta property=\"og:title\" content=\"NUCLEAR WHITE 100ML\" \/>\n<meta property=\"og:description\" content=\"None of these pigments are manufactured for use in tattoo ink. Therefore, we do not sell our colors for tattoo use. Rufner, S.L. is not responsible for misuse of these pigments and therefore makes no warranty beyond proper use for the design. Users are solely responsible for the proper application of the pigments.\" \/>\n<meta property=\"og:url\" content=\"https:\/\/5etattoostuff.com\/fr\/producto\/blanc-nucleaire-100ml\/\" \/>\n<meta property=\"og:site_name\" content=\"5 Elements Tattoo Stuff\" \/>\n<meta property=\"article:modified_time\" content=\"2025-04-01T10:25:17+00:00\" \/>\n<meta property=\"og:image\" content=\"https:\/\/5etattoostuff.com\/wp-content\/uploads\/2025\/03\/nuclear-white.jpeg\" \/>\n\t<meta property=\"og:image:width\" content=\"260\" \/>\n\t<meta property=\"og:image:height\" content=\"260\" \/>\n\t<meta property=\"og:image:type\" content=\"image\/jpeg\" \/>\n<meta name=\"twitter:card\" content=\"summary_large_image\" \/>\n<meta name=\"twitter:label1\" content=\"Dur\u00e9e de lecture estim\u00e9e\" \/>\n\t<meta name=\"twitter:data1\" content=\"1 minute\" \/>\n<script type=\"application\/ld+json\" class=\"yoast-schema-graph\">{\"@context\":\"https:\\\/\\\/schema.org\",\"@graph\":[{\"@type\":\"WebPage\",\"@id\":\"https:\\\/\\\/5etattoostuff.com\\\/producto\\\/nuclear-white-100ml\\\/\",\"url\":\"https:\\\/\\\/5etattoostuff.com\\\/producto\\\/nuclear-white-100ml\\\/\",\"name\":\"NUCLEAR WHITE 100ML - 5 Elements Tattoo Stuff\",\"isPartOf\":{\"@id\":\"https:\\\/\\\/5etattoostuff.com\\\/#website\"},\"primaryImageOfPage\":{\"@id\":\"https:\\\/\\\/5etattoostuff.com\\\/producto\\\/nuclear-white-100ml\\\/#primaryimage\"},\"image\":{\"@id\":\"https:\\\/\\\/5etattoostuff.com\\\/producto\\\/nuclear-white-100ml\\\/#primaryimage\"},\"thumbnailUrl\":\"https:\\\/\\\/5etattoostuff.com\\\/wp-content\\\/uploads\\\/2025\\\/03\\\/nuclear-white.jpeg\",\"datePublished\":\"2025-03-20T12:33:47+00:00\",\"dateModified\":\"2025-04-01T10:25:17+00:00\",\"breadcrumb\":{\"@id\":\"https:\\\/\\\/5etattoostuff.com\\\/producto\\\/nuclear-white-100ml\\\/#breadcrumb\"},\"inLanguage\":\"fr-FR\",\"potentialAction\":[{\"@type\":\"ReadAction\",\"target\":[\"https:\\\/\\\/5etattoostuff.com\\\/producto\\\/nuclear-white-100ml\\\/\"]}]},{\"@type\":\"ImageObject\",\"inLanguage\":\"fr-FR\",\"@id\":\"https:\\\/\\\/5etattoostuff.com\\\/producto\\\/nuclear-white-100ml\\\/#primaryimage\",\"url\":\"https:\\\/\\\/5etattoostuff.com\\\/wp-content\\\/uploads\\\/2025\\\/03\\\/nuclear-white.jpeg\",\"contentUrl\":\"https:\\\/\\\/5etattoostuff.com\\\/wp-content\\\/uploads\\\/2025\\\/03\\\/nuclear-white.jpeg\",\"width\":260,\"height\":260},{\"@type\":\"BreadcrumbList\",\"@id\":\"https:\\\/\\\/5etattoostuff.com\\\/producto\\\/nuclear-white-100ml\\\/#breadcrumb\",\"itemListElement\":[{\"@type\":\"ListItem\",\"position\":1,\"name\":\"Portada\",\"item\":\"https:\\\/\\\/5etattoostuff.com\\\/\"},{\"@type\":\"ListItem\",\"position\":2,\"name\":\"Shop\",\"item\":\"https:\\\/\\\/5etattoostuff.com\\\/\"},{\"@type\":\"ListItem\",\"position\":3,\"name\":\"NUCLEAR WHITE 100ML\"}]},{\"@type\":\"WebSite\",\"@id\":\"https:\\\/\\\/5etattoostuff.com\\\/#website\",\"url\":\"https:\\\/\\\/5etattoostuff.com\\\/\",\"name\":\"5 Elements Tattoo Stuff\",\"description\":\"Premium tattoo needles\",\"publisher\":{\"@id\":\"https:\\\/\\\/5etattoostuff.com\\\/#organization\"},\"alternateName\":\"5E\",\"potentialAction\":[{\"@type\":\"SearchAction\",\"target\":{\"@type\":\"EntryPoint\",\"urlTemplate\":\"https:\\\/\\\/5etattoostuff.com\\\/?s={search_term_string}\"},\"query-input\":{\"@type\":\"PropertyValueSpecification\",\"valueRequired\":true,\"valueName\":\"search_term_string\"}}],\"inLanguage\":\"fr-FR\"},{\"@type\":\"Organization\",\"@id\":\"https:\\\/\\\/5etattoostuff.com\\\/#organization\",\"name\":\"5 Elements Tattoo Stuff\",\"url\":\"https:\\\/\\\/5etattoostuff.com\\\/\",\"logo\":{\"@type\":\"ImageObject\",\"inLanguage\":\"fr-FR\",\"@id\":\"https:\\\/\\\/5etattoostuff.com\\\/#\\\/schema\\\/logo\\\/image\\\/\",\"url\":\"https:\\\/\\\/5etattoostuff.com\\\/wp-content\\\/uploads\\\/2023\\\/03\\\/Logo-5e.png\",\"contentUrl\":\"https:\\\/\\\/5etattoostuff.com\\\/wp-content\\\/uploads\\\/2023\\\/03\\\/Logo-5e.png\",\"width\":661,\"height\":378,\"caption\":\"5 Elements Tattoo Stuff\"},\"image\":{\"@id\":\"https:\\\/\\\/5etattoostuff.com\\\/#\\\/schema\\\/logo\\\/image\\\/\"},\"sameAs\":[\"https:\\\/\\\/www.instagram.com\\\/5e.tattoostuff\\\/\"],\"email\":\"contact@5etattoostuff.com\",\"telephone\":\"+41 (0)76 681 06 68\"}]}<\/script>\n<!-- \/ Yoast SEO Premium plugin. -->","yoast_head_json":{"title":"NUCLEAR WHITE 100ML - 5 Elements Tattoo Stuff","robots":{"index":"index","follow":"follow","max-snippet":"max-snippet:-1","max-image-preview":"max-image-preview:large","max-video-preview":"max-video-preview:-1"},"canonical":"https:\/\/5etattoostuff.com\/fr\/producto\/blanc-nucleaire-100ml\/","og_locale":"fr_FR","og_type":"article","og_title":"NUCLEAR WHITE 100ML","og_description":"None of these pigments are manufactured for use in tattoo ink. Therefore, we do not sell our colors for tattoo use. Rufner, S.L. is not responsible for misuse of these pigments and therefore makes no warranty beyond proper use for the design. Users are solely responsible for the proper application of the pigments.","og_url":"https:\/\/5etattoostuff.com\/fr\/producto\/blanc-nucleaire-100ml\/","og_site_name":"5 Elements Tattoo Stuff","article_modified_time":"2025-04-01T10:25:17+00:00","og_image":[{"width":260,"height":260,"url":"https:\/\/5etattoostuff.com\/wp-content\/uploads\/2025\/03\/nuclear-white.jpeg","type":"image\/jpeg"}],"twitter_card":"summary_large_image","twitter_misc":{"Dur\u00e9e de lecture estim\u00e9e":"1 minute"},"schema":{"@context":"https:\/\/schema.org","@graph":[{"@type":"WebPage","@id":"https:\/\/5etattoostuff.com\/producto\/nuclear-white-100ml\/","url":"https:\/\/5etattoostuff.com\/producto\/nuclear-white-100ml\/","name":"NUCLEAR WHITE 100ML - 5 Elements Tattoo Stuff","isPartOf":{"@id":"https:\/\/5etattoostuff.com\/#website"},"primaryImageOfPage":{"@id":"https:\/\/5etattoostuff.com\/producto\/nuclear-white-100ml\/#primaryimage"},"image":{"@id":"https:\/\/5etattoostuff.com\/producto\/nuclear-white-100ml\/#primaryimage"},"thumbnailUrl":"https:\/\/5etattoostuff.com\/wp-content\/uploads\/2025\/03\/nuclear-white.jpeg","datePublished":"2025-03-20T12:33:47+00:00","dateModified":"2025-04-01T10:25:17+00:00","breadcrumb":{"@id":"https:\/\/5etattoostuff.com\/producto\/nuclear-white-100ml\/#breadcrumb"},"inLanguage":"fr-FR","potentialAction":[{"@type":"ReadAction","target":["https:\/\/5etattoostuff.com\/producto\/nuclear-white-100ml\/"]}]},{"@type":"ImageObject","inLanguage":"fr-FR","@id":"https:\/\/5etattoostuff.com\/producto\/nuclear-white-100ml\/#primaryimage","url":"https:\/\/5etattoostuff.com\/wp-content\/uploads\/2025\/03\/nuclear-white.jpeg","contentUrl":"https:\/\/5etattoostuff.com\/wp-content\/uploads\/2025\/03\/nuclear-white.jpeg","width":260,"height":260},{"@type":"BreadcrumbList","@id":"https:\/\/5etattoostuff.com\/producto\/nuclear-white-100ml\/#breadcrumb","itemListElement":[{"@type":"ListItem","position":1,"name":"Portada","item":"https:\/\/5etattoostuff.com\/"},{"@type":"ListItem","position":2,"name":"Shop","item":"https:\/\/5etattoostuff.com\/"},{"@type":"ListItem","position":3,"name":"NUCLEAR WHITE 100ML"}]},{"@type":"WebSite","@id":"https:\/\/5etattoostuff.com\/#website","url":"https:\/\/5etattoostuff.com\/","name":"5 Elements Tattoo Stuff","description":"Premium tattoo needles","publisher":{"@id":"https:\/\/5etattoostuff.com\/#organization"},"alternateName":"5E","potentialAction":[{"@type":"SearchAction","target":{"@type":"EntryPoint","urlTemplate":"https:\/\/5etattoostuff.com\/?s={search_term_string}"},"query-input":{"@type":"PropertyValueSpecification","valueRequired":true,"valueName":"search_term_string"}}],"inLanguage":"fr-FR"},{"@type":"Organization","@id":"https:\/\/5etattoostuff.com\/#organization","name":"5 Elements Tattoo Stuff","url":"https:\/\/5etattoostuff.com\/","logo":{"@type":"ImageObject","inLanguage":"fr-FR","@id":"https:\/\/5etattoostuff.com\/#\/schema\/logo\/image\/","url":"https:\/\/5etattoostuff.com\/wp-content\/uploads\/2023\/03\/Logo-5e.png","contentUrl":"https:\/\/5etattoostuff.com\/wp-content\/uploads\/2023\/03\/Logo-5e.png","width":661,"height":378,"caption":"5 Elements Tattoo Stuff"},"image":{"@id":"https:\/\/5etattoostuff.com\/#\/schema\/logo\/image\/"},"sameAs":["https:\/\/www.instagram.com\/5e.tattoostuff\/"],"email":"contact@5etattoostuff.com","telephone":"+41 (0)76 681 06 68"}]}},"jetpack_sharing_enabled":true,"_links":{"self":[{"href":"https:\/\/5etattoostuff.com\/fr\/wp-json\/wp\/v2\/product\/7710","targetHints":{"allow":["GET"]}}],"collection":[{"href":"https:\/\/5etattoostuff.com\/fr\/wp-json\/wp\/v2\/product"}],"about":[{"href":"https:\/\/5etattoostuff.com\/fr\/wp-json\/wp\/v2\/types\/product"}],"wp:featuredmedia":[{"embeddable":true,"href":"https:\/\/5etattoostuff.com\/fr\/wp-json\/wp\/v2\/media\/7711"}],"wp:attachment":[{"href":"https:\/\/5etattoostuff.com\/fr\/wp-json\/wp\/v2\/media?parent=7710"}],"wp:term":[{"taxonomy":"product_brand","embeddable":true,"href":"https:\/\/5etattoostuff.com\/fr\/wp-json\/wp\/v2\/product_brand?post=7710"},{"taxonomy":"product_cat","embeddable":true,"href":"https:\/\/5etattoostuff.com\/fr\/wp-json\/wp\/v2\/product_cat?post=7710"},{"taxonomy":"product_tag","embeddable":true,"href":"https:\/\/5etattoostuff.com\/fr\/wp-json\/wp\/v2\/product_tag?post=7710"}],"curies":[{"name":"wp","href":"https:\/\/api.w.org\/{rel}","templated":true}]}}