{"id":7759,"date":"2025-04-05T14:47:46","date_gmt":"2025-04-05T12:47:46","guid":{"rendered":"https:\/\/5etattoostuff.com\/?post_type=product&#038;p=7759"},"modified":"2025-04-05T14:47:47","modified_gmt":"2025-04-05T12:47:47","slug":"spirit-classic-thermal-transfer-paper-a4","status":"publish","type":"product","link":"https:\/\/5etattoostuff.com\/fr\/producto\/spirit-classic-papier-transfert-thermique-a4\/","title":{"rendered":"Papier transfert thermique Spirit Classic A4"},"content":{"rendered":"<p>Spirit\u2122 Repro FX papier transfert thermique dans la qualit\u00e9 habituelle de Spirit.<br \/>\nPapier pochoir pour tatouage.<\/p>\n<ul>\n<li>Des mod\u00e8les coh\u00e9rents et de haute qualit\u00e9<\/li>\n<li>Compatible avec toutes les imprimantes et photocopieuses \u00e0 pochoir.<\/li>\n<li>Mod\u00e8les clairs<\/li>\n<li>Fabriqu\u00e9 aux \u00c9tats-Unis<\/li>\n<li>Unit\u00e9 d'emballage : 100 pi\u00e8ces<\/li>\n<\/ul>","protected":false},"excerpt":{"rendered":"<p>Spirit\u2122 Repro FX papier \u00e0 transfert thermique dans la qualit\u00e9 habituelle de Spirit. Papier pour pochoir de tatouage. Gabarits uniformes et de haute qualit\u00e9 Compatible avec toutes les imprimantes et copieurs de pochoirs Gabarits clairs Fabriqu\u00e9 aux \u00c9tats-Unis Unit\u00e9 d'emballage : 100 pi\u00e8ces<\/p>","protected":false},"featured_media":7760,"template":"","meta":[],"product_brand":[],"product_cat":[157],"product_tag":[],"class_list":{"0":"post-7759","1":"product","2":"type-product","3":"status-publish","4":"has-post-thumbnail","6":"product_cat-tattoo-equipment","8":"first","9":"instock","10":"taxable","11":"shipping-taxable","12":"purchasable","13":"product-type-simple"},"yoast_head":"<!-- This site is optimized with the Yoast SEO Premium plugin v23.6 (Yoast SEO v27.5) - https:\/\/yoast.com\/product\/yoast-seo-premium-wordpress\/ -->\n<title>Spirit Classic Thermal Transfer Paper A4 - 5 Elements Tattoo Stuff<\/title>\n<meta name=\"description\" content=\"Thermal Transfer Papier A4, Tattootransferpaper, Thermalpaper\" \/>\n<meta name=\"robots\" content=\"index, follow, max-snippet:-1, max-image-preview:large, max-video-preview:-1\" \/>\n<link rel=\"canonical\" href=\"https:\/\/5etattoostuff.com\/fr\/producto\/spirit-classic-papier-transfert-thermique-a4\/\" \/>\n<meta property=\"og:locale\" content=\"fr_FR\" \/>\n<meta property=\"og:type\" content=\"article\" \/>\n<meta property=\"og:title\" content=\"Spirit Classic Thermal Transfer Paper A4\" \/>\n<meta property=\"og:description\" content=\"Thermal Transfer Papier A4, Tattootransferpaper, Thermalpaper\" \/>\n<meta property=\"og:url\" content=\"https:\/\/5etattoostuff.com\/fr\/producto\/spirit-classic-papier-transfert-thermique-a4\/\" \/>\n<meta property=\"og:site_name\" content=\"5 Elements Tattoo Stuff\" \/>\n<meta property=\"article:modified_time\" content=\"2025-04-05T12:47:47+00:00\" \/>\n<meta property=\"og:image\" content=\"https:\/\/5etattoostuff.com\/wp-content\/uploads\/2025\/04\/spirit_thermal_paper_01_02b5c27a-e80d-456f-8076-5e3a975c9129_767x.webp\" \/>\n\t<meta property=\"og:image:width\" content=\"767\" \/>\n\t<meta property=\"og:image:height\" content=\"767\" \/>\n\t<meta property=\"og:image:type\" content=\"image\/webp\" \/>\n<meta name=\"twitter:card\" content=\"summary_large_image\" \/>\n<meta name=\"twitter:label1\" content=\"Dur\u00e9e de lecture estim\u00e9e\" \/>\n\t<meta name=\"twitter:data1\" content=\"1 minute\" \/>\n<script type=\"application\/ld+json\" class=\"yoast-schema-graph\">{\"@context\":\"https:\\\/\\\/schema.org\",\"@graph\":[{\"@type\":\"WebPage\",\"@id\":\"https:\\\/\\\/5etattoostuff.com\\\/producto\\\/spirit-classic-thermal-transfer-paper-a4\\\/\",\"url\":\"https:\\\/\\\/5etattoostuff.com\\\/producto\\\/spirit-classic-thermal-transfer-paper-a4\\\/\",\"name\":\"Spirit Classic Thermal Transfer Paper A4 - 5 Elements Tattoo Stuff\",\"isPartOf\":{\"@id\":\"https:\\\/\\\/5etattoostuff.com\\\/#website\"},\"primaryImageOfPage\":{\"@id\":\"https:\\\/\\\/5etattoostuff.com\\\/producto\\\/spirit-classic-thermal-transfer-paper-a4\\\/#primaryimage\"},\"image\":{\"@id\":\"https:\\\/\\\/5etattoostuff.com\\\/producto\\\/spirit-classic-thermal-transfer-paper-a4\\\/#primaryimage\"},\"thumbnailUrl\":\"https:\\\/\\\/5etattoostuff.com\\\/wp-content\\\/uploads\\\/2025\\\/04\\\/spirit_thermal_paper_01_02b5c27a-e80d-456f-8076-5e3a975c9129_767x.webp\",\"datePublished\":\"2025-04-05T12:47:46+00:00\",\"dateModified\":\"2025-04-05T12:47:47+00:00\",\"description\":\"Thermal Transfer Papier A4, Tattootransferpaper, Thermalpaper\",\"breadcrumb\":{\"@id\":\"https:\\\/\\\/5etattoostuff.com\\\/producto\\\/spirit-classic-thermal-transfer-paper-a4\\\/#breadcrumb\"},\"inLanguage\":\"fr-FR\",\"potentialAction\":[{\"@type\":\"ReadAction\",\"target\":[\"https:\\\/\\\/5etattoostuff.com\\\/producto\\\/spirit-classic-thermal-transfer-paper-a4\\\/\"]}]},{\"@type\":\"ImageObject\",\"inLanguage\":\"fr-FR\",\"@id\":\"https:\\\/\\\/5etattoostuff.com\\\/producto\\\/spirit-classic-thermal-transfer-paper-a4\\\/#primaryimage\",\"url\":\"https:\\\/\\\/5etattoostuff.com\\\/wp-content\\\/uploads\\\/2025\\\/04\\\/spirit_thermal_paper_01_02b5c27a-e80d-456f-8076-5e3a975c9129_767x.webp\",\"contentUrl\":\"https:\\\/\\\/5etattoostuff.com\\\/wp-content\\\/uploads\\\/2025\\\/04\\\/spirit_thermal_paper_01_02b5c27a-e80d-456f-8076-5e3a975c9129_767x.webp\",\"width\":767,\"height\":767},{\"@type\":\"BreadcrumbList\",\"@id\":\"https:\\\/\\\/5etattoostuff.com\\\/producto\\\/spirit-classic-thermal-transfer-paper-a4\\\/#breadcrumb\",\"itemListElement\":[{\"@type\":\"ListItem\",\"position\":1,\"name\":\"Portada\",\"item\":\"https:\\\/\\\/5etattoostuff.com\\\/\"},{\"@type\":\"ListItem\",\"position\":2,\"name\":\"Shop\",\"item\":\"https:\\\/\\\/5etattoostuff.com\\\/\"},{\"@type\":\"ListItem\",\"position\":3,\"name\":\"Spirit Classic Thermal Transfer Paper A4\"}]},{\"@type\":\"WebSite\",\"@id\":\"https:\\\/\\\/5etattoostuff.com\\\/#website\",\"url\":\"https:\\\/\\\/5etattoostuff.com\\\/\",\"name\":\"5 Elements Tattoo Stuff\",\"description\":\"Premium tattoo needles\",\"publisher\":{\"@id\":\"https:\\\/\\\/5etattoostuff.com\\\/#organization\"},\"alternateName\":\"5E\",\"potentialAction\":[{\"@type\":\"SearchAction\",\"target\":{\"@type\":\"EntryPoint\",\"urlTemplate\":\"https:\\\/\\\/5etattoostuff.com\\\/?s={search_term_string}\"},\"query-input\":{\"@type\":\"PropertyValueSpecification\",\"valueRequired\":true,\"valueName\":\"search_term_string\"}}],\"inLanguage\":\"fr-FR\"},{\"@type\":\"Organization\",\"@id\":\"https:\\\/\\\/5etattoostuff.com\\\/#organization\",\"name\":\"5 Elements Tattoo Stuff\",\"url\":\"https:\\\/\\\/5etattoostuff.com\\\/\",\"logo\":{\"@type\":\"ImageObject\",\"inLanguage\":\"fr-FR\",\"@id\":\"https:\\\/\\\/5etattoostuff.com\\\/#\\\/schema\\\/logo\\\/image\\\/\",\"url\":\"https:\\\/\\\/5etattoostuff.com\\\/wp-content\\\/uploads\\\/2023\\\/03\\\/Logo-5e.png\",\"contentUrl\":\"https:\\\/\\\/5etattoostuff.com\\\/wp-content\\\/uploads\\\/2023\\\/03\\\/Logo-5e.png\",\"width\":661,\"height\":378,\"caption\":\"5 Elements Tattoo Stuff\"},\"image\":{\"@id\":\"https:\\\/\\\/5etattoostuff.com\\\/#\\\/schema\\\/logo\\\/image\\\/\"},\"sameAs\":[\"https:\\\/\\\/www.instagram.com\\\/5e.tattoostuff\\\/\"],\"email\":\"contact@5etattoostuff.com\",\"telephone\":\"+41 (0)76 681 06 68\"}]}<\/script>\n<!-- \/ Yoast SEO Premium plugin. -->","yoast_head_json":{"title":"Spirit Classic Thermal Transfer Paper A4 - 5 Elements Tattoo Stuff","description":"Thermal Transfer Papier A4, Tattootransferpaper, Thermalpaper","robots":{"index":"index","follow":"follow","max-snippet":"max-snippet:-1","max-image-preview":"max-image-preview:large","max-video-preview":"max-video-preview:-1"},"canonical":"https:\/\/5etattoostuff.com\/fr\/producto\/spirit-classic-papier-transfert-thermique-a4\/","og_locale":"fr_FR","og_type":"article","og_title":"Spirit Classic Thermal Transfer Paper A4","og_description":"Thermal Transfer Papier A4, Tattootransferpaper, Thermalpaper","og_url":"https:\/\/5etattoostuff.com\/fr\/producto\/spirit-classic-papier-transfert-thermique-a4\/","og_site_name":"5 Elements Tattoo Stuff","article_modified_time":"2025-04-05T12:47:47+00:00","og_image":[{"width":767,"height":767,"url":"https:\/\/5etattoostuff.com\/wp-content\/uploads\/2025\/04\/spirit_thermal_paper_01_02b5c27a-e80d-456f-8076-5e3a975c9129_767x.webp","type":"image\/webp"}],"twitter_card":"summary_large_image","twitter_misc":{"Dur\u00e9e de lecture estim\u00e9e":"1 minute"},"schema":{"@context":"https:\/\/schema.org","@graph":[{"@type":"WebPage","@id":"https:\/\/5etattoostuff.com\/producto\/spirit-classic-thermal-transfer-paper-a4\/","url":"https:\/\/5etattoostuff.com\/producto\/spirit-classic-thermal-transfer-paper-a4\/","name":"Spirit Classic Thermal Transfer Paper A4 - 5 Elements Tattoo Stuff","isPartOf":{"@id":"https:\/\/5etattoostuff.com\/#website"},"primaryImageOfPage":{"@id":"https:\/\/5etattoostuff.com\/producto\/spirit-classic-thermal-transfer-paper-a4\/#primaryimage"},"image":{"@id":"https:\/\/5etattoostuff.com\/producto\/spirit-classic-thermal-transfer-paper-a4\/#primaryimage"},"thumbnailUrl":"https:\/\/5etattoostuff.com\/wp-content\/uploads\/2025\/04\/spirit_thermal_paper_01_02b5c27a-e80d-456f-8076-5e3a975c9129_767x.webp","datePublished":"2025-04-05T12:47:46+00:00","dateModified":"2025-04-05T12:47:47+00:00","description":"Thermal Transfer Papier A4, Tattootransferpaper, Thermalpaper","breadcrumb":{"@id":"https:\/\/5etattoostuff.com\/producto\/spirit-classic-thermal-transfer-paper-a4\/#breadcrumb"},"inLanguage":"fr-FR","potentialAction":[{"@type":"ReadAction","target":["https:\/\/5etattoostuff.com\/producto\/spirit-classic-thermal-transfer-paper-a4\/"]}]},{"@type":"ImageObject","inLanguage":"fr-FR","@id":"https:\/\/5etattoostuff.com\/producto\/spirit-classic-thermal-transfer-paper-a4\/#primaryimage","url":"https:\/\/5etattoostuff.com\/wp-content\/uploads\/2025\/04\/spirit_thermal_paper_01_02b5c27a-e80d-456f-8076-5e3a975c9129_767x.webp","contentUrl":"https:\/\/5etattoostuff.com\/wp-content\/uploads\/2025\/04\/spirit_thermal_paper_01_02b5c27a-e80d-456f-8076-5e3a975c9129_767x.webp","width":767,"height":767},{"@type":"BreadcrumbList","@id":"https:\/\/5etattoostuff.com\/producto\/spirit-classic-thermal-transfer-paper-a4\/#breadcrumb","itemListElement":[{"@type":"ListItem","position":1,"name":"Portada","item":"https:\/\/5etattoostuff.com\/"},{"@type":"ListItem","position":2,"name":"Shop","item":"https:\/\/5etattoostuff.com\/"},{"@type":"ListItem","position":3,"name":"Spirit Classic Thermal Transfer Paper A4"}]},{"@type":"WebSite","@id":"https:\/\/5etattoostuff.com\/#website","url":"https:\/\/5etattoostuff.com\/","name":"5 Elements Tattoo Stuff","description":"Premium tattoo needles","publisher":{"@id":"https:\/\/5etattoostuff.com\/#organization"},"alternateName":"5E","potentialAction":[{"@type":"SearchAction","target":{"@type":"EntryPoint","urlTemplate":"https:\/\/5etattoostuff.com\/?s={search_term_string}"},"query-input":{"@type":"PropertyValueSpecification","valueRequired":true,"valueName":"search_term_string"}}],"inLanguage":"fr-FR"},{"@type":"Organization","@id":"https:\/\/5etattoostuff.com\/#organization","name":"5 Elements Tattoo Stuff","url":"https:\/\/5etattoostuff.com\/","logo":{"@type":"ImageObject","inLanguage":"fr-FR","@id":"https:\/\/5etattoostuff.com\/#\/schema\/logo\/image\/","url":"https:\/\/5etattoostuff.com\/wp-content\/uploads\/2023\/03\/Logo-5e.png","contentUrl":"https:\/\/5etattoostuff.com\/wp-content\/uploads\/2023\/03\/Logo-5e.png","width":661,"height":378,"caption":"5 Elements Tattoo Stuff"},"image":{"@id":"https:\/\/5etattoostuff.com\/#\/schema\/logo\/image\/"},"sameAs":["https:\/\/www.instagram.com\/5e.tattoostuff\/"],"email":"contact@5etattoostuff.com","telephone":"+41 (0)76 681 06 68"}]}},"jetpack_sharing_enabled":true,"_links":{"self":[{"href":"https:\/\/5etattoostuff.com\/fr\/wp-json\/wp\/v2\/product\/7759","targetHints":{"allow":["GET"]}}],"collection":[{"href":"https:\/\/5etattoostuff.com\/fr\/wp-json\/wp\/v2\/product"}],"about":[{"href":"https:\/\/5etattoostuff.com\/fr\/wp-json\/wp\/v2\/types\/product"}],"wp:featuredmedia":[{"embeddable":true,"href":"https:\/\/5etattoostuff.com\/fr\/wp-json\/wp\/v2\/media\/7760"}],"wp:attachment":[{"href":"https:\/\/5etattoostuff.com\/fr\/wp-json\/wp\/v2\/media?parent=7759"}],"wp:term":[{"taxonomy":"product_brand","embeddable":true,"href":"https:\/\/5etattoostuff.com\/fr\/wp-json\/wp\/v2\/product_brand?post=7759"},{"taxonomy":"product_cat","embeddable":true,"href":"https:\/\/5etattoostuff.com\/fr\/wp-json\/wp\/v2\/product_cat?post=7759"},{"taxonomy":"product_tag","embeddable":true,"href":"https:\/\/5etattoostuff.com\/fr\/wp-json\/wp\/v2\/product_tag?post=7759"}],"curies":[{"name":"wp","href":"https:\/\/api.w.org\/{rel}","templated":true}]}}