{"id":7763,"date":"2025-04-05T16:01:03","date_gmt":"2025-04-05T14:01:03","guid":{"rendered":"https:\/\/5etattoostuff.com\/?post_type=product&#038;p=7763"},"modified":"2025-05-07T13:36:14","modified_gmt":"2025-05-07T11:36:14","slug":"sannabis-tattoo-pflegecreme-50ml","status":"publish","type":"product","link":"https:\/\/5etattoostuff.com\/fr\/producto\/sannabis-tattoo-pflegecreme-50ml\/","title":{"rendered":"Sannabis - Tattoo Pflegecreme 50ml"},"content":{"rendered":"<p>La cr\u00e8me de soin pour tatouage de Sannabis est le traitement id\u00e9al pour les \u0153uvres d'art cutan\u00e9es fra\u00eeches ou les tatouages plus anciens et d\u00e9lav\u00e9s auxquels tu veux donner une nouvelle jeunesse.<\/p>\n<p>Nous proposons un produit complet : Riche et fait avec des ingr\u00e9dients naturels.<br \/>\nNotre cr\u00e8me l\u00e9g\u00e8re et rapidement absorb\u00e9e ne tache pas les v\u00eatements tout en fournissant des soins post-tatouage complets. La cr\u00e8me de soin pour tatouage de Sannabis apporte \u00e0 la peau une hydratation intensive et la prot\u00e8ge contre les rayons UV nocifs. Elle rehausse l'\u00e9clat des tatouages nouveaux et anciens, et ses propri\u00e9t\u00e9s stimulantes mettent continuellement en valeur l'\u0153uvre d'art.<\/p>\n<p>Chaque ingr\u00e9dient individuel contribue \u00e0 l'efficacit\u00e9 de la cr\u00e8me de soin pour tatouage de Sannabis :<br \/>\nL'huile de chanvre a un effet antidouleur et anti-inflammatoire et, avec l'huile de soja, elle assouplit la peau et pr\u00e9vient la sensation de tiraillement. Le beurre de karit\u00e9 apporte de l'humidit\u00e9, tandis que l'aloe vera, le panth\u00e9nol et la vitamine E soutiennent la cicatrisation et favorisent la r\u00e9g\u00e9n\u00e9ration de la peau.<br \/>\nApplication : Applique la cr\u00e8me uniquement sur le tatouage d\u00e9j\u00e0 sec, c'est-\u00e0-dire apr\u00e8s 2 ou 3 jours. Applique une fine couche sur la peau nettoy\u00e9e et s\u00e9ch\u00e9e. La cr\u00e8me est id\u00e9ale pour un usage quotidien ; un paquet dure jusqu'\u00e0 2 mois, en fonction de la taille du tatouage.<\/p>\n<p>Conserver \u00e0 une temp\u00e9rature inf\u00e9rieure \u00e0 25\u00b0C pour garantir la qualit\u00e9.<\/p>\n<p>Ce produit est destin\u00e9 \u00e0 un usage externe sur la peau uniquement.<\/p>\n<p>Sannabis Tattoo Care Cream - le bon soin pour chouchouter ton \u0153uvre d'art et la faire briller \u00e0 nouveau !<\/p>","protected":false},"excerpt":{"rendered":"<p>La cr\u00e8me de soin pour tatouage de Sannabis est le traitement id\u00e9al pour les \u0153uvres d'art cutan\u00e9es fra\u00eeches ou les tatouages plus anciens et d\u00e9lav\u00e9s auxquels tu veux donner une nouvelle jeunesse. Nous te proposons un produit polyvalent : Riche et compos\u00e9 d'ingr\u00e9dients naturels. Notre cr\u00e8me l\u00e9g\u00e8re et rapidement absorb\u00e9e ne tache pas les v\u00eatements tout en offrant un soin post-tatouage complet. La cr\u00e8me de soin pour tatouage de Sannabis fournit [...]<\/p>","protected":false},"featured_media":7764,"template":"","meta":[],"product_brand":[],"product_cat":[141,154],"product_tag":[],"class_list":{"0":"post-7763","1":"product","2":"type-product","3":"status-publish","4":"has-post-thumbnail","6":"product_cat-skin-care","7":"product_cat-after-care","9":"first","10":"instock","11":"taxable","12":"shipping-taxable","13":"purchasable","14":"product-type-simple"},"yoast_head":"<!-- This site is optimized with the Yoast SEO Premium plugin v23.6 (Yoast SEO v27.5) - https:\/\/yoast.com\/product\/yoast-seo-premium-wordpress\/ -->\n<title>Sannabis - Tattoo Pflegecreme 50ml - 5 Elements Tattoo Stuff<\/title>\n<meta name=\"robots\" content=\"index, follow, max-snippet:-1, max-image-preview:large, max-video-preview:-1\" \/>\n<link rel=\"canonical\" href=\"https:\/\/5etattoostuff.com\/fr\/producto\/sannabis-tattoo-pflegecreme-50ml\/\" \/>\n<meta property=\"og:locale\" content=\"fr_FR\" \/>\n<meta property=\"og:type\" content=\"article\" \/>\n<meta property=\"og:title\" content=\"Sannabis - Tattoo Pflegecreme 50ml\" \/>\n<meta property=\"og:description\" content=\"Sannabis Tattoo Care Cream is the ideal treatment for fresh skin art or older, faded tattoos that you want to give a new lease of life. We offer the all-round product: Rich and made with natural ingredients. Our light, quickly absorbed cream won&#8217;t stain clothing while providing comprehensive post-tattoo care. Sannabis Tattoo Care Cream provides [&hellip;]\" \/>\n<meta property=\"og:url\" content=\"https:\/\/5etattoostuff.com\/fr\/producto\/sannabis-tattoo-pflegecreme-50ml\/\" \/>\n<meta property=\"og:site_name\" content=\"5 Elements Tattoo Stuff\" \/>\n<meta property=\"article:modified_time\" content=\"2025-05-07T11:36:14+00:00\" \/>\n<meta property=\"og:image\" content=\"https:\/\/5etattoostuff.com\/wp-content\/uploads\/2025\/04\/Sanabis-Tattoo-Aftercare-Cream.jpg\" \/>\n\t<meta property=\"og:image:width\" content=\"1800\" \/>\n\t<meta property=\"og:image:height\" content=\"2400\" \/>\n\t<meta property=\"og:image:type\" content=\"image\/jpeg\" \/>\n<meta name=\"twitter:card\" content=\"summary_large_image\" \/>\n<meta name=\"twitter:label1\" content=\"Dur\u00e9e de lecture estim\u00e9e\" \/>\n\t<meta name=\"twitter:data1\" content=\"2 minutes\" \/>\n<script type=\"application\/ld+json\" class=\"yoast-schema-graph\">{\"@context\":\"https:\\\/\\\/schema.org\",\"@graph\":[{\"@type\":\"WebPage\",\"@id\":\"https:\\\/\\\/5etattoostuff.com\\\/producto\\\/sannabis-tattoo-pflegecreme-50ml\\\/\",\"url\":\"https:\\\/\\\/5etattoostuff.com\\\/producto\\\/sannabis-tattoo-pflegecreme-50ml\\\/\",\"name\":\"Sannabis - Tattoo Pflegecreme 50ml - 5 Elements Tattoo Stuff\",\"isPartOf\":{\"@id\":\"https:\\\/\\\/5etattoostuff.com\\\/#website\"},\"primaryImageOfPage\":{\"@id\":\"https:\\\/\\\/5etattoostuff.com\\\/producto\\\/sannabis-tattoo-pflegecreme-50ml\\\/#primaryimage\"},\"image\":{\"@id\":\"https:\\\/\\\/5etattoostuff.com\\\/producto\\\/sannabis-tattoo-pflegecreme-50ml\\\/#primaryimage\"},\"thumbnailUrl\":\"https:\\\/\\\/5etattoostuff.com\\\/wp-content\\\/uploads\\\/2025\\\/04\\\/Sanabis-Tattoo-Aftercare-Cream.jpg\",\"datePublished\":\"2025-04-05T14:01:03+00:00\",\"dateModified\":\"2025-05-07T11:36:14+00:00\",\"breadcrumb\":{\"@id\":\"https:\\\/\\\/5etattoostuff.com\\\/producto\\\/sannabis-tattoo-pflegecreme-50ml\\\/#breadcrumb\"},\"inLanguage\":\"fr-FR\",\"potentialAction\":[{\"@type\":\"ReadAction\",\"target\":[\"https:\\\/\\\/5etattoostuff.com\\\/producto\\\/sannabis-tattoo-pflegecreme-50ml\\\/\"]}]},{\"@type\":\"ImageObject\",\"inLanguage\":\"fr-FR\",\"@id\":\"https:\\\/\\\/5etattoostuff.com\\\/producto\\\/sannabis-tattoo-pflegecreme-50ml\\\/#primaryimage\",\"url\":\"https:\\\/\\\/5etattoostuff.com\\\/wp-content\\\/uploads\\\/2025\\\/04\\\/Sanabis-Tattoo-Aftercare-Cream.jpg\",\"contentUrl\":\"https:\\\/\\\/5etattoostuff.com\\\/wp-content\\\/uploads\\\/2025\\\/04\\\/Sanabis-Tattoo-Aftercare-Cream.jpg\",\"width\":1800,\"height\":2400},{\"@type\":\"BreadcrumbList\",\"@id\":\"https:\\\/\\\/5etattoostuff.com\\\/producto\\\/sannabis-tattoo-pflegecreme-50ml\\\/#breadcrumb\",\"itemListElement\":[{\"@type\":\"ListItem\",\"position\":1,\"name\":\"Portada\",\"item\":\"https:\\\/\\\/5etattoostuff.com\\\/\"},{\"@type\":\"ListItem\",\"position\":2,\"name\":\"Shop\",\"item\":\"https:\\\/\\\/5etattoostuff.com\\\/\"},{\"@type\":\"ListItem\",\"position\":3,\"name\":\"Sannabis &#8211; Tattoo Pflegecreme 50ml\"}]},{\"@type\":\"WebSite\",\"@id\":\"https:\\\/\\\/5etattoostuff.com\\\/#website\",\"url\":\"https:\\\/\\\/5etattoostuff.com\\\/\",\"name\":\"5 Elements Tattoo Stuff\",\"description\":\"Premium tattoo needles\",\"publisher\":{\"@id\":\"https:\\\/\\\/5etattoostuff.com\\\/#organization\"},\"alternateName\":\"5E\",\"potentialAction\":[{\"@type\":\"SearchAction\",\"target\":{\"@type\":\"EntryPoint\",\"urlTemplate\":\"https:\\\/\\\/5etattoostuff.com\\\/?s={search_term_string}\"},\"query-input\":{\"@type\":\"PropertyValueSpecification\",\"valueRequired\":true,\"valueName\":\"search_term_string\"}}],\"inLanguage\":\"fr-FR\"},{\"@type\":\"Organization\",\"@id\":\"https:\\\/\\\/5etattoostuff.com\\\/#organization\",\"name\":\"5 Elements Tattoo Stuff\",\"url\":\"https:\\\/\\\/5etattoostuff.com\\\/\",\"logo\":{\"@type\":\"ImageObject\",\"inLanguage\":\"fr-FR\",\"@id\":\"https:\\\/\\\/5etattoostuff.com\\\/#\\\/schema\\\/logo\\\/image\\\/\",\"url\":\"https:\\\/\\\/5etattoostuff.com\\\/wp-content\\\/uploads\\\/2023\\\/03\\\/Logo-5e.png\",\"contentUrl\":\"https:\\\/\\\/5etattoostuff.com\\\/wp-content\\\/uploads\\\/2023\\\/03\\\/Logo-5e.png\",\"width\":661,\"height\":378,\"caption\":\"5 Elements Tattoo Stuff\"},\"image\":{\"@id\":\"https:\\\/\\\/5etattoostuff.com\\\/#\\\/schema\\\/logo\\\/image\\\/\"},\"sameAs\":[\"https:\\\/\\\/www.instagram.com\\\/5e.tattoostuff\\\/\"],\"email\":\"contact@5etattoostuff.com\",\"telephone\":\"+41 (0)76 681 06 68\"}]}<\/script>\n<!-- \/ Yoast SEO Premium plugin. -->","yoast_head_json":{"title":"Sannabis - Tattoo Pflegecreme 50ml - 5 Elements Tattoo Stuff","robots":{"index":"index","follow":"follow","max-snippet":"max-snippet:-1","max-image-preview":"max-image-preview:large","max-video-preview":"max-video-preview:-1"},"canonical":"https:\/\/5etattoostuff.com\/fr\/producto\/sannabis-tattoo-pflegecreme-50ml\/","og_locale":"fr_FR","og_type":"article","og_title":"Sannabis - Tattoo Pflegecreme 50ml","og_description":"Sannabis Tattoo Care Cream is the ideal treatment for fresh skin art or older, faded tattoos that you want to give a new lease of life. We offer the all-round product: Rich and made with natural ingredients. Our light, quickly absorbed cream won&#8217;t stain clothing while providing comprehensive post-tattoo care. Sannabis Tattoo Care Cream provides [&hellip;]","og_url":"https:\/\/5etattoostuff.com\/fr\/producto\/sannabis-tattoo-pflegecreme-50ml\/","og_site_name":"5 Elements Tattoo Stuff","article_modified_time":"2025-05-07T11:36:14+00:00","og_image":[{"width":1800,"height":2400,"url":"https:\/\/5etattoostuff.com\/wp-content\/uploads\/2025\/04\/Sanabis-Tattoo-Aftercare-Cream.jpg","type":"image\/jpeg"}],"twitter_card":"summary_large_image","twitter_misc":{"Dur\u00e9e de lecture estim\u00e9e":"2 minutes"},"schema":{"@context":"https:\/\/schema.org","@graph":[{"@type":"WebPage","@id":"https:\/\/5etattoostuff.com\/producto\/sannabis-tattoo-pflegecreme-50ml\/","url":"https:\/\/5etattoostuff.com\/producto\/sannabis-tattoo-pflegecreme-50ml\/","name":"Sannabis - Tattoo Pflegecreme 50ml - 5 Elements Tattoo Stuff","isPartOf":{"@id":"https:\/\/5etattoostuff.com\/#website"},"primaryImageOfPage":{"@id":"https:\/\/5etattoostuff.com\/producto\/sannabis-tattoo-pflegecreme-50ml\/#primaryimage"},"image":{"@id":"https:\/\/5etattoostuff.com\/producto\/sannabis-tattoo-pflegecreme-50ml\/#primaryimage"},"thumbnailUrl":"https:\/\/5etattoostuff.com\/wp-content\/uploads\/2025\/04\/Sanabis-Tattoo-Aftercare-Cream.jpg","datePublished":"2025-04-05T14:01:03+00:00","dateModified":"2025-05-07T11:36:14+00:00","breadcrumb":{"@id":"https:\/\/5etattoostuff.com\/producto\/sannabis-tattoo-pflegecreme-50ml\/#breadcrumb"},"inLanguage":"fr-FR","potentialAction":[{"@type":"ReadAction","target":["https:\/\/5etattoostuff.com\/producto\/sannabis-tattoo-pflegecreme-50ml\/"]}]},{"@type":"ImageObject","inLanguage":"fr-FR","@id":"https:\/\/5etattoostuff.com\/producto\/sannabis-tattoo-pflegecreme-50ml\/#primaryimage","url":"https:\/\/5etattoostuff.com\/wp-content\/uploads\/2025\/04\/Sanabis-Tattoo-Aftercare-Cream.jpg","contentUrl":"https:\/\/5etattoostuff.com\/wp-content\/uploads\/2025\/04\/Sanabis-Tattoo-Aftercare-Cream.jpg","width":1800,"height":2400},{"@type":"BreadcrumbList","@id":"https:\/\/5etattoostuff.com\/producto\/sannabis-tattoo-pflegecreme-50ml\/#breadcrumb","itemListElement":[{"@type":"ListItem","position":1,"name":"Portada","item":"https:\/\/5etattoostuff.com\/"},{"@type":"ListItem","position":2,"name":"Shop","item":"https:\/\/5etattoostuff.com\/"},{"@type":"ListItem","position":3,"name":"Sannabis &#8211; Tattoo Pflegecreme 50ml"}]},{"@type":"WebSite","@id":"https:\/\/5etattoostuff.com\/#website","url":"https:\/\/5etattoostuff.com\/","name":"5 Elements Tattoo Stuff","description":"Premium tattoo needles","publisher":{"@id":"https:\/\/5etattoostuff.com\/#organization"},"alternateName":"5E","potentialAction":[{"@type":"SearchAction","target":{"@type":"EntryPoint","urlTemplate":"https:\/\/5etattoostuff.com\/?s={search_term_string}"},"query-input":{"@type":"PropertyValueSpecification","valueRequired":true,"valueName":"search_term_string"}}],"inLanguage":"fr-FR"},{"@type":"Organization","@id":"https:\/\/5etattoostuff.com\/#organization","name":"5 Elements Tattoo Stuff","url":"https:\/\/5etattoostuff.com\/","logo":{"@type":"ImageObject","inLanguage":"fr-FR","@id":"https:\/\/5etattoostuff.com\/#\/schema\/logo\/image\/","url":"https:\/\/5etattoostuff.com\/wp-content\/uploads\/2023\/03\/Logo-5e.png","contentUrl":"https:\/\/5etattoostuff.com\/wp-content\/uploads\/2023\/03\/Logo-5e.png","width":661,"height":378,"caption":"5 Elements Tattoo Stuff"},"image":{"@id":"https:\/\/5etattoostuff.com\/#\/schema\/logo\/image\/"},"sameAs":["https:\/\/www.instagram.com\/5e.tattoostuff\/"],"email":"contact@5etattoostuff.com","telephone":"+41 (0)76 681 06 68"}]}},"jetpack_sharing_enabled":true,"_links":{"self":[{"href":"https:\/\/5etattoostuff.com\/fr\/wp-json\/wp\/v2\/product\/7763","targetHints":{"allow":["GET"]}}],"collection":[{"href":"https:\/\/5etattoostuff.com\/fr\/wp-json\/wp\/v2\/product"}],"about":[{"href":"https:\/\/5etattoostuff.com\/fr\/wp-json\/wp\/v2\/types\/product"}],"wp:featuredmedia":[{"embeddable":true,"href":"https:\/\/5etattoostuff.com\/fr\/wp-json\/wp\/v2\/media\/7764"}],"wp:attachment":[{"href":"https:\/\/5etattoostuff.com\/fr\/wp-json\/wp\/v2\/media?parent=7763"}],"wp:term":[{"taxonomy":"product_brand","embeddable":true,"href":"https:\/\/5etattoostuff.com\/fr\/wp-json\/wp\/v2\/product_brand?post=7763"},{"taxonomy":"product_cat","embeddable":true,"href":"https:\/\/5etattoostuff.com\/fr\/wp-json\/wp\/v2\/product_cat?post=7763"},{"taxonomy":"product_tag","embeddable":true,"href":"https:\/\/5etattoostuff.com\/fr\/wp-json\/wp\/v2\/product_tag?post=7763"}],"curies":[{"name":"wp","href":"https:\/\/api.w.org\/{rel}","templated":true}]}}